{"id":141,"date":"2018-03-15T10:17:36","date_gmt":"2018-03-15T09:17:36","guid":{"rendered":"https:\/\/dicolova.com\/fos62\/boutique\/non%20class\u00e9\/speed-park-henin-beaumont\/"},"modified":"2022-03-21T14:36:34","modified_gmt":"2022-03-21T13:36:34","slug":"speed-park-henin-beaumont","status":"publish","type":"product","link":"https:\/\/dicolova.com\/fos62\/boutique\/loisirs-decouvertes-de-plein-air\/speed-park-henin-beaumont\/","title":{"rendered":"SPEED PARK (henin-beaumont)"},"content":{"rendered":"<p>karting(\u00e0 partir de 7 ans et + de 1,30m),bowling, laser en raison de la forte affluence du Week end, inscription en caisse avant 20 h les vendredi, samedi, et veille de f\u00eate<\/p>\n<p>tarif 5.15\u20ac<\/p>\n","protected":false},"excerpt":{"rendered":"<p>ticket valable indiff\u00e9remment pour l&rsquo;une des activit\u00e9s tarif 5.15\u20ac pour b\u00e9n\u00e9ficier de l&rsquo;offre indiquer \u00e0 l&rsquo;accueil HAPPY HOURS bowling et (ou laser 2 parties =1 partie offerte hors vacances scolaires du dimanche 20h au vendredi 18h30<\/p>\n","protected":false},"featured_media":169,"comment_status":"closed","ping_status":"closed","template":"","meta":[],"product_brand":[],"product_cat":[124],"product_tag":[],"class_list":{"0":"post-141","1":"product","2":"type-product","3":"status-publish","4":"has-post-thumbnail","6":"product_cat-loisirs-decouvertes-de-plein-air","8":"first","9":"instock","10":"taxable","11":"shipping-taxable","12":"product-type-simple"},"yoast_head":"<!-- This site is optimized with the Yoast SEO plugin v27.4 - https:\/\/yoast.com\/product\/yoast-seo-wordpress\/ -->\n<title>SPEED PARK (henin-beaumont) - FOS62<\/title>\n<meta name=\"robots\" content=\"index, follow, max-snippet:-1, max-image-preview:large, max-video-preview:-1\" \/>\n<link rel=\"canonical\" href=\"https:\/\/dicolova.com\/fos62\/boutique\/loisirs-decouvertes-de-plein-air\/speed-park-henin-beaumont\/\" \/>\n<meta property=\"og:locale\" content=\"fr_FR\" \/>\n<meta property=\"og:type\" content=\"article\" \/>\n<meta property=\"og:title\" content=\"SPEED PARK (henin-beaumont) - FOS62\" \/>\n<meta property=\"og:description\" content=\"ticket valable indiff\u00e9remment pour l&#039;une des activit\u00e9s tarif 5.15\u20ac pour b\u00e9n\u00e9ficier de l&#039;offre indiquer \u00e0 l&#039;accueil HAPPY HOURS bowling et (ou laser 2 parties =1 partie offerte hors vacances scolaires du dimanche 20h au vendredi 18h30\" \/>\n<meta property=\"og:url\" content=\"https:\/\/dicolova.com\/fos62\/boutique\/loisirs-decouvertes-de-plein-air\/speed-park-henin-beaumont\/\" \/>\n<meta property=\"og:site_name\" content=\"FOS62\" \/>\n<meta property=\"article:modified_time\" content=\"2022-03-21T13:36:34+00:00\" \/>\n<meta property=\"og:image\" content=\"https:\/\/dicolova.com\/fos62\/wp-content\/uploads\/sites\/49\/2016\/10\/speed-parkFOS62.jpg\" \/>\n\t<meta property=\"og:image:width\" content=\"309\" \/>\n\t<meta property=\"og:image:height\" content=\"450\" \/>\n\t<meta property=\"og:image:type\" content=\"image\/jpeg\" \/>\n<meta name=\"twitter:card\" content=\"summary_large_image\" \/>\n<meta name=\"twitter:label1\" content=\"Dur\u00e9e de lecture estim\u00e9e\" \/>\n\t<meta name=\"twitter:data1\" content=\"1 minute\" \/>\n<script type=\"application\/ld+json\" class=\"yoast-schema-graph\">{\"@context\":\"https:\\\/\\\/schema.org\",\"@graph\":[{\"@type\":\"WebPage\",\"@id\":\"https:\\\/\\\/dicolova.com\\\/fos62\\\/boutique\\\/loisirs-decouvertes-de-plein-air\\\/speed-park-henin-beaumont\\\/\",\"url\":\"https:\\\/\\\/dicolova.com\\\/fos62\\\/boutique\\\/loisirs-decouvertes-de-plein-air\\\/speed-park-henin-beaumont\\\/\",\"name\":\"SPEED PARK (henin-beaumont) - FOS62\",\"isPartOf\":{\"@id\":\"https:\\\/\\\/dicolova.com\\\/fos62\\\/#website\"},\"primaryImageOfPage\":{\"@id\":\"https:\\\/\\\/dicolova.com\\\/fos62\\\/boutique\\\/loisirs-decouvertes-de-plein-air\\\/speed-park-henin-beaumont\\\/#primaryimage\"},\"image\":{\"@id\":\"https:\\\/\\\/dicolova.com\\\/fos62\\\/boutique\\\/loisirs-decouvertes-de-plein-air\\\/speed-park-henin-beaumont\\\/#primaryimage\"},\"thumbnailUrl\":\"https:\\\/\\\/dicolova.com\\\/fos62\\\/wp-content\\\/uploads\\\/sites\\\/49\\\/2016\\\/10\\\/speed-parkFOS62.jpg\",\"datePublished\":\"2018-03-15T09:17:36+00:00\",\"dateModified\":\"2022-03-21T13:36:34+00:00\",\"breadcrumb\":{\"@id\":\"https:\\\/\\\/dicolova.com\\\/fos62\\\/boutique\\\/loisirs-decouvertes-de-plein-air\\\/speed-park-henin-beaumont\\\/#breadcrumb\"},\"inLanguage\":\"fr-FR\",\"potentialAction\":[{\"@type\":\"ReadAction\",\"target\":[\"https:\\\/\\\/dicolova.com\\\/fos62\\\/boutique\\\/loisirs-decouvertes-de-plein-air\\\/speed-park-henin-beaumont\\\/\"]}]},{\"@type\":\"ImageObject\",\"inLanguage\":\"fr-FR\",\"@id\":\"https:\\\/\\\/dicolova.com\\\/fos62\\\/boutique\\\/loisirs-decouvertes-de-plein-air\\\/speed-park-henin-beaumont\\\/#primaryimage\",\"url\":\"https:\\\/\\\/dicolova.com\\\/fos62\\\/wp-content\\\/uploads\\\/sites\\\/49\\\/2016\\\/10\\\/speed-parkFOS62.jpg\",\"contentUrl\":\"https:\\\/\\\/dicolova.com\\\/fos62\\\/wp-content\\\/uploads\\\/sites\\\/49\\\/2016\\\/10\\\/speed-parkFOS62.jpg\",\"width\":309,\"height\":450},{\"@type\":\"BreadcrumbList\",\"@id\":\"https:\\\/\\\/dicolova.com\\\/fos62\\\/boutique\\\/loisirs-decouvertes-de-plein-air\\\/speed-park-henin-beaumont\\\/#breadcrumb\",\"itemListElement\":[{\"@type\":\"ListItem\",\"position\":1,\"name\":\"Accueil\",\"item\":\"https:\\\/\\\/dicolova.com\\\/fos62\\\/\"},{\"@type\":\"ListItem\",\"position\":2,\"name\":\"Billetterie\",\"item\":\"https:\\\/\\\/dicolova.com\\\/fos62\\\/billetterie\\\/\"},{\"@type\":\"ListItem\",\"position\":3,\"name\":\"SPEED PARK (henin-beaumont)\"}]},{\"@type\":\"WebSite\",\"@id\":\"https:\\\/\\\/dicolova.com\\\/fos62\\\/#website\",\"url\":\"https:\\\/\\\/dicolova.com\\\/fos62\\\/\",\"name\":\"FOS62\",\"description\":\"\",\"potentialAction\":[{\"@type\":\"SearchAction\",\"target\":{\"@type\":\"EntryPoint\",\"urlTemplate\":\"https:\\\/\\\/dicolova.com\\\/fos62\\\/?s={search_term_string}\"},\"query-input\":{\"@type\":\"PropertyValueSpecification\",\"valueRequired\":true,\"valueName\":\"search_term_string\"}}],\"inLanguage\":\"fr-FR\"}]}<\/script>\n<!-- \/ Yoast SEO plugin. -->","yoast_head_json":{"title":"SPEED PARK (henin-beaumont) - FOS62","robots":{"index":"index","follow":"follow","max-snippet":"max-snippet:-1","max-image-preview":"max-image-preview:large","max-video-preview":"max-video-preview:-1"},"canonical":"https:\/\/dicolova.com\/fos62\/boutique\/loisirs-decouvertes-de-plein-air\/speed-park-henin-beaumont\/","og_locale":"fr_FR","og_type":"article","og_title":"SPEED PARK (henin-beaumont) - FOS62","og_description":"ticket valable indiff\u00e9remment pour l'une des activit\u00e9s tarif 5.15\u20ac pour b\u00e9n\u00e9ficier de l'offre indiquer \u00e0 l'accueil HAPPY HOURS bowling et (ou laser 2 parties =1 partie offerte hors vacances scolaires du dimanche 20h au vendredi 18h30","og_url":"https:\/\/dicolova.com\/fos62\/boutique\/loisirs-decouvertes-de-plein-air\/speed-park-henin-beaumont\/","og_site_name":"FOS62","article_modified_time":"2022-03-21T13:36:34+00:00","og_image":[{"width":309,"height":450,"url":"https:\/\/dicolova.com\/fos62\/wp-content\/uploads\/sites\/49\/2016\/10\/speed-parkFOS62.jpg","type":"image\/jpeg"}],"twitter_card":"summary_large_image","twitter_misc":{"Dur\u00e9e de lecture estim\u00e9e":"1 minute"},"schema":{"@context":"https:\/\/schema.org","@graph":[{"@type":"WebPage","@id":"https:\/\/dicolova.com\/fos62\/boutique\/loisirs-decouvertes-de-plein-air\/speed-park-henin-beaumont\/","url":"https:\/\/dicolova.com\/fos62\/boutique\/loisirs-decouvertes-de-plein-air\/speed-park-henin-beaumont\/","name":"SPEED PARK (henin-beaumont) - FOS62","isPartOf":{"@id":"https:\/\/dicolova.com\/fos62\/#website"},"primaryImageOfPage":{"@id":"https:\/\/dicolova.com\/fos62\/boutique\/loisirs-decouvertes-de-plein-air\/speed-park-henin-beaumont\/#primaryimage"},"image":{"@id":"https:\/\/dicolova.com\/fos62\/boutique\/loisirs-decouvertes-de-plein-air\/speed-park-henin-beaumont\/#primaryimage"},"thumbnailUrl":"https:\/\/dicolova.com\/fos62\/wp-content\/uploads\/sites\/49\/2016\/10\/speed-parkFOS62.jpg","datePublished":"2018-03-15T09:17:36+00:00","dateModified":"2022-03-21T13:36:34+00:00","breadcrumb":{"@id":"https:\/\/dicolova.com\/fos62\/boutique\/loisirs-decouvertes-de-plein-air\/speed-park-henin-beaumont\/#breadcrumb"},"inLanguage":"fr-FR","potentialAction":[{"@type":"ReadAction","target":["https:\/\/dicolova.com\/fos62\/boutique\/loisirs-decouvertes-de-plein-air\/speed-park-henin-beaumont\/"]}]},{"@type":"ImageObject","inLanguage":"fr-FR","@id":"https:\/\/dicolova.com\/fos62\/boutique\/loisirs-decouvertes-de-plein-air\/speed-park-henin-beaumont\/#primaryimage","url":"https:\/\/dicolova.com\/fos62\/wp-content\/uploads\/sites\/49\/2016\/10\/speed-parkFOS62.jpg","contentUrl":"https:\/\/dicolova.com\/fos62\/wp-content\/uploads\/sites\/49\/2016\/10\/speed-parkFOS62.jpg","width":309,"height":450},{"@type":"BreadcrumbList","@id":"https:\/\/dicolova.com\/fos62\/boutique\/loisirs-decouvertes-de-plein-air\/speed-park-henin-beaumont\/#breadcrumb","itemListElement":[{"@type":"ListItem","position":1,"name":"Accueil","item":"https:\/\/dicolova.com\/fos62\/"},{"@type":"ListItem","position":2,"name":"Billetterie","item":"https:\/\/dicolova.com\/fos62\/billetterie\/"},{"@type":"ListItem","position":3,"name":"SPEED PARK (henin-beaumont)"}]},{"@type":"WebSite","@id":"https:\/\/dicolova.com\/fos62\/#website","url":"https:\/\/dicolova.com\/fos62\/","name":"FOS62","description":"","potentialAction":[{"@type":"SearchAction","target":{"@type":"EntryPoint","urlTemplate":"https:\/\/dicolova.com\/fos62\/?s={search_term_string}"},"query-input":{"@type":"PropertyValueSpecification","valueRequired":true,"valueName":"search_term_string"}}],"inLanguage":"fr-FR"}]}},"_links":{"self":[{"href":"https:\/\/dicolova.com\/fos62\/wp-json\/wp\/v2\/product\/141","targetHints":{"allow":["GET"]}}],"collection":[{"href":"https:\/\/dicolova.com\/fos62\/wp-json\/wp\/v2\/product"}],"about":[{"href":"https:\/\/dicolova.com\/fos62\/wp-json\/wp\/v2\/types\/product"}],"replies":[{"embeddable":true,"href":"https:\/\/dicolova.com\/fos62\/wp-json\/wp\/v2\/comments?post=141"}],"wp:featuredmedia":[{"embeddable":true,"href":"https:\/\/dicolova.com\/fos62\/wp-json\/wp\/v2\/media\/169"}],"wp:attachment":[{"href":"https:\/\/dicolova.com\/fos62\/wp-json\/wp\/v2\/media?parent=141"}],"wp:term":[{"taxonomy":"product_brand","embeddable":true,"href":"https:\/\/dicolova.com\/fos62\/wp-json\/wp\/v2\/product_brand?post=141"},{"taxonomy":"product_cat","embeddable":true,"href":"https:\/\/dicolova.com\/fos62\/wp-json\/wp\/v2\/product_cat?post=141"},{"taxonomy":"product_tag","embeddable":true,"href":"https:\/\/dicolova.com\/fos62\/wp-json\/wp\/v2\/product_tag?post=141"}],"curies":[{"name":"wp","href":"https:\/\/api.w.org\/{rel}","templated":true}]}}