{"id":899,"date":"2026-03-17T00:00:37","date_gmt":"2026-03-16T23:00:37","guid":{"rendered":"https:\/\/dicolova.com\/fos59\/?post_type=product&#038;p=899"},"modified":"2026-04-10T14:12:40","modified_gmt":"2026-04-10T13:12:40","slug":"bellewaerde-offre-1-billet-adulte-achete-a-la-fos-1-billet-enfant-offert","status":"publish","type":"product","link":"https:\/\/dicolova.com\/fos59\/boutique\/loisirs-decouvertes-de-plein-air\/bellewaerde-offre-1-billet-adulte-achete-a-la-fos-1-billet-enfant-offert\/","title":{"rendered":"Bellewaerde en e-billet"},"content":{"rendered":"<p><span style=\"font-size: 10pt\"><strong>Bellewarde en E-billet valable toute la saison 2026\u00a0<\/strong><\/span><\/p>\n<p><strong>Prix 39.60 \u20ac au lieu de 49\u20ac\u00a0 (billet adulte et enfant\u00a0 d&rsquo;1 m\u00e8tre)<\/strong><\/p>\n<p><strong>Gratuit enfant de moins d&rsquo;1 m\u00e8tre<\/strong><\/p>\n<p><span style=\"font-size: 10pt\">Bellewaerde, c\u2019est du plaisir pour toute la famille, de l\u2019aventure et des d\u00e9couvertes spectaculaires dans une nature luxuriante.<\/span><\/p>\n<p><span style=\"font-size: 10pt\">Vous ne trouverez nulle part ailleurs des attractions aussi amusantes qui font la joie des petits et des grands. Mais Bellewaerde, c\u2019est bien plus encore : vous apprendrez \u00e0 conna\u00eetre des centaines d\u2019animaux dans leur environnement. Etes-vous pr\u00eats \u00e0 vivre une journ\u00e9e que vous n\u2019oublierez jamais ?<\/span><\/p>\n<p>&nbsp;<\/p>\n<p><strong style=\"background-color: transparent;color: #c85207;font-family: Arial, sans-serif;font-size: 16px;text-transform: uppercase\">\u00a0<\/strong><\/p>\n","protected":false},"excerpt":{"rendered":"<p><span style=\"font-size: 10pt\"><strong>Bellewarde en E-billet valable toute la saison 2026\u00a0<\/strong><\/span><\/p>\n<p><strong>Prix 39.60 \u20ac au lieu de 49\u20ac \u00a0(billet adulte et enfant\u00a0 d&rsquo;1 m\u00e8tre)<\/strong><\/p>\n<p><strong>Gratuit enfant de moins d&rsquo;1 m\u00e8tre<\/strong><\/p>\n<p><strong>Bon de commande : <a href=\"https:\/\/dicolova.com\/fos59\/wp-content\/uploads\/sites\/28\/2026\/03\/billetterie.PARC-CINE-08-04-2026-dicolova.pdf\">billetterie.PARC-CINE-dicolova<\/a><\/strong><\/p>\n","protected":false},"featured_media":111,"comment_status":"closed","ping_status":"closed","template":"","meta":[],"product_brand":[],"product_cat":[127],"product_tag":[],"class_list":{"0":"post-899","1":"product","2":"type-product","3":"status-publish","4":"has-post-thumbnail","6":"product_cat-loisirs-decouvertes-de-plein-air","8":"first","9":"instock","10":"taxable","11":"shipping-taxable","12":"product-type-simple"},"yoast_head":"<!-- This site is optimized with the Yoast SEO plugin v27.5 - https:\/\/yoast.com\/product\/yoast-seo-wordpress\/ -->\n<title>Bellewaerde en e-billet - FOS 59<\/title>\n<meta name=\"robots\" content=\"index, follow, max-snippet:-1, max-image-preview:large, max-video-preview:-1\" \/>\n<link rel=\"canonical\" href=\"https:\/\/dicolova.com\/fos59\/boutique\/loisirs-decouvertes-de-plein-air\/bellewaerde-offre-1-billet-adulte-achete-a-la-fos-1-billet-enfant-offert\/\" \/>\n<meta property=\"og:locale\" content=\"fr_FR\" \/>\n<meta property=\"og:type\" content=\"article\" \/>\n<meta property=\"og:title\" content=\"Bellewaerde en e-billet - FOS 59\" \/>\n<meta property=\"og:description\" content=\"Bellewarde en E-billet valable toute la saison 2026\u00a0  Prix 39.60 \u20ac au lieu de 49\u20ac \u00a0(billet adulte et enfant\u00a0 d&#039;1 m\u00e8tre)  Gratuit enfant de moins d&#039;1 m\u00e8tre  Bon de commande : billetterie.PARC-CINE-dicolova\" \/>\n<meta property=\"og:url\" content=\"https:\/\/dicolova.com\/fos59\/boutique\/loisirs-decouvertes-de-plein-air\/bellewaerde-offre-1-billet-adulte-achete-a-la-fos-1-billet-enfant-offert\/\" \/>\n<meta property=\"og:site_name\" content=\"FOS 59\" \/>\n<meta property=\"article:modified_time\" content=\"2026-04-10T13:12:40+00:00\" \/>\n<meta property=\"og:image\" content=\"https:\/\/dicolova.com\/fos59\/wp-content\/uploads\/sites\/28\/2016\/05\/logo-bellewaerde.png\" \/>\n\t<meta property=\"og:image:width\" content=\"300\" \/>\n\t<meta property=\"og:image:height\" content=\"142\" \/>\n\t<meta property=\"og:image:type\" content=\"image\/png\" \/>\n<meta name=\"twitter:card\" content=\"summary_large_image\" \/>\n<meta name=\"twitter:label1\" content=\"Dur\u00e9e de lecture estim\u00e9e\" \/>\n\t<meta name=\"twitter:data1\" content=\"1 minute\" \/>\n<script type=\"application\/ld+json\" class=\"yoast-schema-graph\">{\"@context\":\"https:\\\/\\\/schema.org\",\"@graph\":[{\"@type\":\"WebPage\",\"@id\":\"https:\\\/\\\/dicolova.com\\\/fos59\\\/boutique\\\/loisirs-decouvertes-de-plein-air\\\/bellewaerde-offre-1-billet-adulte-achete-a-la-fos-1-billet-enfant-offert\\\/\",\"url\":\"https:\\\/\\\/dicolova.com\\\/fos59\\\/boutique\\\/loisirs-decouvertes-de-plein-air\\\/bellewaerde-offre-1-billet-adulte-achete-a-la-fos-1-billet-enfant-offert\\\/\",\"name\":\"Bellewaerde en e-billet - FOS 59\",\"isPartOf\":{\"@id\":\"https:\\\/\\\/dicolova.com\\\/fos59\\\/#website\"},\"primaryImageOfPage\":{\"@id\":\"https:\\\/\\\/dicolova.com\\\/fos59\\\/boutique\\\/loisirs-decouvertes-de-plein-air\\\/bellewaerde-offre-1-billet-adulte-achete-a-la-fos-1-billet-enfant-offert\\\/#primaryimage\"},\"image\":{\"@id\":\"https:\\\/\\\/dicolova.com\\\/fos59\\\/boutique\\\/loisirs-decouvertes-de-plein-air\\\/bellewaerde-offre-1-billet-adulte-achete-a-la-fos-1-billet-enfant-offert\\\/#primaryimage\"},\"thumbnailUrl\":\"https:\\\/\\\/dicolova.com\\\/fos59\\\/wp-content\\\/uploads\\\/sites\\\/28\\\/2016\\\/05\\\/logo-bellewaerde.png\",\"datePublished\":\"2026-03-16T23:00:37+00:00\",\"dateModified\":\"2026-04-10T13:12:40+00:00\",\"breadcrumb\":{\"@id\":\"https:\\\/\\\/dicolova.com\\\/fos59\\\/boutique\\\/loisirs-decouvertes-de-plein-air\\\/bellewaerde-offre-1-billet-adulte-achete-a-la-fos-1-billet-enfant-offert\\\/#breadcrumb\"},\"inLanguage\":\"fr-FR\",\"potentialAction\":[{\"@type\":\"ReadAction\",\"target\":[\"https:\\\/\\\/dicolova.com\\\/fos59\\\/boutique\\\/loisirs-decouvertes-de-plein-air\\\/bellewaerde-offre-1-billet-adulte-achete-a-la-fos-1-billet-enfant-offert\\\/\"]}]},{\"@type\":\"ImageObject\",\"inLanguage\":\"fr-FR\",\"@id\":\"https:\\\/\\\/dicolova.com\\\/fos59\\\/boutique\\\/loisirs-decouvertes-de-plein-air\\\/bellewaerde-offre-1-billet-adulte-achete-a-la-fos-1-billet-enfant-offert\\\/#primaryimage\",\"url\":\"https:\\\/\\\/dicolova.com\\\/fos59\\\/wp-content\\\/uploads\\\/sites\\\/28\\\/2016\\\/05\\\/logo-bellewaerde.png\",\"contentUrl\":\"https:\\\/\\\/dicolova.com\\\/fos59\\\/wp-content\\\/uploads\\\/sites\\\/28\\\/2016\\\/05\\\/logo-bellewaerde.png\",\"width\":300,\"height\":142},{\"@type\":\"BreadcrumbList\",\"@id\":\"https:\\\/\\\/dicolova.com\\\/fos59\\\/boutique\\\/loisirs-decouvertes-de-plein-air\\\/bellewaerde-offre-1-billet-adulte-achete-a-la-fos-1-billet-enfant-offert\\\/#breadcrumb\",\"itemListElement\":[{\"@type\":\"ListItem\",\"position\":1,\"name\":\"Accueil\",\"item\":\"https:\\\/\\\/dicolova.com\\\/fos59\\\/\"},{\"@type\":\"ListItem\",\"position\":2,\"name\":\"Billetterie\",\"item\":\"https:\\\/\\\/dicolova.com\\\/fos59\\\/billetterie\\\/\"},{\"@type\":\"ListItem\",\"position\":3,\"name\":\"Bellewaerde en e-billet\"}]},{\"@type\":\"WebSite\",\"@id\":\"https:\\\/\\\/dicolova.com\\\/fos59\\\/#website\",\"url\":\"https:\\\/\\\/dicolova.com\\\/fos59\\\/\",\"name\":\"FOS 59\",\"description\":\"\",\"potentialAction\":[{\"@type\":\"SearchAction\",\"target\":{\"@type\":\"EntryPoint\",\"urlTemplate\":\"https:\\\/\\\/dicolova.com\\\/fos59\\\/?s={search_term_string}\"},\"query-input\":{\"@type\":\"PropertyValueSpecification\",\"valueRequired\":true,\"valueName\":\"search_term_string\"}}],\"inLanguage\":\"fr-FR\"}]}<\/script>\n<!-- \/ Yoast SEO plugin. -->","yoast_head_json":{"title":"Bellewaerde en e-billet - FOS 59","robots":{"index":"index","follow":"follow","max-snippet":"max-snippet:-1","max-image-preview":"max-image-preview:large","max-video-preview":"max-video-preview:-1"},"canonical":"https:\/\/dicolova.com\/fos59\/boutique\/loisirs-decouvertes-de-plein-air\/bellewaerde-offre-1-billet-adulte-achete-a-la-fos-1-billet-enfant-offert\/","og_locale":"fr_FR","og_type":"article","og_title":"Bellewaerde en e-billet - FOS 59","og_description":"Bellewarde en E-billet valable toute la saison 2026\u00a0  Prix 39.60 \u20ac au lieu de 49\u20ac \u00a0(billet adulte et enfant\u00a0 d'1 m\u00e8tre)  Gratuit enfant de moins d'1 m\u00e8tre  Bon de commande : billetterie.PARC-CINE-dicolova","og_url":"https:\/\/dicolova.com\/fos59\/boutique\/loisirs-decouvertes-de-plein-air\/bellewaerde-offre-1-billet-adulte-achete-a-la-fos-1-billet-enfant-offert\/","og_site_name":"FOS 59","article_modified_time":"2026-04-10T13:12:40+00:00","og_image":[{"width":300,"height":142,"url":"https:\/\/dicolova.com\/fos59\/wp-content\/uploads\/sites\/28\/2016\/05\/logo-bellewaerde.png","type":"image\/png"}],"twitter_card":"summary_large_image","twitter_misc":{"Dur\u00e9e de lecture estim\u00e9e":"1 minute"},"schema":{"@context":"https:\/\/schema.org","@graph":[{"@type":"WebPage","@id":"https:\/\/dicolova.com\/fos59\/boutique\/loisirs-decouvertes-de-plein-air\/bellewaerde-offre-1-billet-adulte-achete-a-la-fos-1-billet-enfant-offert\/","url":"https:\/\/dicolova.com\/fos59\/boutique\/loisirs-decouvertes-de-plein-air\/bellewaerde-offre-1-billet-adulte-achete-a-la-fos-1-billet-enfant-offert\/","name":"Bellewaerde en e-billet - FOS 59","isPartOf":{"@id":"https:\/\/dicolova.com\/fos59\/#website"},"primaryImageOfPage":{"@id":"https:\/\/dicolova.com\/fos59\/boutique\/loisirs-decouvertes-de-plein-air\/bellewaerde-offre-1-billet-adulte-achete-a-la-fos-1-billet-enfant-offert\/#primaryimage"},"image":{"@id":"https:\/\/dicolova.com\/fos59\/boutique\/loisirs-decouvertes-de-plein-air\/bellewaerde-offre-1-billet-adulte-achete-a-la-fos-1-billet-enfant-offert\/#primaryimage"},"thumbnailUrl":"https:\/\/dicolova.com\/fos59\/wp-content\/uploads\/sites\/28\/2016\/05\/logo-bellewaerde.png","datePublished":"2026-03-16T23:00:37+00:00","dateModified":"2026-04-10T13:12:40+00:00","breadcrumb":{"@id":"https:\/\/dicolova.com\/fos59\/boutique\/loisirs-decouvertes-de-plein-air\/bellewaerde-offre-1-billet-adulte-achete-a-la-fos-1-billet-enfant-offert\/#breadcrumb"},"inLanguage":"fr-FR","potentialAction":[{"@type":"ReadAction","target":["https:\/\/dicolova.com\/fos59\/boutique\/loisirs-decouvertes-de-plein-air\/bellewaerde-offre-1-billet-adulte-achete-a-la-fos-1-billet-enfant-offert\/"]}]},{"@type":"ImageObject","inLanguage":"fr-FR","@id":"https:\/\/dicolova.com\/fos59\/boutique\/loisirs-decouvertes-de-plein-air\/bellewaerde-offre-1-billet-adulte-achete-a-la-fos-1-billet-enfant-offert\/#primaryimage","url":"https:\/\/dicolova.com\/fos59\/wp-content\/uploads\/sites\/28\/2016\/05\/logo-bellewaerde.png","contentUrl":"https:\/\/dicolova.com\/fos59\/wp-content\/uploads\/sites\/28\/2016\/05\/logo-bellewaerde.png","width":300,"height":142},{"@type":"BreadcrumbList","@id":"https:\/\/dicolova.com\/fos59\/boutique\/loisirs-decouvertes-de-plein-air\/bellewaerde-offre-1-billet-adulte-achete-a-la-fos-1-billet-enfant-offert\/#breadcrumb","itemListElement":[{"@type":"ListItem","position":1,"name":"Accueil","item":"https:\/\/dicolova.com\/fos59\/"},{"@type":"ListItem","position":2,"name":"Billetterie","item":"https:\/\/dicolova.com\/fos59\/billetterie\/"},{"@type":"ListItem","position":3,"name":"Bellewaerde en e-billet"}]},{"@type":"WebSite","@id":"https:\/\/dicolova.com\/fos59\/#website","url":"https:\/\/dicolova.com\/fos59\/","name":"FOS 59","description":"","potentialAction":[{"@type":"SearchAction","target":{"@type":"EntryPoint","urlTemplate":"https:\/\/dicolova.com\/fos59\/?s={search_term_string}"},"query-input":{"@type":"PropertyValueSpecification","valueRequired":true,"valueName":"search_term_string"}}],"inLanguage":"fr-FR"}]}},"_links":{"self":[{"href":"https:\/\/dicolova.com\/fos59\/wp-json\/wp\/v2\/product\/899","targetHints":{"allow":["GET"]}}],"collection":[{"href":"https:\/\/dicolova.com\/fos59\/wp-json\/wp\/v2\/product"}],"about":[{"href":"https:\/\/dicolova.com\/fos59\/wp-json\/wp\/v2\/types\/product"}],"replies":[{"embeddable":true,"href":"https:\/\/dicolova.com\/fos59\/wp-json\/wp\/v2\/comments?post=899"}],"wp:featuredmedia":[{"embeddable":true,"href":"https:\/\/dicolova.com\/fos59\/wp-json\/wp\/v2\/media\/111"}],"wp:attachment":[{"href":"https:\/\/dicolova.com\/fos59\/wp-json\/wp\/v2\/media?parent=899"}],"wp:term":[{"taxonomy":"product_brand","embeddable":true,"href":"https:\/\/dicolova.com\/fos59\/wp-json\/wp\/v2\/product_brand?post=899"},{"taxonomy":"product_cat","embeddable":true,"href":"https:\/\/dicolova.com\/fos59\/wp-json\/wp\/v2\/product_cat?post=899"},{"taxonomy":"product_tag","embeddable":true,"href":"https:\/\/dicolova.com\/fos59\/wp-json\/wp\/v2\/product_tag?post=899"}],"curies":[{"name":"wp","href":"https:\/\/api.w.org\/{rel}","templated":true}]}}