{"id":835,"date":"2026-01-23T00:00:24","date_gmt":"2026-01-22T23:00:24","guid":{"rendered":"https:\/\/dicolova.com\/fos59\/?post_type=product&#038;p=835"},"modified":"2026-02-06T17:42:38","modified_gmt":"2026-02-06T16:42:38","slug":"parc-asterix-en-e-billet","status":"publish","type":"product","link":"https:\/\/dicolova.com\/fos59\/boutique\/loisirs-decouvertes-de-plein-air\/parc-asterix-en-e-billet\/","title":{"rendered":"Parc Asterix en E-billet"},"content":{"rendered":"<p><strong style=\"color: #000000\"><span style=\"color: #0000ff\"><strong>Date de validit\u00e9 des e-billets jusqu&rsquo;au 3 janvier 2027,<\/strong><\/span><\/strong><\/p>\n<p><span style=\"background-color: #ffff00\"><strong style=\"color: #000000\">Les billets ne sont ni repris, ni \u00e9changeables.<\/strong><\/span><\/p>\n<h2><span style=\"color: #ff6600\">ET IL Y EN A POUR TOUS LES GO\u00dbTS !<\/span><\/h2>\n<p style=\"text-align: justify\">Impossible n\u2019est pas Gaulois : retrouvez cette offre pour faire de votre s\u00e9jour au Parc\u00a0un r\u00e9el moment de partage et d\u2019aventures\u2026 Sans pour autant dilapider tous vos sesterces !<\/p>\n<p style=\"text-align: justify\">Du rififi chez les Romains et dans toute la Gaule\u2026 Nom d\u2019un menhir, on ne s\u2019ennuie pas ! Retrouvez toutes nos actualit\u00e9s : banquets, attractions, aventures, \u00e9motions. Le ciel vous en tomberait presque sur la t\u00eate.<\/p>\n<h2 class=\"h1 uppercase pb-6\"><span style=\"color: #ff6600\">LES ATTRACTIONS DU PARC<\/span><\/h2>\n<p class=\"pr-10\" style=\"text-align: justify\">Quand nos Gaulois ne sont pas en train de repousser l\u2019envahisseur, ils ont de quoi s\u2019amuser : 42\u00a0attractions, plus folles les unes que les autres\u2026 Et il y en a pour tous les go\u00fbts !<\/p>\n<p style=\"text-align: justify\">Des d\u00e9fis pour petits et grands, de l\u2019aventure \u00e0 foison, des attractions pour tous les go\u00fbts, du grand spectacle, de la fantaisie gauloise\u2026 Tels sont les ingr\u00e9dients d\u2019une potion test\u00e9e et approuv\u00e9e par des millions de visiteurs ! D\u00e9tonnant m\u00e9lange de 42 attractions et spectacles, le tout mis en sc\u00e8ne dans des d\u00e9cors truff\u00e9s d\u2019humour gaulois, Parc Ast\u00e9rix conjugue humour, convivialit\u00e9, partage et authenticit\u00e9 pour apporter de la bonne humeur \u00e0 partager en famille !<\/p>\n<p>&nbsp;<\/p>\n","protected":false},"excerpt":{"rendered":"<p><span style=\"color: #0000ff\"><strong>Tarif 2026<\/strong><\/span><\/p>\n<p><span style=\"color: #0000ff\"><strong>Date de validit\u00e9 des e-billets jusqu&rsquo;au 3\u00a0 janvier 2027, non repris, non \u00e9changeable.<\/strong><\/span><\/p>\n<p>Billet 1 jour : 57.10\u20ac au lieu de 68\u20ac<\/p>\n<p>Billet 2 jours : 102.10\u20ac au lieu de 136\u20ac<\/p>\n<p><strong><span style=\"color: #0000ff\">Bon de commande : <a href=\"https:\/\/dicolova.com\/fos59\/wp-content\/uploads\/sites\/28\/2026\/02\/billetterie.PARC-CINE-DICOLOVA.pdf\">Billetterie.PARC-CINE-DICOLOVA<\/a><\/span><\/strong><\/p>\n<p>&nbsp;<\/p>\n","protected":false},"featured_media":836,"comment_status":"closed","ping_status":"closed","template":"","meta":[],"product_brand":[],"product_cat":[127],"product_tag":[],"class_list":{"0":"post-835","1":"product","2":"type-product","3":"status-publish","4":"has-post-thumbnail","6":"product_cat-loisirs-decouvertes-de-plein-air","8":"first","9":"instock","10":"taxable","11":"shipping-taxable","12":"product-type-simple"},"yoast_head":"<!-- This site is optimized with the Yoast SEO plugin v27.5 - https:\/\/yoast.com\/product\/yoast-seo-wordpress\/ -->\n<title>Parc Asterix en E-billet - FOS 59<\/title>\n<meta name=\"robots\" content=\"index, follow, max-snippet:-1, max-image-preview:large, max-video-preview:-1\" \/>\n<link rel=\"canonical\" href=\"https:\/\/dicolova.com\/fos59\/boutique\/loisirs-decouvertes-de-plein-air\/parc-asterix-en-e-billet\/\" \/>\n<meta property=\"og:locale\" content=\"fr_FR\" \/>\n<meta property=\"og:type\" content=\"article\" \/>\n<meta property=\"og:title\" content=\"Parc Asterix en E-billet - FOS 59\" \/>\n<meta property=\"og:description\" content=\"Tarif 2026  Date de validit\u00e9 des e-billets jusqu&#039;au 3\u00a0 janvier 2027, non repris, non \u00e9changeable.  Billet 1 jour : 57.10\u20ac au lieu de 68\u20ac  Billet 2 jours : 102.10\u20ac au lieu de 136\u20ac  Bon de commande : Billetterie.PARC-CINE-DICOLOVA  &nbsp;\" \/>\n<meta property=\"og:url\" content=\"https:\/\/dicolova.com\/fos59\/boutique\/loisirs-decouvertes-de-plein-air\/parc-asterix-en-e-billet\/\" \/>\n<meta property=\"og:site_name\" content=\"FOS 59\" \/>\n<meta property=\"article:modified_time\" content=\"2026-02-06T16:42:38+00:00\" \/>\n<meta property=\"og:image\" content=\"https:\/\/dicolova.com\/fos59\/wp-content\/uploads\/sites\/28\/2021\/04\/asterix.jpg\" \/>\n\t<meta property=\"og:image:width\" content=\"310\" \/>\n\t<meta property=\"og:image:height\" content=\"162\" \/>\n\t<meta property=\"og:image:type\" content=\"image\/jpeg\" \/>\n<meta name=\"twitter:card\" content=\"summary_large_image\" \/>\n<meta name=\"twitter:label1\" content=\"Dur\u00e9e de lecture estim\u00e9e\" \/>\n\t<meta name=\"twitter:data1\" content=\"2 minutes\" \/>\n<script type=\"application\/ld+json\" class=\"yoast-schema-graph\">{\"@context\":\"https:\\\/\\\/schema.org\",\"@graph\":[{\"@type\":\"WebPage\",\"@id\":\"https:\\\/\\\/dicolova.com\\\/fos59\\\/boutique\\\/loisirs-decouvertes-de-plein-air\\\/parc-asterix-en-e-billet\\\/\",\"url\":\"https:\\\/\\\/dicolova.com\\\/fos59\\\/boutique\\\/loisirs-decouvertes-de-plein-air\\\/parc-asterix-en-e-billet\\\/\",\"name\":\"Parc Asterix en E-billet - FOS 59\",\"isPartOf\":{\"@id\":\"https:\\\/\\\/dicolova.com\\\/fos59\\\/#website\"},\"primaryImageOfPage\":{\"@id\":\"https:\\\/\\\/dicolova.com\\\/fos59\\\/boutique\\\/loisirs-decouvertes-de-plein-air\\\/parc-asterix-en-e-billet\\\/#primaryimage\"},\"image\":{\"@id\":\"https:\\\/\\\/dicolova.com\\\/fos59\\\/boutique\\\/loisirs-decouvertes-de-plein-air\\\/parc-asterix-en-e-billet\\\/#primaryimage\"},\"thumbnailUrl\":\"https:\\\/\\\/dicolova.com\\\/fos59\\\/wp-content\\\/uploads\\\/sites\\\/28\\\/2021\\\/04\\\/asterix.jpg\",\"datePublished\":\"2026-01-22T23:00:24+00:00\",\"dateModified\":\"2026-02-06T16:42:38+00:00\",\"breadcrumb\":{\"@id\":\"https:\\\/\\\/dicolova.com\\\/fos59\\\/boutique\\\/loisirs-decouvertes-de-plein-air\\\/parc-asterix-en-e-billet\\\/#breadcrumb\"},\"inLanguage\":\"fr-FR\",\"potentialAction\":[{\"@type\":\"ReadAction\",\"target\":[\"https:\\\/\\\/dicolova.com\\\/fos59\\\/boutique\\\/loisirs-decouvertes-de-plein-air\\\/parc-asterix-en-e-billet\\\/\"]}]},{\"@type\":\"ImageObject\",\"inLanguage\":\"fr-FR\",\"@id\":\"https:\\\/\\\/dicolova.com\\\/fos59\\\/boutique\\\/loisirs-decouvertes-de-plein-air\\\/parc-asterix-en-e-billet\\\/#primaryimage\",\"url\":\"https:\\\/\\\/dicolova.com\\\/fos59\\\/wp-content\\\/uploads\\\/sites\\\/28\\\/2021\\\/04\\\/asterix.jpg\",\"contentUrl\":\"https:\\\/\\\/dicolova.com\\\/fos59\\\/wp-content\\\/uploads\\\/sites\\\/28\\\/2021\\\/04\\\/asterix.jpg\",\"width\":310,\"height\":162},{\"@type\":\"BreadcrumbList\",\"@id\":\"https:\\\/\\\/dicolova.com\\\/fos59\\\/boutique\\\/loisirs-decouvertes-de-plein-air\\\/parc-asterix-en-e-billet\\\/#breadcrumb\",\"itemListElement\":[{\"@type\":\"ListItem\",\"position\":1,\"name\":\"Accueil\",\"item\":\"https:\\\/\\\/dicolova.com\\\/fos59\\\/\"},{\"@type\":\"ListItem\",\"position\":2,\"name\":\"Billetterie\",\"item\":\"https:\\\/\\\/dicolova.com\\\/fos59\\\/billetterie\\\/\"},{\"@type\":\"ListItem\",\"position\":3,\"name\":\"Parc Asterix en E-billet\"}]},{\"@type\":\"WebSite\",\"@id\":\"https:\\\/\\\/dicolova.com\\\/fos59\\\/#website\",\"url\":\"https:\\\/\\\/dicolova.com\\\/fos59\\\/\",\"name\":\"FOS 59\",\"description\":\"\",\"potentialAction\":[{\"@type\":\"SearchAction\",\"target\":{\"@type\":\"EntryPoint\",\"urlTemplate\":\"https:\\\/\\\/dicolova.com\\\/fos59\\\/?s={search_term_string}\"},\"query-input\":{\"@type\":\"PropertyValueSpecification\",\"valueRequired\":true,\"valueName\":\"search_term_string\"}}],\"inLanguage\":\"fr-FR\"}]}<\/script>\n<!-- \/ Yoast SEO plugin. -->","yoast_head_json":{"title":"Parc Asterix en E-billet - FOS 59","robots":{"index":"index","follow":"follow","max-snippet":"max-snippet:-1","max-image-preview":"max-image-preview:large","max-video-preview":"max-video-preview:-1"},"canonical":"https:\/\/dicolova.com\/fos59\/boutique\/loisirs-decouvertes-de-plein-air\/parc-asterix-en-e-billet\/","og_locale":"fr_FR","og_type":"article","og_title":"Parc Asterix en E-billet - FOS 59","og_description":"Tarif 2026  Date de validit\u00e9 des e-billets jusqu'au 3\u00a0 janvier 2027, non repris, non \u00e9changeable.  Billet 1 jour : 57.10\u20ac au lieu de 68\u20ac  Billet 2 jours : 102.10\u20ac au lieu de 136\u20ac  Bon de commande : Billetterie.PARC-CINE-DICOLOVA  &nbsp;","og_url":"https:\/\/dicolova.com\/fos59\/boutique\/loisirs-decouvertes-de-plein-air\/parc-asterix-en-e-billet\/","og_site_name":"FOS 59","article_modified_time":"2026-02-06T16:42:38+00:00","og_image":[{"width":310,"height":162,"url":"https:\/\/dicolova.com\/fos59\/wp-content\/uploads\/sites\/28\/2021\/04\/asterix.jpg","type":"image\/jpeg"}],"twitter_card":"summary_large_image","twitter_misc":{"Dur\u00e9e de lecture estim\u00e9e":"2 minutes"},"schema":{"@context":"https:\/\/schema.org","@graph":[{"@type":"WebPage","@id":"https:\/\/dicolova.com\/fos59\/boutique\/loisirs-decouvertes-de-plein-air\/parc-asterix-en-e-billet\/","url":"https:\/\/dicolova.com\/fos59\/boutique\/loisirs-decouvertes-de-plein-air\/parc-asterix-en-e-billet\/","name":"Parc Asterix en E-billet - FOS 59","isPartOf":{"@id":"https:\/\/dicolova.com\/fos59\/#website"},"primaryImageOfPage":{"@id":"https:\/\/dicolova.com\/fos59\/boutique\/loisirs-decouvertes-de-plein-air\/parc-asterix-en-e-billet\/#primaryimage"},"image":{"@id":"https:\/\/dicolova.com\/fos59\/boutique\/loisirs-decouvertes-de-plein-air\/parc-asterix-en-e-billet\/#primaryimage"},"thumbnailUrl":"https:\/\/dicolova.com\/fos59\/wp-content\/uploads\/sites\/28\/2021\/04\/asterix.jpg","datePublished":"2026-01-22T23:00:24+00:00","dateModified":"2026-02-06T16:42:38+00:00","breadcrumb":{"@id":"https:\/\/dicolova.com\/fos59\/boutique\/loisirs-decouvertes-de-plein-air\/parc-asterix-en-e-billet\/#breadcrumb"},"inLanguage":"fr-FR","potentialAction":[{"@type":"ReadAction","target":["https:\/\/dicolova.com\/fos59\/boutique\/loisirs-decouvertes-de-plein-air\/parc-asterix-en-e-billet\/"]}]},{"@type":"ImageObject","inLanguage":"fr-FR","@id":"https:\/\/dicolova.com\/fos59\/boutique\/loisirs-decouvertes-de-plein-air\/parc-asterix-en-e-billet\/#primaryimage","url":"https:\/\/dicolova.com\/fos59\/wp-content\/uploads\/sites\/28\/2021\/04\/asterix.jpg","contentUrl":"https:\/\/dicolova.com\/fos59\/wp-content\/uploads\/sites\/28\/2021\/04\/asterix.jpg","width":310,"height":162},{"@type":"BreadcrumbList","@id":"https:\/\/dicolova.com\/fos59\/boutique\/loisirs-decouvertes-de-plein-air\/parc-asterix-en-e-billet\/#breadcrumb","itemListElement":[{"@type":"ListItem","position":1,"name":"Accueil","item":"https:\/\/dicolova.com\/fos59\/"},{"@type":"ListItem","position":2,"name":"Billetterie","item":"https:\/\/dicolova.com\/fos59\/billetterie\/"},{"@type":"ListItem","position":3,"name":"Parc Asterix en E-billet"}]},{"@type":"WebSite","@id":"https:\/\/dicolova.com\/fos59\/#website","url":"https:\/\/dicolova.com\/fos59\/","name":"FOS 59","description":"","potentialAction":[{"@type":"SearchAction","target":{"@type":"EntryPoint","urlTemplate":"https:\/\/dicolova.com\/fos59\/?s={search_term_string}"},"query-input":{"@type":"PropertyValueSpecification","valueRequired":true,"valueName":"search_term_string"}}],"inLanguage":"fr-FR"}]}},"_links":{"self":[{"href":"https:\/\/dicolova.com\/fos59\/wp-json\/wp\/v2\/product\/835","targetHints":{"allow":["GET"]}}],"collection":[{"href":"https:\/\/dicolova.com\/fos59\/wp-json\/wp\/v2\/product"}],"about":[{"href":"https:\/\/dicolova.com\/fos59\/wp-json\/wp\/v2\/types\/product"}],"replies":[{"embeddable":true,"href":"https:\/\/dicolova.com\/fos59\/wp-json\/wp\/v2\/comments?post=835"}],"wp:featuredmedia":[{"embeddable":true,"href":"https:\/\/dicolova.com\/fos59\/wp-json\/wp\/v2\/media\/836"}],"wp:attachment":[{"href":"https:\/\/dicolova.com\/fos59\/wp-json\/wp\/v2\/media?parent=835"}],"wp:term":[{"taxonomy":"product_brand","embeddable":true,"href":"https:\/\/dicolova.com\/fos59\/wp-json\/wp\/v2\/product_brand?post=835"},{"taxonomy":"product_cat","embeddable":true,"href":"https:\/\/dicolova.com\/fos59\/wp-json\/wp\/v2\/product_cat?post=835"},{"taxonomy":"product_tag","embeddable":true,"href":"https:\/\/dicolova.com\/fos59\/wp-json\/wp\/v2\/product_tag?post=835"}],"curies":[{"name":"wp","href":"https:\/\/api.w.org\/{rel}","templated":true}]}}