{"id":831,"date":"2026-01-23T00:00:57","date_gmt":"2026-01-22T23:00:57","guid":{"rendered":"https:\/\/dicolova.com\/fos59\/?post_type=product&#038;p=831"},"modified":"2026-02-05T18:07:06","modified_gmt":"2026-02-05T17:07:06","slug":"cita-parc","status":"publish","type":"product","link":"https:\/\/dicolova.com\/fos59\/boutique\/loisirs-decouvertes-de-plein-air\/cita-parc\/","title":{"rendered":"Cita Parc \u00e0 Lille"},"content":{"rendered":"<div class=\"av-special-heading av-special-heading-h3 custom-color-heading avia-builder-el-2 el_before_av_textblock avia-builder-el-first \">\n<div id=\"cc-m-8453745876\" class=\"j-module n j-header \">\n<p><span style=\"color: #ff6600\"><strong>Cita-Parc vous accueille pour de fabuleux moments en famille ! &#8211; Validit\u00e9 des billets 27\/10\/2028<\/strong><\/span><\/p>\n<\/div>\n<\/div>\n<div class=\"avia_textblock \">\n<div class=\"avia_textblock \">\n<div class=\"av-special-heading av-special-heading-h3 custom-color-heading avia-builder-el-2 el_before_av_textblock avia-builder-el-first \">\n<p class=\"j-module n j-header \"><strong>Vous accueille pour de fabuleux moments en famille !\u00a0<\/strong>8 000 m\u00b2 destin\u00e9s aux familles et \u00e0 l&rsquo;amusement !<\/p>\n<div id=\"cc-m-8462042076\" class=\"j-module n j-header \">\n<p>Au c\u0153ur de l\u2019embl\u00e9matique centre\u00a0historique et naturel de Lille, \u00e0 deux pas de la Citadelle et du Zoo,\u00a0Cita-Parc\u00a0vous accueille pour de fabuleux moments en famille !<\/p>\n<p>C&rsquo;est le lieu id\u00e9al pour fl\u00e2ner, s\u2019amuser et se d\u00e9tendre, avec ses 8000m\u00b2 d\u00e9di\u00e9s aux petits et grands&#8230;<\/p>\n<p>Un floril\u00e8ge\u00a0d\u2019attractions, sur le th\u00e8me de la nature et des animaux,\u00a0attend les enfants, pour les convier\u00a0\u00e0 d\u2019incroyables aventures.<\/p>\n<h2>informations complementaires :<\/h2>\n<ul>\n<li>Les billets sont valables jusqu&rsquo;au 27\/10\/2028<\/li>\n<li>Billet ni repris, ni \u00e9chang\u00e9<\/li>\n<\/ul>\n<h2>Acc\u00e8der au Parc\u00a0 :<\/h2>\n<\/div>\n<\/div>\n<div class=\"avia_textblock \">\n<div class=\"avia_textblock \">\n<h4><strong>En voiture\u00a0:<\/strong><\/h4>\n<ul>\n<li>Par l\u2019A1 et l\u2019A22\u00a0: suivre Lille Centre Ville<\/li>\n<li>Par l\u2019A25\u00a0: sortie 5, Port Fluvial, suivre la direction Vauban et Citadelle<\/li>\n<li>Coordonn\u00e9es GPS\u00a0: latitude 50,63. Longitude 3,04.<\/li>\n<\/ul>\n<h4><strong>En transport en commun\u00a0:<\/strong><\/h4>\n<ul>\n<li>M\u00e9tro ligne 1\u00a0: station R\u00e9publique (\u00e0 15 mn \u00e0 pied)<\/li>\n<li>Bus Liane 1 et 90\u00a0: arr\u00eat Champ de Mars<\/li>\n<li>Bus Liane 12\u00a0: arr\u00eat Jardin Vauban<\/li>\n<li>V\u2019Lille\u00a0: station Champ de Mars et station Jardin Vauban (1 mn)<\/li>\n<\/ul>\n<p>&nbsp;<\/p>\n<\/div>\n<\/div>\n<\/div>\n<\/div>\n","protected":false},"excerpt":{"rendered":"<p>Tarif 2026<\/p>\n<p><strong>1.70\u20ac<\/strong> au lieu de 3.00\u20ac<\/p>\n<p><span style=\"color: #000000\"><strong><span style=\"color: #0000ff\">Billet valable jusqu&rsquo;au 27\/10\/2028<\/span><\/strong><\/span><\/p>\n<p><span style=\"color: #ff6600\"><strong>ni repris, ni \u00e9chang\u00e9<\/strong><\/span><\/p>\n<p><strong>Bon de commande FOS : <a href=\"https:\/\/dicolova.com\/fos59\/wp-content\/uploads\/sites\/28\/2026\/02\/billetterie.PARC-CINE-DICOLOVA.pdf\">Billetterie.PARC-CINE-DICOLOVA<\/a><\/strong><\/p>\n","protected":false},"featured_media":833,"comment_status":"closed","ping_status":"closed","template":"","meta":[],"product_brand":[],"product_cat":[127],"product_tag":[],"class_list":{"0":"post-831","1":"product","2":"type-product","3":"status-publish","4":"has-post-thumbnail","6":"product_cat-loisirs-decouvertes-de-plein-air","8":"first","9":"instock","10":"taxable","11":"shipping-taxable","12":"product-type-simple"},"yoast_head":"<!-- This site is optimized with the Yoast SEO plugin v27.5 - https:\/\/yoast.com\/product\/yoast-seo-wordpress\/ -->\n<title>Cita Parc \u00e0 Lille - FOS 59<\/title>\n<meta name=\"robots\" content=\"index, follow, max-snippet:-1, max-image-preview:large, max-video-preview:-1\" \/>\n<link rel=\"canonical\" href=\"https:\/\/dicolova.com\/fos59\/boutique\/loisirs-decouvertes-de-plein-air\/cita-parc\/\" \/>\n<meta property=\"og:locale\" content=\"fr_FR\" \/>\n<meta property=\"og:type\" content=\"article\" \/>\n<meta property=\"og:title\" content=\"Cita Parc \u00e0 Lille - FOS 59\" \/>\n<meta property=\"og:description\" content=\"Tarif 2026  1.70\u20ac au lieu de 3.00\u20ac  Billet valable jusqu&#039;au 27\/10\/2028  ni repris, ni \u00e9chang\u00e9  Bon de commande FOS : Billetterie.PARC-CINE-DICOLOVA\" \/>\n<meta property=\"og:url\" content=\"https:\/\/dicolova.com\/fos59\/boutique\/loisirs-decouvertes-de-plein-air\/cita-parc\/\" \/>\n<meta property=\"og:site_name\" content=\"FOS 59\" \/>\n<meta property=\"article:modified_time\" content=\"2026-02-05T17:07:06+00:00\" \/>\n<meta property=\"og:image\" content=\"https:\/\/dicolova.com\/fos59\/wp-content\/uploads\/sites\/28\/2021\/04\/cita-parc-2021.png\" \/>\n\t<meta property=\"og:image:width\" content=\"278\" \/>\n\t<meta property=\"og:image:height\" content=\"181\" \/>\n\t<meta property=\"og:image:type\" content=\"image\/png\" \/>\n<meta name=\"twitter:card\" content=\"summary_large_image\" \/>\n<meta name=\"twitter:label1\" content=\"Dur\u00e9e de lecture estim\u00e9e\" \/>\n\t<meta name=\"twitter:data1\" content=\"2 minutes\" \/>\n<script type=\"application\/ld+json\" class=\"yoast-schema-graph\">{\"@context\":\"https:\\\/\\\/schema.org\",\"@graph\":[{\"@type\":\"WebPage\",\"@id\":\"https:\\\/\\\/dicolova.com\\\/fos59\\\/boutique\\\/loisirs-decouvertes-de-plein-air\\\/cita-parc\\\/\",\"url\":\"https:\\\/\\\/dicolova.com\\\/fos59\\\/boutique\\\/loisirs-decouvertes-de-plein-air\\\/cita-parc\\\/\",\"name\":\"Cita Parc \u00e0 Lille - FOS 59\",\"isPartOf\":{\"@id\":\"https:\\\/\\\/dicolova.com\\\/fos59\\\/#website\"},\"primaryImageOfPage\":{\"@id\":\"https:\\\/\\\/dicolova.com\\\/fos59\\\/boutique\\\/loisirs-decouvertes-de-plein-air\\\/cita-parc\\\/#primaryimage\"},\"image\":{\"@id\":\"https:\\\/\\\/dicolova.com\\\/fos59\\\/boutique\\\/loisirs-decouvertes-de-plein-air\\\/cita-parc\\\/#primaryimage\"},\"thumbnailUrl\":\"https:\\\/\\\/dicolova.com\\\/fos59\\\/wp-content\\\/uploads\\\/sites\\\/28\\\/2021\\\/04\\\/cita-parc-2021.png\",\"datePublished\":\"2026-01-22T23:00:57+00:00\",\"dateModified\":\"2026-02-05T17:07:06+00:00\",\"breadcrumb\":{\"@id\":\"https:\\\/\\\/dicolova.com\\\/fos59\\\/boutique\\\/loisirs-decouvertes-de-plein-air\\\/cita-parc\\\/#breadcrumb\"},\"inLanguage\":\"fr-FR\",\"potentialAction\":[{\"@type\":\"ReadAction\",\"target\":[\"https:\\\/\\\/dicolova.com\\\/fos59\\\/boutique\\\/loisirs-decouvertes-de-plein-air\\\/cita-parc\\\/\"]}]},{\"@type\":\"ImageObject\",\"inLanguage\":\"fr-FR\",\"@id\":\"https:\\\/\\\/dicolova.com\\\/fos59\\\/boutique\\\/loisirs-decouvertes-de-plein-air\\\/cita-parc\\\/#primaryimage\",\"url\":\"https:\\\/\\\/dicolova.com\\\/fos59\\\/wp-content\\\/uploads\\\/sites\\\/28\\\/2021\\\/04\\\/cita-parc-2021.png\",\"contentUrl\":\"https:\\\/\\\/dicolova.com\\\/fos59\\\/wp-content\\\/uploads\\\/sites\\\/28\\\/2021\\\/04\\\/cita-parc-2021.png\",\"width\":278,\"height\":181},{\"@type\":\"BreadcrumbList\",\"@id\":\"https:\\\/\\\/dicolova.com\\\/fos59\\\/boutique\\\/loisirs-decouvertes-de-plein-air\\\/cita-parc\\\/#breadcrumb\",\"itemListElement\":[{\"@type\":\"ListItem\",\"position\":1,\"name\":\"Accueil\",\"item\":\"https:\\\/\\\/dicolova.com\\\/fos59\\\/\"},{\"@type\":\"ListItem\",\"position\":2,\"name\":\"Billetterie\",\"item\":\"https:\\\/\\\/dicolova.com\\\/fos59\\\/billetterie\\\/\"},{\"@type\":\"ListItem\",\"position\":3,\"name\":\"Cita Parc \u00e0 Lille\"}]},{\"@type\":\"WebSite\",\"@id\":\"https:\\\/\\\/dicolova.com\\\/fos59\\\/#website\",\"url\":\"https:\\\/\\\/dicolova.com\\\/fos59\\\/\",\"name\":\"FOS 59\",\"description\":\"\",\"potentialAction\":[{\"@type\":\"SearchAction\",\"target\":{\"@type\":\"EntryPoint\",\"urlTemplate\":\"https:\\\/\\\/dicolova.com\\\/fos59\\\/?s={search_term_string}\"},\"query-input\":{\"@type\":\"PropertyValueSpecification\",\"valueRequired\":true,\"valueName\":\"search_term_string\"}}],\"inLanguage\":\"fr-FR\"}]}<\/script>\n<!-- \/ Yoast SEO plugin. -->","yoast_head_json":{"title":"Cita Parc \u00e0 Lille - FOS 59","robots":{"index":"index","follow":"follow","max-snippet":"max-snippet:-1","max-image-preview":"max-image-preview:large","max-video-preview":"max-video-preview:-1"},"canonical":"https:\/\/dicolova.com\/fos59\/boutique\/loisirs-decouvertes-de-plein-air\/cita-parc\/","og_locale":"fr_FR","og_type":"article","og_title":"Cita Parc \u00e0 Lille - FOS 59","og_description":"Tarif 2026  1.70\u20ac au lieu de 3.00\u20ac  Billet valable jusqu'au 27\/10\/2028  ni repris, ni \u00e9chang\u00e9  Bon de commande FOS : Billetterie.PARC-CINE-DICOLOVA","og_url":"https:\/\/dicolova.com\/fos59\/boutique\/loisirs-decouvertes-de-plein-air\/cita-parc\/","og_site_name":"FOS 59","article_modified_time":"2026-02-05T17:07:06+00:00","og_image":[{"width":278,"height":181,"url":"https:\/\/dicolova.com\/fos59\/wp-content\/uploads\/sites\/28\/2021\/04\/cita-parc-2021.png","type":"image\/png"}],"twitter_card":"summary_large_image","twitter_misc":{"Dur\u00e9e de lecture estim\u00e9e":"2 minutes"},"schema":{"@context":"https:\/\/schema.org","@graph":[{"@type":"WebPage","@id":"https:\/\/dicolova.com\/fos59\/boutique\/loisirs-decouvertes-de-plein-air\/cita-parc\/","url":"https:\/\/dicolova.com\/fos59\/boutique\/loisirs-decouvertes-de-plein-air\/cita-parc\/","name":"Cita Parc \u00e0 Lille - FOS 59","isPartOf":{"@id":"https:\/\/dicolova.com\/fos59\/#website"},"primaryImageOfPage":{"@id":"https:\/\/dicolova.com\/fos59\/boutique\/loisirs-decouvertes-de-plein-air\/cita-parc\/#primaryimage"},"image":{"@id":"https:\/\/dicolova.com\/fos59\/boutique\/loisirs-decouvertes-de-plein-air\/cita-parc\/#primaryimage"},"thumbnailUrl":"https:\/\/dicolova.com\/fos59\/wp-content\/uploads\/sites\/28\/2021\/04\/cita-parc-2021.png","datePublished":"2026-01-22T23:00:57+00:00","dateModified":"2026-02-05T17:07:06+00:00","breadcrumb":{"@id":"https:\/\/dicolova.com\/fos59\/boutique\/loisirs-decouvertes-de-plein-air\/cita-parc\/#breadcrumb"},"inLanguage":"fr-FR","potentialAction":[{"@type":"ReadAction","target":["https:\/\/dicolova.com\/fos59\/boutique\/loisirs-decouvertes-de-plein-air\/cita-parc\/"]}]},{"@type":"ImageObject","inLanguage":"fr-FR","@id":"https:\/\/dicolova.com\/fos59\/boutique\/loisirs-decouvertes-de-plein-air\/cita-parc\/#primaryimage","url":"https:\/\/dicolova.com\/fos59\/wp-content\/uploads\/sites\/28\/2021\/04\/cita-parc-2021.png","contentUrl":"https:\/\/dicolova.com\/fos59\/wp-content\/uploads\/sites\/28\/2021\/04\/cita-parc-2021.png","width":278,"height":181},{"@type":"BreadcrumbList","@id":"https:\/\/dicolova.com\/fos59\/boutique\/loisirs-decouvertes-de-plein-air\/cita-parc\/#breadcrumb","itemListElement":[{"@type":"ListItem","position":1,"name":"Accueil","item":"https:\/\/dicolova.com\/fos59\/"},{"@type":"ListItem","position":2,"name":"Billetterie","item":"https:\/\/dicolova.com\/fos59\/billetterie\/"},{"@type":"ListItem","position":3,"name":"Cita Parc \u00e0 Lille"}]},{"@type":"WebSite","@id":"https:\/\/dicolova.com\/fos59\/#website","url":"https:\/\/dicolova.com\/fos59\/","name":"FOS 59","description":"","potentialAction":[{"@type":"SearchAction","target":{"@type":"EntryPoint","urlTemplate":"https:\/\/dicolova.com\/fos59\/?s={search_term_string}"},"query-input":{"@type":"PropertyValueSpecification","valueRequired":true,"valueName":"search_term_string"}}],"inLanguage":"fr-FR"}]}},"_links":{"self":[{"href":"https:\/\/dicolova.com\/fos59\/wp-json\/wp\/v2\/product\/831","targetHints":{"allow":["GET"]}}],"collection":[{"href":"https:\/\/dicolova.com\/fos59\/wp-json\/wp\/v2\/product"}],"about":[{"href":"https:\/\/dicolova.com\/fos59\/wp-json\/wp\/v2\/types\/product"}],"replies":[{"embeddable":true,"href":"https:\/\/dicolova.com\/fos59\/wp-json\/wp\/v2\/comments?post=831"}],"wp:featuredmedia":[{"embeddable":true,"href":"https:\/\/dicolova.com\/fos59\/wp-json\/wp\/v2\/media\/833"}],"wp:attachment":[{"href":"https:\/\/dicolova.com\/fos59\/wp-json\/wp\/v2\/media?parent=831"}],"wp:term":[{"taxonomy":"product_brand","embeddable":true,"href":"https:\/\/dicolova.com\/fos59\/wp-json\/wp\/v2\/product_brand?post=831"},{"taxonomy":"product_cat","embeddable":true,"href":"https:\/\/dicolova.com\/fos59\/wp-json\/wp\/v2\/product_cat?post=831"},{"taxonomy":"product_tag","embeddable":true,"href":"https:\/\/dicolova.com\/fos59\/wp-json\/wp\/v2\/product_tag?post=831"}],"curies":[{"name":"wp","href":"https:\/\/api.w.org\/{rel}","templated":true}]}}