{"id":821,"date":"2026-01-23T00:00:03","date_gmt":"2026-01-22T23:00:03","guid":{"rendered":"https:\/\/dicolova.com\/fos59\/?post_type=product&#038;p=821"},"modified":"2026-01-23T17:40:34","modified_gmt":"2026-01-23T16:40:34","slug":"le-bon-cadeau-wonderbox","status":"publish","type":"product","link":"https:\/\/dicolova.com\/fos59\/boutique\/cinema\/le-bon-cadeau-wonderbox\/","title":{"rendered":"Le bon cadeau Wonderbox"},"content":{"rendered":"<p><strong>Le bon cadeau &#8211; Wonderbox.<\/strong><\/p>\n<h2>Vous \u00eates en qu\u00eate du cadeau parfait pour un anniversaire ou pour une autre occasion ?<\/h2>\n<p>Ne cherchez plus !<\/p>\n<p>R\u00e9unissez amis, proches et famille afin de lui offrir une surprise commune qui va l\u2019enchanter.<\/p>\n<p>Pour cela, rien de plus simple : d\u00e9finissez un montant entre 30\u20ac et 100\u20ac \u00e0 cr\u00e9diter sur le ch\u00e8que cadeau, profitez du jour J pour lui remettre et laissez la personne en profiter au gr\u00e9 de ses envies.<\/p>\n<h3>CHOISISSEZ LE MESSAGE ET LE MONTANT\u00a0 :<\/h3>\n<ul>\n<li>Bon cadeau Libert\u00e9<\/li>\n<li>Bon cadeau Joyeux Anniversaire !<\/li>\n<li>Joyeux No\u00ebl<\/li>\n<\/ul>\n<ul>\n<li>Pour le b\u00e9n\u00e9ficiaire c\u2019est si simple !<\/li>\n<\/ul>\n<ol>\n<li>il se connecte sur\u00a0<a href=\"http:\/\/wonderbox.fr\" target=\"_blank\" rel=\"noopener\">wonderbox.fr<\/a><\/li>\n<li>il saisit le code du bon cadeau du coffret<\/li>\n<li>il choisit son activit\u00e9 parmi + de 100 000 propositions<br \/>\nBon cadeau valable pour 1 ou plusieurs activit\u00e9s\u00a0ou pour 1 activit\u00e9 d\u2019une valeur sup\u00e9rieure en r\u00e9glant la diff\u00e9rence<\/li>\n<li>il re\u00e7oit le e-billet de l\u2019activit\u00e9 choisie\u00a0et n\u2019a plus qu\u2019\u00e0 profiter !<\/li>\n<\/ol>\n<p>Valable 3 ans et 3 mois (renouvelable) \u00e0 partir de la date d&rsquo;achat.<\/p>\n<p><strong>Par courrier : Bon de commande \u00e0 t\u00e9l\u00e9charger\u00a0 : <a href=\"https:\/\/dicolova.com\/fos59\/wp-content\/uploads\/sites\/28\/2025\/06\/bon-cadeau-wonderbox-2026.pdf\">Bon cadeau wonderbox-2026<\/a><\/strong><\/p>\n<p><strong>Offre accessible aux actifs et aux retrait\u00e9s.<\/strong><\/p>\n","protected":false},"excerpt":{"rendered":"<h2><span style=\"font-size: 12pt\">VOUS \u00caTES EN QU\u00caTE DU CADEAU PARFAIT POUR UN ANNIVERSAIRE OU POUR UNE AUTRE OCCASION ?<\/span><\/h2>\n<p>Ne cherchez plus !<\/p>\n<p>R\u00e9unissez amis, proches et famille afin de lui offrir une surprise commune qui va l\u2019enchanter.<\/p>\n<p>Pour cela, rien de plus simple : d\u00e9finissez un montant entre 30\u20ac et 100\u20ac \u00e0 cr\u00e9diter sur le ch\u00e8que cadeau, profitez du jour J pour lui remettre et laissez la personne en profiter au gr\u00e9 de ses envies.<\/p>\n<p><strong>Bon de commande \u00e0 t\u00e9l\u00e9charger\u00a0 : <a href=\"https:\/\/dicolova.com\/fos59\/wp-content\/uploads\/sites\/28\/2025\/06\/bon-cadeau-wonderbox-2026.pdf\">Bon cadeau wonderbox-2026<\/a><\/strong><\/p>\n","protected":false},"featured_media":822,"comment_status":"closed","ping_status":"closed","template":"","meta":[],"product_brand":[],"product_cat":[126,124,127,142,125],"product_tag":[],"class_list":{"0":"post-821","1":"product","2":"type-product","3":"status-publish","4":"has-post-thumbnail","6":"product_cat-bien-etre-detente-et-sport","7":"product_cat-cinema","8":"product_cat-loisirs-decouvertes-de-plein-air","9":"product_cat-restaurant","10":"product_cat-spectacles-concerts-et-culture","12":"first","13":"instock","14":"taxable","15":"shipping-taxable","16":"product-type-simple"},"yoast_head":"<!-- This site is optimized with the Yoast SEO plugin v27.5 - https:\/\/yoast.com\/product\/yoast-seo-wordpress\/ -->\n<title>Le bon cadeau Wonderbox - FOS 59<\/title>\n<meta name=\"robots\" content=\"index, follow, max-snippet:-1, max-image-preview:large, max-video-preview:-1\" \/>\n<link rel=\"canonical\" href=\"https:\/\/dicolova.com\/fos59\/boutique\/cinema\/le-bon-cadeau-wonderbox\/\" \/>\n<meta property=\"og:locale\" content=\"fr_FR\" \/>\n<meta property=\"og:type\" content=\"article\" \/>\n<meta property=\"og:title\" content=\"Le bon cadeau Wonderbox - FOS 59\" \/>\n<meta property=\"og:description\" content=\"VOUS \u00caTES EN QU\u00caTE DU CADEAU PARFAIT POUR UN ANNIVERSAIRE OU POUR UNE AUTRE OCCASION ? Ne cherchez plus !  R\u00e9unissez amis, proches et famille afin de lui offrir une surprise commune qui va l\u2019enchanter.  Pour cela, rien de plus simple : d\u00e9finissez un montant entre 30\u20ac et 100\u20ac \u00e0 cr\u00e9diter sur le ch\u00e8que cadeau, profitez du jour J pour lui remettre et laissez la personne en profiter au gr\u00e9 de ses envies.  Bon de commande \u00e0 t\u00e9l\u00e9charger\u00a0 : Bon cadeau wonderbox-2026\" \/>\n<meta property=\"og:url\" content=\"https:\/\/dicolova.com\/fos59\/boutique\/cinema\/le-bon-cadeau-wonderbox\/\" \/>\n<meta property=\"og:site_name\" content=\"FOS 59\" \/>\n<meta property=\"article:modified_time\" content=\"2026-01-23T16:40:34+00:00\" \/>\n<meta property=\"og:image\" content=\"https:\/\/dicolova.com\/fos59\/wp-content\/uploads\/sites\/28\/2021\/04\/Visuel-Bon-Cadeaux-1.jpg\" \/>\n\t<meta property=\"og:image:width\" content=\"778\" \/>\n\t<meta property=\"og:image:height\" content=\"653\" \/>\n\t<meta property=\"og:image:type\" content=\"image\/jpeg\" \/>\n<meta name=\"twitter:card\" content=\"summary_large_image\" \/>\n<meta name=\"twitter:label1\" content=\"Dur\u00e9e de lecture estim\u00e9e\" \/>\n\t<meta name=\"twitter:data1\" content=\"2 minutes\" \/>\n<script type=\"application\/ld+json\" class=\"yoast-schema-graph\">{\"@context\":\"https:\\\/\\\/schema.org\",\"@graph\":[{\"@type\":\"WebPage\",\"@id\":\"https:\\\/\\\/dicolova.com\\\/fos59\\\/boutique\\\/cinema\\\/le-bon-cadeau-wonderbox\\\/\",\"url\":\"https:\\\/\\\/dicolova.com\\\/fos59\\\/boutique\\\/cinema\\\/le-bon-cadeau-wonderbox\\\/\",\"name\":\"Le bon cadeau Wonderbox - FOS 59\",\"isPartOf\":{\"@id\":\"https:\\\/\\\/dicolova.com\\\/fos59\\\/#website\"},\"primaryImageOfPage\":{\"@id\":\"https:\\\/\\\/dicolova.com\\\/fos59\\\/boutique\\\/cinema\\\/le-bon-cadeau-wonderbox\\\/#primaryimage\"},\"image\":{\"@id\":\"https:\\\/\\\/dicolova.com\\\/fos59\\\/boutique\\\/cinema\\\/le-bon-cadeau-wonderbox\\\/#primaryimage\"},\"thumbnailUrl\":\"https:\\\/\\\/dicolova.com\\\/fos59\\\/wp-content\\\/uploads\\\/sites\\\/28\\\/2021\\\/04\\\/Visuel-Bon-Cadeaux-1.jpg\",\"datePublished\":\"2026-01-22T23:00:03+00:00\",\"dateModified\":\"2026-01-23T16:40:34+00:00\",\"breadcrumb\":{\"@id\":\"https:\\\/\\\/dicolova.com\\\/fos59\\\/boutique\\\/cinema\\\/le-bon-cadeau-wonderbox\\\/#breadcrumb\"},\"inLanguage\":\"fr-FR\",\"potentialAction\":[{\"@type\":\"ReadAction\",\"target\":[\"https:\\\/\\\/dicolova.com\\\/fos59\\\/boutique\\\/cinema\\\/le-bon-cadeau-wonderbox\\\/\"]}]},{\"@type\":\"ImageObject\",\"inLanguage\":\"fr-FR\",\"@id\":\"https:\\\/\\\/dicolova.com\\\/fos59\\\/boutique\\\/cinema\\\/le-bon-cadeau-wonderbox\\\/#primaryimage\",\"url\":\"https:\\\/\\\/dicolova.com\\\/fos59\\\/wp-content\\\/uploads\\\/sites\\\/28\\\/2021\\\/04\\\/Visuel-Bon-Cadeaux-1.jpg\",\"contentUrl\":\"https:\\\/\\\/dicolova.com\\\/fos59\\\/wp-content\\\/uploads\\\/sites\\\/28\\\/2021\\\/04\\\/Visuel-Bon-Cadeaux-1.jpg\",\"width\":778,\"height\":653},{\"@type\":\"BreadcrumbList\",\"@id\":\"https:\\\/\\\/dicolova.com\\\/fos59\\\/boutique\\\/cinema\\\/le-bon-cadeau-wonderbox\\\/#breadcrumb\",\"itemListElement\":[{\"@type\":\"ListItem\",\"position\":1,\"name\":\"Accueil\",\"item\":\"https:\\\/\\\/dicolova.com\\\/fos59\\\/\"},{\"@type\":\"ListItem\",\"position\":2,\"name\":\"Billetterie\",\"item\":\"https:\\\/\\\/dicolova.com\\\/fos59\\\/billetterie\\\/\"},{\"@type\":\"ListItem\",\"position\":3,\"name\":\"Le bon cadeau Wonderbox\"}]},{\"@type\":\"WebSite\",\"@id\":\"https:\\\/\\\/dicolova.com\\\/fos59\\\/#website\",\"url\":\"https:\\\/\\\/dicolova.com\\\/fos59\\\/\",\"name\":\"FOS 59\",\"description\":\"\",\"potentialAction\":[{\"@type\":\"SearchAction\",\"target\":{\"@type\":\"EntryPoint\",\"urlTemplate\":\"https:\\\/\\\/dicolova.com\\\/fos59\\\/?s={search_term_string}\"},\"query-input\":{\"@type\":\"PropertyValueSpecification\",\"valueRequired\":true,\"valueName\":\"search_term_string\"}}],\"inLanguage\":\"fr-FR\"}]}<\/script>\n<!-- \/ Yoast SEO plugin. -->","yoast_head_json":{"title":"Le bon cadeau Wonderbox - FOS 59","robots":{"index":"index","follow":"follow","max-snippet":"max-snippet:-1","max-image-preview":"max-image-preview:large","max-video-preview":"max-video-preview:-1"},"canonical":"https:\/\/dicolova.com\/fos59\/boutique\/cinema\/le-bon-cadeau-wonderbox\/","og_locale":"fr_FR","og_type":"article","og_title":"Le bon cadeau Wonderbox - FOS 59","og_description":"VOUS \u00caTES EN QU\u00caTE DU CADEAU PARFAIT POUR UN ANNIVERSAIRE OU POUR UNE AUTRE OCCASION ? Ne cherchez plus !  R\u00e9unissez amis, proches et famille afin de lui offrir une surprise commune qui va l\u2019enchanter.  Pour cela, rien de plus simple : d\u00e9finissez un montant entre 30\u20ac et 100\u20ac \u00e0 cr\u00e9diter sur le ch\u00e8que cadeau, profitez du jour J pour lui remettre et laissez la personne en profiter au gr\u00e9 de ses envies.  Bon de commande \u00e0 t\u00e9l\u00e9charger\u00a0 : Bon cadeau wonderbox-2026","og_url":"https:\/\/dicolova.com\/fos59\/boutique\/cinema\/le-bon-cadeau-wonderbox\/","og_site_name":"FOS 59","article_modified_time":"2026-01-23T16:40:34+00:00","og_image":[{"width":778,"height":653,"url":"https:\/\/dicolova.com\/fos59\/wp-content\/uploads\/sites\/28\/2021\/04\/Visuel-Bon-Cadeaux-1.jpg","type":"image\/jpeg"}],"twitter_card":"summary_large_image","twitter_misc":{"Dur\u00e9e de lecture estim\u00e9e":"2 minutes"},"schema":{"@context":"https:\/\/schema.org","@graph":[{"@type":"WebPage","@id":"https:\/\/dicolova.com\/fos59\/boutique\/cinema\/le-bon-cadeau-wonderbox\/","url":"https:\/\/dicolova.com\/fos59\/boutique\/cinema\/le-bon-cadeau-wonderbox\/","name":"Le bon cadeau Wonderbox - FOS 59","isPartOf":{"@id":"https:\/\/dicolova.com\/fos59\/#website"},"primaryImageOfPage":{"@id":"https:\/\/dicolova.com\/fos59\/boutique\/cinema\/le-bon-cadeau-wonderbox\/#primaryimage"},"image":{"@id":"https:\/\/dicolova.com\/fos59\/boutique\/cinema\/le-bon-cadeau-wonderbox\/#primaryimage"},"thumbnailUrl":"https:\/\/dicolova.com\/fos59\/wp-content\/uploads\/sites\/28\/2021\/04\/Visuel-Bon-Cadeaux-1.jpg","datePublished":"2026-01-22T23:00:03+00:00","dateModified":"2026-01-23T16:40:34+00:00","breadcrumb":{"@id":"https:\/\/dicolova.com\/fos59\/boutique\/cinema\/le-bon-cadeau-wonderbox\/#breadcrumb"},"inLanguage":"fr-FR","potentialAction":[{"@type":"ReadAction","target":["https:\/\/dicolova.com\/fos59\/boutique\/cinema\/le-bon-cadeau-wonderbox\/"]}]},{"@type":"ImageObject","inLanguage":"fr-FR","@id":"https:\/\/dicolova.com\/fos59\/boutique\/cinema\/le-bon-cadeau-wonderbox\/#primaryimage","url":"https:\/\/dicolova.com\/fos59\/wp-content\/uploads\/sites\/28\/2021\/04\/Visuel-Bon-Cadeaux-1.jpg","contentUrl":"https:\/\/dicolova.com\/fos59\/wp-content\/uploads\/sites\/28\/2021\/04\/Visuel-Bon-Cadeaux-1.jpg","width":778,"height":653},{"@type":"BreadcrumbList","@id":"https:\/\/dicolova.com\/fos59\/boutique\/cinema\/le-bon-cadeau-wonderbox\/#breadcrumb","itemListElement":[{"@type":"ListItem","position":1,"name":"Accueil","item":"https:\/\/dicolova.com\/fos59\/"},{"@type":"ListItem","position":2,"name":"Billetterie","item":"https:\/\/dicolova.com\/fos59\/billetterie\/"},{"@type":"ListItem","position":3,"name":"Le bon cadeau Wonderbox"}]},{"@type":"WebSite","@id":"https:\/\/dicolova.com\/fos59\/#website","url":"https:\/\/dicolova.com\/fos59\/","name":"FOS 59","description":"","potentialAction":[{"@type":"SearchAction","target":{"@type":"EntryPoint","urlTemplate":"https:\/\/dicolova.com\/fos59\/?s={search_term_string}"},"query-input":{"@type":"PropertyValueSpecification","valueRequired":true,"valueName":"search_term_string"}}],"inLanguage":"fr-FR"}]}},"_links":{"self":[{"href":"https:\/\/dicolova.com\/fos59\/wp-json\/wp\/v2\/product\/821","targetHints":{"allow":["GET"]}}],"collection":[{"href":"https:\/\/dicolova.com\/fos59\/wp-json\/wp\/v2\/product"}],"about":[{"href":"https:\/\/dicolova.com\/fos59\/wp-json\/wp\/v2\/types\/product"}],"replies":[{"embeddable":true,"href":"https:\/\/dicolova.com\/fos59\/wp-json\/wp\/v2\/comments?post=821"}],"wp:featuredmedia":[{"embeddable":true,"href":"https:\/\/dicolova.com\/fos59\/wp-json\/wp\/v2\/media\/822"}],"wp:attachment":[{"href":"https:\/\/dicolova.com\/fos59\/wp-json\/wp\/v2\/media?parent=821"}],"wp:term":[{"taxonomy":"product_brand","embeddable":true,"href":"https:\/\/dicolova.com\/fos59\/wp-json\/wp\/v2\/product_brand?post=821"},{"taxonomy":"product_cat","embeddable":true,"href":"https:\/\/dicolova.com\/fos59\/wp-json\/wp\/v2\/product_cat?post=821"},{"taxonomy":"product_tag","embeddable":true,"href":"https:\/\/dicolova.com\/fos59\/wp-json\/wp\/v2\/product_tag?post=821"}],"curies":[{"name":"wp","href":"https:\/\/api.w.org\/{rel}","templated":true}]}}