{"id":388,"date":"2026-01-23T00:00:32","date_gmt":"2026-01-22T23:00:32","guid":{"rendered":"https:\/\/dicolova.com\/fos59\/?post_type=product&#038;p=388"},"modified":"2026-01-23T17:59:32","modified_gmt":"2026-01-23T16:59:32","slug":"dirty-dancing-a-lille","status":"publish","type":"product","link":"https:\/\/dicolova.com\/fos59\/boutique\/bien-e%cc%82tre-detente-et-sport\/dirty-dancing-a-lille\/","title":{"rendered":"Loisi Flandres \u00e0 Hazebrouck"},"content":{"rendered":"<p><strong>Ticket valable tous les jours sauf le samedi apr\u00e8s 20h00, les veilles de jours f\u00e9ri\u00e9s et les jours f\u00e9ri\u00e9s.<\/strong><\/p>\n<h2><strong>Informations complementaires :<\/strong><\/h2>\n<p><strong>Date de validit\u00e9 30\/06\/2027<\/strong><\/p>\n<ul>\n<li>Billet ni repris, ni \u00e9chang\u00e9<\/li>\n<\/ul>\n<h2>Diverses activit\u00e9s au programme :<\/h2>\n<ul>\n<li><strong>Bowling = 1 ticket (chaussures comprises)<br \/>\n<\/strong>Avec ses 24\u00a0Pistes synth\u00e9tiques informatis\u00e9es et climatis\u00e9es, l&rsquo;espace Bowling est dot\u00e9 \u00e9galement d&rsquo;\u00e9crans g\u00e9ants en fond de piste. Entre amis ou en famille, les soir\u00e9es y sont anim\u00e9es r\u00e9guli\u00e8rement gr\u00e2ce au mode Disco Bowling LED. Pistes adapt\u00e9es aux enfants : des boules plus l\u00e9g\u00e8res et des chaussures \u00e0 partir de la taille 22. Equip\u00e9es d&rsquo;un syst\u00e8me anti-rigoles automatique appel\u00e9 \u00ab\u00a0Bumpers\u00a0\u00bb pour que les enfants gagnent \u00e0 chaque coup !<\/li>\n<li><strong>Mini golf = 1 ticket<br \/>\n<\/strong>Avec son nouveau concept Mini-Golf 12 trous de 1300m\u00b2 et sa terrasse ext\u00e9rieure de 300m\u00b2, vous pouvez profiter pleinement de cet espace vacancier.<\/li>\n<li><strong>Loisi kids = 1 ticket pour les moins de 3 ans &#8211; 2 tickets pour les + de 3 ans<br \/>\n<\/strong>Un nouvel espace de jeux couvert dans lequel les enfants prendront plaisir \u00e0 \u00e9voluer en toutes saisons dans les diff\u00e9rentes structures. De nombreuses attractions vous permettront de passer des heures de plaisir en famille.<br \/>\nLa grande structure pour les enfants de 3 ans \u00e0 13 ans (Power Tower, Ponts de cordes, toboggan, Trampolines, etc.).<br \/>\nPour les plus petits les moins de 3 ans, un espace d&rsquo;\u00e9veil et de jeux ludiques est install\u00e9. Cet espace leur est r\u00e9serv\u00e9, avec des activit\u00e9s qui favorisent le d\u00e9veloppement psychomoteur et psychomotrices adapt\u00e9es pour leur \u00e2ge.<\/li>\n<li>\u00a0<strong>Laser Game = 2 tickets (session de 20 minutes)<br \/>\n<\/strong>La recette est plut\u00f4t simple : formez des \u00e9quipes de joueurs (ami, coll\u00e8gues de bureau, famille), \u00e9quipez-les d\u2019une veste high-tech aux couleurs de l\u2019\u00e9quipe ainsi form\u00e9e, donnez \u00e0 chaque membre un pistolet-laser, enfermez-les 20 minutes dans un labyrinthe sp\u00e9cialement am\u00e9nag\u00e9, rajoutez une \u00e0 deux cuiller\u00e9es de fumig\u00e8ne, saupoudrez le tout d\u2019une musique intense \u00e0 vous retourner les neurones, laissez-les se tirer dessus\u2026 Ils seront conquis et en redemanderont ! En d\u00e9sactivant vos adversaires et les bases adverses vous gagnez des points. Le laser vous guidera dans vos tirs \u00e0 travers la fum\u00e9e et garantit la pr\u00e9cision de touche. Faites attention aux mines et aux bases programm\u00e9es en auto-d\u00e9fense.<\/li>\n<\/ul>\n<p>Petite astuce : Mettez des baskets et portez des v\u00eatements sombres afin d&rsquo;optimiser votre discr\u00e9tion et vos d\u00e9placements dans nos labyrinthes !<\/p>\n<ul>\n<li><strong>Karting<\/strong>\u00a0<strong>= 3 tickets (session de 10 minutes)<br \/>\n<\/strong>Circuit Indoor de 3 600 m\u00b2 sur \u00ab 2 niveaux \u00bb dot\u00e9 d&rsquo;un pont avec rev\u00eatement en r\u00e9sine synth\u00e9tique sp\u00e9cifique permettant une glisse \u00ab maitris\u00e9e \u00bb. Notre flotte de 15 Karts 270\u00a0cm\u00a03 thermiques, performants et ergonomiques, b\u00e9n\u00e9ficient d\u2019un design ultramoderne.<\/li>\n<\/ul>\n<p>Id\u00e9al pour d\u00e9buter le karting, en toute s\u00e9curit\u00e9, nous disposons \u00e9galement de 10 karts enfants modulables et confortables (\u00e0 partir de 7 ans et 1.25m).<\/p>\n<p><strong>Offre accessible aux postiers actifs et aux retrait\u00e9s.<\/strong><\/p>\n","protected":false},"excerpt":{"rendered":"<p><span style=\"font-family: 'times new roman', times, serif\">1 Billet multi activit\u00e9 &#8211; Loisi Kids pour les &#8211; de 3 ans<\/span><\/p>\n<p><span style=\"font-family: 'times new roman', times, serif\">\u00a0<strong>4 .06\u20ac<\/strong> au lieu de 5 \u20ac<\/span><\/p>\n<p><span style=\"font-family: 'times new roman', times, serif\">1 ticket multi-activit\u00e9 &#8211; Bowling <strong>4.06 \u20ac<\/strong> au lieu de 7 \u20ac<\/span><\/p>\n<p><span style=\"font-family: 'times new roman', times, serif\">1 ticket multi-activit\u00e9 &#8211; Mini Golf\u00a0<strong>4.06 \u20ac<\/strong> au lieu de 7 \u20ac<\/span><\/p>\n<p><span style=\"font-family: 'times new roman', times, serif\">2 tickets multi-activit\u00e9 &#8211; Laser Game\u00a0 <strong>8.12\u20ac<\/strong> au lieu de 10,50 \u20ac<\/span><\/p>\n<p><span style=\"font-family: 'times new roman', times, serif\">3 tickets multi-activit\u00e9 &#8211; Karting 10 minutes <strong>12.18 \u20ac<\/strong> au lieu de 19.80 \u20ac<\/span><\/p>\n<p><span style=\"font-family: 'times new roman', times, serif\">2 Billets multi activit\u00e9 &#8211; Loisi Kids pour les + de 3 ans\u00a0<strong>8.12 \u20ac<\/strong> au lieu de 9.50 \u20ac<\/span><\/p>\n<p><span style=\"font-family: 'times new roman', times, serif\"><strong>Date de validit\u00e9 30\/06\/2027, non repris, ni \u00e9chang\u00e9s<\/strong><\/span><\/p>\n<p><span style=\"color: #3366ff\">Bon de commande : <strong><a href=\"https:\/\/dicolova.com\/fos59\/wp-content\/uploads\/sites\/28\/2025\/04\/loisi-flandres-2026.pdf\">loisi flandres-2026<\/a><\/strong><\/span><\/p>\n","protected":false},"featured_media":668,"comment_status":"closed","ping_status":"closed","template":"","meta":[],"product_brand":[],"product_cat":[126,127],"product_tag":[],"class_list":{"0":"post-388","1":"product","2":"type-product","3":"status-publish","4":"has-post-thumbnail","6":"product_cat-bien-etre-detente-et-sport","7":"product_cat-loisirs-decouvertes-de-plein-air","9":"first","10":"instock","11":"taxable","12":"shipping-taxable","13":"product-type-simple"},"yoast_head":"<!-- This site is optimized with the Yoast SEO plugin v27.5 - https:\/\/yoast.com\/product\/yoast-seo-wordpress\/ -->\n<title>Loisi Flandres \u00e0 Hazebrouck - FOS 59<\/title>\n<meta name=\"robots\" content=\"index, follow, max-snippet:-1, max-image-preview:large, max-video-preview:-1\" \/>\n<link rel=\"canonical\" href=\"https:\/\/dicolova.com\/fos59\/boutique\/bien-e\u0302tre-detente-et-sport\/dirty-dancing-a-lille\/\" \/>\n<meta property=\"og:locale\" content=\"fr_FR\" \/>\n<meta property=\"og:type\" content=\"article\" \/>\n<meta property=\"og:title\" content=\"Loisi Flandres \u00e0 Hazebrouck - FOS 59\" \/>\n<meta property=\"og:description\" content=\"1 Billet multi activit\u00e9 - Loisi Kids pour les - de 3 ans  \u00a04 .06\u20ac au lieu de 5 \u20ac  1 ticket multi-activit\u00e9 - Bowling 4.06 \u20ac au lieu de 7 \u20ac  1 ticket multi-activit\u00e9 - Mini Golf\u00a04.06 \u20ac au lieu de 7 \u20ac  2 tickets multi-activit\u00e9 - Laser Game\u00a0 8.12\u20ac au lieu de 10,50 \u20ac  3 tickets multi-activit\u00e9 - Karting 10 minutes 12.18 \u20ac au lieu de 19.80 \u20ac  2 Billets multi activit\u00e9 - Loisi Kids pour les + de 3 ans\u00a08.12 \u20ac au lieu de 9.50 \u20ac  Date de validit\u00e9 30\/06\/2027, non repris, ni \u00e9chang\u00e9s  Bon de commande : loisi flandres-2026\" \/>\n<meta property=\"og:url\" content=\"https:\/\/dicolova.com\/fos59\/boutique\/bien-e\u0302tre-detente-et-sport\/dirty-dancing-a-lille\/\" \/>\n<meta property=\"og:site_name\" content=\"FOS 59\" \/>\n<meta property=\"article:modified_time\" content=\"2026-01-23T16:59:32+00:00\" \/>\n<meta property=\"og:image\" content=\"https:\/\/dicolova.com\/fos59\/wp-content\/uploads\/sites\/28\/2019\/05\/LOISI-FLANDRES.jpg\" \/>\n\t<meta property=\"og:image:width\" content=\"225\" \/>\n\t<meta property=\"og:image:height\" content=\"225\" \/>\n\t<meta property=\"og:image:type\" content=\"image\/jpeg\" \/>\n<meta name=\"twitter:card\" content=\"summary_large_image\" \/>\n<meta name=\"twitter:label1\" content=\"Dur\u00e9e de lecture estim\u00e9e\" \/>\n\t<meta name=\"twitter:data1\" content=\"3 minutes\" \/>\n<script type=\"application\/ld+json\" class=\"yoast-schema-graph\">{\"@context\":\"https:\\\/\\\/schema.org\",\"@graph\":[{\"@type\":\"WebPage\",\"@id\":\"https:\\\/\\\/dicolova.com\\\/fos59\\\/boutique\\\/bien-e%cc%82tre-detente-et-sport\\\/dirty-dancing-a-lille\\\/\",\"url\":\"https:\\\/\\\/dicolova.com\\\/fos59\\\/boutique\\\/bien-e%cc%82tre-detente-et-sport\\\/dirty-dancing-a-lille\\\/\",\"name\":\"Loisi Flandres \u00e0 Hazebrouck - FOS 59\",\"isPartOf\":{\"@id\":\"https:\\\/\\\/dicolova.com\\\/fos59\\\/#website\"},\"primaryImageOfPage\":{\"@id\":\"https:\\\/\\\/dicolova.com\\\/fos59\\\/boutique\\\/bien-e%cc%82tre-detente-et-sport\\\/dirty-dancing-a-lille\\\/#primaryimage\"},\"image\":{\"@id\":\"https:\\\/\\\/dicolova.com\\\/fos59\\\/boutique\\\/bien-e%cc%82tre-detente-et-sport\\\/dirty-dancing-a-lille\\\/#primaryimage\"},\"thumbnailUrl\":\"https:\\\/\\\/dicolova.com\\\/fos59\\\/wp-content\\\/uploads\\\/sites\\\/28\\\/2019\\\/05\\\/LOISI-FLANDRES.jpg\",\"datePublished\":\"2026-01-22T23:00:32+00:00\",\"dateModified\":\"2026-01-23T16:59:32+00:00\",\"breadcrumb\":{\"@id\":\"https:\\\/\\\/dicolova.com\\\/fos59\\\/boutique\\\/bien-e%cc%82tre-detente-et-sport\\\/dirty-dancing-a-lille\\\/#breadcrumb\"},\"inLanguage\":\"fr-FR\",\"potentialAction\":[{\"@type\":\"ReadAction\",\"target\":[\"https:\\\/\\\/dicolova.com\\\/fos59\\\/boutique\\\/bien-e%cc%82tre-detente-et-sport\\\/dirty-dancing-a-lille\\\/\"]}]},{\"@type\":\"ImageObject\",\"inLanguage\":\"fr-FR\",\"@id\":\"https:\\\/\\\/dicolova.com\\\/fos59\\\/boutique\\\/bien-e%cc%82tre-detente-et-sport\\\/dirty-dancing-a-lille\\\/#primaryimage\",\"url\":\"https:\\\/\\\/dicolova.com\\\/fos59\\\/wp-content\\\/uploads\\\/sites\\\/28\\\/2019\\\/05\\\/LOISI-FLANDRES.jpg\",\"contentUrl\":\"https:\\\/\\\/dicolova.com\\\/fos59\\\/wp-content\\\/uploads\\\/sites\\\/28\\\/2019\\\/05\\\/LOISI-FLANDRES.jpg\",\"width\":225,\"height\":225},{\"@type\":\"BreadcrumbList\",\"@id\":\"https:\\\/\\\/dicolova.com\\\/fos59\\\/boutique\\\/bien-e%cc%82tre-detente-et-sport\\\/dirty-dancing-a-lille\\\/#breadcrumb\",\"itemListElement\":[{\"@type\":\"ListItem\",\"position\":1,\"name\":\"Accueil\",\"item\":\"https:\\\/\\\/dicolova.com\\\/fos59\\\/\"},{\"@type\":\"ListItem\",\"position\":2,\"name\":\"Billetterie\",\"item\":\"https:\\\/\\\/dicolova.com\\\/fos59\\\/billetterie\\\/\"},{\"@type\":\"ListItem\",\"position\":3,\"name\":\"Loisi Flandres \u00e0 Hazebrouck\"}]},{\"@type\":\"WebSite\",\"@id\":\"https:\\\/\\\/dicolova.com\\\/fos59\\\/#website\",\"url\":\"https:\\\/\\\/dicolova.com\\\/fos59\\\/\",\"name\":\"FOS 59\",\"description\":\"\",\"potentialAction\":[{\"@type\":\"SearchAction\",\"target\":{\"@type\":\"EntryPoint\",\"urlTemplate\":\"https:\\\/\\\/dicolova.com\\\/fos59\\\/?s={search_term_string}\"},\"query-input\":{\"@type\":\"PropertyValueSpecification\",\"valueRequired\":true,\"valueName\":\"search_term_string\"}}],\"inLanguage\":\"fr-FR\"}]}<\/script>\n<!-- \/ Yoast SEO plugin. -->","yoast_head_json":{"title":"Loisi Flandres \u00e0 Hazebrouck - FOS 59","robots":{"index":"index","follow":"follow","max-snippet":"max-snippet:-1","max-image-preview":"max-image-preview:large","max-video-preview":"max-video-preview:-1"},"canonical":"https:\/\/dicolova.com\/fos59\/boutique\/bien-e\u0302tre-detente-et-sport\/dirty-dancing-a-lille\/","og_locale":"fr_FR","og_type":"article","og_title":"Loisi Flandres \u00e0 Hazebrouck - FOS 59","og_description":"1 Billet multi activit\u00e9 - Loisi Kids pour les - de 3 ans  \u00a04 .06\u20ac au lieu de 5 \u20ac  1 ticket multi-activit\u00e9 - Bowling 4.06 \u20ac au lieu de 7 \u20ac  1 ticket multi-activit\u00e9 - Mini Golf\u00a04.06 \u20ac au lieu de 7 \u20ac  2 tickets multi-activit\u00e9 - Laser Game\u00a0 8.12\u20ac au lieu de 10,50 \u20ac  3 tickets multi-activit\u00e9 - Karting 10 minutes 12.18 \u20ac au lieu de 19.80 \u20ac  2 Billets multi activit\u00e9 - Loisi Kids pour les + de 3 ans\u00a08.12 \u20ac au lieu de 9.50 \u20ac  Date de validit\u00e9 30\/06\/2027, non repris, ni \u00e9chang\u00e9s  Bon de commande : loisi flandres-2026","og_url":"https:\/\/dicolova.com\/fos59\/boutique\/bien-e\u0302tre-detente-et-sport\/dirty-dancing-a-lille\/","og_site_name":"FOS 59","article_modified_time":"2026-01-23T16:59:32+00:00","og_image":[{"width":225,"height":225,"url":"https:\/\/dicolova.com\/fos59\/wp-content\/uploads\/sites\/28\/2019\/05\/LOISI-FLANDRES.jpg","type":"image\/jpeg"}],"twitter_card":"summary_large_image","twitter_misc":{"Dur\u00e9e de lecture estim\u00e9e":"3 minutes"},"schema":{"@context":"https:\/\/schema.org","@graph":[{"@type":"WebPage","@id":"https:\/\/dicolova.com\/fos59\/boutique\/bien-e%cc%82tre-detente-et-sport\/dirty-dancing-a-lille\/","url":"https:\/\/dicolova.com\/fos59\/boutique\/bien-e%cc%82tre-detente-et-sport\/dirty-dancing-a-lille\/","name":"Loisi Flandres \u00e0 Hazebrouck - FOS 59","isPartOf":{"@id":"https:\/\/dicolova.com\/fos59\/#website"},"primaryImageOfPage":{"@id":"https:\/\/dicolova.com\/fos59\/boutique\/bien-e%cc%82tre-detente-et-sport\/dirty-dancing-a-lille\/#primaryimage"},"image":{"@id":"https:\/\/dicolova.com\/fos59\/boutique\/bien-e%cc%82tre-detente-et-sport\/dirty-dancing-a-lille\/#primaryimage"},"thumbnailUrl":"https:\/\/dicolova.com\/fos59\/wp-content\/uploads\/sites\/28\/2019\/05\/LOISI-FLANDRES.jpg","datePublished":"2026-01-22T23:00:32+00:00","dateModified":"2026-01-23T16:59:32+00:00","breadcrumb":{"@id":"https:\/\/dicolova.com\/fos59\/boutique\/bien-e%cc%82tre-detente-et-sport\/dirty-dancing-a-lille\/#breadcrumb"},"inLanguage":"fr-FR","potentialAction":[{"@type":"ReadAction","target":["https:\/\/dicolova.com\/fos59\/boutique\/bien-e%cc%82tre-detente-et-sport\/dirty-dancing-a-lille\/"]}]},{"@type":"ImageObject","inLanguage":"fr-FR","@id":"https:\/\/dicolova.com\/fos59\/boutique\/bien-e%cc%82tre-detente-et-sport\/dirty-dancing-a-lille\/#primaryimage","url":"https:\/\/dicolova.com\/fos59\/wp-content\/uploads\/sites\/28\/2019\/05\/LOISI-FLANDRES.jpg","contentUrl":"https:\/\/dicolova.com\/fos59\/wp-content\/uploads\/sites\/28\/2019\/05\/LOISI-FLANDRES.jpg","width":225,"height":225},{"@type":"BreadcrumbList","@id":"https:\/\/dicolova.com\/fos59\/boutique\/bien-e%cc%82tre-detente-et-sport\/dirty-dancing-a-lille\/#breadcrumb","itemListElement":[{"@type":"ListItem","position":1,"name":"Accueil","item":"https:\/\/dicolova.com\/fos59\/"},{"@type":"ListItem","position":2,"name":"Billetterie","item":"https:\/\/dicolova.com\/fos59\/billetterie\/"},{"@type":"ListItem","position":3,"name":"Loisi Flandres \u00e0 Hazebrouck"}]},{"@type":"WebSite","@id":"https:\/\/dicolova.com\/fos59\/#website","url":"https:\/\/dicolova.com\/fos59\/","name":"FOS 59","description":"","potentialAction":[{"@type":"SearchAction","target":{"@type":"EntryPoint","urlTemplate":"https:\/\/dicolova.com\/fos59\/?s={search_term_string}"},"query-input":{"@type":"PropertyValueSpecification","valueRequired":true,"valueName":"search_term_string"}}],"inLanguage":"fr-FR"}]}},"_links":{"self":[{"href":"https:\/\/dicolova.com\/fos59\/wp-json\/wp\/v2\/product\/388","targetHints":{"allow":["GET"]}}],"collection":[{"href":"https:\/\/dicolova.com\/fos59\/wp-json\/wp\/v2\/product"}],"about":[{"href":"https:\/\/dicolova.com\/fos59\/wp-json\/wp\/v2\/types\/product"}],"replies":[{"embeddable":true,"href":"https:\/\/dicolova.com\/fos59\/wp-json\/wp\/v2\/comments?post=388"}],"wp:featuredmedia":[{"embeddable":true,"href":"https:\/\/dicolova.com\/fos59\/wp-json\/wp\/v2\/media\/668"}],"wp:attachment":[{"href":"https:\/\/dicolova.com\/fos59\/wp-json\/wp\/v2\/media?parent=388"}],"wp:term":[{"taxonomy":"product_brand","embeddable":true,"href":"https:\/\/dicolova.com\/fos59\/wp-json\/wp\/v2\/product_brand?post=388"},{"taxonomy":"product_cat","embeddable":true,"href":"https:\/\/dicolova.com\/fos59\/wp-json\/wp\/v2\/product_cat?post=388"},{"taxonomy":"product_tag","embeddable":true,"href":"https:\/\/dicolova.com\/fos59\/wp-json\/wp\/v2\/product_tag?post=388"}],"curies":[{"name":"wp","href":"https:\/\/api.w.org\/{rel}","templated":true}]}}