{"id":321,"date":"2026-01-23T00:00:13","date_gmt":"2026-01-22T23:00:13","guid":{"rendered":"https:\/\/dicolova.com\/fos59\/?post_type=product&#038;p=321"},"modified":"2026-02-06T17:59:51","modified_gmt":"2026-02-06T16:59:51","slug":"ocine-a-dunkerque","status":"publish","type":"product","link":"https:\/\/dicolova.com\/fos59\/boutique\/cinema\/ocine-a-dunkerque\/","title":{"rendered":"OCINE \u00e0 Dunkerque"},"content":{"rendered":"<p><span style=\"font-family: georgia, palatino, serif\"><strong><span class=\"bold\">Le cin\u00e9ma OCINE de Dunkerque comprend 14 salles :<\/span><\/strong><\/span><\/p>\n<ul>\n<li><span style=\"font-family: georgia, palatino, serif\">Acc\u00e8s et espaces r\u00e9serv\u00e9s aux handicap\u00e9s<\/span><\/li>\n<li><span style=\"font-family: georgia, palatino, serif\">Parking gratuit<\/span><\/li>\n<li><span style=\"font-family: georgia, palatino, serif\">Comptoir confiserie<\/span><\/li>\n<li><span style=\"font-family: georgia, palatino, serif\">Air conditionn\u00e9<\/span><\/li>\n<\/ul>\n<p>Billet valable aussi \u00e0 Ocine St Omer et Mabeuge<\/p>\n<p><span style=\"color: #0000ff;font-family: georgia, palatino, serif\"><strong>Les billets ne sont <span style=\"color: #ff6600\">ni repris, ni \u00e9chang\u00e9<\/span><\/strong><\/span><\/p>\n<p>&nbsp;<\/p>\n","protected":false},"excerpt":{"rendered":"<p><span style=\"font-family: georgia, palatino, serif\"><strong>7.30\u20ac<\/strong> au lieu de 10.50 \u20ac<\/span><\/p>\n<p>Billet valable aussi \u00e0 Ocine St Omer et Mabeuge<\/p>\n<p><span style=\"color: #0000ff;font-family: georgia, palatino, serif\"><strong>Les billets ne sont <span style=\"color: #ff6600\">ni repris, ni \u00e9chang\u00e9<\/span><\/strong><\/span><\/p>\n<p><span style=\"color: #0000ff\"><strong>Bon de commande FOS 59 :\u00a0<\/strong><\/span><\/p>\n<p>&nbsp;<\/p>\n<p>&nbsp;<\/p>\n","protected":false},"featured_media":322,"comment_status":"closed","ping_status":"closed","template":"","meta":[],"product_brand":[],"product_cat":[124],"product_tag":[],"class_list":{"0":"post-321","1":"product","2":"type-product","3":"status-publish","4":"has-post-thumbnail","6":"product_cat-cinema","8":"first","9":"instock","10":"taxable","11":"shipping-taxable","12":"product-type-simple"},"yoast_head":"<!-- This site is optimized with the Yoast SEO plugin v27.5 - https:\/\/yoast.com\/product\/yoast-seo-wordpress\/ -->\n<title>OCINE \u00e0 Dunkerque - FOS 59<\/title>\n<meta name=\"robots\" content=\"index, follow, max-snippet:-1, max-image-preview:large, max-video-preview:-1\" \/>\n<link rel=\"canonical\" href=\"https:\/\/dicolova.com\/fos59\/boutique\/cinema\/ocine-a-dunkerque\/\" \/>\n<meta property=\"og:locale\" content=\"fr_FR\" \/>\n<meta property=\"og:type\" content=\"article\" \/>\n<meta property=\"og:title\" content=\"OCINE \u00e0 Dunkerque - FOS 59\" \/>\n<meta property=\"og:description\" content=\"7.30\u20ac au lieu de 10.50 \u20ac  Billet valable aussi \u00e0 Ocine St Omer et Mabeuge  Les billets ne sont ni repris, ni \u00e9chang\u00e9  Bon de commande FOS 59 :\u00a0  &nbsp;  &nbsp;\" \/>\n<meta property=\"og:url\" content=\"https:\/\/dicolova.com\/fos59\/boutique\/cinema\/ocine-a-dunkerque\/\" \/>\n<meta property=\"og:site_name\" content=\"FOS 59\" \/>\n<meta property=\"article:modified_time\" content=\"2026-02-06T16:59:51+00:00\" \/>\n<meta property=\"og:image\" content=\"https:\/\/dicolova.com\/fos59\/wp-content\/uploads\/sites\/28\/2017\/05\/s360225-b074b6.jpg\" \/>\n\t<meta property=\"og:image:width\" content=\"338\" \/>\n\t<meta property=\"og:image:height\" content=\"225\" \/>\n\t<meta property=\"og:image:type\" content=\"image\/jpeg\" \/>\n<meta name=\"twitter:card\" content=\"summary_large_image\" \/>\n<meta name=\"twitter:label1\" content=\"Dur\u00e9e de lecture estim\u00e9e\" \/>\n\t<meta name=\"twitter:data1\" content=\"1 minute\" \/>\n<script type=\"application\/ld+json\" class=\"yoast-schema-graph\">{\"@context\":\"https:\\\/\\\/schema.org\",\"@graph\":[{\"@type\":\"WebPage\",\"@id\":\"https:\\\/\\\/dicolova.com\\\/fos59\\\/boutique\\\/cinema\\\/ocine-a-dunkerque\\\/\",\"url\":\"https:\\\/\\\/dicolova.com\\\/fos59\\\/boutique\\\/cinema\\\/ocine-a-dunkerque\\\/\",\"name\":\"OCINE \u00e0 Dunkerque - FOS 59\",\"isPartOf\":{\"@id\":\"https:\\\/\\\/dicolova.com\\\/fos59\\\/#website\"},\"primaryImageOfPage\":{\"@id\":\"https:\\\/\\\/dicolova.com\\\/fos59\\\/boutique\\\/cinema\\\/ocine-a-dunkerque\\\/#primaryimage\"},\"image\":{\"@id\":\"https:\\\/\\\/dicolova.com\\\/fos59\\\/boutique\\\/cinema\\\/ocine-a-dunkerque\\\/#primaryimage\"},\"thumbnailUrl\":\"https:\\\/\\\/dicolova.com\\\/fos59\\\/wp-content\\\/uploads\\\/sites\\\/28\\\/2017\\\/05\\\/s360225-b074b6.jpg\",\"datePublished\":\"2026-01-22T23:00:13+00:00\",\"dateModified\":\"2026-02-06T16:59:51+00:00\",\"breadcrumb\":{\"@id\":\"https:\\\/\\\/dicolova.com\\\/fos59\\\/boutique\\\/cinema\\\/ocine-a-dunkerque\\\/#breadcrumb\"},\"inLanguage\":\"fr-FR\",\"potentialAction\":[{\"@type\":\"ReadAction\",\"target\":[\"https:\\\/\\\/dicolova.com\\\/fos59\\\/boutique\\\/cinema\\\/ocine-a-dunkerque\\\/\"]}]},{\"@type\":\"ImageObject\",\"inLanguage\":\"fr-FR\",\"@id\":\"https:\\\/\\\/dicolova.com\\\/fos59\\\/boutique\\\/cinema\\\/ocine-a-dunkerque\\\/#primaryimage\",\"url\":\"https:\\\/\\\/dicolova.com\\\/fos59\\\/wp-content\\\/uploads\\\/sites\\\/28\\\/2017\\\/05\\\/s360225-b074b6.jpg\",\"contentUrl\":\"https:\\\/\\\/dicolova.com\\\/fos59\\\/wp-content\\\/uploads\\\/sites\\\/28\\\/2017\\\/05\\\/s360225-b074b6.jpg\",\"width\":338,\"height\":225},{\"@type\":\"BreadcrumbList\",\"@id\":\"https:\\\/\\\/dicolova.com\\\/fos59\\\/boutique\\\/cinema\\\/ocine-a-dunkerque\\\/#breadcrumb\",\"itemListElement\":[{\"@type\":\"ListItem\",\"position\":1,\"name\":\"Accueil\",\"item\":\"https:\\\/\\\/dicolova.com\\\/fos59\\\/\"},{\"@type\":\"ListItem\",\"position\":2,\"name\":\"Billetterie\",\"item\":\"https:\\\/\\\/dicolova.com\\\/fos59\\\/billetterie\\\/\"},{\"@type\":\"ListItem\",\"position\":3,\"name\":\"OCINE \u00e0 Dunkerque\"}]},{\"@type\":\"WebSite\",\"@id\":\"https:\\\/\\\/dicolova.com\\\/fos59\\\/#website\",\"url\":\"https:\\\/\\\/dicolova.com\\\/fos59\\\/\",\"name\":\"FOS 59\",\"description\":\"\",\"potentialAction\":[{\"@type\":\"SearchAction\",\"target\":{\"@type\":\"EntryPoint\",\"urlTemplate\":\"https:\\\/\\\/dicolova.com\\\/fos59\\\/?s={search_term_string}\"},\"query-input\":{\"@type\":\"PropertyValueSpecification\",\"valueRequired\":true,\"valueName\":\"search_term_string\"}}],\"inLanguage\":\"fr-FR\"}]}<\/script>\n<!-- \/ Yoast SEO plugin. -->","yoast_head_json":{"title":"OCINE \u00e0 Dunkerque - FOS 59","robots":{"index":"index","follow":"follow","max-snippet":"max-snippet:-1","max-image-preview":"max-image-preview:large","max-video-preview":"max-video-preview:-1"},"canonical":"https:\/\/dicolova.com\/fos59\/boutique\/cinema\/ocine-a-dunkerque\/","og_locale":"fr_FR","og_type":"article","og_title":"OCINE \u00e0 Dunkerque - FOS 59","og_description":"7.30\u20ac au lieu de 10.50 \u20ac  Billet valable aussi \u00e0 Ocine St Omer et Mabeuge  Les billets ne sont ni repris, ni \u00e9chang\u00e9  Bon de commande FOS 59 :\u00a0  &nbsp;  &nbsp;","og_url":"https:\/\/dicolova.com\/fos59\/boutique\/cinema\/ocine-a-dunkerque\/","og_site_name":"FOS 59","article_modified_time":"2026-02-06T16:59:51+00:00","og_image":[{"width":338,"height":225,"url":"https:\/\/dicolova.com\/fos59\/wp-content\/uploads\/sites\/28\/2017\/05\/s360225-b074b6.jpg","type":"image\/jpeg"}],"twitter_card":"summary_large_image","twitter_misc":{"Dur\u00e9e de lecture estim\u00e9e":"1 minute"},"schema":{"@context":"https:\/\/schema.org","@graph":[{"@type":"WebPage","@id":"https:\/\/dicolova.com\/fos59\/boutique\/cinema\/ocine-a-dunkerque\/","url":"https:\/\/dicolova.com\/fos59\/boutique\/cinema\/ocine-a-dunkerque\/","name":"OCINE \u00e0 Dunkerque - FOS 59","isPartOf":{"@id":"https:\/\/dicolova.com\/fos59\/#website"},"primaryImageOfPage":{"@id":"https:\/\/dicolova.com\/fos59\/boutique\/cinema\/ocine-a-dunkerque\/#primaryimage"},"image":{"@id":"https:\/\/dicolova.com\/fos59\/boutique\/cinema\/ocine-a-dunkerque\/#primaryimage"},"thumbnailUrl":"https:\/\/dicolova.com\/fos59\/wp-content\/uploads\/sites\/28\/2017\/05\/s360225-b074b6.jpg","datePublished":"2026-01-22T23:00:13+00:00","dateModified":"2026-02-06T16:59:51+00:00","breadcrumb":{"@id":"https:\/\/dicolova.com\/fos59\/boutique\/cinema\/ocine-a-dunkerque\/#breadcrumb"},"inLanguage":"fr-FR","potentialAction":[{"@type":"ReadAction","target":["https:\/\/dicolova.com\/fos59\/boutique\/cinema\/ocine-a-dunkerque\/"]}]},{"@type":"ImageObject","inLanguage":"fr-FR","@id":"https:\/\/dicolova.com\/fos59\/boutique\/cinema\/ocine-a-dunkerque\/#primaryimage","url":"https:\/\/dicolova.com\/fos59\/wp-content\/uploads\/sites\/28\/2017\/05\/s360225-b074b6.jpg","contentUrl":"https:\/\/dicolova.com\/fos59\/wp-content\/uploads\/sites\/28\/2017\/05\/s360225-b074b6.jpg","width":338,"height":225},{"@type":"BreadcrumbList","@id":"https:\/\/dicolova.com\/fos59\/boutique\/cinema\/ocine-a-dunkerque\/#breadcrumb","itemListElement":[{"@type":"ListItem","position":1,"name":"Accueil","item":"https:\/\/dicolova.com\/fos59\/"},{"@type":"ListItem","position":2,"name":"Billetterie","item":"https:\/\/dicolova.com\/fos59\/billetterie\/"},{"@type":"ListItem","position":3,"name":"OCINE \u00e0 Dunkerque"}]},{"@type":"WebSite","@id":"https:\/\/dicolova.com\/fos59\/#website","url":"https:\/\/dicolova.com\/fos59\/","name":"FOS 59","description":"","potentialAction":[{"@type":"SearchAction","target":{"@type":"EntryPoint","urlTemplate":"https:\/\/dicolova.com\/fos59\/?s={search_term_string}"},"query-input":{"@type":"PropertyValueSpecification","valueRequired":true,"valueName":"search_term_string"}}],"inLanguage":"fr-FR"}]}},"_links":{"self":[{"href":"https:\/\/dicolova.com\/fos59\/wp-json\/wp\/v2\/product\/321","targetHints":{"allow":["GET"]}}],"collection":[{"href":"https:\/\/dicolova.com\/fos59\/wp-json\/wp\/v2\/product"}],"about":[{"href":"https:\/\/dicolova.com\/fos59\/wp-json\/wp\/v2\/types\/product"}],"replies":[{"embeddable":true,"href":"https:\/\/dicolova.com\/fos59\/wp-json\/wp\/v2\/comments?post=321"}],"wp:featuredmedia":[{"embeddable":true,"href":"https:\/\/dicolova.com\/fos59\/wp-json\/wp\/v2\/media\/322"}],"wp:attachment":[{"href":"https:\/\/dicolova.com\/fos59\/wp-json\/wp\/v2\/media?parent=321"}],"wp:term":[{"taxonomy":"product_brand","embeddable":true,"href":"https:\/\/dicolova.com\/fos59\/wp-json\/wp\/v2\/product_brand?post=321"},{"taxonomy":"product_cat","embeddable":true,"href":"https:\/\/dicolova.com\/fos59\/wp-json\/wp\/v2\/product_cat?post=321"},{"taxonomy":"product_tag","embeddable":true,"href":"https:\/\/dicolova.com\/fos59\/wp-json\/wp\/v2\/product_tag?post=321"}],"curies":[{"name":"wp","href":"https:\/\/api.w.org\/{rel}","templated":true}]}}