{"id":310,"date":"2026-01-23T00:00:10","date_gmt":"2026-01-22T23:00:10","guid":{"rendered":"https:\/\/dicolova.com\/fos59\/?post_type=product&#038;p=310"},"modified":"2026-02-06T18:02:21","modified_gmt":"2026-02-06T17:02:21","slug":"gaumont-cite-europe-a-coquelles","status":"publish","type":"product","link":"https:\/\/dicolova.com\/fos59\/boutique\/cinema\/gaumont-cite-europe-a-coquelles\/","title":{"rendered":"Path\u00e9 Cit\u00e9 Europe \u00e0 Coquelles &#8211; en E-billet"},"content":{"rendered":"<p><strong>E-Billet valable dans tous les cin\u00e9mas Path\u00e9 de France<\/strong><\/p>\n<p>Au coeur de la Cit\u00e9 de l&rsquo;Europe !<\/p>\n<h4><span style=\"color: #ff6600\">Votre cin\u00e9ma Path\u00e9 Coquelles vous accueille 365 jours sur 365 !<\/span><\/h4>\n<p><strong>Les E-Billets\u00a0 ne sont\u00a0 ni repris, ni \u00e9changeables<\/strong><\/p>\n<p>Garez vous sur une de nos\u00a0<strong>4 000 places de parking<\/strong>,<\/p>\n<p>Rejoignez 12 salles\u00a0 tout confort, abritant\u00a0<strong>2369 fauteuils<\/strong>\u00a0et\u00a0<strong>12 \u00e9crans g\u00e9ants.<\/strong><\/p>\n<p>Situ\u00e9es de plain-pied, toutes les salles sont accessibles aux personnes \u00e0 mobilit\u00e9 r\u00e9duite.<\/p>\n<p>Avant ou apr\u00e8s l&rsquo;une des 500 s\u00e9ances hebdomadaires, faites le plein de friandises au\u00a0Comptoirs Confiserie,<\/p>\n<p>R\u00eaver, d\u00e9couvrir, rire, pleurer, frissonner, aimer, partager &#8230;<\/p>\n<p>Au Gaumont Coquelles, tout a \u00e9t\u00e9 con\u00e7u pour que vous passiez de tr\u00e8s grands moments en famille ou entre amis.<\/p>\n<p>&nbsp;<\/p>\n<p>&nbsp;<\/p>\n","protected":false},"excerpt":{"rendered":"<p><strong>E-Billet valable dans tous les cin\u00e9mas Path\u00e9 de France<\/strong><\/p>\n<p><strong>11.00 \u20ac<\/strong> au lieu de 16.00 \u20ac<\/p>\n<p><span style=\"color: #ff6600\"><strong>Ni repris, ni \u00e9changeable<\/strong><\/span><\/p>\n<p><span style=\"color: #0000ff\"><strong>Bon de commande FOS 59 :\u00a0<\/strong><\/span><\/p>\n","protected":false},"featured_media":123,"comment_status":"closed","ping_status":"closed","template":"","meta":[],"product_brand":[],"product_cat":[124],"product_tag":[],"class_list":{"0":"post-310","1":"product","2":"type-product","3":"status-publish","4":"has-post-thumbnail","6":"product_cat-cinema","8":"first","9":"instock","10":"taxable","11":"shipping-taxable","12":"product-type-simple"},"yoast_head":"<!-- This site is optimized with the Yoast SEO plugin v27.5 - https:\/\/yoast.com\/product\/yoast-seo-wordpress\/ -->\n<title>Path\u00e9 Cit\u00e9 Europe \u00e0 Coquelles - en E-billet - FOS 59<\/title>\n<meta name=\"robots\" content=\"index, follow, max-snippet:-1, max-image-preview:large, max-video-preview:-1\" \/>\n<link rel=\"canonical\" href=\"https:\/\/dicolova.com\/fos59\/boutique\/cinema\/gaumont-cite-europe-a-coquelles\/\" \/>\n<meta property=\"og:locale\" content=\"fr_FR\" \/>\n<meta property=\"og:type\" content=\"article\" \/>\n<meta property=\"og:title\" content=\"Path\u00e9 Cit\u00e9 Europe \u00e0 Coquelles - en E-billet - FOS 59\" \/>\n<meta property=\"og:description\" content=\"E-Billet valable dans tous les cin\u00e9mas Path\u00e9 de France  11.00 \u20ac au lieu de 16.00 \u20ac  Ni repris, ni \u00e9changeable  Bon de commande FOS 59 :\u00a0\" \/>\n<meta property=\"og:url\" content=\"https:\/\/dicolova.com\/fos59\/boutique\/cinema\/gaumont-cite-europe-a-coquelles\/\" \/>\n<meta property=\"og:site_name\" content=\"FOS 59\" \/>\n<meta property=\"article:modified_time\" content=\"2026-02-06T17:02:21+00:00\" \/>\n<meta property=\"og:image\" content=\"https:\/\/dicolova.com\/fos59\/wp-content\/uploads\/sites\/28\/2016\/05\/pathe.jpg\" \/>\n\t<meta property=\"og:image:width\" content=\"230\" \/>\n\t<meta property=\"og:image:height\" content=\"230\" \/>\n\t<meta property=\"og:image:type\" content=\"image\/jpeg\" \/>\n<meta name=\"twitter:card\" content=\"summary_large_image\" \/>\n<meta name=\"twitter:label1\" content=\"Dur\u00e9e de lecture estim\u00e9e\" \/>\n\t<meta name=\"twitter:data1\" content=\"1 minute\" \/>\n<script type=\"application\/ld+json\" class=\"yoast-schema-graph\">{\"@context\":\"https:\\\/\\\/schema.org\",\"@graph\":[{\"@type\":\"WebPage\",\"@id\":\"https:\\\/\\\/dicolova.com\\\/fos59\\\/boutique\\\/cinema\\\/gaumont-cite-europe-a-coquelles\\\/\",\"url\":\"https:\\\/\\\/dicolova.com\\\/fos59\\\/boutique\\\/cinema\\\/gaumont-cite-europe-a-coquelles\\\/\",\"name\":\"Path\u00e9 Cit\u00e9 Europe \u00e0 Coquelles - en E-billet - FOS 59\",\"isPartOf\":{\"@id\":\"https:\\\/\\\/dicolova.com\\\/fos59\\\/#website\"},\"primaryImageOfPage\":{\"@id\":\"https:\\\/\\\/dicolova.com\\\/fos59\\\/boutique\\\/cinema\\\/gaumont-cite-europe-a-coquelles\\\/#primaryimage\"},\"image\":{\"@id\":\"https:\\\/\\\/dicolova.com\\\/fos59\\\/boutique\\\/cinema\\\/gaumont-cite-europe-a-coquelles\\\/#primaryimage\"},\"thumbnailUrl\":\"https:\\\/\\\/dicolova.com\\\/fos59\\\/wp-content\\\/uploads\\\/sites\\\/28\\\/2016\\\/05\\\/pathe.jpg\",\"datePublished\":\"2026-01-22T23:00:10+00:00\",\"dateModified\":\"2026-02-06T17:02:21+00:00\",\"breadcrumb\":{\"@id\":\"https:\\\/\\\/dicolova.com\\\/fos59\\\/boutique\\\/cinema\\\/gaumont-cite-europe-a-coquelles\\\/#breadcrumb\"},\"inLanguage\":\"fr-FR\",\"potentialAction\":[{\"@type\":\"ReadAction\",\"target\":[\"https:\\\/\\\/dicolova.com\\\/fos59\\\/boutique\\\/cinema\\\/gaumont-cite-europe-a-coquelles\\\/\"]}]},{\"@type\":\"ImageObject\",\"inLanguage\":\"fr-FR\",\"@id\":\"https:\\\/\\\/dicolova.com\\\/fos59\\\/boutique\\\/cinema\\\/gaumont-cite-europe-a-coquelles\\\/#primaryimage\",\"url\":\"https:\\\/\\\/dicolova.com\\\/fos59\\\/wp-content\\\/uploads\\\/sites\\\/28\\\/2016\\\/05\\\/pathe.jpg\",\"contentUrl\":\"https:\\\/\\\/dicolova.com\\\/fos59\\\/wp-content\\\/uploads\\\/sites\\\/28\\\/2016\\\/05\\\/pathe.jpg\",\"width\":230,\"height\":230},{\"@type\":\"BreadcrumbList\",\"@id\":\"https:\\\/\\\/dicolova.com\\\/fos59\\\/boutique\\\/cinema\\\/gaumont-cite-europe-a-coquelles\\\/#breadcrumb\",\"itemListElement\":[{\"@type\":\"ListItem\",\"position\":1,\"name\":\"Accueil\",\"item\":\"https:\\\/\\\/dicolova.com\\\/fos59\\\/\"},{\"@type\":\"ListItem\",\"position\":2,\"name\":\"Billetterie\",\"item\":\"https:\\\/\\\/dicolova.com\\\/fos59\\\/billetterie\\\/\"},{\"@type\":\"ListItem\",\"position\":3,\"name\":\"Path\u00e9 Cit\u00e9 Europe \u00e0 Coquelles &#8211; en E-billet\"}]},{\"@type\":\"WebSite\",\"@id\":\"https:\\\/\\\/dicolova.com\\\/fos59\\\/#website\",\"url\":\"https:\\\/\\\/dicolova.com\\\/fos59\\\/\",\"name\":\"FOS 59\",\"description\":\"\",\"potentialAction\":[{\"@type\":\"SearchAction\",\"target\":{\"@type\":\"EntryPoint\",\"urlTemplate\":\"https:\\\/\\\/dicolova.com\\\/fos59\\\/?s={search_term_string}\"},\"query-input\":{\"@type\":\"PropertyValueSpecification\",\"valueRequired\":true,\"valueName\":\"search_term_string\"}}],\"inLanguage\":\"fr-FR\"}]}<\/script>\n<!-- \/ Yoast SEO plugin. -->","yoast_head_json":{"title":"Path\u00e9 Cit\u00e9 Europe \u00e0 Coquelles - en E-billet - FOS 59","robots":{"index":"index","follow":"follow","max-snippet":"max-snippet:-1","max-image-preview":"max-image-preview:large","max-video-preview":"max-video-preview:-1"},"canonical":"https:\/\/dicolova.com\/fos59\/boutique\/cinema\/gaumont-cite-europe-a-coquelles\/","og_locale":"fr_FR","og_type":"article","og_title":"Path\u00e9 Cit\u00e9 Europe \u00e0 Coquelles - en E-billet - FOS 59","og_description":"E-Billet valable dans tous les cin\u00e9mas Path\u00e9 de France  11.00 \u20ac au lieu de 16.00 \u20ac  Ni repris, ni \u00e9changeable  Bon de commande FOS 59 :\u00a0","og_url":"https:\/\/dicolova.com\/fos59\/boutique\/cinema\/gaumont-cite-europe-a-coquelles\/","og_site_name":"FOS 59","article_modified_time":"2026-02-06T17:02:21+00:00","og_image":[{"width":230,"height":230,"url":"https:\/\/dicolova.com\/fos59\/wp-content\/uploads\/sites\/28\/2016\/05\/pathe.jpg","type":"image\/jpeg"}],"twitter_card":"summary_large_image","twitter_misc":{"Dur\u00e9e de lecture estim\u00e9e":"1 minute"},"schema":{"@context":"https:\/\/schema.org","@graph":[{"@type":"WebPage","@id":"https:\/\/dicolova.com\/fos59\/boutique\/cinema\/gaumont-cite-europe-a-coquelles\/","url":"https:\/\/dicolova.com\/fos59\/boutique\/cinema\/gaumont-cite-europe-a-coquelles\/","name":"Path\u00e9 Cit\u00e9 Europe \u00e0 Coquelles - en E-billet - FOS 59","isPartOf":{"@id":"https:\/\/dicolova.com\/fos59\/#website"},"primaryImageOfPage":{"@id":"https:\/\/dicolova.com\/fos59\/boutique\/cinema\/gaumont-cite-europe-a-coquelles\/#primaryimage"},"image":{"@id":"https:\/\/dicolova.com\/fos59\/boutique\/cinema\/gaumont-cite-europe-a-coquelles\/#primaryimage"},"thumbnailUrl":"https:\/\/dicolova.com\/fos59\/wp-content\/uploads\/sites\/28\/2016\/05\/pathe.jpg","datePublished":"2026-01-22T23:00:10+00:00","dateModified":"2026-02-06T17:02:21+00:00","breadcrumb":{"@id":"https:\/\/dicolova.com\/fos59\/boutique\/cinema\/gaumont-cite-europe-a-coquelles\/#breadcrumb"},"inLanguage":"fr-FR","potentialAction":[{"@type":"ReadAction","target":["https:\/\/dicolova.com\/fos59\/boutique\/cinema\/gaumont-cite-europe-a-coquelles\/"]}]},{"@type":"ImageObject","inLanguage":"fr-FR","@id":"https:\/\/dicolova.com\/fos59\/boutique\/cinema\/gaumont-cite-europe-a-coquelles\/#primaryimage","url":"https:\/\/dicolova.com\/fos59\/wp-content\/uploads\/sites\/28\/2016\/05\/pathe.jpg","contentUrl":"https:\/\/dicolova.com\/fos59\/wp-content\/uploads\/sites\/28\/2016\/05\/pathe.jpg","width":230,"height":230},{"@type":"BreadcrumbList","@id":"https:\/\/dicolova.com\/fos59\/boutique\/cinema\/gaumont-cite-europe-a-coquelles\/#breadcrumb","itemListElement":[{"@type":"ListItem","position":1,"name":"Accueil","item":"https:\/\/dicolova.com\/fos59\/"},{"@type":"ListItem","position":2,"name":"Billetterie","item":"https:\/\/dicolova.com\/fos59\/billetterie\/"},{"@type":"ListItem","position":3,"name":"Path\u00e9 Cit\u00e9 Europe \u00e0 Coquelles &#8211; en E-billet"}]},{"@type":"WebSite","@id":"https:\/\/dicolova.com\/fos59\/#website","url":"https:\/\/dicolova.com\/fos59\/","name":"FOS 59","description":"","potentialAction":[{"@type":"SearchAction","target":{"@type":"EntryPoint","urlTemplate":"https:\/\/dicolova.com\/fos59\/?s={search_term_string}"},"query-input":{"@type":"PropertyValueSpecification","valueRequired":true,"valueName":"search_term_string"}}],"inLanguage":"fr-FR"}]}},"_links":{"self":[{"href":"https:\/\/dicolova.com\/fos59\/wp-json\/wp\/v2\/product\/310","targetHints":{"allow":["GET"]}}],"collection":[{"href":"https:\/\/dicolova.com\/fos59\/wp-json\/wp\/v2\/product"}],"about":[{"href":"https:\/\/dicolova.com\/fos59\/wp-json\/wp\/v2\/types\/product"}],"replies":[{"embeddable":true,"href":"https:\/\/dicolova.com\/fos59\/wp-json\/wp\/v2\/comments?post=310"}],"wp:featuredmedia":[{"embeddable":true,"href":"https:\/\/dicolova.com\/fos59\/wp-json\/wp\/v2\/media\/123"}],"wp:attachment":[{"href":"https:\/\/dicolova.com\/fos59\/wp-json\/wp\/v2\/media?parent=310"}],"wp:term":[{"taxonomy":"product_brand","embeddable":true,"href":"https:\/\/dicolova.com\/fos59\/wp-json\/wp\/v2\/product_brand?post=310"},{"taxonomy":"product_cat","embeddable":true,"href":"https:\/\/dicolova.com\/fos59\/wp-json\/wp\/v2\/product_cat?post=310"},{"taxonomy":"product_tag","embeddable":true,"href":"https:\/\/dicolova.com\/fos59\/wp-json\/wp\/v2\/product_tag?post=310"}],"curies":[{"name":"wp","href":"https:\/\/api.w.org\/{rel}","templated":true}]}}