{"id":177,"date":"2026-01-23T00:00:01","date_gmt":"2026-01-22T23:00:01","guid":{"rendered":"https:\/\/dicolova.com\/fos59\/boutique\/non%20class\u00e9\/zein\/"},"modified":"2026-02-06T17:47:02","modified_gmt":"2026-02-06T16:47:02","slug":"zein","status":"publish","type":"product","link":"https:\/\/dicolova.com\/fos59\/boutique\/bien-e%cc%82tre-detente-et-sport\/zein\/","title":{"rendered":"ZEIN &#8211;  Offrez vous un moment de d\u00e9tente !"},"content":{"rendered":"<p><span style=\"font-family: 'times new roman', times, serif;color: #333399;font-size: 14pt\"><strong>L&rsquo;art du Hammam\u00a0dans un monde de senteurs, de douceur\u00a0et\u00a0de bien-\u00eatre :<\/strong><\/span><\/p>\n<ul>\n<li><span style=\"font-family: 'times new roman', times, serif\"><strong>La carte cadeau \u00e0 30\u20ac\u00a0<\/strong><\/span><\/li>\n<li><span style=\"font-family: 'times new roman', times, serif\"><strong>La carte cadeau \u00e0 40\u20ac\u00a0<\/strong><\/span><\/li>\n<\/ul>\n<h2><span style=\"font-family: 'times new roman', times, serif;color: #ff6600\">\u00a0<span style=\"color: #333399\">LES ADRESSES :<\/span><\/span><\/h2>\n<ul>\n<li><span style=\"font-family: 'times new roman', times, serif\">ZEIN Wazemmes \u00e0 Lille (Maison folie) Rue des Sarrazins<\/span><br \/>\n<span style=\"font-family: 'times new roman', times, serif\">03.20.14.34.34<\/span><\/li>\n<li><span style=\"font-family: 'times new roman', times, serif\">ZEIN Mouvaux 27 Rue d&rsquo;Isly<\/span><\/li>\n<li><span style=\"font-family: 'times new roman', times, serif\">03.20.26.01.01<\/span><\/li>\n<li><span style=\"font-family: 'times new roman', times, serif\">ZEIN Roubaix Barbieux\u00a0 135 Rue Edouard Vaillant<\/span><\/li>\n<li><span style=\"font-family: 'times new roman', times, serif\">\u00a003 20 82 80 80<\/span><\/li>\n<li><span style=\"font-family: 'times new roman', times, serif\">ZEIN Rouen\u00a0Espace les Mar\u00e9graphes, 1 Quai de Boisguilbert<\/span><\/li>\n<li><span style=\"font-family: 'times new roman', times, serif\">02 35 88 07 07<\/span><\/li>\n<li><span style=\"font-family: 'times new roman', times, serif\">ZEIN Nantes\u00a0\u00a0Le Lieu Unique, 2 Rue de la Biscuiterie, Quai Ferdinand Favre<\/span><\/li>\n<li><span style=\"font-family: 'times new roman', times, serif\">02 40 89 09 99<\/span><\/li>\n<li><span style=\"font-family: 'times new roman', times, serif\">ZEIN Marseille\u00a0 16 Quai de Rive Neuve<\/span><\/li>\n<li><span style=\"font-family: 'times new roman', times, serif\">\u00a016 Quai de Rive Neuve<\/span><\/li>\n<\/ul>\n<p><span style=\"font-family: 'times new roman', times, serif;color: #ff6600\"><strong>Carte valable 1 an \u00e0 partir de la date d&rsquo;achat, utilisable dans tous les centres Ze\u00efn de France (Lille Wazemmes &#8211; Mouvaux &#8211; Roubaix Barbieux &#8211; Rouen &#8211; Nantes &#8211; Marseille)<\/strong><\/span><\/p>\n<p><span style=\"font-family: 'times new roman', times, serif\">Les cartes cadeaux ne sont pas nominatives.<\/span><\/p>\n<p><span style=\"font-family: 'times new roman', times, serif;color: #ff0000\"><strong>ATTENTION :<\/strong><\/span><\/p>\n<ul>\n<li><span style=\"font-family: 'times new roman', times, serif\"><strong>vous ne pouvez utiliser que 2 cartes cadeau au maximum par soins<\/strong><\/span><\/li>\n<li><span style=\"font-family: 'times new roman', times, serif\">Les cartes cadeaux sont \u00e9galement valables pour les soins du visage, du corps, les massages, les \u00e9pilations&#8230;<\/span><\/li>\n<\/ul>\n","protected":false},"excerpt":{"rendered":"<p><span style=\"font-family: 'times new roman', times, serif\">L&rsquo;art du Hammam dans un monde de senteurs, de douceur et de bien-\u00eatre.<\/span><\/p>\n<p><span style=\"font-family: 'times new roman', times, serif\">La carte cadeau \u00e0 <strong>24,10 \u20ac<\/strong> au lieu de 30\u20ac\u00a0<\/span><\/p>\n<p><span style=\"font-family: 'times new roman', times, serif\">La carte cadeau \u00e0 <strong>32,10 \u20ac<\/strong> au lieu de 40\u20ac<\/span><\/p>\n<p>Carte valable 1 an \u00e0 partir de la date d&rsquo;achat, non nominative<\/p>\n<p>Carte valable dans tous les centres Ze\u00efn de France<\/p>\n<p><span style=\"font-family: 'times new roman', times, serif;color: #ff0000\"><strong>ATTENTION :<\/strong><\/span><\/p>\n<ul>\n<li><span style=\"font-family: 'times new roman', times, serif\"><strong>vous ne pouvez utiliser que 2 cartes cadeau au maximum par soins<\/strong><\/span><\/li>\n<li><span style=\"font-family: 'times new roman', times, serif\">Les cartes cadeaux sont \u00e9galement valables pour les soins du visage, du corps, les massages, les \u00e9pilations&#8230;<\/span><\/li>\n<\/ul>\n<p><strong><span style=\"color: #0000ff\">Bon de commande FOS 59 : <a href=\"https:\/\/dicolova.com\/fos59\/wp-content\/uploads\/sites\/28\/2026\/02\/billetterie.PARC-CINE-DICOLOVA.pdf\">Billetterie.PARC-CINE-DICOLOVA<\/a><\/span><\/strong><\/p>\n<p>&nbsp;<\/p>\n","protected":false},"featured_media":130,"comment_status":"closed","ping_status":"closed","template":"","meta":[],"product_brand":[],"product_cat":[126],"product_tag":[],"class_list":{"0":"post-177","1":"product","2":"type-product","3":"status-publish","4":"has-post-thumbnail","6":"product_cat-bien-etre-detente-et-sport","8":"first","9":"instock","10":"taxable","11":"shipping-taxable","12":"product-type-simple"},"yoast_head":"<!-- This site is optimized with the Yoast SEO plugin v27.5 - https:\/\/yoast.com\/product\/yoast-seo-wordpress\/ -->\n<title>ZEIN - Offrez vous un moment de d\u00e9tente ! - FOS 59<\/title>\n<meta name=\"robots\" content=\"index, follow, max-snippet:-1, max-image-preview:large, max-video-preview:-1\" \/>\n<link rel=\"canonical\" href=\"https:\/\/dicolova.com\/fos59\/boutique\/bien-e\u0302tre-detente-et-sport\/zein\/\" \/>\n<meta property=\"og:locale\" content=\"fr_FR\" \/>\n<meta property=\"og:type\" content=\"article\" \/>\n<meta property=\"og:title\" content=\"ZEIN - Offrez vous un moment de d\u00e9tente ! - FOS 59\" \/>\n<meta property=\"og:description\" content=\"L&#039;art du Hammam dans un monde de senteurs, de douceur et de bien-\u00eatre.  La carte cadeau \u00e0 24,10 \u20ac au lieu de 30\u20ac\u00a0  La carte cadeau \u00e0 32,10 \u20ac au lieu de 40\u20ac  Carte valable 1 an \u00e0 partir de la date d&#039;achat, non nominative  Carte valable dans tous les centres Ze\u00efn de France  ATTENTION :   vous ne pouvez utiliser que 2 cartes cadeau au maximum par soins  Les cartes cadeaux sont \u00e9galement valables pour les soins du visage, du corps, les massages, les \u00e9pilations...  Bon de commande FOS 59 : Billetterie.PARC-CINE-DICOLOVA  &nbsp;\" \/>\n<meta property=\"og:url\" content=\"https:\/\/dicolova.com\/fos59\/boutique\/bien-e\u0302tre-detente-et-sport\/zein\/\" \/>\n<meta property=\"og:site_name\" content=\"FOS 59\" \/>\n<meta property=\"article:modified_time\" content=\"2026-02-06T16:47:02+00:00\" \/>\n<meta property=\"og:image\" content=\"https:\/\/dicolova.com\/fos59\/wp-content\/uploads\/sites\/28\/2016\/05\/Zein.png\" \/>\n\t<meta property=\"og:image:width\" content=\"420\" \/>\n\t<meta property=\"og:image:height\" content=\"440\" \/>\n\t<meta property=\"og:image:type\" content=\"image\/png\" \/>\n<meta name=\"twitter:card\" content=\"summary_large_image\" \/>\n<meta name=\"twitter:label1\" content=\"Dur\u00e9e de lecture estim\u00e9e\" \/>\n\t<meta name=\"twitter:data1\" content=\"2 minutes\" \/>\n<script type=\"application\/ld+json\" class=\"yoast-schema-graph\">{\"@context\":\"https:\\\/\\\/schema.org\",\"@graph\":[{\"@type\":\"WebPage\",\"@id\":\"https:\\\/\\\/dicolova.com\\\/fos59\\\/boutique\\\/bien-e%cc%82tre-detente-et-sport\\\/zein\\\/\",\"url\":\"https:\\\/\\\/dicolova.com\\\/fos59\\\/boutique\\\/bien-e%cc%82tre-detente-et-sport\\\/zein\\\/\",\"name\":\"ZEIN - Offrez vous un moment de d\u00e9tente ! - FOS 59\",\"isPartOf\":{\"@id\":\"https:\\\/\\\/dicolova.com\\\/fos59\\\/#website\"},\"primaryImageOfPage\":{\"@id\":\"https:\\\/\\\/dicolova.com\\\/fos59\\\/boutique\\\/bien-e%cc%82tre-detente-et-sport\\\/zein\\\/#primaryimage\"},\"image\":{\"@id\":\"https:\\\/\\\/dicolova.com\\\/fos59\\\/boutique\\\/bien-e%cc%82tre-detente-et-sport\\\/zein\\\/#primaryimage\"},\"thumbnailUrl\":\"https:\\\/\\\/dicolova.com\\\/fos59\\\/wp-content\\\/uploads\\\/sites\\\/28\\\/2016\\\/05\\\/Zein.png\",\"datePublished\":\"2026-01-22T23:00:01+00:00\",\"dateModified\":\"2026-02-06T16:47:02+00:00\",\"breadcrumb\":{\"@id\":\"https:\\\/\\\/dicolova.com\\\/fos59\\\/boutique\\\/bien-e%cc%82tre-detente-et-sport\\\/zein\\\/#breadcrumb\"},\"inLanguage\":\"fr-FR\",\"potentialAction\":[{\"@type\":\"ReadAction\",\"target\":[\"https:\\\/\\\/dicolova.com\\\/fos59\\\/boutique\\\/bien-e%cc%82tre-detente-et-sport\\\/zein\\\/\"]}]},{\"@type\":\"ImageObject\",\"inLanguage\":\"fr-FR\",\"@id\":\"https:\\\/\\\/dicolova.com\\\/fos59\\\/boutique\\\/bien-e%cc%82tre-detente-et-sport\\\/zein\\\/#primaryimage\",\"url\":\"https:\\\/\\\/dicolova.com\\\/fos59\\\/wp-content\\\/uploads\\\/sites\\\/28\\\/2016\\\/05\\\/Zein.png\",\"contentUrl\":\"https:\\\/\\\/dicolova.com\\\/fos59\\\/wp-content\\\/uploads\\\/sites\\\/28\\\/2016\\\/05\\\/Zein.png\",\"width\":420,\"height\":440},{\"@type\":\"BreadcrumbList\",\"@id\":\"https:\\\/\\\/dicolova.com\\\/fos59\\\/boutique\\\/bien-e%cc%82tre-detente-et-sport\\\/zein\\\/#breadcrumb\",\"itemListElement\":[{\"@type\":\"ListItem\",\"position\":1,\"name\":\"Accueil\",\"item\":\"https:\\\/\\\/dicolova.com\\\/fos59\\\/\"},{\"@type\":\"ListItem\",\"position\":2,\"name\":\"Billetterie\",\"item\":\"https:\\\/\\\/dicolova.com\\\/fos59\\\/billetterie\\\/\"},{\"@type\":\"ListItem\",\"position\":3,\"name\":\"ZEIN &#8211; Offrez vous un moment de d\u00e9tente !\"}]},{\"@type\":\"WebSite\",\"@id\":\"https:\\\/\\\/dicolova.com\\\/fos59\\\/#website\",\"url\":\"https:\\\/\\\/dicolova.com\\\/fos59\\\/\",\"name\":\"FOS 59\",\"description\":\"\",\"potentialAction\":[{\"@type\":\"SearchAction\",\"target\":{\"@type\":\"EntryPoint\",\"urlTemplate\":\"https:\\\/\\\/dicolova.com\\\/fos59\\\/?s={search_term_string}\"},\"query-input\":{\"@type\":\"PropertyValueSpecification\",\"valueRequired\":true,\"valueName\":\"search_term_string\"}}],\"inLanguage\":\"fr-FR\"}]}<\/script>\n<!-- \/ Yoast SEO plugin. -->","yoast_head_json":{"title":"ZEIN - Offrez vous un moment de d\u00e9tente ! - FOS 59","robots":{"index":"index","follow":"follow","max-snippet":"max-snippet:-1","max-image-preview":"max-image-preview:large","max-video-preview":"max-video-preview:-1"},"canonical":"https:\/\/dicolova.com\/fos59\/boutique\/bien-e\u0302tre-detente-et-sport\/zein\/","og_locale":"fr_FR","og_type":"article","og_title":"ZEIN - Offrez vous un moment de d\u00e9tente ! - FOS 59","og_description":"L'art du Hammam dans un monde de senteurs, de douceur et de bien-\u00eatre.  La carte cadeau \u00e0 24,10 \u20ac au lieu de 30\u20ac\u00a0  La carte cadeau \u00e0 32,10 \u20ac au lieu de 40\u20ac  Carte valable 1 an \u00e0 partir de la date d'achat, non nominative  Carte valable dans tous les centres Ze\u00efn de France  ATTENTION :   vous ne pouvez utiliser que 2 cartes cadeau au maximum par soins  Les cartes cadeaux sont \u00e9galement valables pour les soins du visage, du corps, les massages, les \u00e9pilations...  Bon de commande FOS 59 : Billetterie.PARC-CINE-DICOLOVA  &nbsp;","og_url":"https:\/\/dicolova.com\/fos59\/boutique\/bien-e\u0302tre-detente-et-sport\/zein\/","og_site_name":"FOS 59","article_modified_time":"2026-02-06T16:47:02+00:00","og_image":[{"width":420,"height":440,"url":"https:\/\/dicolova.com\/fos59\/wp-content\/uploads\/sites\/28\/2016\/05\/Zein.png","type":"image\/png"}],"twitter_card":"summary_large_image","twitter_misc":{"Dur\u00e9e de lecture estim\u00e9e":"2 minutes"},"schema":{"@context":"https:\/\/schema.org","@graph":[{"@type":"WebPage","@id":"https:\/\/dicolova.com\/fos59\/boutique\/bien-e%cc%82tre-detente-et-sport\/zein\/","url":"https:\/\/dicolova.com\/fos59\/boutique\/bien-e%cc%82tre-detente-et-sport\/zein\/","name":"ZEIN - Offrez vous un moment de d\u00e9tente ! - FOS 59","isPartOf":{"@id":"https:\/\/dicolova.com\/fos59\/#website"},"primaryImageOfPage":{"@id":"https:\/\/dicolova.com\/fos59\/boutique\/bien-e%cc%82tre-detente-et-sport\/zein\/#primaryimage"},"image":{"@id":"https:\/\/dicolova.com\/fos59\/boutique\/bien-e%cc%82tre-detente-et-sport\/zein\/#primaryimage"},"thumbnailUrl":"https:\/\/dicolova.com\/fos59\/wp-content\/uploads\/sites\/28\/2016\/05\/Zein.png","datePublished":"2026-01-22T23:00:01+00:00","dateModified":"2026-02-06T16:47:02+00:00","breadcrumb":{"@id":"https:\/\/dicolova.com\/fos59\/boutique\/bien-e%cc%82tre-detente-et-sport\/zein\/#breadcrumb"},"inLanguage":"fr-FR","potentialAction":[{"@type":"ReadAction","target":["https:\/\/dicolova.com\/fos59\/boutique\/bien-e%cc%82tre-detente-et-sport\/zein\/"]}]},{"@type":"ImageObject","inLanguage":"fr-FR","@id":"https:\/\/dicolova.com\/fos59\/boutique\/bien-e%cc%82tre-detente-et-sport\/zein\/#primaryimage","url":"https:\/\/dicolova.com\/fos59\/wp-content\/uploads\/sites\/28\/2016\/05\/Zein.png","contentUrl":"https:\/\/dicolova.com\/fos59\/wp-content\/uploads\/sites\/28\/2016\/05\/Zein.png","width":420,"height":440},{"@type":"BreadcrumbList","@id":"https:\/\/dicolova.com\/fos59\/boutique\/bien-e%cc%82tre-detente-et-sport\/zein\/#breadcrumb","itemListElement":[{"@type":"ListItem","position":1,"name":"Accueil","item":"https:\/\/dicolova.com\/fos59\/"},{"@type":"ListItem","position":2,"name":"Billetterie","item":"https:\/\/dicolova.com\/fos59\/billetterie\/"},{"@type":"ListItem","position":3,"name":"ZEIN &#8211; Offrez vous un moment de d\u00e9tente !"}]},{"@type":"WebSite","@id":"https:\/\/dicolova.com\/fos59\/#website","url":"https:\/\/dicolova.com\/fos59\/","name":"FOS 59","description":"","potentialAction":[{"@type":"SearchAction","target":{"@type":"EntryPoint","urlTemplate":"https:\/\/dicolova.com\/fos59\/?s={search_term_string}"},"query-input":{"@type":"PropertyValueSpecification","valueRequired":true,"valueName":"search_term_string"}}],"inLanguage":"fr-FR"}]}},"_links":{"self":[{"href":"https:\/\/dicolova.com\/fos59\/wp-json\/wp\/v2\/product\/177","targetHints":{"allow":["GET"]}}],"collection":[{"href":"https:\/\/dicolova.com\/fos59\/wp-json\/wp\/v2\/product"}],"about":[{"href":"https:\/\/dicolova.com\/fos59\/wp-json\/wp\/v2\/types\/product"}],"replies":[{"embeddable":true,"href":"https:\/\/dicolova.com\/fos59\/wp-json\/wp\/v2\/comments?post=177"}],"wp:featuredmedia":[{"embeddable":true,"href":"https:\/\/dicolova.com\/fos59\/wp-json\/wp\/v2\/media\/130"}],"wp:attachment":[{"href":"https:\/\/dicolova.com\/fos59\/wp-json\/wp\/v2\/media?parent=177"}],"wp:term":[{"taxonomy":"product_brand","embeddable":true,"href":"https:\/\/dicolova.com\/fos59\/wp-json\/wp\/v2\/product_brand?post=177"},{"taxonomy":"product_cat","embeddable":true,"href":"https:\/\/dicolova.com\/fos59\/wp-json\/wp\/v2\/product_cat?post=177"},{"taxonomy":"product_tag","embeddable":true,"href":"https:\/\/dicolova.com\/fos59\/wp-json\/wp\/v2\/product_tag?post=177"}],"curies":[{"name":"wp","href":"https:\/\/api.w.org\/{rel}","templated":true}]}}