{"id":174,"date":"2026-01-23T00:00:58","date_gmt":"2026-01-22T23:00:58","guid":{"rendered":"https:\/\/dicolova.com\/fos59\/boutique\/non%20class\u00e9\/cabaret-la-bonbonniere\/"},"modified":"2026-01-23T16:51:23","modified_gmt":"2026-01-23T15:51:23","slug":"cabaret-la-bonbonniere","status":"publish","type":"product","link":"https:\/\/dicolova.com\/fos59\/boutique\/spectacles-concerts-et-culture\/cabaret-la-bonbonniere\/","title":{"rendered":"CABARET LA BONBONNIERE &#8211; En e-billet"},"content":{"rendered":"<p><strong>Billet ou e-billet\u00a0 valable 1 an \u00e0 partir de la date d&rsquo;achat, ni repris, ni \u00e9chang\u00e9.<\/strong><\/p>\n<p><strong>Profitez d&rsquo;une soir\u00e9e d\u00eener &#8211; spectacle dans un magnifique \u00e9crin, admirez un spectacle original et enthousiasmant.<\/strong><\/p>\n<h4>Nouvelle revue : Le voyage d&rsquo;Eden<\/h4>\n<ul>\n<li>Situ\u00e9 en plein c\u0153ur de Lille, le Cabaret \u00ab\u00a0La Bonbonni\u00e8re\u00a0\u00bb est un savant m\u00e9lange de convivialit\u00e9 et de gastronomie qui vous permettra de profiter d\u2019un spectacle unique et f\u00e9\u00e9rique tout en d\u00e9gustant un savoureux repas pr\u00e9par\u00e9 sur place par notre \u00e9quipe de cuisine.<\/li>\n<li>Dans la plus pure tradition des revues transformistes, laissez-vous transporter dans l\u2019univers du music-hall et des cabarets parisiens, mais le secret de l\u2019\u00e9quipe r\u00e9side dans le juste \u00e9quilibre que les artistes ont trouv\u00e9 entre l\u2019humour et la gr\u00e2ce. Au final, le voyage est inoubliable.<\/li>\n<li>\n<p class=\"font_8\">Apr\u00e8s cette p\u00e9riode troubl\u00e9e, venez faire le plein de bonheur, de sourires et de joie avec la revue \u00a0\u00bb\u00a0Ladies or Gentlemen \u00ab\u00a0, le temps d\u2019une soir\u00e9e inoubliable.<\/p>\n<\/li>\n<li>\n<p class=\"font_8\">C\u2019est au total plus de 20 ressemblances, des surprises, des plumes, des strass, des paillettes, des rires et de l\u2019\u00e9motion qui rythmeront votre soir\u00e9e au c\u0153ur de cet \u00e9crin lillois.<\/p>\n<\/li>\n<\/ul>\n<p style=\"text-align: center\"><strong>Nouvelle Revue : Le voyage d&rsquo;Eden<\/strong><\/p>\n<p style=\"text-align: center\"><strong>L\u2019ap\u00e9ritif Bonbonni\u00e8re avec ou sans alcool et son amuse-bouche<\/strong><\/p>\n<p style=\"text-align: center\"><strong>***<\/strong><\/p>\n<p style=\"text-align: center\"><strong>Terrine de foie gras de canard, chutney d\u2019\u00e9chalotes, pommes et sirop d\u2019\u00e9rable et sa brioche (suppl\u00e9ment de 3,00 \u20ac)\u00a0 <\/strong><\/p>\n<p style=\"text-align: center\"><strong>Ou<\/strong><\/p>\n<p style=\"text-align: center\"><strong>Tartelette aux escargots \u00e0 la Normande<\/strong><\/p>\n<p style=\"text-align: center\"><strong>Ou<\/strong><\/p>\n<p style=\"text-align: center\"><strong>Saumon marin\u00e9 fa\u00e7on Graved Lax servi comme en Scandinavie avec ses blinis<\/strong><\/p>\n<p style=\"text-align: center\"><strong>Ou<\/strong><\/p>\n<p style=\"text-align: center\"><strong>Fond d\u2019artichaut farci aux l\u00e9gumes de saison (v\u00e9g\u00e9tarien \/ v\u00e9gane)<\/strong><\/p>\n<p style=\"text-align: center\"><strong>***<\/strong><\/p>\n<p style=\"text-align: center\"><strong>Le dos de cabillaud \u00e0 la menthe et au citron vert, cr\u00e8me de petits pois<\/strong><\/p>\n<p style=\"text-align: center\"><strong>Ou<\/strong><\/p>\n<p style=\"text-align: center\"><strong>Le filet mignon de porc en cro\u00fbte de pistache, sauce \u00e0 la moutarde \u00e0 l\u2019ancienne<\/strong><\/p>\n<p style=\"text-align: center\"><strong>Ou<\/strong><\/p>\n<p style=\"text-align: center\"><strong>Supr\u00eame de volaille \u00e0 la cr\u00e8me de Maroilles<\/strong><\/p>\n<p style=\"text-align: center\"><strong>Ou<\/strong><\/p>\n<p style=\"text-align: center\"><strong>Curry de l\u00e9gumes au lait de coco (v\u00e9g\u00e9tarien \/ v\u00e9gane)<\/strong><\/p>\n<p style=\"text-align: center\"><strong>***<\/strong><\/p>\n<p style=\"text-align: center\"><strong>Le D\u00e9lice de La Bonbonni\u00e8re<\/strong><\/p>\n<p style=\"text-align: center\"><strong>***<\/strong><\/p>\n<p style=\"text-align: left\">Lieu accessible aux personnes en situation de handicap moteur et mental.<\/p>\n<p>&nbsp;<\/p>\n","protected":false},"excerpt":{"rendered":"<h4>Profitez d&rsquo;une soir\u00e9e D\u00eener &#8211; Spectacle dans un magnifique \u00e9crin, admirez un spectacle original et enthousiasmant<\/h4>\n<p><strong>Billet ou e-billet\u00a0 valable 1 an \u00e0 partir de la date d&rsquo;achat, ni repris, ni \u00e9chang\u00e9.<\/strong><\/p>\n<p><strong>80.20\u20ac au lieu de 89\u20ac<\/strong><\/p>\n<p><strong><span style=\"color: #0000ff\">Bon de commande : <a href=\"https:\/\/dicolova.com\/fos59\/wp-content\/uploads\/sites\/28\/2025\/08\/La-Bonbonniere-2026.pdf\">La Bonbonni\u00e8re-2026<\/a><\/span><\/strong><\/p>\n<p>&nbsp;<\/p>\n<p><a href=\"https:\/\/dicolova.com\/fos59\/wp-content\/uploads\/sites\/28\/2017\/02\/billetterie.PARC-CINE-Janvier-2017.pdf\">\u00a0<\/a><\/p>\n","protected":false},"featured_media":1151,"comment_status":"closed","ping_status":"closed","template":"","meta":[],"product_brand":[],"product_cat":[142,125],"product_tag":[],"class_list":{"0":"post-174","1":"product","2":"type-product","3":"status-publish","4":"has-post-thumbnail","6":"product_cat-restaurant","7":"product_cat-spectacles-concerts-et-culture","9":"first","10":"instock","11":"taxable","12":"shipping-taxable","13":"product-type-simple"},"yoast_head":"<!-- This site is optimized with the Yoast SEO plugin v27.5 - https:\/\/yoast.com\/product\/yoast-seo-wordpress\/ -->\n<title>CABARET LA BONBONNIERE - En e-billet - FOS 59<\/title>\n<meta name=\"robots\" content=\"index, follow, max-snippet:-1, max-image-preview:large, max-video-preview:-1\" \/>\n<link rel=\"canonical\" href=\"https:\/\/dicolova.com\/fos59\/boutique\/spectacles-concerts-et-culture\/cabaret-la-bonbonniere\/\" \/>\n<meta property=\"og:locale\" content=\"fr_FR\" \/>\n<meta property=\"og:type\" content=\"article\" \/>\n<meta property=\"og:title\" content=\"CABARET LA BONBONNIERE - En e-billet - FOS 59\" \/>\n<meta property=\"og:description\" content=\"Profitez d&#039;une soir\u00e9e D\u00eener - Spectacle dans un magnifique \u00e9crin, admirez un spectacle original et enthousiasmant Billet ou e-billet\u00a0 valable 1 an \u00e0 partir de la date d&#039;achat, ni repris, ni \u00e9chang\u00e9.  80.20\u20ac au lieu de 89\u20ac  Bon de commande : La Bonbonni\u00e8re-2026  &nbsp;  \u00a0\" \/>\n<meta property=\"og:url\" content=\"https:\/\/dicolova.com\/fos59\/boutique\/spectacles-concerts-et-culture\/cabaret-la-bonbonniere\/\" \/>\n<meta property=\"og:site_name\" content=\"FOS 59\" \/>\n<meta property=\"article:modified_time\" content=\"2026-01-23T15:51:23+00:00\" \/>\n<meta property=\"og:image\" content=\"https:\/\/dicolova.com\/fos59\/wp-content\/uploads\/sites\/28\/2022\/10\/cabaret-la-bonbonniere.jpg\" \/>\n\t<meta property=\"og:image:width\" content=\"2500\" \/>\n\t<meta property=\"og:image:height\" content=\"1600\" \/>\n\t<meta property=\"og:image:type\" content=\"image\/jpeg\" \/>\n<meta name=\"twitter:card\" content=\"summary_large_image\" \/>\n<meta name=\"twitter:label1\" content=\"Dur\u00e9e de lecture estim\u00e9e\" \/>\n\t<meta name=\"twitter:data1\" content=\"2 minutes\" \/>\n<script type=\"application\/ld+json\" class=\"yoast-schema-graph\">{\"@context\":\"https:\\\/\\\/schema.org\",\"@graph\":[{\"@type\":\"WebPage\",\"@id\":\"https:\\\/\\\/dicolova.com\\\/fos59\\\/boutique\\\/spectacles-concerts-et-culture\\\/cabaret-la-bonbonniere\\\/\",\"url\":\"https:\\\/\\\/dicolova.com\\\/fos59\\\/boutique\\\/spectacles-concerts-et-culture\\\/cabaret-la-bonbonniere\\\/\",\"name\":\"CABARET LA BONBONNIERE - En e-billet - FOS 59\",\"isPartOf\":{\"@id\":\"https:\\\/\\\/dicolova.com\\\/fos59\\\/#website\"},\"primaryImageOfPage\":{\"@id\":\"https:\\\/\\\/dicolova.com\\\/fos59\\\/boutique\\\/spectacles-concerts-et-culture\\\/cabaret-la-bonbonniere\\\/#primaryimage\"},\"image\":{\"@id\":\"https:\\\/\\\/dicolova.com\\\/fos59\\\/boutique\\\/spectacles-concerts-et-culture\\\/cabaret-la-bonbonniere\\\/#primaryimage\"},\"thumbnailUrl\":\"https:\\\/\\\/dicolova.com\\\/fos59\\\/wp-content\\\/uploads\\\/sites\\\/28\\\/2022\\\/10\\\/cabaret-la-bonbonniere.jpg\",\"datePublished\":\"2026-01-22T23:00:58+00:00\",\"dateModified\":\"2026-01-23T15:51:23+00:00\",\"breadcrumb\":{\"@id\":\"https:\\\/\\\/dicolova.com\\\/fos59\\\/boutique\\\/spectacles-concerts-et-culture\\\/cabaret-la-bonbonniere\\\/#breadcrumb\"},\"inLanguage\":\"fr-FR\",\"potentialAction\":[{\"@type\":\"ReadAction\",\"target\":[\"https:\\\/\\\/dicolova.com\\\/fos59\\\/boutique\\\/spectacles-concerts-et-culture\\\/cabaret-la-bonbonniere\\\/\"]}]},{\"@type\":\"ImageObject\",\"inLanguage\":\"fr-FR\",\"@id\":\"https:\\\/\\\/dicolova.com\\\/fos59\\\/boutique\\\/spectacles-concerts-et-culture\\\/cabaret-la-bonbonniere\\\/#primaryimage\",\"url\":\"https:\\\/\\\/dicolova.com\\\/fos59\\\/wp-content\\\/uploads\\\/sites\\\/28\\\/2022\\\/10\\\/cabaret-la-bonbonniere.jpg\",\"contentUrl\":\"https:\\\/\\\/dicolova.com\\\/fos59\\\/wp-content\\\/uploads\\\/sites\\\/28\\\/2022\\\/10\\\/cabaret-la-bonbonniere.jpg\",\"width\":2500,\"height\":1600},{\"@type\":\"BreadcrumbList\",\"@id\":\"https:\\\/\\\/dicolova.com\\\/fos59\\\/boutique\\\/spectacles-concerts-et-culture\\\/cabaret-la-bonbonniere\\\/#breadcrumb\",\"itemListElement\":[{\"@type\":\"ListItem\",\"position\":1,\"name\":\"Accueil\",\"item\":\"https:\\\/\\\/dicolova.com\\\/fos59\\\/\"},{\"@type\":\"ListItem\",\"position\":2,\"name\":\"Billetterie\",\"item\":\"https:\\\/\\\/dicolova.com\\\/fos59\\\/billetterie\\\/\"},{\"@type\":\"ListItem\",\"position\":3,\"name\":\"CABARET LA BONBONNIERE &#8211; En e-billet\"}]},{\"@type\":\"WebSite\",\"@id\":\"https:\\\/\\\/dicolova.com\\\/fos59\\\/#website\",\"url\":\"https:\\\/\\\/dicolova.com\\\/fos59\\\/\",\"name\":\"FOS 59\",\"description\":\"\",\"potentialAction\":[{\"@type\":\"SearchAction\",\"target\":{\"@type\":\"EntryPoint\",\"urlTemplate\":\"https:\\\/\\\/dicolova.com\\\/fos59\\\/?s={search_term_string}\"},\"query-input\":{\"@type\":\"PropertyValueSpecification\",\"valueRequired\":true,\"valueName\":\"search_term_string\"}}],\"inLanguage\":\"fr-FR\"}]}<\/script>\n<!-- \/ Yoast SEO plugin. -->","yoast_head_json":{"title":"CABARET LA BONBONNIERE - En e-billet - FOS 59","robots":{"index":"index","follow":"follow","max-snippet":"max-snippet:-1","max-image-preview":"max-image-preview:large","max-video-preview":"max-video-preview:-1"},"canonical":"https:\/\/dicolova.com\/fos59\/boutique\/spectacles-concerts-et-culture\/cabaret-la-bonbonniere\/","og_locale":"fr_FR","og_type":"article","og_title":"CABARET LA BONBONNIERE - En e-billet - FOS 59","og_description":"Profitez d'une soir\u00e9e D\u00eener - Spectacle dans un magnifique \u00e9crin, admirez un spectacle original et enthousiasmant Billet ou e-billet\u00a0 valable 1 an \u00e0 partir de la date d'achat, ni repris, ni \u00e9chang\u00e9.  80.20\u20ac au lieu de 89\u20ac  Bon de commande : La Bonbonni\u00e8re-2026  &nbsp;  \u00a0","og_url":"https:\/\/dicolova.com\/fos59\/boutique\/spectacles-concerts-et-culture\/cabaret-la-bonbonniere\/","og_site_name":"FOS 59","article_modified_time":"2026-01-23T15:51:23+00:00","og_image":[{"width":2500,"height":1600,"url":"https:\/\/dicolova.com\/fos59\/wp-content\/uploads\/sites\/28\/2022\/10\/cabaret-la-bonbonniere.jpg","type":"image\/jpeg"}],"twitter_card":"summary_large_image","twitter_misc":{"Dur\u00e9e de lecture estim\u00e9e":"2 minutes"},"schema":{"@context":"https:\/\/schema.org","@graph":[{"@type":"WebPage","@id":"https:\/\/dicolova.com\/fos59\/boutique\/spectacles-concerts-et-culture\/cabaret-la-bonbonniere\/","url":"https:\/\/dicolova.com\/fos59\/boutique\/spectacles-concerts-et-culture\/cabaret-la-bonbonniere\/","name":"CABARET LA BONBONNIERE - En e-billet - FOS 59","isPartOf":{"@id":"https:\/\/dicolova.com\/fos59\/#website"},"primaryImageOfPage":{"@id":"https:\/\/dicolova.com\/fos59\/boutique\/spectacles-concerts-et-culture\/cabaret-la-bonbonniere\/#primaryimage"},"image":{"@id":"https:\/\/dicolova.com\/fos59\/boutique\/spectacles-concerts-et-culture\/cabaret-la-bonbonniere\/#primaryimage"},"thumbnailUrl":"https:\/\/dicolova.com\/fos59\/wp-content\/uploads\/sites\/28\/2022\/10\/cabaret-la-bonbonniere.jpg","datePublished":"2026-01-22T23:00:58+00:00","dateModified":"2026-01-23T15:51:23+00:00","breadcrumb":{"@id":"https:\/\/dicolova.com\/fos59\/boutique\/spectacles-concerts-et-culture\/cabaret-la-bonbonniere\/#breadcrumb"},"inLanguage":"fr-FR","potentialAction":[{"@type":"ReadAction","target":["https:\/\/dicolova.com\/fos59\/boutique\/spectacles-concerts-et-culture\/cabaret-la-bonbonniere\/"]}]},{"@type":"ImageObject","inLanguage":"fr-FR","@id":"https:\/\/dicolova.com\/fos59\/boutique\/spectacles-concerts-et-culture\/cabaret-la-bonbonniere\/#primaryimage","url":"https:\/\/dicolova.com\/fos59\/wp-content\/uploads\/sites\/28\/2022\/10\/cabaret-la-bonbonniere.jpg","contentUrl":"https:\/\/dicolova.com\/fos59\/wp-content\/uploads\/sites\/28\/2022\/10\/cabaret-la-bonbonniere.jpg","width":2500,"height":1600},{"@type":"BreadcrumbList","@id":"https:\/\/dicolova.com\/fos59\/boutique\/spectacles-concerts-et-culture\/cabaret-la-bonbonniere\/#breadcrumb","itemListElement":[{"@type":"ListItem","position":1,"name":"Accueil","item":"https:\/\/dicolova.com\/fos59\/"},{"@type":"ListItem","position":2,"name":"Billetterie","item":"https:\/\/dicolova.com\/fos59\/billetterie\/"},{"@type":"ListItem","position":3,"name":"CABARET LA BONBONNIERE &#8211; En e-billet"}]},{"@type":"WebSite","@id":"https:\/\/dicolova.com\/fos59\/#website","url":"https:\/\/dicolova.com\/fos59\/","name":"FOS 59","description":"","potentialAction":[{"@type":"SearchAction","target":{"@type":"EntryPoint","urlTemplate":"https:\/\/dicolova.com\/fos59\/?s={search_term_string}"},"query-input":{"@type":"PropertyValueSpecification","valueRequired":true,"valueName":"search_term_string"}}],"inLanguage":"fr-FR"}]}},"_links":{"self":[{"href":"https:\/\/dicolova.com\/fos59\/wp-json\/wp\/v2\/product\/174","targetHints":{"allow":["GET"]}}],"collection":[{"href":"https:\/\/dicolova.com\/fos59\/wp-json\/wp\/v2\/product"}],"about":[{"href":"https:\/\/dicolova.com\/fos59\/wp-json\/wp\/v2\/types\/product"}],"replies":[{"embeddable":true,"href":"https:\/\/dicolova.com\/fos59\/wp-json\/wp\/v2\/comments?post=174"}],"wp:featuredmedia":[{"embeddable":true,"href":"https:\/\/dicolova.com\/fos59\/wp-json\/wp\/v2\/media\/1151"}],"wp:attachment":[{"href":"https:\/\/dicolova.com\/fos59\/wp-json\/wp\/v2\/media?parent=174"}],"wp:term":[{"taxonomy":"product_brand","embeddable":true,"href":"https:\/\/dicolova.com\/fos59\/wp-json\/wp\/v2\/product_brand?post=174"},{"taxonomy":"product_cat","embeddable":true,"href":"https:\/\/dicolova.com\/fos59\/wp-json\/wp\/v2\/product_cat?post=174"},{"taxonomy":"product_tag","embeddable":true,"href":"https:\/\/dicolova.com\/fos59\/wp-json\/wp\/v2\/product_tag?post=174"}],"curies":[{"name":"wp","href":"https:\/\/api.w.org\/{rel}","templated":true}]}}