{"id":173,"date":"2026-01-09T00:00:58","date_gmt":"2026-01-08T23:00:58","guid":{"rendered":"https:\/\/dicolova.com\/fos59\/boutique\/non%20class\u00e9\/le-grand-cabaret\/"},"modified":"2026-01-09T17:37:20","modified_gmt":"2026-01-09T16:37:20","slug":"le-grand-cabaret","status":"publish","type":"product","link":"https:\/\/dicolova.com\/fos59\/boutique\/spectacles-concerts-et-culture\/le-grand-cabaret\/","title":{"rendered":"LE GRAND CABARET du Vieux &#8211; Berquin &#8211; Nouveau spectacle \u00ab\u00a0Madame Plume\u00a0\u00bb"},"content":{"rendered":"<div class=\"fusion-fullwidth fullwidth-box fusion-builder-row-1 fusion-flex-container nonhundred-percent-fullwidth non-hundred-percent-height-scrolling\" style=\"--awb-border-radius-top-left:0px;--awb-border-radius-top-right:0px;--awb-border-radius-bottom-right:0px;--awb-border-radius-bottom-left:0px;--awb-flex-wrap:wrap;\" ><div class=\"fusion-builder-row fusion-row fusion-flex-align-items-flex-start fusion-flex-content-wrap\" style=\"max-width:1331.2px;margin-left: calc(-4% \/ 2 );margin-right: calc(-4% \/ 2 );\"><div class=\"fusion-layout-column fusion_builder_column fusion-builder-column-0 fusion_builder_column_1_1 1_1 fusion-flex-column\" style=\"--awb-bg-blend:overlay;--awb-bg-size:cover;--awb-width-large:100%;--awb-margin-top-large:0px;--awb-spacing-right-large:1.92%;--awb-margin-bottom-large:0px;--awb-spacing-left-large:1.92%;--awb-width-medium:100%;--awb-spacing-right-medium:1.92%;--awb-spacing-left-medium:1.92%;--awb-width-small:100%;--awb-spacing-right-small:1.92%;--awb-spacing-left-small:1.92%;\"><div class=\"fusion-column-wrapper fusion-flex-justify-content-flex-start fusion-content-layout-column\"><div class=\"fusion-text fusion-text-1\"><h3 class=\"fusion-responsive-typography-calculated\" style=\"--fontsize: 22;line-height: 1.09;--minfontsize: 22\" data-fontsize=\"22\" data-lineheight=\"23.98px\"><span style=\"font-size: 12pt;color: #008000\">NOUVEAU SPECTACLE \u00ab MADAME PLUME \u00bb <\/span><\/h3>\n<h4 class=\"fusion-responsive-typography-calculated\" style=\"--fontsize: 18;line-height: 1.11;--minfontsize: 18\" data-fontsize=\"18\" data-lineheight=\"19.98px\"><span style=\"font-size: 10pt;color: #ff6600\">Tarif valable du 13 septembre au 30\/06\/2026<\/span><\/h4>\n<p><span style=\"font-size: 10pt;color: #ff6600\">\u00a0<\/span>Laissez-vous emporter par l\u2019univers enchanteur de Madame Plume, une professeure passionn\u00e9e et r\u00eaveuse, pour qui chaque note de musique est une invitation \u00e0 l&rsquo;\u00e9vasion.<\/p>\n<p>Dans ce spectacle in\u00e9dit, suivez une histoire pleine de po\u00e9sie, de fantaisie et d&rsquo;\u00e9motions.<\/p>\n<p>\u00ab\u00a0Madame Plume\u00a0\u00bb vous transporte dans un voyage musical exceptionnel, o\u00f9 de grands classiques de toutes les g\u00e9n\u00e9rations r\u00e9sonnent aux c\u00f4t\u00e9s de cr\u00e9ations originales et inattendues.<\/p>\n<p>Pr\u00e9parez-vous \u00e0 \u00eatre \u00e9merveill\u00e9s par des mises en sc\u00e8ne et chor\u00e9graphies percutantes, des costumes \u00e9tincelants, des milliers de plumes, des d\u00e9cors somptueux, dans un tourbillon de couleurs et de lumi\u00e8re.<\/p>\n<p>Un spectacle r\u00e9solument moderne, vivant, festif et \u00e9mouvant, rythm\u00e9 par une quinzaine d&rsquo;artistes qui feront, de chaque tableau, une promesse d\u2019\u00e9merveillement !<\/p>\n<p>R\u00e9servez vite vos places et plongez dans l\u2019univers magique du Grand Cabaret Hauts-de-France, d\u00e8s le Samedi 13 Septembre 2025 !<\/p>\n<h4 class=\"fusion-responsive-typography-calculated\" style=\"text-align: justify;--fontsize: 18;line-height: 1.11;--minfontsize: 18\" data-fontsize=\"18\" data-lineheight=\"19.98px\"><span style=\"color: #ff6600\"><strong>Le Grand Cabaret du Vieux-Berquin vous attend :<\/strong><\/span><\/h4>\n<ul>\n<li style=\"text-align: justify\"><strong>Week end<\/strong> : Vendredi et Samedi en D\u00eener et 3<sup>\u00e8me<\/sup> Dimanche du mois en d\u00e9jeuner<strong>Semaine<\/strong> : Du Lundi au Jeudi selon les dates d\u2019ouverture en d\u00e9jeunerParking et vestiaires gratuits.Uniquement sur r\u00e9servation<\/li>\n<\/ul>\n<h4 class=\"fusion-responsive-typography-calculated\" style=\"text-align: center;--fontsize: 18;line-height: 1.11;--minfontsize: 18\" data-fontsize=\"18\" data-lineheight=\"19.98px\"><span style=\"color: #ff6600\">Le Menu PAPILLE :<\/span><\/h4>\n<p style=\"text-align: center\">Crumble d\u2019aubergine Grana Padano<\/p>\n<p style=\"text-align: center\">Fricass\u00e9e de poulet aux fines herbes de Provence, gratin dauphinois<\/p>\n<p style=\"text-align: center\">D\u00e9lice sucr\u00e9<\/p>\n<p style=\"text-align: center\">(exemple de menu, indicatif, non garanti selon arrivage)<\/p>\n<p style=\"text-align: center\"><strong>Formule Papille : spectacle, menu, 1\/4 de Vin rouge*, 1\/4 de bouteille d&rsquo;eau min\u00e9rale<\/strong><\/p>\n<p><span style=\"background-color: #ffff00;color: #000000\"><strong>Tarif valable jusqu&rsquo;au 30 juin 2026<\/strong><\/span><\/p>\n<p>Le Cabaret du Vieux Berquin est situ\u00e9 \u00e0 30 minutes de Lille, Lens (Coordonn\u00e9es GPS : 935 rue d&rsquo;Estaires). Parking priv\u00e9<\/p>\n<p>Pour plus de renseignements n&rsquo;h\u00e9sitez pas \u00e0 consulter le site Internet <a title=\"www.legrandcabaret.com\" href=\"http:\/\/www.legrandcabaret.com\">www.legrandcabaret.com<\/a> ou contactez par t\u00e9l\u00e9phone le 03.28.42.75.75<\/p>\n<p>Le grand cabaret poss\u00e9de le Label Tourisme et Handicap. Pour les personnes venant en fauteuils roulants, merci de le pr\u00e9ciser \u00e0 la r\u00e9servation.<\/p>\n<p><span style=\"font-size: 10pt\"><strong>* A consommer avec mod\u00e9ration, l&rsquo;abus d&rsquo;alcool est mauvais pour la sant\u00e9.<\/strong><\/span><\/p>\n<p><span style=\"font-size: 10pt\"><strong>Offre accessible aux actifs et aux retrait\u00e9s.<\/strong><\/span><\/p>\n<\/div><\/div><\/div><\/div><\/div>\n","protected":false},"excerpt":{"rendered":"<p><span style=\"font-family: 'times new roman', times, serif;font-size: 14pt\">Formule Plume (spectacle seul)<strong> 55,10 \u20ac<\/strong> au lieu de 60 \u20ac<\/span><\/p>\n<p>Formule Papille ( Spectacle, menu, 1\/4 bouteille de vin rouge, 1\/4 de bouteille d&rsquo;eau min\u00e9rale) <strong>90.10\u00a0\u20ac <\/strong>au lieu de 110<strong>\u20ac<\/strong><\/p>\n<p><span style=\"color: #0000ff\"><strong>Bon de commande :\u00a0 <a href=\"https:\/\/dicolova.com\/fos59\/wp-content\/uploads\/sites\/28\/2026\/01\/Grand-cabaret-2026.pdf\">Grand cabaret 2026<\/a><\/strong><\/span><a href=\"https:\/\/dicolova.com\/fos59\/wp-content\/uploads\/sites\/28\/2017\/02\/billetterie.PARC-CINE-Janvier-2017.pdf\"><br \/>\n<\/a><\/p>\n","protected":false},"featured_media":1391,"comment_status":"closed","ping_status":"closed","template":"","meta":[],"product_brand":[],"product_cat":[142,125],"product_tag":[],"class_list":{"0":"post-173","1":"product","2":"type-product","3":"status-publish","4":"has-post-thumbnail","6":"product_cat-restaurant","7":"product_cat-spectacles-concerts-et-culture","9":"first","10":"instock","11":"taxable","12":"shipping-taxable","13":"product-type-simple"},"yoast_head":"<!-- This site is optimized with the Yoast SEO plugin v27.5 - https:\/\/yoast.com\/product\/yoast-seo-wordpress\/ -->\n<title>LE GRAND CABARET du Vieux - Berquin - Nouveau spectacle &quot;Madame Plume&quot; - FOS 59<\/title>\n<meta name=\"robots\" content=\"index, follow, max-snippet:-1, max-image-preview:large, max-video-preview:-1\" \/>\n<link rel=\"canonical\" href=\"https:\/\/dicolova.com\/fos59\/boutique\/spectacles-concerts-et-culture\/le-grand-cabaret\/\" \/>\n<meta property=\"og:locale\" content=\"fr_FR\" \/>\n<meta property=\"og:type\" content=\"article\" \/>\n<meta property=\"og:title\" content=\"LE GRAND CABARET du Vieux - Berquin - Nouveau spectacle &quot;Madame Plume&quot; - FOS 59\" \/>\n<meta property=\"og:description\" content=\"Formule Plume (spectacle seul) 55,10 \u20ac au lieu de 60 \u20ac  Formule Papille ( Spectacle, menu, 1\/4 bouteille de vin rouge, 1\/4 de bouteille d&#039;eau min\u00e9rale) 90.10\u00a0\u20ac au lieu de 110\u20ac  Bon de commande :\u00a0 Grand cabaret 2026\" \/>\n<meta property=\"og:url\" content=\"https:\/\/dicolova.com\/fos59\/boutique\/spectacles-concerts-et-culture\/le-grand-cabaret\/\" \/>\n<meta property=\"og:site_name\" content=\"FOS 59\" \/>\n<meta property=\"article:modified_time\" content=\"2026-01-09T16:37:20+00:00\" \/>\n<meta property=\"og:image\" content=\"https:\/\/dicolova.com\/fos59\/wp-content\/uploads\/sites\/28\/2025\/08\/cabaret.jpg\" \/>\n\t<meta property=\"og:image:width\" content=\"1500\" \/>\n\t<meta property=\"og:image:height\" content=\"955\" \/>\n\t<meta property=\"og:image:type\" content=\"image\/jpeg\" \/>\n<meta name=\"twitter:card\" content=\"summary_large_image\" \/>\n<meta name=\"twitter:label1\" content=\"Dur\u00e9e de lecture estim\u00e9e\" \/>\n\t<meta name=\"twitter:data1\" content=\"2 minutes\" \/>\n<script type=\"application\/ld+json\" class=\"yoast-schema-graph\">{\"@context\":\"https:\\\/\\\/schema.org\",\"@graph\":[{\"@type\":\"WebPage\",\"@id\":\"https:\\\/\\\/dicolova.com\\\/fos59\\\/boutique\\\/spectacles-concerts-et-culture\\\/le-grand-cabaret\\\/\",\"url\":\"https:\\\/\\\/dicolova.com\\\/fos59\\\/boutique\\\/spectacles-concerts-et-culture\\\/le-grand-cabaret\\\/\",\"name\":\"LE GRAND CABARET du Vieux - Berquin - Nouveau spectacle \\\"Madame Plume\\\" - FOS 59\",\"isPartOf\":{\"@id\":\"https:\\\/\\\/dicolova.com\\\/fos59\\\/#website\"},\"primaryImageOfPage\":{\"@id\":\"https:\\\/\\\/dicolova.com\\\/fos59\\\/boutique\\\/spectacles-concerts-et-culture\\\/le-grand-cabaret\\\/#primaryimage\"},\"image\":{\"@id\":\"https:\\\/\\\/dicolova.com\\\/fos59\\\/boutique\\\/spectacles-concerts-et-culture\\\/le-grand-cabaret\\\/#primaryimage\"},\"thumbnailUrl\":\"https:\\\/\\\/dicolova.com\\\/fos59\\\/wp-content\\\/uploads\\\/sites\\\/28\\\/2025\\\/08\\\/cabaret.jpg\",\"datePublished\":\"2026-01-08T23:00:58+00:00\",\"dateModified\":\"2026-01-09T16:37:20+00:00\",\"breadcrumb\":{\"@id\":\"https:\\\/\\\/dicolova.com\\\/fos59\\\/boutique\\\/spectacles-concerts-et-culture\\\/le-grand-cabaret\\\/#breadcrumb\"},\"inLanguage\":\"fr-FR\",\"potentialAction\":[{\"@type\":\"ReadAction\",\"target\":[\"https:\\\/\\\/dicolova.com\\\/fos59\\\/boutique\\\/spectacles-concerts-et-culture\\\/le-grand-cabaret\\\/\"]}]},{\"@type\":\"ImageObject\",\"inLanguage\":\"fr-FR\",\"@id\":\"https:\\\/\\\/dicolova.com\\\/fos59\\\/boutique\\\/spectacles-concerts-et-culture\\\/le-grand-cabaret\\\/#primaryimage\",\"url\":\"https:\\\/\\\/dicolova.com\\\/fos59\\\/wp-content\\\/uploads\\\/sites\\\/28\\\/2025\\\/08\\\/cabaret.jpg\",\"contentUrl\":\"https:\\\/\\\/dicolova.com\\\/fos59\\\/wp-content\\\/uploads\\\/sites\\\/28\\\/2025\\\/08\\\/cabaret.jpg\",\"width\":1500,\"height\":955},{\"@type\":\"BreadcrumbList\",\"@id\":\"https:\\\/\\\/dicolova.com\\\/fos59\\\/boutique\\\/spectacles-concerts-et-culture\\\/le-grand-cabaret\\\/#breadcrumb\",\"itemListElement\":[{\"@type\":\"ListItem\",\"position\":1,\"name\":\"Accueil\",\"item\":\"https:\\\/\\\/dicolova.com\\\/fos59\\\/\"},{\"@type\":\"ListItem\",\"position\":2,\"name\":\"Billetterie\",\"item\":\"https:\\\/\\\/dicolova.com\\\/fos59\\\/billetterie\\\/\"},{\"@type\":\"ListItem\",\"position\":3,\"name\":\"LE GRAND CABARET du Vieux &#8211; Berquin &#8211; Nouveau spectacle \u00ab\u00a0Madame Plume\u00a0\u00bb\"}]},{\"@type\":\"WebSite\",\"@id\":\"https:\\\/\\\/dicolova.com\\\/fos59\\\/#website\",\"url\":\"https:\\\/\\\/dicolova.com\\\/fos59\\\/\",\"name\":\"FOS 59\",\"description\":\"\",\"potentialAction\":[{\"@type\":\"SearchAction\",\"target\":{\"@type\":\"EntryPoint\",\"urlTemplate\":\"https:\\\/\\\/dicolova.com\\\/fos59\\\/?s={search_term_string}\"},\"query-input\":{\"@type\":\"PropertyValueSpecification\",\"valueRequired\":true,\"valueName\":\"search_term_string\"}}],\"inLanguage\":\"fr-FR\"}]}<\/script>\n<!-- \/ Yoast SEO plugin. -->","yoast_head_json":{"title":"LE GRAND CABARET du Vieux - Berquin - Nouveau spectacle \"Madame Plume\" - FOS 59","robots":{"index":"index","follow":"follow","max-snippet":"max-snippet:-1","max-image-preview":"max-image-preview:large","max-video-preview":"max-video-preview:-1"},"canonical":"https:\/\/dicolova.com\/fos59\/boutique\/spectacles-concerts-et-culture\/le-grand-cabaret\/","og_locale":"fr_FR","og_type":"article","og_title":"LE GRAND CABARET du Vieux - Berquin - Nouveau spectacle \"Madame Plume\" - FOS 59","og_description":"Formule Plume (spectacle seul) 55,10 \u20ac au lieu de 60 \u20ac  Formule Papille ( Spectacle, menu, 1\/4 bouteille de vin rouge, 1\/4 de bouteille d'eau min\u00e9rale) 90.10\u00a0\u20ac au lieu de 110\u20ac  Bon de commande :\u00a0 Grand cabaret 2026","og_url":"https:\/\/dicolova.com\/fos59\/boutique\/spectacles-concerts-et-culture\/le-grand-cabaret\/","og_site_name":"FOS 59","article_modified_time":"2026-01-09T16:37:20+00:00","og_image":[{"width":1500,"height":955,"url":"https:\/\/dicolova.com\/fos59\/wp-content\/uploads\/sites\/28\/2025\/08\/cabaret.jpg","type":"image\/jpeg"}],"twitter_card":"summary_large_image","twitter_misc":{"Dur\u00e9e de lecture estim\u00e9e":"2 minutes"},"schema":{"@context":"https:\/\/schema.org","@graph":[{"@type":"WebPage","@id":"https:\/\/dicolova.com\/fos59\/boutique\/spectacles-concerts-et-culture\/le-grand-cabaret\/","url":"https:\/\/dicolova.com\/fos59\/boutique\/spectacles-concerts-et-culture\/le-grand-cabaret\/","name":"LE GRAND CABARET du Vieux - Berquin - Nouveau spectacle \"Madame Plume\" - FOS 59","isPartOf":{"@id":"https:\/\/dicolova.com\/fos59\/#website"},"primaryImageOfPage":{"@id":"https:\/\/dicolova.com\/fos59\/boutique\/spectacles-concerts-et-culture\/le-grand-cabaret\/#primaryimage"},"image":{"@id":"https:\/\/dicolova.com\/fos59\/boutique\/spectacles-concerts-et-culture\/le-grand-cabaret\/#primaryimage"},"thumbnailUrl":"https:\/\/dicolova.com\/fos59\/wp-content\/uploads\/sites\/28\/2025\/08\/cabaret.jpg","datePublished":"2026-01-08T23:00:58+00:00","dateModified":"2026-01-09T16:37:20+00:00","breadcrumb":{"@id":"https:\/\/dicolova.com\/fos59\/boutique\/spectacles-concerts-et-culture\/le-grand-cabaret\/#breadcrumb"},"inLanguage":"fr-FR","potentialAction":[{"@type":"ReadAction","target":["https:\/\/dicolova.com\/fos59\/boutique\/spectacles-concerts-et-culture\/le-grand-cabaret\/"]}]},{"@type":"ImageObject","inLanguage":"fr-FR","@id":"https:\/\/dicolova.com\/fos59\/boutique\/spectacles-concerts-et-culture\/le-grand-cabaret\/#primaryimage","url":"https:\/\/dicolova.com\/fos59\/wp-content\/uploads\/sites\/28\/2025\/08\/cabaret.jpg","contentUrl":"https:\/\/dicolova.com\/fos59\/wp-content\/uploads\/sites\/28\/2025\/08\/cabaret.jpg","width":1500,"height":955},{"@type":"BreadcrumbList","@id":"https:\/\/dicolova.com\/fos59\/boutique\/spectacles-concerts-et-culture\/le-grand-cabaret\/#breadcrumb","itemListElement":[{"@type":"ListItem","position":1,"name":"Accueil","item":"https:\/\/dicolova.com\/fos59\/"},{"@type":"ListItem","position":2,"name":"Billetterie","item":"https:\/\/dicolova.com\/fos59\/billetterie\/"},{"@type":"ListItem","position":3,"name":"LE GRAND CABARET du Vieux &#8211; Berquin &#8211; Nouveau spectacle \u00ab\u00a0Madame Plume\u00a0\u00bb"}]},{"@type":"WebSite","@id":"https:\/\/dicolova.com\/fos59\/#website","url":"https:\/\/dicolova.com\/fos59\/","name":"FOS 59","description":"","potentialAction":[{"@type":"SearchAction","target":{"@type":"EntryPoint","urlTemplate":"https:\/\/dicolova.com\/fos59\/?s={search_term_string}"},"query-input":{"@type":"PropertyValueSpecification","valueRequired":true,"valueName":"search_term_string"}}],"inLanguage":"fr-FR"}]}},"_links":{"self":[{"href":"https:\/\/dicolova.com\/fos59\/wp-json\/wp\/v2\/product\/173","targetHints":{"allow":["GET"]}}],"collection":[{"href":"https:\/\/dicolova.com\/fos59\/wp-json\/wp\/v2\/product"}],"about":[{"href":"https:\/\/dicolova.com\/fos59\/wp-json\/wp\/v2\/types\/product"}],"replies":[{"embeddable":true,"href":"https:\/\/dicolova.com\/fos59\/wp-json\/wp\/v2\/comments?post=173"}],"wp:featuredmedia":[{"embeddable":true,"href":"https:\/\/dicolova.com\/fos59\/wp-json\/wp\/v2\/media\/1391"}],"wp:attachment":[{"href":"https:\/\/dicolova.com\/fos59\/wp-json\/wp\/v2\/media?parent=173"}],"wp:term":[{"taxonomy":"product_brand","embeddable":true,"href":"https:\/\/dicolova.com\/fos59\/wp-json\/wp\/v2\/product_brand?post=173"},{"taxonomy":"product_cat","embeddable":true,"href":"https:\/\/dicolova.com\/fos59\/wp-json\/wp\/v2\/product_cat?post=173"},{"taxonomy":"product_tag","embeddable":true,"href":"https:\/\/dicolova.com\/fos59\/wp-json\/wp\/v2\/product_tag?post=173"}],"curies":[{"name":"wp","href":"https:\/\/api.w.org\/{rel}","templated":true}]}}