{"id":168,"date":"2026-01-23T00:00:54","date_gmt":"2026-01-22T23:00:54","guid":{"rendered":"https:\/\/dicolova.com\/fos59\/boutique\/non%20class\u00e9\/ice-mountain\/"},"modified":"2026-02-05T18:07:43","modified_gmt":"2026-02-05T17:07:43","slug":"ice-mountain","status":"publish","type":"product","link":"https:\/\/dicolova.com\/fos59\/boutique\/bien-e%cc%82tre-detente-et-sport\/ice-mountain\/","title":{"rendered":"Ice Mountain \u00e0 Comines &#8211; E-billet"},"content":{"rendered":"<p style=\"text-align: justify\"><strong>Sur une surface de 9000 m2, 2 pistes sur vraie-neige en indoor avec tire-fesses &amp; tapis de remont\u00e9es. En E-billet valable jusqu&rsquo;au 31\/12\/29<\/strong><\/p>\n<p><strong style=\"text-align: justify\">L&rsquo;attraction phare et fondatrice du complexe Ice Mountain Adventure Park\u2026<\/strong><\/p>\n<p style=\"text-align: justify\">Sur une surface de 9 000 m<sup>2<\/sup>, 2 pistes sur vraie-neige en indoor avec tire-fesses &amp; tapis de remont\u00e9es pour gouter &#8211; comme si vous y \u00e9tiez &#8211; \u00e0 cette sensation unique de glisse et \u00e0 la joyeuse ambiance des stations de haute montagne. Ice Mountain, c&rsquo;est une piste \u00e9cole de 85 m\u00e8tres, une piste Ski &amp; Snowboard d&rsquo;une longueur de 210 m\u00e8tres avec toute l&rsquo;ann\u00e9e une couverture de 60 cm d&rsquo;une neige fraiche \u00e0 haut coefficient de glisse produite en permanence in situ.<\/p>\n<h2 class=\"Note\" style=\"text-align: justify\">Attention :<\/h2>\n<ul>\n<li>Pour la s\u00e9curit\u00e9 de tous, l&rsquo;acc\u00e8s aux pistes est subordonn\u00e9 \u00e0 la maitrise \u00e9l\u00e9mentaire de la pratique du Ski ou du Snow-Board. Les visiteurs n&rsquo;ayant jamais pratiqu\u00e9 le ski ou le snowboard ont obligation de s&rsquo;\u00eatre fait dispenser par un moniteur du Staff ICE MOUNTAIN 2 heures de formation-initiation avant de pouvoir acc\u00e9der seuls aux pistes et aux \u00e9quipements (ex: tire-fesses)<\/li>\n<\/ul>\n<h2 class=\"Note\" style=\"text-align: justify\">informations compl\u00e9mentaires :<\/h2>\n<ul>\n<li><strong style=\"color: #636365\">En E-billet valable jusqu&rsquo;au\u00a031\/12\/2029 b<\/strong><strong style=\"color: #636365\">illet non repris et \u00e9changeable 1 fois (en fin de validit\u00e9)<\/strong><\/li>\n<li>Billet valable pour 1 heure de ski ou snowboard (Mat\u00e9riel Compris)<\/li>\n<li>Pour plus d&rsquo;info :<a href=\"http:\/\/www.ice-mountain.com\/fr\" target=\"_blank\" rel=\"noopener\">\u00a0http:\/\/www.ice-mountain.com\/fr<\/a><\/li>\n<li>La temp\u00e9rature des piste s&rsquo;\u00e9l\u00e8ve \u00e0 -6\u00b0. Le port de gants et de v\u00eatements chauds sont obligatoires.<\/li>\n<li>Adapt\u00e9 aux handicap\u00e9s hors vacances scolaires = 1 h de descente en bou\u00e9e \u00e0\u00a012\u20ac + instructeur obligatoire \u00e0 41\u20ac + accompagnateur. Pr\u00e9voir gants et\u00a0v\u00eatements chauds. R\u00e9server 2 semaines \u00e0 l\u2019avance.<\/li>\n<\/ul>\n<p>&nbsp;<\/p>\n","protected":false},"excerpt":{"rendered":"<p><strong><span style=\"color: #0000ff\">Tarif 2025 : en E-billet\u00a0<\/span><\/strong><\/p>\n<p><span style=\"color: #000000\"><strong>Billet non repris et \u00e9changeable 1 fois (en fin de validit\u00e9)<\/strong><\/span><\/p>\n<p><strong><span style=\"color: #0000ff\">Date de validit\u00e9 : 31\/12\/2029<\/span><\/strong><\/p>\n<p><strong>21.10 \u20ac<\/strong>\u00a0 au lieu de 37 \u20ac pour le ski ou le snowboard<\/p>\n<p>Billet valable 1 heure (mat\u00e9riel compris)<\/p>\n<p><strong><span style=\"color: #0000ff\">Bon de commande FOS 59 : <a href=\"https:\/\/dicolova.com\/fos59\/wp-content\/uploads\/sites\/28\/2026\/02\/billetterie.PARC-CINE-DICOLOVA.pdf\">Billetterie.PARC-CINE-DICOLOVA<\/a><\/span><\/strong><\/p>\n","protected":false},"featured_media":102,"comment_status":"closed","ping_status":"closed","template":"","meta":[],"product_brand":[],"product_cat":[126,127],"product_tag":[],"class_list":{"0":"post-168","1":"product","2":"type-product","3":"status-publish","4":"has-post-thumbnail","6":"product_cat-bien-etre-detente-et-sport","7":"product_cat-loisirs-decouvertes-de-plein-air","9":"first","10":"instock","11":"taxable","12":"shipping-taxable","13":"product-type-simple"},"yoast_head":"<!-- This site is optimized with the Yoast SEO plugin v27.5 - https:\/\/yoast.com\/product\/yoast-seo-wordpress\/ -->\n<title>Ice Mountain \u00e0 Comines - E-billet - FOS 59<\/title>\n<meta name=\"robots\" content=\"index, follow, max-snippet:-1, max-image-preview:large, max-video-preview:-1\" \/>\n<link rel=\"canonical\" href=\"https:\/\/dicolova.com\/fos59\/boutique\/bien-e\u0302tre-detente-et-sport\/ice-mountain\/\" \/>\n<meta property=\"og:locale\" content=\"fr_FR\" \/>\n<meta property=\"og:type\" content=\"article\" \/>\n<meta property=\"og:title\" content=\"Ice Mountain \u00e0 Comines - E-billet - FOS 59\" \/>\n<meta property=\"og:description\" content=\"Tarif 2025 : en E-billet\u00a0  Billet non repris et \u00e9changeable 1 fois (en fin de validit\u00e9)  Date de validit\u00e9 : 31\/12\/2029  21.10 \u20ac\u00a0 au lieu de 37 \u20ac pour le ski ou le snowboard  Billet valable 1 heure (mat\u00e9riel compris)  Bon de commande FOS 59 : Billetterie.PARC-CINE-DICOLOVA\" \/>\n<meta property=\"og:url\" content=\"https:\/\/dicolova.com\/fos59\/boutique\/bien-e\u0302tre-detente-et-sport\/ice-mountain\/\" \/>\n<meta property=\"og:site_name\" content=\"FOS 59\" \/>\n<meta property=\"article:modified_time\" content=\"2026-02-05T17:07:43+00:00\" \/>\n<meta property=\"og:image\" content=\"https:\/\/dicolova.com\/fos59\/wp-content\/uploads\/sites\/28\/2016\/05\/icem.jpg\" \/>\n\t<meta property=\"og:image:width\" content=\"294\" \/>\n\t<meta property=\"og:image:height\" content=\"207\" \/>\n\t<meta property=\"og:image:type\" content=\"image\/jpeg\" \/>\n<meta name=\"twitter:card\" content=\"summary_large_image\" \/>\n<meta name=\"twitter:label1\" content=\"Dur\u00e9e de lecture estim\u00e9e\" \/>\n\t<meta name=\"twitter:data1\" content=\"2 minutes\" \/>\n<script type=\"application\/ld+json\" class=\"yoast-schema-graph\">{\"@context\":\"https:\\\/\\\/schema.org\",\"@graph\":[{\"@type\":\"WebPage\",\"@id\":\"https:\\\/\\\/dicolova.com\\\/fos59\\\/boutique\\\/bien-e%cc%82tre-detente-et-sport\\\/ice-mountain\\\/\",\"url\":\"https:\\\/\\\/dicolova.com\\\/fos59\\\/boutique\\\/bien-e%cc%82tre-detente-et-sport\\\/ice-mountain\\\/\",\"name\":\"Ice Mountain \u00e0 Comines - E-billet - FOS 59\",\"isPartOf\":{\"@id\":\"https:\\\/\\\/dicolova.com\\\/fos59\\\/#website\"},\"primaryImageOfPage\":{\"@id\":\"https:\\\/\\\/dicolova.com\\\/fos59\\\/boutique\\\/bien-e%cc%82tre-detente-et-sport\\\/ice-mountain\\\/#primaryimage\"},\"image\":{\"@id\":\"https:\\\/\\\/dicolova.com\\\/fos59\\\/boutique\\\/bien-e%cc%82tre-detente-et-sport\\\/ice-mountain\\\/#primaryimage\"},\"thumbnailUrl\":\"https:\\\/\\\/dicolova.com\\\/fos59\\\/wp-content\\\/uploads\\\/sites\\\/28\\\/2016\\\/05\\\/icem.jpg\",\"datePublished\":\"2026-01-22T23:00:54+00:00\",\"dateModified\":\"2026-02-05T17:07:43+00:00\",\"breadcrumb\":{\"@id\":\"https:\\\/\\\/dicolova.com\\\/fos59\\\/boutique\\\/bien-e%cc%82tre-detente-et-sport\\\/ice-mountain\\\/#breadcrumb\"},\"inLanguage\":\"fr-FR\",\"potentialAction\":[{\"@type\":\"ReadAction\",\"target\":[\"https:\\\/\\\/dicolova.com\\\/fos59\\\/boutique\\\/bien-e%cc%82tre-detente-et-sport\\\/ice-mountain\\\/\"]}]},{\"@type\":\"ImageObject\",\"inLanguage\":\"fr-FR\",\"@id\":\"https:\\\/\\\/dicolova.com\\\/fos59\\\/boutique\\\/bien-e%cc%82tre-detente-et-sport\\\/ice-mountain\\\/#primaryimage\",\"url\":\"https:\\\/\\\/dicolova.com\\\/fos59\\\/wp-content\\\/uploads\\\/sites\\\/28\\\/2016\\\/05\\\/icem.jpg\",\"contentUrl\":\"https:\\\/\\\/dicolova.com\\\/fos59\\\/wp-content\\\/uploads\\\/sites\\\/28\\\/2016\\\/05\\\/icem.jpg\",\"width\":294,\"height\":207},{\"@type\":\"BreadcrumbList\",\"@id\":\"https:\\\/\\\/dicolova.com\\\/fos59\\\/boutique\\\/bien-e%cc%82tre-detente-et-sport\\\/ice-mountain\\\/#breadcrumb\",\"itemListElement\":[{\"@type\":\"ListItem\",\"position\":1,\"name\":\"Accueil\",\"item\":\"https:\\\/\\\/dicolova.com\\\/fos59\\\/\"},{\"@type\":\"ListItem\",\"position\":2,\"name\":\"Billetterie\",\"item\":\"https:\\\/\\\/dicolova.com\\\/fos59\\\/billetterie\\\/\"},{\"@type\":\"ListItem\",\"position\":3,\"name\":\"Ice Mountain \u00e0 Comines &#8211; E-billet\"}]},{\"@type\":\"WebSite\",\"@id\":\"https:\\\/\\\/dicolova.com\\\/fos59\\\/#website\",\"url\":\"https:\\\/\\\/dicolova.com\\\/fos59\\\/\",\"name\":\"FOS 59\",\"description\":\"\",\"potentialAction\":[{\"@type\":\"SearchAction\",\"target\":{\"@type\":\"EntryPoint\",\"urlTemplate\":\"https:\\\/\\\/dicolova.com\\\/fos59\\\/?s={search_term_string}\"},\"query-input\":{\"@type\":\"PropertyValueSpecification\",\"valueRequired\":true,\"valueName\":\"search_term_string\"}}],\"inLanguage\":\"fr-FR\"}]}<\/script>\n<!-- \/ Yoast SEO plugin. -->","yoast_head_json":{"title":"Ice Mountain \u00e0 Comines - E-billet - FOS 59","robots":{"index":"index","follow":"follow","max-snippet":"max-snippet:-1","max-image-preview":"max-image-preview:large","max-video-preview":"max-video-preview:-1"},"canonical":"https:\/\/dicolova.com\/fos59\/boutique\/bien-e\u0302tre-detente-et-sport\/ice-mountain\/","og_locale":"fr_FR","og_type":"article","og_title":"Ice Mountain \u00e0 Comines - E-billet - FOS 59","og_description":"Tarif 2025 : en E-billet\u00a0  Billet non repris et \u00e9changeable 1 fois (en fin de validit\u00e9)  Date de validit\u00e9 : 31\/12\/2029  21.10 \u20ac\u00a0 au lieu de 37 \u20ac pour le ski ou le snowboard  Billet valable 1 heure (mat\u00e9riel compris)  Bon de commande FOS 59 : Billetterie.PARC-CINE-DICOLOVA","og_url":"https:\/\/dicolova.com\/fos59\/boutique\/bien-e\u0302tre-detente-et-sport\/ice-mountain\/","og_site_name":"FOS 59","article_modified_time":"2026-02-05T17:07:43+00:00","og_image":[{"width":294,"height":207,"url":"https:\/\/dicolova.com\/fos59\/wp-content\/uploads\/sites\/28\/2016\/05\/icem.jpg","type":"image\/jpeg"}],"twitter_card":"summary_large_image","twitter_misc":{"Dur\u00e9e de lecture estim\u00e9e":"2 minutes"},"schema":{"@context":"https:\/\/schema.org","@graph":[{"@type":"WebPage","@id":"https:\/\/dicolova.com\/fos59\/boutique\/bien-e%cc%82tre-detente-et-sport\/ice-mountain\/","url":"https:\/\/dicolova.com\/fos59\/boutique\/bien-e%cc%82tre-detente-et-sport\/ice-mountain\/","name":"Ice Mountain \u00e0 Comines - E-billet - FOS 59","isPartOf":{"@id":"https:\/\/dicolova.com\/fos59\/#website"},"primaryImageOfPage":{"@id":"https:\/\/dicolova.com\/fos59\/boutique\/bien-e%cc%82tre-detente-et-sport\/ice-mountain\/#primaryimage"},"image":{"@id":"https:\/\/dicolova.com\/fos59\/boutique\/bien-e%cc%82tre-detente-et-sport\/ice-mountain\/#primaryimage"},"thumbnailUrl":"https:\/\/dicolova.com\/fos59\/wp-content\/uploads\/sites\/28\/2016\/05\/icem.jpg","datePublished":"2026-01-22T23:00:54+00:00","dateModified":"2026-02-05T17:07:43+00:00","breadcrumb":{"@id":"https:\/\/dicolova.com\/fos59\/boutique\/bien-e%cc%82tre-detente-et-sport\/ice-mountain\/#breadcrumb"},"inLanguage":"fr-FR","potentialAction":[{"@type":"ReadAction","target":["https:\/\/dicolova.com\/fos59\/boutique\/bien-e%cc%82tre-detente-et-sport\/ice-mountain\/"]}]},{"@type":"ImageObject","inLanguage":"fr-FR","@id":"https:\/\/dicolova.com\/fos59\/boutique\/bien-e%cc%82tre-detente-et-sport\/ice-mountain\/#primaryimage","url":"https:\/\/dicolova.com\/fos59\/wp-content\/uploads\/sites\/28\/2016\/05\/icem.jpg","contentUrl":"https:\/\/dicolova.com\/fos59\/wp-content\/uploads\/sites\/28\/2016\/05\/icem.jpg","width":294,"height":207},{"@type":"BreadcrumbList","@id":"https:\/\/dicolova.com\/fos59\/boutique\/bien-e%cc%82tre-detente-et-sport\/ice-mountain\/#breadcrumb","itemListElement":[{"@type":"ListItem","position":1,"name":"Accueil","item":"https:\/\/dicolova.com\/fos59\/"},{"@type":"ListItem","position":2,"name":"Billetterie","item":"https:\/\/dicolova.com\/fos59\/billetterie\/"},{"@type":"ListItem","position":3,"name":"Ice Mountain \u00e0 Comines &#8211; E-billet"}]},{"@type":"WebSite","@id":"https:\/\/dicolova.com\/fos59\/#website","url":"https:\/\/dicolova.com\/fos59\/","name":"FOS 59","description":"","potentialAction":[{"@type":"SearchAction","target":{"@type":"EntryPoint","urlTemplate":"https:\/\/dicolova.com\/fos59\/?s={search_term_string}"},"query-input":{"@type":"PropertyValueSpecification","valueRequired":true,"valueName":"search_term_string"}}],"inLanguage":"fr-FR"}]}},"_links":{"self":[{"href":"https:\/\/dicolova.com\/fos59\/wp-json\/wp\/v2\/product\/168","targetHints":{"allow":["GET"]}}],"collection":[{"href":"https:\/\/dicolova.com\/fos59\/wp-json\/wp\/v2\/product"}],"about":[{"href":"https:\/\/dicolova.com\/fos59\/wp-json\/wp\/v2\/types\/product"}],"replies":[{"embeddable":true,"href":"https:\/\/dicolova.com\/fos59\/wp-json\/wp\/v2\/comments?post=168"}],"wp:featuredmedia":[{"embeddable":true,"href":"https:\/\/dicolova.com\/fos59\/wp-json\/wp\/v2\/media\/102"}],"wp:attachment":[{"href":"https:\/\/dicolova.com\/fos59\/wp-json\/wp\/v2\/media?parent=168"}],"wp:term":[{"taxonomy":"product_brand","embeddable":true,"href":"https:\/\/dicolova.com\/fos59\/wp-json\/wp\/v2\/product_brand?post=168"},{"taxonomy":"product_cat","embeddable":true,"href":"https:\/\/dicolova.com\/fos59\/wp-json\/wp\/v2\/product_cat?post=168"},{"taxonomy":"product_tag","embeddable":true,"href":"https:\/\/dicolova.com\/fos59\/wp-json\/wp\/v2\/product_tag?post=168"}],"curies":[{"name":"wp","href":"https:\/\/api.w.org\/{rel}","templated":true}]}}