{"id":166,"date":"2026-01-23T00:00:53","date_gmt":"2026-01-22T23:00:53","guid":{"rendered":"https:\/\/dicolova.com\/fos59\/boutique\/non%20class\u00e9\/centre-historique-minier\/"},"modified":"2026-02-05T18:08:21","modified_gmt":"2026-02-05T17:08:21","slug":"centre-historique-minier","status":"publish","type":"product","link":"https:\/\/dicolova.com\/fos59\/boutique\/loisirs-decouvertes-de-plein-air\/centre-historique-minier\/","title":{"rendered":"Centre Historique Minier &#8211; Lewarde"},"content":{"rendered":"<p><span style=\"color: #0000ff\"><strong>Pas de date de validit\u00e9 sur les billets.<\/strong><\/span><\/p>\n<p><strong style=\"background-color: transparent;color: #ea560d;font-family: Arial, sans-serif;font-size: 16px;text-transform: uppercase\">LE PLUS IMPORTANT MUS\u00c9E DE LA MINE EN FRANCE.<\/strong><\/p>\n<p>Cr\u00e9\u00e9 \u00e0 l\u2019initiative des Houill\u00e8res en 1982, le Centre Historique Minier ouvre au public en 1984 avec pour mission de conserver et valoriser la culture mini\u00e8re du Nord-Pas de Calais, afin de t\u00e9moigner aupr\u00e8s des g\u00e9n\u00e9rations futures des trois si\u00e8cles d\u2019activit\u00e9 mini\u00e8re.<\/p>\n<p>Trois structures le composent :\u00a0<a href=\"https:\/\/www.chm-lewarde.com\/fr\/le-centre-historique-minier\/le-musee\/\" target=\"_blank\" rel=\"noopener\">un mus\u00e9e de la mine<\/a>,\u00a0<a href=\"https:\/\/www.chm-lewarde.com\/fr\/le-centre-historique-minier\/le-centre-darchives-et-de-ressources-documentaires\/\">un centre de ressources documentaires<\/a>\u00a0qui conserve les archives des compagnies mini\u00e8res et des \u00a0Houill\u00e8res du Bassin Minier du Nord-Pas de Calais et\u00a0<a href=\"https:\/\/www.chm-lewarde.com\/fr\/le-centre-historique-minier\/ccse\/\">un centre de culture scientifique de l\u2019\u00e9nergie<\/a>\u00a0pour replacer l\u2019histoire du charbon dans l\u2019histoire plus g\u00e9n\u00e9rale des \u00e9nergies.<\/p>\n<p>Peu \u00e0 peu le site prend l\u2019apparence qu\u2019il poss\u00e8de aujourd\u2019hui : la verri\u00e8re des machines, les galeries et les premi\u00e8res expositions th\u00e9matiques sont install\u00e9es dans les ann\u00e9es 1980. Puis dans les ann\u00e9es 90, des politiques\u00a0\u00e9v\u00e9nementielle\u00a0et\u00a0\u00e9ditoriale\u00a0sont mises en place :\u00a0plusieurs expositions temporaires et \u00e9v\u00e9nements (Nuit europ\u00e9enne des mus\u00e9es, Journ\u00e9es europ\u00e9ennes du patrimoine, Ateliers du galibot\u2026) sont propos\u00e9s chaque ann\u00e9e au public du Centre\u00a0et\u00a0un nouveau titre voit le jour r\u00e9guli\u00e8rement dans l\u2019une des deux collections \u00e9dit\u00e9es par le Centre.<\/p>\n<p>Arriv\u00e9 \u00e0 saturation dans ses capacit\u00e9s d\u2019accueil de visiteurs, le Centre Historique Minier b\u00e9n\u00e9ficie de travaux de restructuration dans les ann\u00e9es 2000 qui se traduisent par 4000 m\u00b2 de b\u00e2timents neufs ou r\u00e9am\u00e9nag\u00e9s : un nouveau b\u00e2timent d\u2019accueil pour accueillir le public dans des conditions plus confortables et de nouveaux espaces d\u2019expositions permanentes et temporaires.<\/p>\n<p>Aujourd\u2019hui, 165 000 visiteurs sont accueillis chaque ann\u00e9e sur ce site class\u00e9 Monument Historique, qui appartient \u00e0 la R\u00e9gion Hauts-de-France, et qui constitue depuis 2012 l\u2019un des sites remarquables du bassin minier inscrit au patrimoine mondial de l\u2019Unesco. Il est \u00e9galement soutenu par l\u2019\u00c9tat fran\u00e7ais, la Communaut\u00e9 d\u2019agglom\u00e9ration Douaisis Agglo et la Communaut\u00e9 de Communes C\u0153ur d\u2019Ostrevent.<\/p>\n","protected":false},"excerpt":{"rendered":"<p>Tarif 2026 :<\/p>\n<p>Adulte<strong> 11,70 \u20ac<\/strong> au lieu de 14,50 \u20ac<\/p>\n<p>Enfant <strong>7,30 \u20ac<\/strong> au lieu de 8,70 \u20ac (5 \u00e0 18 ans inclus)<\/p>\n<p><strong>Pas de date de validit\u00e9 sur les billets<\/strong><\/p>\n<p><strong><span style=\"color: #0000ff\">Bon de commande FOS 59 : <a href=\"https:\/\/dicolova.com\/fos59\/wp-content\/uploads\/sites\/28\/2026\/02\/billetterie.PARC-CINE-DICOLOVA.pdf\">Billetterie.PARC-CINE-DICOLOVA<\/a><\/span><\/strong><\/p>\n<p>&nbsp;<\/p>\n","protected":false},"featured_media":94,"comment_status":"closed","ping_status":"closed","template":"","meta":[],"product_brand":[],"product_cat":[127],"product_tag":[],"class_list":{"0":"post-166","1":"product","2":"type-product","3":"status-publish","4":"has-post-thumbnail","6":"product_cat-loisirs-decouvertes-de-plein-air","8":"first","9":"instock","10":"taxable","11":"shipping-taxable","12":"product-type-simple"},"yoast_head":"<!-- This site is optimized with the Yoast SEO plugin v27.5 - https:\/\/yoast.com\/product\/yoast-seo-wordpress\/ -->\n<title>Centre Historique Minier - Lewarde - FOS 59<\/title>\n<meta name=\"robots\" content=\"index, follow, max-snippet:-1, max-image-preview:large, max-video-preview:-1\" \/>\n<link rel=\"canonical\" href=\"https:\/\/dicolova.com\/fos59\/boutique\/loisirs-decouvertes-de-plein-air\/centre-historique-minier\/\" \/>\n<meta property=\"og:locale\" content=\"fr_FR\" \/>\n<meta property=\"og:type\" content=\"article\" \/>\n<meta property=\"og:title\" content=\"Centre Historique Minier - Lewarde - FOS 59\" \/>\n<meta property=\"og:description\" content=\"Tarif 2026 :  Adulte 11,70 \u20ac au lieu de 14,50 \u20ac  Enfant 7,30 \u20ac au lieu de 8,70 \u20ac (5 \u00e0 18 ans inclus)  Pas de date de validit\u00e9 sur les billets  Bon de commande FOS 59 : Billetterie.PARC-CINE-DICOLOVA  &nbsp;\" \/>\n<meta property=\"og:url\" content=\"https:\/\/dicolova.com\/fos59\/boutique\/loisirs-decouvertes-de-plein-air\/centre-historique-minier\/\" \/>\n<meta property=\"og:site_name\" content=\"FOS 59\" \/>\n<meta property=\"article:modified_time\" content=\"2026-02-05T17:08:21+00:00\" \/>\n<meta property=\"og:image\" content=\"https:\/\/dicolova.com\/fos59\/wp-content\/uploads\/sites\/28\/2016\/05\/24.jpg\" \/>\n\t<meta property=\"og:image:width\" content=\"339\" \/>\n\t<meta property=\"og:image:height\" content=\"209\" \/>\n\t<meta property=\"og:image:type\" content=\"image\/jpeg\" \/>\n<meta name=\"twitter:card\" content=\"summary_large_image\" \/>\n<meta name=\"twitter:label1\" content=\"Dur\u00e9e de lecture estim\u00e9e\" \/>\n\t<meta name=\"twitter:data1\" content=\"2 minutes\" \/>\n<script type=\"application\/ld+json\" class=\"yoast-schema-graph\">{\"@context\":\"https:\\\/\\\/schema.org\",\"@graph\":[{\"@type\":\"WebPage\",\"@id\":\"https:\\\/\\\/dicolova.com\\\/fos59\\\/boutique\\\/loisirs-decouvertes-de-plein-air\\\/centre-historique-minier\\\/\",\"url\":\"https:\\\/\\\/dicolova.com\\\/fos59\\\/boutique\\\/loisirs-decouvertes-de-plein-air\\\/centre-historique-minier\\\/\",\"name\":\"Centre Historique Minier - Lewarde - FOS 59\",\"isPartOf\":{\"@id\":\"https:\\\/\\\/dicolova.com\\\/fos59\\\/#website\"},\"primaryImageOfPage\":{\"@id\":\"https:\\\/\\\/dicolova.com\\\/fos59\\\/boutique\\\/loisirs-decouvertes-de-plein-air\\\/centre-historique-minier\\\/#primaryimage\"},\"image\":{\"@id\":\"https:\\\/\\\/dicolova.com\\\/fos59\\\/boutique\\\/loisirs-decouvertes-de-plein-air\\\/centre-historique-minier\\\/#primaryimage\"},\"thumbnailUrl\":\"https:\\\/\\\/dicolova.com\\\/fos59\\\/wp-content\\\/uploads\\\/sites\\\/28\\\/2016\\\/05\\\/24.jpg\",\"datePublished\":\"2026-01-22T23:00:53+00:00\",\"dateModified\":\"2026-02-05T17:08:21+00:00\",\"breadcrumb\":{\"@id\":\"https:\\\/\\\/dicolova.com\\\/fos59\\\/boutique\\\/loisirs-decouvertes-de-plein-air\\\/centre-historique-minier\\\/#breadcrumb\"},\"inLanguage\":\"fr-FR\",\"potentialAction\":[{\"@type\":\"ReadAction\",\"target\":[\"https:\\\/\\\/dicolova.com\\\/fos59\\\/boutique\\\/loisirs-decouvertes-de-plein-air\\\/centre-historique-minier\\\/\"]}]},{\"@type\":\"ImageObject\",\"inLanguage\":\"fr-FR\",\"@id\":\"https:\\\/\\\/dicolova.com\\\/fos59\\\/boutique\\\/loisirs-decouvertes-de-plein-air\\\/centre-historique-minier\\\/#primaryimage\",\"url\":\"https:\\\/\\\/dicolova.com\\\/fos59\\\/wp-content\\\/uploads\\\/sites\\\/28\\\/2016\\\/05\\\/24.jpg\",\"contentUrl\":\"https:\\\/\\\/dicolova.com\\\/fos59\\\/wp-content\\\/uploads\\\/sites\\\/28\\\/2016\\\/05\\\/24.jpg\",\"width\":339,\"height\":209},{\"@type\":\"BreadcrumbList\",\"@id\":\"https:\\\/\\\/dicolova.com\\\/fos59\\\/boutique\\\/loisirs-decouvertes-de-plein-air\\\/centre-historique-minier\\\/#breadcrumb\",\"itemListElement\":[{\"@type\":\"ListItem\",\"position\":1,\"name\":\"Accueil\",\"item\":\"https:\\\/\\\/dicolova.com\\\/fos59\\\/\"},{\"@type\":\"ListItem\",\"position\":2,\"name\":\"Billetterie\",\"item\":\"https:\\\/\\\/dicolova.com\\\/fos59\\\/billetterie\\\/\"},{\"@type\":\"ListItem\",\"position\":3,\"name\":\"Centre Historique Minier &#8211; Lewarde\"}]},{\"@type\":\"WebSite\",\"@id\":\"https:\\\/\\\/dicolova.com\\\/fos59\\\/#website\",\"url\":\"https:\\\/\\\/dicolova.com\\\/fos59\\\/\",\"name\":\"FOS 59\",\"description\":\"\",\"potentialAction\":[{\"@type\":\"SearchAction\",\"target\":{\"@type\":\"EntryPoint\",\"urlTemplate\":\"https:\\\/\\\/dicolova.com\\\/fos59\\\/?s={search_term_string}\"},\"query-input\":{\"@type\":\"PropertyValueSpecification\",\"valueRequired\":true,\"valueName\":\"search_term_string\"}}],\"inLanguage\":\"fr-FR\"}]}<\/script>\n<!-- \/ Yoast SEO plugin. -->","yoast_head_json":{"title":"Centre Historique Minier - Lewarde - FOS 59","robots":{"index":"index","follow":"follow","max-snippet":"max-snippet:-1","max-image-preview":"max-image-preview:large","max-video-preview":"max-video-preview:-1"},"canonical":"https:\/\/dicolova.com\/fos59\/boutique\/loisirs-decouvertes-de-plein-air\/centre-historique-minier\/","og_locale":"fr_FR","og_type":"article","og_title":"Centre Historique Minier - Lewarde - FOS 59","og_description":"Tarif 2026 :  Adulte 11,70 \u20ac au lieu de 14,50 \u20ac  Enfant 7,30 \u20ac au lieu de 8,70 \u20ac (5 \u00e0 18 ans inclus)  Pas de date de validit\u00e9 sur les billets  Bon de commande FOS 59 : Billetterie.PARC-CINE-DICOLOVA  &nbsp;","og_url":"https:\/\/dicolova.com\/fos59\/boutique\/loisirs-decouvertes-de-plein-air\/centre-historique-minier\/","og_site_name":"FOS 59","article_modified_time":"2026-02-05T17:08:21+00:00","og_image":[{"width":339,"height":209,"url":"https:\/\/dicolova.com\/fos59\/wp-content\/uploads\/sites\/28\/2016\/05\/24.jpg","type":"image\/jpeg"}],"twitter_card":"summary_large_image","twitter_misc":{"Dur\u00e9e de lecture estim\u00e9e":"2 minutes"},"schema":{"@context":"https:\/\/schema.org","@graph":[{"@type":"WebPage","@id":"https:\/\/dicolova.com\/fos59\/boutique\/loisirs-decouvertes-de-plein-air\/centre-historique-minier\/","url":"https:\/\/dicolova.com\/fos59\/boutique\/loisirs-decouvertes-de-plein-air\/centre-historique-minier\/","name":"Centre Historique Minier - Lewarde - FOS 59","isPartOf":{"@id":"https:\/\/dicolova.com\/fos59\/#website"},"primaryImageOfPage":{"@id":"https:\/\/dicolova.com\/fos59\/boutique\/loisirs-decouvertes-de-plein-air\/centre-historique-minier\/#primaryimage"},"image":{"@id":"https:\/\/dicolova.com\/fos59\/boutique\/loisirs-decouvertes-de-plein-air\/centre-historique-minier\/#primaryimage"},"thumbnailUrl":"https:\/\/dicolova.com\/fos59\/wp-content\/uploads\/sites\/28\/2016\/05\/24.jpg","datePublished":"2026-01-22T23:00:53+00:00","dateModified":"2026-02-05T17:08:21+00:00","breadcrumb":{"@id":"https:\/\/dicolova.com\/fos59\/boutique\/loisirs-decouvertes-de-plein-air\/centre-historique-minier\/#breadcrumb"},"inLanguage":"fr-FR","potentialAction":[{"@type":"ReadAction","target":["https:\/\/dicolova.com\/fos59\/boutique\/loisirs-decouvertes-de-plein-air\/centre-historique-minier\/"]}]},{"@type":"ImageObject","inLanguage":"fr-FR","@id":"https:\/\/dicolova.com\/fos59\/boutique\/loisirs-decouvertes-de-plein-air\/centre-historique-minier\/#primaryimage","url":"https:\/\/dicolova.com\/fos59\/wp-content\/uploads\/sites\/28\/2016\/05\/24.jpg","contentUrl":"https:\/\/dicolova.com\/fos59\/wp-content\/uploads\/sites\/28\/2016\/05\/24.jpg","width":339,"height":209},{"@type":"BreadcrumbList","@id":"https:\/\/dicolova.com\/fos59\/boutique\/loisirs-decouvertes-de-plein-air\/centre-historique-minier\/#breadcrumb","itemListElement":[{"@type":"ListItem","position":1,"name":"Accueil","item":"https:\/\/dicolova.com\/fos59\/"},{"@type":"ListItem","position":2,"name":"Billetterie","item":"https:\/\/dicolova.com\/fos59\/billetterie\/"},{"@type":"ListItem","position":3,"name":"Centre Historique Minier &#8211; Lewarde"}]},{"@type":"WebSite","@id":"https:\/\/dicolova.com\/fos59\/#website","url":"https:\/\/dicolova.com\/fos59\/","name":"FOS 59","description":"","potentialAction":[{"@type":"SearchAction","target":{"@type":"EntryPoint","urlTemplate":"https:\/\/dicolova.com\/fos59\/?s={search_term_string}"},"query-input":{"@type":"PropertyValueSpecification","valueRequired":true,"valueName":"search_term_string"}}],"inLanguage":"fr-FR"}]}},"_links":{"self":[{"href":"https:\/\/dicolova.com\/fos59\/wp-json\/wp\/v2\/product\/166","targetHints":{"allow":["GET"]}}],"collection":[{"href":"https:\/\/dicolova.com\/fos59\/wp-json\/wp\/v2\/product"}],"about":[{"href":"https:\/\/dicolova.com\/fos59\/wp-json\/wp\/v2\/types\/product"}],"replies":[{"embeddable":true,"href":"https:\/\/dicolova.com\/fos59\/wp-json\/wp\/v2\/comments?post=166"}],"wp:featuredmedia":[{"embeddable":true,"href":"https:\/\/dicolova.com\/fos59\/wp-json\/wp\/v2\/media\/94"}],"wp:attachment":[{"href":"https:\/\/dicolova.com\/fos59\/wp-json\/wp\/v2\/media?parent=166"}],"wp:term":[{"taxonomy":"product_brand","embeddable":true,"href":"https:\/\/dicolova.com\/fos59\/wp-json\/wp\/v2\/product_brand?post=166"},{"taxonomy":"product_cat","embeddable":true,"href":"https:\/\/dicolova.com\/fos59\/wp-json\/wp\/v2\/product_cat?post=166"},{"taxonomy":"product_tag","embeddable":true,"href":"https:\/\/dicolova.com\/fos59\/wp-json\/wp\/v2\/product_tag?post=166"}],"curies":[{"name":"wp","href":"https:\/\/api.w.org\/{rel}","templated":true}]}}