{"id":165,"date":"2026-01-23T00:00:52","date_gmt":"2026-01-22T23:00:52","guid":{"rendered":"https:\/\/dicolova.com\/fos59\/boutique\/non%20class\u00e9\/pairi-daiza\/"},"modified":"2026-02-05T18:27:19","modified_gmt":"2026-02-05T17:27:19","slug":"pairi-daiza","status":"publish","type":"product","link":"https:\/\/dicolova.com\/fos59\/boutique\/loisirs-decouvertes-de-plein-air\/pairi-daiza\/","title":{"rendered":"Pairi Daiza en E-billet"},"content":{"rendered":"<p><strong>Pairi Daiza\u00a0 en <span style=\"background-color: #ffff00\">E-billet valable jusqu&rsquo;au 3\/01\/2027<\/span><\/strong><\/p>\n<p><span style=\"background-color: #ffff00\"><strong>Les E-billets ne sont ni repris, ni \u00e9chang\u00e9s<\/strong><\/span><\/p>\n<div class=\"world__content--left\" data-v-4faf722a=\"\">\n<h1 class=\"world__content__title\" data-v-4faf722a=\"\" data-staggered=\"\">Edenya<\/h1>\n<\/div>\n<div class=\"world__content--right\" data-v-4faf722a=\"\">\n<h2 class=\"world__content__subtitle\" data-v-4faf722a=\"\" data-staggered=\"\">Ouverture le 7 f\u00e9vrier 2026<\/h2>\n<div class=\"t-intro\" data-v-4faf722a=\"\" data-staggered=\"\">\n<p>Sous une verri\u00e8re de\u00a0<strong>quatre hectares<\/strong>, Edenya vous d\u00e9voile un\u00a0<strong>monde tropical unique o\u00f9 la vie s\u2019exprime pleinement\u00a0<\/strong>: cascade majestueuse, rivi\u00e8res cristallines, jungle anim\u00e9e et plage baign\u00e9e de lumi\u00e8re.\u00a0<strong>Partez \u00e0 la rencontre d\u2019animaux rares et fascinants,\u00a0tels que le jaguar et le lamantin<\/strong>, explorez l\u2019un des plus grands territoires de papillons d\u2019Europe, et laissez-vous surprendre par des \u0153uvres d\u2019art et des architectures d\u2019exception. Une\u00a0<strong>exp\u00e9rience immersive<\/strong>, o\u00f9 chaque pas r\u00e9v\u00e8le un paysage unique, \u00e0 la fois saisissant et profond\u00e9ment inspirant.<\/p>\n<p>La\u00a0<strong>plus grande serre tropicale au monde<\/strong>\u00a0vous ouvre ses portes.<\/p>\n<p>&nbsp;<\/p>\n<\/div>\n<\/div>\n<p>Les Terres Disparues<\/p>\n<div class=\"world__content--right\" data-v-4faf722a=\"\">\n<h2 class=\"world__content__subtitle\" data-staggered=\"\" data-v-4faf722a=\"\">Une immersion spectaculaire dans le monde pr\u00e9historique<\/h2>\n<div class=\"t-intro\" data-staggered=\"\" data-v-4faf722a=\"\">\n<p>Bienvenue \u00e0\u00a0<strong>Pr\u00e9hi Daiza<\/strong>, o\u00f9 le temps s\u2019efface pour vous plonger au c\u0153ur d\u2019un monde disparu.\u00a0<strong>Un monde o\u00f9 les dinosaures dominaient la Terre<\/strong>, o\u00f9 d\u2019immenses cr\u00e9atures foulaient le sol, et o\u00f9 la nature sauvage r\u00e9gnait sans partage.<\/p>\n<p>Gr\u00e2ce \u00e0 cette exposition unique,\u00a0<strong>partez \u00e0 la rencontre des g\u00e9ants du pass\u00e9<\/strong>\u00a0et d\u00e9couvrez comment ils ont v\u00e9cu, \u00e9volu\u00e9 et surv\u00e9cu dans des environnements aussi divers que fascinants. Des plaines verdoyantes aux p\u00f4les glac\u00e9s, des for\u00eats luxuriantes aux terres arides, chaque esp\u00e8ce a su s\u2019adapter pour prosp\u00e9rer pendant des millions d\u2019ann\u00e9es.<\/p>\n<\/div>\n<\/div>\n<h2>Bienvenue dans le Jardin des Mondes<\/h2>\n<ul>\n<li>Pairi Daiza signifie, en vieux persan, \u00ab jardin clos \u00bb. Il s\u2019agit de la plus ancienne d\u00e9nomination jamais donn\u00e9e au \u00ab paradis \u00bb. D\u00e8s lors, quel plus beau nom que celui-l\u00e0 pour vous accueillir dans ce Jardin extraordinaire ?<\/li>\n<li>Un jardin de 55 hectares, r\u00eav\u00e9 au pied des ruines de l\u2019abbaye cistercienne de Cambron, et prot\u00e9g\u00e9 du monde ext\u00e9rieur par un mur de trois kilom\u00e8tres de long ? Entrez\u2026 oubliez vos soucis et laissez-vous toucher par ce que vous allez voir. Par la nature, d\u2019abord, avec ses arbres s\u00e9culaires, ses fleurs si belles, ses plantes luxuriantes venues du bout du monde. Par les tr\u00e9sors d\u2019architecture et d\u2019artisanat, tous authentiques, r\u00e9alis\u00e9s par ces hommes aux doigts d\u2019or venus de Chine, d\u2019Indon\u00e9sie, de Tha\u00eflande,\u2026 Laissez-vous toucher par les 5000 animaux qui vivent en harmonie.<\/li>\n<\/ul>\n<h2>informations compl\u00e9mentaires :<\/h2>\n<ul>\n<li><strong>Billet disponible en E-billet valable toute la saison 2026<\/strong><\/li>\n<li>Les E-billets ne sont ni repris, ni \u00e9chang\u00e9s<\/li>\n<li>En 2026, votre billet d\u2019entr\u00e9e individuelle\u00a0CSE\u00a0donnera acc\u00e8s \u00e0 Edenya.<br \/>\nLe code figurant sur ce billet permettra de\u00a0<b>r\u00e9server \u00e0 l\u2019avance un horaire d\u2019entr\u00e9e \u00e0 Edenya<\/b>. Cette r\u00e9servation pr\u00e9alable est\u00a0<b>obligatoire<\/b>, afin de garantir l\u2019acc\u00e8s \u00e0 ce nouveau Monde le jour de la visite et d\u2019assurer une exp\u00e9rience optimale pour tous.<\/li>\n<li>N\u2019h\u00e9sitez pas \u00e0 consulter les horaires d\u2019ouverture sur\u00a0:\u00a0<a href=\"https:\/\/www.pairidaiza.eu\/fr\/horaires-douverture-2019\" target=\"_blank\" rel=\"noopener\">https:\/\/www.pairidaiza.eu\/fr\/horaires-douverture<\/a><\/li>\n<li>Tarif personne en situation de handicap : billet \u00e0 acheter sur le site :\u00a0<a href=\"http:\/\/www.pairidaiza.eu\/\">http:\/\/www.pairidaiza.eu\/<\/a><\/li>\n<li>Des chaises roulantes sont mises gracieusement \u00e0 disposition au bureau d\u2019accueil, sur r\u00e9servation pr\u00e9alable (et sous r\u00e9serve de disponibilit\u00e9s)<\/li>\n<\/ul>\n<p>&nbsp;<\/p>\n<p>&nbsp;<\/p>\n","protected":false},"excerpt":{"rendered":"<p>Tarif 2025 en e-billet<span style=\"color: #0000ff\"> valable jusqu&rsquo;au 31\/01\/2027<\/span><\/p>\n<p><span style=\"color: #0000ff\"><strong>Les billets ne sont ni repris, ni \u00e9chang\u00e9s<\/strong><\/span><\/p>\n<p><img decoding=\"async\" class=\"emoji emoji-unified emoji1f449\" src=\"https:\/\/mail01.orange.fr\/appsuite\/apps\/themes\/login\/1x1.gif\" alt=\"\ud83d\udc49\" data-emoji-unicode=\"\ud83d\udc49\" \/>\u00a0<b>Bonne nouvelle\u00a0 :<\/b><br \/>\nEn 2026, votre billet d\u2019entr\u00e9e individuelle\u00a0CSE\u00a0donnera acc\u00e8s \u00e0 Edenya.<br \/>\nLe code figurant sur ce billet permettra de\u00a0<b>r\u00e9server \u00e0 l\u2019avance un horaire d\u2019entr\u00e9e \u00e0 Edenya<\/b>. Cette r\u00e9servation pr\u00e9alable est\u00a0<b>obligatoire<\/b>, afin de garantir l\u2019acc\u00e8s \u00e0 ce nouveau Monde le jour de la visite et d\u2019assurer une exp\u00e9rience optimale pour tous.<\/p>\n<p><span style=\"font-family: 'times new roman', times, serif\">Adulte <strong><em>(acc\u00e8s Pairi Daiza + acc\u00e8s Edenya)<\/em><\/strong> \u00a0<strong>48.10 \u20ac<\/strong> au lieu de 56 \u20ac<\/span><\/p>\n<p><span style=\"font-family: 'times new roman', times, serif\">Enfant <strong><em>(acc\u00e8s Pairi Daiza + acc\u00e8s Edenya)<\/em><\/strong> <strong>42.60 \u20ac<\/strong> au lieu de 50 \u20ac (3 \u00e0 11 ans inclus)<\/span><\/p>\n<p>Pour les PMR il y a les prix sur le site<\/p>\n<p><span style=\"color: #0000ff\"><strong>Bon de commande FOS 59 : <a href=\"https:\/\/dicolova.com\/fos59\/wp-content\/uploads\/sites\/28\/2026\/02\/billetterie.PARC-CINE-DICOLOVA.pdf\">Billetterie.PARC-CINE-DICOLOVA<\/a><\/strong><\/span><\/p>\n","protected":false},"featured_media":1343,"comment_status":"closed","ping_status":"closed","template":"","meta":[],"product_brand":[],"product_cat":[127],"product_tag":[],"class_list":{"0":"post-165","1":"product","2":"type-product","3":"status-publish","4":"has-post-thumbnail","6":"product_cat-loisirs-decouvertes-de-plein-air","8":"first","9":"instock","10":"taxable","11":"shipping-taxable","12":"product-type-simple"},"yoast_head":"<!-- This site is optimized with the Yoast SEO plugin v27.5 - https:\/\/yoast.com\/product\/yoast-seo-wordpress\/ -->\n<title>Pairi Daiza en E-billet - FOS 59<\/title>\n<meta name=\"robots\" content=\"index, follow, max-snippet:-1, max-image-preview:large, max-video-preview:-1\" \/>\n<link rel=\"canonical\" href=\"https:\/\/dicolova.com\/fos59\/boutique\/loisirs-decouvertes-de-plein-air\/pairi-daiza\/\" \/>\n<meta property=\"og:locale\" content=\"fr_FR\" \/>\n<meta property=\"og:type\" content=\"article\" \/>\n<meta property=\"og:title\" content=\"Pairi Daiza en E-billet - FOS 59\" \/>\n<meta property=\"og:description\" content=\"Tarif 2025 en e-billet valable jusqu&#039;au 31\/01\/2027  Les billets ne sont ni repris, ni \u00e9chang\u00e9s  \u00a0Bonne nouvelle\u00a0 : En 2026, votre billet d\u2019entr\u00e9e individuelle\u00a0CSE\u00a0donnera acc\u00e8s \u00e0 Edenya. Le code figurant sur ce billet permettra de\u00a0r\u00e9server \u00e0 l\u2019avance un horaire d\u2019entr\u00e9e \u00e0 Edenya. Cette r\u00e9servation pr\u00e9alable est\u00a0obligatoire, afin de garantir l\u2019acc\u00e8s \u00e0 ce nouveau Monde le jour de la visite et d\u2019assurer une exp\u00e9rience optimale pour tous.  Adulte (acc\u00e8s Pairi Daiza + acc\u00e8s Edenya) \u00a048.10 \u20ac au lieu de 56 \u20ac  Enfant (acc\u00e8s Pairi Daiza + acc\u00e8s Edenya) 42.60 \u20ac au lieu de 50 \u20ac (3 \u00e0 11 ans inclus)  Pour les PMR il y a les prix sur le site  Bon de commande FOS 59 : Billetterie.PARC-CINE-DICOLOVA\" \/>\n<meta property=\"og:url\" content=\"https:\/\/dicolova.com\/fos59\/boutique\/loisirs-decouvertes-de-plein-air\/pairi-daiza\/\" \/>\n<meta property=\"og:site_name\" content=\"FOS 59\" \/>\n<meta property=\"article:modified_time\" content=\"2026-02-05T17:27:19+00:00\" \/>\n<meta property=\"og:image\" content=\"https:\/\/dicolova.com\/fos59\/wp-content\/uploads\/sites\/28\/2025\/06\/pairi-daiza-2.jpg\" \/>\n\t<meta property=\"og:image:width\" content=\"346\" \/>\n\t<meta property=\"og:image:height\" content=\"346\" \/>\n\t<meta property=\"og:image:type\" content=\"image\/jpeg\" \/>\n<meta name=\"twitter:card\" content=\"summary_large_image\" \/>\n<meta name=\"twitter:label1\" content=\"Dur\u00e9e de lecture estim\u00e9e\" \/>\n\t<meta name=\"twitter:data1\" content=\"3 minutes\" \/>\n<script type=\"application\/ld+json\" class=\"yoast-schema-graph\">{\"@context\":\"https:\\\/\\\/schema.org\",\"@graph\":[{\"@type\":\"WebPage\",\"@id\":\"https:\\\/\\\/dicolova.com\\\/fos59\\\/boutique\\\/loisirs-decouvertes-de-plein-air\\\/pairi-daiza\\\/\",\"url\":\"https:\\\/\\\/dicolova.com\\\/fos59\\\/boutique\\\/loisirs-decouvertes-de-plein-air\\\/pairi-daiza\\\/\",\"name\":\"Pairi Daiza en E-billet - FOS 59\",\"isPartOf\":{\"@id\":\"https:\\\/\\\/dicolova.com\\\/fos59\\\/#website\"},\"primaryImageOfPage\":{\"@id\":\"https:\\\/\\\/dicolova.com\\\/fos59\\\/boutique\\\/loisirs-decouvertes-de-plein-air\\\/pairi-daiza\\\/#primaryimage\"},\"image\":{\"@id\":\"https:\\\/\\\/dicolova.com\\\/fos59\\\/boutique\\\/loisirs-decouvertes-de-plein-air\\\/pairi-daiza\\\/#primaryimage\"},\"thumbnailUrl\":\"https:\\\/\\\/dicolova.com\\\/fos59\\\/wp-content\\\/uploads\\\/sites\\\/28\\\/2025\\\/06\\\/pairi-daiza-2.jpg\",\"datePublished\":\"2026-01-22T23:00:52+00:00\",\"dateModified\":\"2026-02-05T17:27:19+00:00\",\"breadcrumb\":{\"@id\":\"https:\\\/\\\/dicolova.com\\\/fos59\\\/boutique\\\/loisirs-decouvertes-de-plein-air\\\/pairi-daiza\\\/#breadcrumb\"},\"inLanguage\":\"fr-FR\",\"potentialAction\":[{\"@type\":\"ReadAction\",\"target\":[\"https:\\\/\\\/dicolova.com\\\/fos59\\\/boutique\\\/loisirs-decouvertes-de-plein-air\\\/pairi-daiza\\\/\"]}]},{\"@type\":\"ImageObject\",\"inLanguage\":\"fr-FR\",\"@id\":\"https:\\\/\\\/dicolova.com\\\/fos59\\\/boutique\\\/loisirs-decouvertes-de-plein-air\\\/pairi-daiza\\\/#primaryimage\",\"url\":\"https:\\\/\\\/dicolova.com\\\/fos59\\\/wp-content\\\/uploads\\\/sites\\\/28\\\/2025\\\/06\\\/pairi-daiza-2.jpg\",\"contentUrl\":\"https:\\\/\\\/dicolova.com\\\/fos59\\\/wp-content\\\/uploads\\\/sites\\\/28\\\/2025\\\/06\\\/pairi-daiza-2.jpg\",\"width\":346,\"height\":346},{\"@type\":\"BreadcrumbList\",\"@id\":\"https:\\\/\\\/dicolova.com\\\/fos59\\\/boutique\\\/loisirs-decouvertes-de-plein-air\\\/pairi-daiza\\\/#breadcrumb\",\"itemListElement\":[{\"@type\":\"ListItem\",\"position\":1,\"name\":\"Accueil\",\"item\":\"https:\\\/\\\/dicolova.com\\\/fos59\\\/\"},{\"@type\":\"ListItem\",\"position\":2,\"name\":\"Billetterie\",\"item\":\"https:\\\/\\\/dicolova.com\\\/fos59\\\/billetterie\\\/\"},{\"@type\":\"ListItem\",\"position\":3,\"name\":\"Pairi Daiza en E-billet\"}]},{\"@type\":\"WebSite\",\"@id\":\"https:\\\/\\\/dicolova.com\\\/fos59\\\/#website\",\"url\":\"https:\\\/\\\/dicolova.com\\\/fos59\\\/\",\"name\":\"FOS 59\",\"description\":\"\",\"potentialAction\":[{\"@type\":\"SearchAction\",\"target\":{\"@type\":\"EntryPoint\",\"urlTemplate\":\"https:\\\/\\\/dicolova.com\\\/fos59\\\/?s={search_term_string}\"},\"query-input\":{\"@type\":\"PropertyValueSpecification\",\"valueRequired\":true,\"valueName\":\"search_term_string\"}}],\"inLanguage\":\"fr-FR\"}]}<\/script>\n<!-- \/ Yoast SEO plugin. -->","yoast_head_json":{"title":"Pairi Daiza en E-billet - FOS 59","robots":{"index":"index","follow":"follow","max-snippet":"max-snippet:-1","max-image-preview":"max-image-preview:large","max-video-preview":"max-video-preview:-1"},"canonical":"https:\/\/dicolova.com\/fos59\/boutique\/loisirs-decouvertes-de-plein-air\/pairi-daiza\/","og_locale":"fr_FR","og_type":"article","og_title":"Pairi Daiza en E-billet - FOS 59","og_description":"Tarif 2025 en e-billet valable jusqu'au 31\/01\/2027  Les billets ne sont ni repris, ni \u00e9chang\u00e9s  \u00a0Bonne nouvelle\u00a0 : En 2026, votre billet d\u2019entr\u00e9e individuelle\u00a0CSE\u00a0donnera acc\u00e8s \u00e0 Edenya. Le code figurant sur ce billet permettra de\u00a0r\u00e9server \u00e0 l\u2019avance un horaire d\u2019entr\u00e9e \u00e0 Edenya. Cette r\u00e9servation pr\u00e9alable est\u00a0obligatoire, afin de garantir l\u2019acc\u00e8s \u00e0 ce nouveau Monde le jour de la visite et d\u2019assurer une exp\u00e9rience optimale pour tous.  Adulte (acc\u00e8s Pairi Daiza + acc\u00e8s Edenya) \u00a048.10 \u20ac au lieu de 56 \u20ac  Enfant (acc\u00e8s Pairi Daiza + acc\u00e8s Edenya) 42.60 \u20ac au lieu de 50 \u20ac (3 \u00e0 11 ans inclus)  Pour les PMR il y a les prix sur le site  Bon de commande FOS 59 : Billetterie.PARC-CINE-DICOLOVA","og_url":"https:\/\/dicolova.com\/fos59\/boutique\/loisirs-decouvertes-de-plein-air\/pairi-daiza\/","og_site_name":"FOS 59","article_modified_time":"2026-02-05T17:27:19+00:00","og_image":[{"width":346,"height":346,"url":"https:\/\/dicolova.com\/fos59\/wp-content\/uploads\/sites\/28\/2025\/06\/pairi-daiza-2.jpg","type":"image\/jpeg"}],"twitter_card":"summary_large_image","twitter_misc":{"Dur\u00e9e de lecture estim\u00e9e":"3 minutes"},"schema":{"@context":"https:\/\/schema.org","@graph":[{"@type":"WebPage","@id":"https:\/\/dicolova.com\/fos59\/boutique\/loisirs-decouvertes-de-plein-air\/pairi-daiza\/","url":"https:\/\/dicolova.com\/fos59\/boutique\/loisirs-decouvertes-de-plein-air\/pairi-daiza\/","name":"Pairi Daiza en E-billet - FOS 59","isPartOf":{"@id":"https:\/\/dicolova.com\/fos59\/#website"},"primaryImageOfPage":{"@id":"https:\/\/dicolova.com\/fos59\/boutique\/loisirs-decouvertes-de-plein-air\/pairi-daiza\/#primaryimage"},"image":{"@id":"https:\/\/dicolova.com\/fos59\/boutique\/loisirs-decouvertes-de-plein-air\/pairi-daiza\/#primaryimage"},"thumbnailUrl":"https:\/\/dicolova.com\/fos59\/wp-content\/uploads\/sites\/28\/2025\/06\/pairi-daiza-2.jpg","datePublished":"2026-01-22T23:00:52+00:00","dateModified":"2026-02-05T17:27:19+00:00","breadcrumb":{"@id":"https:\/\/dicolova.com\/fos59\/boutique\/loisirs-decouvertes-de-plein-air\/pairi-daiza\/#breadcrumb"},"inLanguage":"fr-FR","potentialAction":[{"@type":"ReadAction","target":["https:\/\/dicolova.com\/fos59\/boutique\/loisirs-decouvertes-de-plein-air\/pairi-daiza\/"]}]},{"@type":"ImageObject","inLanguage":"fr-FR","@id":"https:\/\/dicolova.com\/fos59\/boutique\/loisirs-decouvertes-de-plein-air\/pairi-daiza\/#primaryimage","url":"https:\/\/dicolova.com\/fos59\/wp-content\/uploads\/sites\/28\/2025\/06\/pairi-daiza-2.jpg","contentUrl":"https:\/\/dicolova.com\/fos59\/wp-content\/uploads\/sites\/28\/2025\/06\/pairi-daiza-2.jpg","width":346,"height":346},{"@type":"BreadcrumbList","@id":"https:\/\/dicolova.com\/fos59\/boutique\/loisirs-decouvertes-de-plein-air\/pairi-daiza\/#breadcrumb","itemListElement":[{"@type":"ListItem","position":1,"name":"Accueil","item":"https:\/\/dicolova.com\/fos59\/"},{"@type":"ListItem","position":2,"name":"Billetterie","item":"https:\/\/dicolova.com\/fos59\/billetterie\/"},{"@type":"ListItem","position":3,"name":"Pairi Daiza en E-billet"}]},{"@type":"WebSite","@id":"https:\/\/dicolova.com\/fos59\/#website","url":"https:\/\/dicolova.com\/fos59\/","name":"FOS 59","description":"","potentialAction":[{"@type":"SearchAction","target":{"@type":"EntryPoint","urlTemplate":"https:\/\/dicolova.com\/fos59\/?s={search_term_string}"},"query-input":{"@type":"PropertyValueSpecification","valueRequired":true,"valueName":"search_term_string"}}],"inLanguage":"fr-FR"}]}},"_links":{"self":[{"href":"https:\/\/dicolova.com\/fos59\/wp-json\/wp\/v2\/product\/165","targetHints":{"allow":["GET"]}}],"collection":[{"href":"https:\/\/dicolova.com\/fos59\/wp-json\/wp\/v2\/product"}],"about":[{"href":"https:\/\/dicolova.com\/fos59\/wp-json\/wp\/v2\/types\/product"}],"replies":[{"embeddable":true,"href":"https:\/\/dicolova.com\/fos59\/wp-json\/wp\/v2\/comments?post=165"}],"wp:featuredmedia":[{"embeddable":true,"href":"https:\/\/dicolova.com\/fos59\/wp-json\/wp\/v2\/media\/1343"}],"wp:attachment":[{"href":"https:\/\/dicolova.com\/fos59\/wp-json\/wp\/v2\/media?parent=165"}],"wp:term":[{"taxonomy":"product_brand","embeddable":true,"href":"https:\/\/dicolova.com\/fos59\/wp-json\/wp\/v2\/product_brand?post=165"},{"taxonomy":"product_cat","embeddable":true,"href":"https:\/\/dicolova.com\/fos59\/wp-json\/wp\/v2\/product_cat?post=165"},{"taxonomy":"product_tag","embeddable":true,"href":"https:\/\/dicolova.com\/fos59\/wp-json\/wp\/v2\/product_tag?post=165"}],"curies":[{"name":"wp","href":"https:\/\/api.w.org\/{rel}","templated":true}]}}