{"id":162,"date":"2026-01-22T00:00:50","date_gmt":"2026-01-21T23:00:50","guid":{"rendered":"https:\/\/dicolova.com\/fos59\/boutique\/non%20class\u00e9\/plopsaqua\/"},"modified":"2026-02-06T17:45:13","modified_gmt":"2026-02-06T16:45:13","slug":"plopsaqua","status":"publish","type":"product","link":"https:\/\/dicolova.com\/fos59\/boutique\/loisirs-decouvertes-de-plein-air\/plopsaqua\/","title":{"rendered":"Plopsaqua La Panne en E-billet"},"content":{"rendered":"<p><strong>C&rsquo;est 4 piscines et 6 toboggans, ouvert toute l&rsquo;ann\u00e9e.<\/strong><\/p>\n<p>Venez vivre une aventure exceptionnelle avec Vic Le Viking, il vous emm\u00e8nera dans une toute nouvelle aventure \u00e0 travers un paysage enneig\u00e9 f\u00e9erique, avec des attractions \u00e0 couper le souffle<\/p>\n<h2>4 piscines :<\/h2>\n<ul>\n<li><strong>La piscine Disco :<\/strong><br \/>\nDans la piscine Disco de 25 M\u00e8tres vous pouvez faire des longueurs comme un nageur professionnel et de la plong\u00e9e. Cette piscine \u00e0 premi\u00e8re vue \u2018normal\u2019 dispose \u00e9galement d\u2019une face cach\u00e9e : Vous allez avoir l\u2019impression d\u2019\u00eatre sur une piste de danse avec des effets d&rsquo;\u00e9clairage \u00e9blouissants !<\/li>\n<li><strong>Le bassin d\u00e9cha\u00een\u00e9 :<\/strong><br \/>\nMettre les pieds dans l\u2019eau ou flotter tranquillement sur l&rsquo;eau, c\u2019est super&#8230; jusqu&rsquo;\u00e0 ce que la temp\u00eate se d\u00e9cha\u00eene ! Faites face \u00e0 l&rsquo;eau sauvage et allez \u00e0 la bataille des hautes vagues et des pluies torrentielles !<\/li>\n<li><strong>Le bassin ext\u00e9rieur :<\/strong><br \/>\nQue vous soyez un ours polaire ou amateur de bronzage, l&rsquo;eau dans Le Bassin Ext\u00e9rieur a toujours une temp\u00e9rature agr\u00e9able. En outre, cette piscine ext\u00e9rieure a aussi quelques surprises surprenantes.<\/li>\n<li><strong>Le petit Bassin d&rsquo;Ylvi :<br \/>\n<\/strong>Ylvi invite les plus petits vikings dans son bassin sp\u00e9cial petits enfants o\u00f9 ils peuvent jouer en toute s\u00e9curit\u00e9 dans l&rsquo;eau. Exp\u00e9rimentez votre premier toboggan sur le dos d&rsquo;une baleine et d\u00e9couvrez tout en pagayant les aventures de Vic le Viking dans sa grotte cin\u00e9matographique sp\u00e9ciale.<\/li>\n<\/ul>\n<h2>6 toboggans, Plus de 400 m de glisse : un pur plaisir !<\/h2>\n<ul>\n<li><strong>Le Sky Drop :<br \/>\n<\/strong>Les plus t\u00e9m\u00e9raires vont oser atteindre le point le plus haut de la c\u00f4te flamande ! Non seulement pour la vue magnifique sur Plopsaland De Panne, mais surtout pour le spectaculaire Sky Drop ! Son nom explique tout : dans cet unique toboggan prenez place dans une capsule situ\u00e9e \u00e0 20 m\u00e8tres d\u2019hauteur ! 3, 2, 1&#8230; Vous feriez une chute libre de 8 m\u00e8tres \u00e0 grande vitesse \u00e0 travers les virages de ce toboggan.<\/li>\n<li><strong>Le Disco Slide :<\/strong><br \/>\nVivez un mixte sensationnel entre la joie d\u2019une piste de danse et le plaisir d\u2019un tour dans le toboggan spectaculaire Disco Slide. L&rsquo;eau, la lumi\u00e8re et la musique: tout est l\u00e0 pour classer ce moment comme num\u00e9ro 1 dans le hit-parade.<\/li>\n<li><strong>Les bou\u00e9es glissantes :<\/strong><br \/>\nGlissez-vous \u00e0 travers les virages de ce toboggan super fan et sur une grande bou\u00e9e seul ou avec deux personnes.<\/li>\n<li><strong>Wild River :<\/strong><br \/>\nLaissez-vous emporter dans les flux de la \u00ab\u00a0Wild River\u00a0\u00bb et atterrissez gr\u00e2ce aux courants d&rsquo;eau dans des endroits o\u00f9 aucune personne n\u2019a encore \u00e9t\u00e9 ! Les plus grands secrets de vikings \u00e0 Plopsaqua sont \u00e0 d\u00e9couvrir lors de cette baignade aventureuse \u00e0 travers les canyons et les grottes myst\u00e9rieuses.<\/li>\n<li><strong>Le toboggan de Tjure et le toboggan de Snorre<\/strong><\/li>\n<li><strong>Viking Rave :<\/strong><br \/>\nPartez \u00e0 grande vitesse du village de Vic et faites la course sur ce super toboggan familiale face \u00e0 vos amis.<\/li>\n<li>D\u00e9couvrez aussi Les tonneaux p\u00e9tillants, L&rsquo;aire de jeux de Vic, \u00a0Wickie Beach..<\/li>\n<\/ul>\n<h2>POUR INFORMATION :<\/h2>\n<ul>\n<li><span style=\"color: #636365\">Plopsaqua La Panne\u00a0 en\u00a0<\/span><strong style=\"color: #636365\">E-billet valable jusqu&rsquo;au\u00a003\/07\/2026<\/strong><\/li>\n<li><span style=\"color: #636365\" data-mce-mark=\"1\">Les billets ne sont ni repris, ni \u00e9chang\u00e9s.<\/span><\/li>\n<li><span style=\"color: #636365\">13.50\u20ac pour les enfants de 85 cm jusqu&rsquo;\u00e0 1m et les seniors de plus de 70 ans (vente directe au parc)<\/span><\/li>\n<li><span style=\"color: #636365\">Gratuit pour les enfants de &#8211; de 85 cm<\/span><\/li>\n<li>N&rsquo;h\u00e9sitez pas \u00e0 consulter le Site Internet de\u00a0<a href=\"http:\/\/www.plopsa.be\/plopsaqua\/fr\" target=\"_blank\" rel=\"noopener\">Plopsaqua La Panne<\/a><\/li>\n<\/ul>\n<h2 style=\"text-align: justify\">ACCES AUX PMR :<\/h2>\n<ul>\n<li>Les billets pour les personnes \u00e0 mobilit\u00e9 r\u00e9duite sont vendus uniquement \u00e0 la caisse du parc.<\/li>\n<li>Acc\u00e8s gratuit pour son accompagnant.<\/li>\n<li>Pr\u00e9senter une d\u00e9claration valable (*) d\u2019un m\u00e9decin ind\u00e9pendant, qui confirme que vous n\u2019\u00eates pas en mesure de visiter le parc et\/ou les attractions sans aide et\/ou que vous n\u2019\u00eates pas en mesure de faire des files d\u2019attente. Les personnes en fauteuil roulant ou les personnes non voyantes ne doivent pas pr\u00e9senter cette d\u00e9claration.\u00a0Vous recevrez un bracelet apr\u00e8s avoir achet\u00e9 votre billet. Veuillez toujours porter votre bracelet et le pr\u00e9senter sur demande. (*) La d\u00e9claration ne doit pas dater de plus d\u20191 an.\u00a0<a target=\"_blank\" rel=\"noopener\">Guide pour PMR<\/a><\/li>\n<\/ul>\n<p><strong>Offre accessible aux\u00a0 actifs et aux retrait\u00e9s.<\/strong><\/p>\n","protected":false},"excerpt":{"rendered":"<ul>\n<li><span style=\"color: #636365\">Plopsaqua La Panne\u00a0 en\u00a0<\/span><strong style=\"color: #636365\">E-billet valable jusqu&rsquo;au 15\/07\/2026<\/strong><\/li>\n<li><strong>Tarif 22.10\u20ac au lieu de 32.00\u20ac<\/strong><\/li>\n<li><span style=\"color: #636365\" data-mce-mark=\"1\">Les billets ne sont ni repris, ni \u00e9chang\u00e9s.<\/span><\/li>\n<li><span style=\"color: #636365\">13.50\u20ac pour les enfants de 85 cm jusqu&rsquo;\u00e0 1m et les seniors de plus de 70 ans (vente directe au parc)<\/span><\/li>\n<li><span style=\"color: #636365\">Gratuit pour les enfants de &#8211; de 85 cm<\/span><\/li>\n<\/ul>\n<p>Bon de commande FOS :<strong> <a href=\"https:\/\/dicolova.com\/fos59\/wp-content\/uploads\/sites\/28\/2026\/02\/billetterie.PARC-CINE-DICOLOVA.pdf\">Billetterie.PARC-CINE-DICOLOVA<\/a><\/strong><\/p>\n","protected":false},"featured_media":125,"comment_status":"closed","ping_status":"closed","template":"","meta":[],"product_brand":[],"product_cat":[127],"product_tag":[],"class_list":{"0":"post-162","1":"product","2":"type-product","3":"status-publish","4":"has-post-thumbnail","6":"product_cat-loisirs-decouvertes-de-plein-air","8":"first","9":"instock","10":"taxable","11":"shipping-taxable","12":"product-type-simple"},"yoast_head":"<!-- This site is optimized with the Yoast SEO plugin v27.5 - https:\/\/yoast.com\/product\/yoast-seo-wordpress\/ -->\n<title>Plopsaqua La Panne en E-billet - FOS 59<\/title>\n<meta name=\"robots\" content=\"index, follow, max-snippet:-1, max-image-preview:large, max-video-preview:-1\" \/>\n<link rel=\"canonical\" href=\"https:\/\/dicolova.com\/fos59\/boutique\/loisirs-decouvertes-de-plein-air\/plopsaqua\/\" \/>\n<meta property=\"og:locale\" content=\"fr_FR\" \/>\n<meta property=\"og:type\" content=\"article\" \/>\n<meta property=\"og:title\" content=\"Plopsaqua La Panne en E-billet - FOS 59\" \/>\n<meta property=\"og:description\" content=\"Plopsaqua La Panne\u00a0 en\u00a0E-billet valable jusqu&#039;au 15\/07\/2026  Tarif 22.10\u20ac au lieu de 32.00\u20ac  Les billets ne sont ni repris, ni \u00e9chang\u00e9s.  13.50\u20ac pour les enfants de 85 cm jusqu&#039;\u00e0 1m et les seniors de plus de 70 ans (vente directe au parc)  Gratuit pour les enfants de - de 85 cm  Bon de commande FOS : Billetterie.PARC-CINE-DICOLOVA\" \/>\n<meta property=\"og:url\" content=\"https:\/\/dicolova.com\/fos59\/boutique\/loisirs-decouvertes-de-plein-air\/plopsaqua\/\" \/>\n<meta property=\"og:site_name\" content=\"FOS 59\" \/>\n<meta property=\"article:modified_time\" content=\"2026-02-06T16:45:13+00:00\" \/>\n<meta property=\"og:image\" content=\"https:\/\/dicolova.com\/fos59\/wp-content\/uploads\/sites\/28\/2016\/05\/Plopsaqua.jpg\" \/>\n\t<meta property=\"og:image:width\" content=\"402\" \/>\n\t<meta property=\"og:image:height\" content=\"224\" \/>\n\t<meta property=\"og:image:type\" content=\"image\/jpeg\" \/>\n<meta name=\"twitter:card\" content=\"summary_large_image\" \/>\n<meta name=\"twitter:label1\" content=\"Dur\u00e9e de lecture estim\u00e9e\" \/>\n\t<meta name=\"twitter:data1\" content=\"4 minutes\" \/>\n<script type=\"application\/ld+json\" class=\"yoast-schema-graph\">{\"@context\":\"https:\\\/\\\/schema.org\",\"@graph\":[{\"@type\":\"WebPage\",\"@id\":\"https:\\\/\\\/dicolova.com\\\/fos59\\\/boutique\\\/loisirs-decouvertes-de-plein-air\\\/plopsaqua\\\/\",\"url\":\"https:\\\/\\\/dicolova.com\\\/fos59\\\/boutique\\\/loisirs-decouvertes-de-plein-air\\\/plopsaqua\\\/\",\"name\":\"Plopsaqua La Panne en E-billet - FOS 59\",\"isPartOf\":{\"@id\":\"https:\\\/\\\/dicolova.com\\\/fos59\\\/#website\"},\"primaryImageOfPage\":{\"@id\":\"https:\\\/\\\/dicolova.com\\\/fos59\\\/boutique\\\/loisirs-decouvertes-de-plein-air\\\/plopsaqua\\\/#primaryimage\"},\"image\":{\"@id\":\"https:\\\/\\\/dicolova.com\\\/fos59\\\/boutique\\\/loisirs-decouvertes-de-plein-air\\\/plopsaqua\\\/#primaryimage\"},\"thumbnailUrl\":\"https:\\\/\\\/dicolova.com\\\/fos59\\\/wp-content\\\/uploads\\\/sites\\\/28\\\/2016\\\/05\\\/Plopsaqua.jpg\",\"datePublished\":\"2026-01-21T23:00:50+00:00\",\"dateModified\":\"2026-02-06T16:45:13+00:00\",\"breadcrumb\":{\"@id\":\"https:\\\/\\\/dicolova.com\\\/fos59\\\/boutique\\\/loisirs-decouvertes-de-plein-air\\\/plopsaqua\\\/#breadcrumb\"},\"inLanguage\":\"fr-FR\",\"potentialAction\":[{\"@type\":\"ReadAction\",\"target\":[\"https:\\\/\\\/dicolova.com\\\/fos59\\\/boutique\\\/loisirs-decouvertes-de-plein-air\\\/plopsaqua\\\/\"]}]},{\"@type\":\"ImageObject\",\"inLanguage\":\"fr-FR\",\"@id\":\"https:\\\/\\\/dicolova.com\\\/fos59\\\/boutique\\\/loisirs-decouvertes-de-plein-air\\\/plopsaqua\\\/#primaryimage\",\"url\":\"https:\\\/\\\/dicolova.com\\\/fos59\\\/wp-content\\\/uploads\\\/sites\\\/28\\\/2016\\\/05\\\/Plopsaqua.jpg\",\"contentUrl\":\"https:\\\/\\\/dicolova.com\\\/fos59\\\/wp-content\\\/uploads\\\/sites\\\/28\\\/2016\\\/05\\\/Plopsaqua.jpg\",\"width\":402,\"height\":224},{\"@type\":\"BreadcrumbList\",\"@id\":\"https:\\\/\\\/dicolova.com\\\/fos59\\\/boutique\\\/loisirs-decouvertes-de-plein-air\\\/plopsaqua\\\/#breadcrumb\",\"itemListElement\":[{\"@type\":\"ListItem\",\"position\":1,\"name\":\"Accueil\",\"item\":\"https:\\\/\\\/dicolova.com\\\/fos59\\\/\"},{\"@type\":\"ListItem\",\"position\":2,\"name\":\"Billetterie\",\"item\":\"https:\\\/\\\/dicolova.com\\\/fos59\\\/billetterie\\\/\"},{\"@type\":\"ListItem\",\"position\":3,\"name\":\"Plopsaqua La Panne en E-billet\"}]},{\"@type\":\"WebSite\",\"@id\":\"https:\\\/\\\/dicolova.com\\\/fos59\\\/#website\",\"url\":\"https:\\\/\\\/dicolova.com\\\/fos59\\\/\",\"name\":\"FOS 59\",\"description\":\"\",\"potentialAction\":[{\"@type\":\"SearchAction\",\"target\":{\"@type\":\"EntryPoint\",\"urlTemplate\":\"https:\\\/\\\/dicolova.com\\\/fos59\\\/?s={search_term_string}\"},\"query-input\":{\"@type\":\"PropertyValueSpecification\",\"valueRequired\":true,\"valueName\":\"search_term_string\"}}],\"inLanguage\":\"fr-FR\"}]}<\/script>\n<!-- \/ Yoast SEO plugin. -->","yoast_head_json":{"title":"Plopsaqua La Panne en E-billet - FOS 59","robots":{"index":"index","follow":"follow","max-snippet":"max-snippet:-1","max-image-preview":"max-image-preview:large","max-video-preview":"max-video-preview:-1"},"canonical":"https:\/\/dicolova.com\/fos59\/boutique\/loisirs-decouvertes-de-plein-air\/plopsaqua\/","og_locale":"fr_FR","og_type":"article","og_title":"Plopsaqua La Panne en E-billet - FOS 59","og_description":"Plopsaqua La Panne\u00a0 en\u00a0E-billet valable jusqu'au 15\/07\/2026  Tarif 22.10\u20ac au lieu de 32.00\u20ac  Les billets ne sont ni repris, ni \u00e9chang\u00e9s.  13.50\u20ac pour les enfants de 85 cm jusqu'\u00e0 1m et les seniors de plus de 70 ans (vente directe au parc)  Gratuit pour les enfants de - de 85 cm  Bon de commande FOS : Billetterie.PARC-CINE-DICOLOVA","og_url":"https:\/\/dicolova.com\/fos59\/boutique\/loisirs-decouvertes-de-plein-air\/plopsaqua\/","og_site_name":"FOS 59","article_modified_time":"2026-02-06T16:45:13+00:00","og_image":[{"width":402,"height":224,"url":"https:\/\/dicolova.com\/fos59\/wp-content\/uploads\/sites\/28\/2016\/05\/Plopsaqua.jpg","type":"image\/jpeg"}],"twitter_card":"summary_large_image","twitter_misc":{"Dur\u00e9e de lecture estim\u00e9e":"4 minutes"},"schema":{"@context":"https:\/\/schema.org","@graph":[{"@type":"WebPage","@id":"https:\/\/dicolova.com\/fos59\/boutique\/loisirs-decouvertes-de-plein-air\/plopsaqua\/","url":"https:\/\/dicolova.com\/fos59\/boutique\/loisirs-decouvertes-de-plein-air\/plopsaqua\/","name":"Plopsaqua La Panne en E-billet - FOS 59","isPartOf":{"@id":"https:\/\/dicolova.com\/fos59\/#website"},"primaryImageOfPage":{"@id":"https:\/\/dicolova.com\/fos59\/boutique\/loisirs-decouvertes-de-plein-air\/plopsaqua\/#primaryimage"},"image":{"@id":"https:\/\/dicolova.com\/fos59\/boutique\/loisirs-decouvertes-de-plein-air\/plopsaqua\/#primaryimage"},"thumbnailUrl":"https:\/\/dicolova.com\/fos59\/wp-content\/uploads\/sites\/28\/2016\/05\/Plopsaqua.jpg","datePublished":"2026-01-21T23:00:50+00:00","dateModified":"2026-02-06T16:45:13+00:00","breadcrumb":{"@id":"https:\/\/dicolova.com\/fos59\/boutique\/loisirs-decouvertes-de-plein-air\/plopsaqua\/#breadcrumb"},"inLanguage":"fr-FR","potentialAction":[{"@type":"ReadAction","target":["https:\/\/dicolova.com\/fos59\/boutique\/loisirs-decouvertes-de-plein-air\/plopsaqua\/"]}]},{"@type":"ImageObject","inLanguage":"fr-FR","@id":"https:\/\/dicolova.com\/fos59\/boutique\/loisirs-decouvertes-de-plein-air\/plopsaqua\/#primaryimage","url":"https:\/\/dicolova.com\/fos59\/wp-content\/uploads\/sites\/28\/2016\/05\/Plopsaqua.jpg","contentUrl":"https:\/\/dicolova.com\/fos59\/wp-content\/uploads\/sites\/28\/2016\/05\/Plopsaqua.jpg","width":402,"height":224},{"@type":"BreadcrumbList","@id":"https:\/\/dicolova.com\/fos59\/boutique\/loisirs-decouvertes-de-plein-air\/plopsaqua\/#breadcrumb","itemListElement":[{"@type":"ListItem","position":1,"name":"Accueil","item":"https:\/\/dicolova.com\/fos59\/"},{"@type":"ListItem","position":2,"name":"Billetterie","item":"https:\/\/dicolova.com\/fos59\/billetterie\/"},{"@type":"ListItem","position":3,"name":"Plopsaqua La Panne en E-billet"}]},{"@type":"WebSite","@id":"https:\/\/dicolova.com\/fos59\/#website","url":"https:\/\/dicolova.com\/fos59\/","name":"FOS 59","description":"","potentialAction":[{"@type":"SearchAction","target":{"@type":"EntryPoint","urlTemplate":"https:\/\/dicolova.com\/fos59\/?s={search_term_string}"},"query-input":{"@type":"PropertyValueSpecification","valueRequired":true,"valueName":"search_term_string"}}],"inLanguage":"fr-FR"}]}},"_links":{"self":[{"href":"https:\/\/dicolova.com\/fos59\/wp-json\/wp\/v2\/product\/162","targetHints":{"allow":["GET"]}}],"collection":[{"href":"https:\/\/dicolova.com\/fos59\/wp-json\/wp\/v2\/product"}],"about":[{"href":"https:\/\/dicolova.com\/fos59\/wp-json\/wp\/v2\/types\/product"}],"replies":[{"embeddable":true,"href":"https:\/\/dicolova.com\/fos59\/wp-json\/wp\/v2\/comments?post=162"}],"wp:featuredmedia":[{"embeddable":true,"href":"https:\/\/dicolova.com\/fos59\/wp-json\/wp\/v2\/media\/125"}],"wp:attachment":[{"href":"https:\/\/dicolova.com\/fos59\/wp-json\/wp\/v2\/media?parent=162"}],"wp:term":[{"taxonomy":"product_brand","embeddable":true,"href":"https:\/\/dicolova.com\/fos59\/wp-json\/wp\/v2\/product_brand?post=162"},{"taxonomy":"product_cat","embeddable":true,"href":"https:\/\/dicolova.com\/fos59\/wp-json\/wp\/v2\/product_cat?post=162"},{"taxonomy":"product_tag","embeddable":true,"href":"https:\/\/dicolova.com\/fos59\/wp-json\/wp\/v2\/product_tag?post=162"}],"curies":[{"name":"wp","href":"https:\/\/api.w.org\/{rel}","templated":true}]}}