{"id":150,"date":"2026-01-23T00:00:40","date_gmt":"2026-01-22T23:00:40","guid":{"rendered":"https:\/\/dicolova.com\/fos59\/boutique\/non%20class\u00e9\/pathe\/"},"modified":"2026-02-06T18:00:44","modified_gmt":"2026-02-06T17:00:44","slug":"pathe","status":"publish","type":"product","link":"https:\/\/dicolova.com\/fos59\/boutique\/cinema\/pathe\/","title":{"rendered":"Cin\u00e9ma Path\u00e9 de Li\u00e8vin &#8211; En e-billet"},"content":{"rendered":"<p><strong>Au cin\u00e9ma Path\u00e9 Li\u00e9vin, vivez vos \u00e9motions en grand format proposant plus de 450 s\u00e9ances hebdomadaires.<\/strong><\/p>\n<p><strong>les E-Billets ne sont\u00a0 ni repris, ni \u00e9changeables <\/strong><strong>\u00a0<\/strong><\/p>\n<p><strong>E-Billet valable dans tous les cin\u00e9mas Path\u00e9 de France<\/strong><\/p>\n<ul>\n<li>15 salles<\/li>\n<li>3300 lieux<\/li>\n<li>15 salles \u00e9crans g\u00e9ant et Son Dolby num\u00e9rique 7.1<\/li>\n<li>Accessibilit\u00e9 PMR pour toutes les salles<\/li>\n<li>parking gratuit de 500 places<\/li>\n<\/ul>\n<p style=\"text-align: justify\">Dispos\u00e9es en gradins, toutes les salles sont climatis\u00e9es et dot\u00e9es d\u2019un \u00e9quipement sonore haute d\u00e9finition restituant remarquablement l\u2019intensit\u00e9 des films projet\u00e9s.<\/p>\n<p style=\"text-align: justify\">Des fauteuils tr\u00e8s spacieux \u00e9quip\u00e9s d\u2019accoudoirs doubles, de porte-gobelets, et b\u00e9n\u00e9ficiant d\u2019un large espacement entre chaque rang, vous garantiront un confort optimal afin de partager un moment d\u2019exception sur grand \u00e9cran.<\/p>\n<p style=\"text-align: justify\">Construites selon les toutes derni\u00e8res normes, toutes les salles sont enti\u00e8rement accessibles aux personnes \u00e0 mobilit\u00e9 r\u00e9duite.\u00a0Films en VFST (Version Fran\u00e7aise Sous Titr\u00e9s) mais pas d&rsquo;audio description.<\/p>\n<p style=\"text-align: justify\">Votre cin\u00e9ma Path\u00e9 Li\u00e9vin vous accueille 365 jours sur 365 !<\/p>\n<p style=\"text-align: justify\">E-Billet valable dans tous les cin\u00e9mas Path\u00e9 de France<\/p>\n<p style=\"text-align: justify\">\n","protected":false},"excerpt":{"rendered":"<p><strong>E-Billet valable dans tous les cin\u00e9mas Path\u00e9 de France<\/strong><\/p>\n<p><span style=\"font-family: georgia, palatino, serif\"><strong>11\u20ac<\/strong> au lieu de 14.60 \u20ac<\/span><\/p>\n<p><span style=\"font-family: georgia, palatino, serif\"><strong><span style=\"color: #ff6600\">Billet ni repris, ni \u00e9chang\u00e9<\/span><\/strong><\/span><\/p>\n<p><strong><span style=\"color: #0000ff\">Bon de commande FOS 59 : <a href=\"https:\/\/dicolova.com\/fos59\/wp-content\/uploads\/sites\/28\/2026\/02\/billetterie.PARC-CINE-DICOLOVA.pdf\">Billetterie.PARC-CINE-DICOLOVA<\/a><\/span><\/strong><\/p>\n<p>&nbsp;<\/p>\n","protected":false},"featured_media":123,"comment_status":"closed","ping_status":"closed","template":"","meta":[],"product_brand":[],"product_cat":[124],"product_tag":[],"class_list":{"0":"post-150","1":"product","2":"type-product","3":"status-publish","4":"has-post-thumbnail","6":"product_cat-cinema","8":"first","9":"instock","10":"taxable","11":"shipping-taxable","12":"product-type-simple"},"yoast_head":"<!-- This site is optimized with the Yoast SEO plugin v27.5 - https:\/\/yoast.com\/product\/yoast-seo-wordpress\/ -->\n<title>Cin\u00e9ma Path\u00e9 de Li\u00e8vin - En e-billet - FOS 59<\/title>\n<meta name=\"robots\" content=\"index, follow, max-snippet:-1, max-image-preview:large, max-video-preview:-1\" \/>\n<link rel=\"canonical\" href=\"https:\/\/dicolova.com\/fos59\/boutique\/cinema\/pathe\/\" \/>\n<meta property=\"og:locale\" content=\"fr_FR\" \/>\n<meta property=\"og:type\" content=\"article\" \/>\n<meta property=\"og:title\" content=\"Cin\u00e9ma Path\u00e9 de Li\u00e8vin - En e-billet - FOS 59\" \/>\n<meta property=\"og:description\" content=\"E-Billet valable dans tous les cin\u00e9mas Path\u00e9 de France  11\u20ac au lieu de 14.60 \u20ac  Billet ni repris, ni \u00e9chang\u00e9  Bon de commande FOS 59 : Billetterie.PARC-CINE-DICOLOVA  &nbsp;\" \/>\n<meta property=\"og:url\" content=\"https:\/\/dicolova.com\/fos59\/boutique\/cinema\/pathe\/\" \/>\n<meta property=\"og:site_name\" content=\"FOS 59\" \/>\n<meta property=\"article:modified_time\" content=\"2026-02-06T17:00:44+00:00\" \/>\n<meta property=\"og:image\" content=\"https:\/\/dicolova.com\/fos59\/wp-content\/uploads\/sites\/28\/2016\/05\/pathe.jpg\" \/>\n\t<meta property=\"og:image:width\" content=\"230\" \/>\n\t<meta property=\"og:image:height\" content=\"230\" \/>\n\t<meta property=\"og:image:type\" content=\"image\/jpeg\" \/>\n<meta name=\"twitter:card\" content=\"summary_large_image\" \/>\n<meta name=\"twitter:label1\" content=\"Dur\u00e9e de lecture estim\u00e9e\" \/>\n\t<meta name=\"twitter:data1\" content=\"1 minute\" \/>\n<script type=\"application\/ld+json\" class=\"yoast-schema-graph\">{\"@context\":\"https:\\\/\\\/schema.org\",\"@graph\":[{\"@type\":\"WebPage\",\"@id\":\"https:\\\/\\\/dicolova.com\\\/fos59\\\/boutique\\\/cinema\\\/pathe\\\/\",\"url\":\"https:\\\/\\\/dicolova.com\\\/fos59\\\/boutique\\\/cinema\\\/pathe\\\/\",\"name\":\"Cin\u00e9ma Path\u00e9 de Li\u00e8vin - En e-billet - FOS 59\",\"isPartOf\":{\"@id\":\"https:\\\/\\\/dicolova.com\\\/fos59\\\/#website\"},\"primaryImageOfPage\":{\"@id\":\"https:\\\/\\\/dicolova.com\\\/fos59\\\/boutique\\\/cinema\\\/pathe\\\/#primaryimage\"},\"image\":{\"@id\":\"https:\\\/\\\/dicolova.com\\\/fos59\\\/boutique\\\/cinema\\\/pathe\\\/#primaryimage\"},\"thumbnailUrl\":\"https:\\\/\\\/dicolova.com\\\/fos59\\\/wp-content\\\/uploads\\\/sites\\\/28\\\/2016\\\/05\\\/pathe.jpg\",\"datePublished\":\"2026-01-22T23:00:40+00:00\",\"dateModified\":\"2026-02-06T17:00:44+00:00\",\"breadcrumb\":{\"@id\":\"https:\\\/\\\/dicolova.com\\\/fos59\\\/boutique\\\/cinema\\\/pathe\\\/#breadcrumb\"},\"inLanguage\":\"fr-FR\",\"potentialAction\":[{\"@type\":\"ReadAction\",\"target\":[\"https:\\\/\\\/dicolova.com\\\/fos59\\\/boutique\\\/cinema\\\/pathe\\\/\"]}]},{\"@type\":\"ImageObject\",\"inLanguage\":\"fr-FR\",\"@id\":\"https:\\\/\\\/dicolova.com\\\/fos59\\\/boutique\\\/cinema\\\/pathe\\\/#primaryimage\",\"url\":\"https:\\\/\\\/dicolova.com\\\/fos59\\\/wp-content\\\/uploads\\\/sites\\\/28\\\/2016\\\/05\\\/pathe.jpg\",\"contentUrl\":\"https:\\\/\\\/dicolova.com\\\/fos59\\\/wp-content\\\/uploads\\\/sites\\\/28\\\/2016\\\/05\\\/pathe.jpg\",\"width\":230,\"height\":230},{\"@type\":\"BreadcrumbList\",\"@id\":\"https:\\\/\\\/dicolova.com\\\/fos59\\\/boutique\\\/cinema\\\/pathe\\\/#breadcrumb\",\"itemListElement\":[{\"@type\":\"ListItem\",\"position\":1,\"name\":\"Accueil\",\"item\":\"https:\\\/\\\/dicolova.com\\\/fos59\\\/\"},{\"@type\":\"ListItem\",\"position\":2,\"name\":\"Billetterie\",\"item\":\"https:\\\/\\\/dicolova.com\\\/fos59\\\/billetterie\\\/\"},{\"@type\":\"ListItem\",\"position\":3,\"name\":\"Cin\u00e9ma Path\u00e9 de Li\u00e8vin &#8211; En e-billet\"}]},{\"@type\":\"WebSite\",\"@id\":\"https:\\\/\\\/dicolova.com\\\/fos59\\\/#website\",\"url\":\"https:\\\/\\\/dicolova.com\\\/fos59\\\/\",\"name\":\"FOS 59\",\"description\":\"\",\"potentialAction\":[{\"@type\":\"SearchAction\",\"target\":{\"@type\":\"EntryPoint\",\"urlTemplate\":\"https:\\\/\\\/dicolova.com\\\/fos59\\\/?s={search_term_string}\"},\"query-input\":{\"@type\":\"PropertyValueSpecification\",\"valueRequired\":true,\"valueName\":\"search_term_string\"}}],\"inLanguage\":\"fr-FR\"}]}<\/script>\n<!-- \/ Yoast SEO plugin. -->","yoast_head_json":{"title":"Cin\u00e9ma Path\u00e9 de Li\u00e8vin - En e-billet - FOS 59","robots":{"index":"index","follow":"follow","max-snippet":"max-snippet:-1","max-image-preview":"max-image-preview:large","max-video-preview":"max-video-preview:-1"},"canonical":"https:\/\/dicolova.com\/fos59\/boutique\/cinema\/pathe\/","og_locale":"fr_FR","og_type":"article","og_title":"Cin\u00e9ma Path\u00e9 de Li\u00e8vin - En e-billet - FOS 59","og_description":"E-Billet valable dans tous les cin\u00e9mas Path\u00e9 de France  11\u20ac au lieu de 14.60 \u20ac  Billet ni repris, ni \u00e9chang\u00e9  Bon de commande FOS 59 : Billetterie.PARC-CINE-DICOLOVA  &nbsp;","og_url":"https:\/\/dicolova.com\/fos59\/boutique\/cinema\/pathe\/","og_site_name":"FOS 59","article_modified_time":"2026-02-06T17:00:44+00:00","og_image":[{"width":230,"height":230,"url":"https:\/\/dicolova.com\/fos59\/wp-content\/uploads\/sites\/28\/2016\/05\/pathe.jpg","type":"image\/jpeg"}],"twitter_card":"summary_large_image","twitter_misc":{"Dur\u00e9e de lecture estim\u00e9e":"1 minute"},"schema":{"@context":"https:\/\/schema.org","@graph":[{"@type":"WebPage","@id":"https:\/\/dicolova.com\/fos59\/boutique\/cinema\/pathe\/","url":"https:\/\/dicolova.com\/fos59\/boutique\/cinema\/pathe\/","name":"Cin\u00e9ma Path\u00e9 de Li\u00e8vin - En e-billet - FOS 59","isPartOf":{"@id":"https:\/\/dicolova.com\/fos59\/#website"},"primaryImageOfPage":{"@id":"https:\/\/dicolova.com\/fos59\/boutique\/cinema\/pathe\/#primaryimage"},"image":{"@id":"https:\/\/dicolova.com\/fos59\/boutique\/cinema\/pathe\/#primaryimage"},"thumbnailUrl":"https:\/\/dicolova.com\/fos59\/wp-content\/uploads\/sites\/28\/2016\/05\/pathe.jpg","datePublished":"2026-01-22T23:00:40+00:00","dateModified":"2026-02-06T17:00:44+00:00","breadcrumb":{"@id":"https:\/\/dicolova.com\/fos59\/boutique\/cinema\/pathe\/#breadcrumb"},"inLanguage":"fr-FR","potentialAction":[{"@type":"ReadAction","target":["https:\/\/dicolova.com\/fos59\/boutique\/cinema\/pathe\/"]}]},{"@type":"ImageObject","inLanguage":"fr-FR","@id":"https:\/\/dicolova.com\/fos59\/boutique\/cinema\/pathe\/#primaryimage","url":"https:\/\/dicolova.com\/fos59\/wp-content\/uploads\/sites\/28\/2016\/05\/pathe.jpg","contentUrl":"https:\/\/dicolova.com\/fos59\/wp-content\/uploads\/sites\/28\/2016\/05\/pathe.jpg","width":230,"height":230},{"@type":"BreadcrumbList","@id":"https:\/\/dicolova.com\/fos59\/boutique\/cinema\/pathe\/#breadcrumb","itemListElement":[{"@type":"ListItem","position":1,"name":"Accueil","item":"https:\/\/dicolova.com\/fos59\/"},{"@type":"ListItem","position":2,"name":"Billetterie","item":"https:\/\/dicolova.com\/fos59\/billetterie\/"},{"@type":"ListItem","position":3,"name":"Cin\u00e9ma Path\u00e9 de Li\u00e8vin &#8211; En e-billet"}]},{"@type":"WebSite","@id":"https:\/\/dicolova.com\/fos59\/#website","url":"https:\/\/dicolova.com\/fos59\/","name":"FOS 59","description":"","potentialAction":[{"@type":"SearchAction","target":{"@type":"EntryPoint","urlTemplate":"https:\/\/dicolova.com\/fos59\/?s={search_term_string}"},"query-input":{"@type":"PropertyValueSpecification","valueRequired":true,"valueName":"search_term_string"}}],"inLanguage":"fr-FR"}]}},"_links":{"self":[{"href":"https:\/\/dicolova.com\/fos59\/wp-json\/wp\/v2\/product\/150","targetHints":{"allow":["GET"]}}],"collection":[{"href":"https:\/\/dicolova.com\/fos59\/wp-json\/wp\/v2\/product"}],"about":[{"href":"https:\/\/dicolova.com\/fos59\/wp-json\/wp\/v2\/types\/product"}],"replies":[{"embeddable":true,"href":"https:\/\/dicolova.com\/fos59\/wp-json\/wp\/v2\/comments?post=150"}],"wp:featuredmedia":[{"embeddable":true,"href":"https:\/\/dicolova.com\/fos59\/wp-json\/wp\/v2\/media\/123"}],"wp:attachment":[{"href":"https:\/\/dicolova.com\/fos59\/wp-json\/wp\/v2\/media?parent=150"}],"wp:term":[{"taxonomy":"product_brand","embeddable":true,"href":"https:\/\/dicolova.com\/fos59\/wp-json\/wp\/v2\/product_brand?post=150"},{"taxonomy":"product_cat","embeddable":true,"href":"https:\/\/dicolova.com\/fos59\/wp-json\/wp\/v2\/product_cat?post=150"},{"taxonomy":"product_tag","embeddable":true,"href":"https:\/\/dicolova.com\/fos59\/wp-json\/wp\/v2\/product_tag?post=150"}],"curies":[{"name":"wp","href":"https:\/\/api.w.org\/{rel}","templated":true}]}}