{"id":1323,"date":"2026-02-25T00:00:31","date_gmt":"2026-02-24T23:00:31","guid":{"rendered":"https:\/\/dicolova.com\/fos59\/?post_type=product&#038;p=1323"},"modified":"2026-03-04T18:09:55","modified_gmt":"2026-03-04T17:09:55","slug":"cinema-le-pont-des-arts-a-marcq-en-baroeul","status":"publish","type":"product","link":"https:\/\/dicolova.com\/fos59\/boutique\/cinema\/cinema-le-pont-des-arts-a-marcq-en-baroeul\/","title":{"rendered":"Cin\u00e9ma le Pont des Arts \u00e0 Marcq en Baroeul"},"content":{"rendered":"<p>\u00ab\u00a0Le cin\u00e9ma \u00ab\u00a0Le Pont des Arts\u00a0\u00bb de Marcq-En-Baroeul (Nord) .<\/p>\n<p>Vous accueille tous les jours dans un cadre unique.<\/p>\n<p>3 salles aux derni\u00e8res technologies. Diffusion de films VF, VOSTF, jeune public, \u00e9v\u00e8nement, avant-premi\u00e8re, &#8230;\u00a0\u00bb<\/p>\n<p><span style=\"color: #ff6600\"><strong>les billets ne sont ni repris, ni \u00e9chang\u00e9s\u00a0<\/strong><\/span><\/p>\n<p><strong><span style=\"color: #0000ff\">Billets valables jusqu&rsquo;au 31\/12\/2026<\/span><\/strong><\/p>\n<h2>A savoir\u00a0 :<\/h2>\n<ul>\n<li>Le ticket est valable dans 6 cin\u00e9mas\n<ul>\n<li>UGC \u00e0 Lille,<\/li>\n<li>UGC \u00e0 Villeneuve d&rsquo;ascq,<\/li>\n<li>Le Pont des Arts \u00e0 Marcq en Baroeul<\/li>\n<li>le Cin\u00e9 Lumi\u00e8res \u00e0 Armenti\u00e8res,<\/li>\n<li>le M\u00e9tropole \u00e0 Lille,<\/li>\n<li>le Majestic \u00e0 Lille,<\/li>\n<\/ul>\n<\/li>\n<\/ul>\n<p>&nbsp;<\/p>\n<p>&nbsp;<\/p>\n","protected":false},"excerpt":{"rendered":"<p><span style=\"font-family: 'times new roman', times, serif\"><strong>7.70 \u20ac<\/strong> au lieu de\u00a0 8.20 \u20ac<\/span><\/p>\n<p><strong><span style=\"color: #0000ff\">Ticket valable jusqu&rsquo;au 31\/12\/2026<\/span><\/strong><\/p>\n<p><span style=\"color: #ff6600\"><strong>ni repris, ni \u00e9chang\u00e9<\/strong><\/span><\/p>\n<p><span style=\"color: #0000ff\"><strong>Bon de commande FOS 59 : <a href=\"https:\/\/dicolova.com\/fos59\/wp-content\/uploads\/sites\/28\/2026\/02\/billetterie.PARC-CINE-DICOLOVA.pdf\">Billetterie.PARC-CINE-DICOLOVA<\/a><\/strong><\/span><\/p>\n","protected":false},"featured_media":1324,"comment_status":"closed","ping_status":"closed","template":"","meta":[],"product_brand":[],"product_cat":[124],"product_tag":[],"class_list":{"0":"post-1323","1":"product","2":"type-product","3":"status-publish","4":"has-post-thumbnail","6":"product_cat-cinema","8":"first","9":"instock","10":"taxable","11":"shipping-taxable","12":"product-type-simple"},"yoast_head":"<!-- This site is optimized with the Yoast SEO plugin v27.5 - https:\/\/yoast.com\/product\/yoast-seo-wordpress\/ -->\n<title>Cin\u00e9ma le Pont des Arts \u00e0 Marcq en Baroeul - FOS 59<\/title>\n<meta name=\"robots\" content=\"index, follow, max-snippet:-1, max-image-preview:large, max-video-preview:-1\" \/>\n<link rel=\"canonical\" href=\"https:\/\/dicolova.com\/fos59\/boutique\/cinema\/cinema-le-pont-des-arts-a-marcq-en-baroeul\/\" \/>\n<meta property=\"og:locale\" content=\"fr_FR\" \/>\n<meta property=\"og:type\" content=\"article\" \/>\n<meta property=\"og:title\" content=\"Cin\u00e9ma le Pont des Arts \u00e0 Marcq en Baroeul - FOS 59\" \/>\n<meta property=\"og:description\" content=\"7.70 \u20ac au lieu de\u00a0 8.20 \u20ac  Ticket valable jusqu&#039;au 31\/12\/2026  ni repris, ni \u00e9chang\u00e9  Bon de commande FOS 59 : Billetterie.PARC-CINE-DICOLOVA\" \/>\n<meta property=\"og:url\" content=\"https:\/\/dicolova.com\/fos59\/boutique\/cinema\/cinema-le-pont-des-arts-a-marcq-en-baroeul\/\" \/>\n<meta property=\"og:site_name\" content=\"FOS 59\" \/>\n<meta property=\"article:modified_time\" content=\"2026-03-04T17:09:55+00:00\" \/>\n<meta property=\"og:image\" content=\"https:\/\/dicolova.com\/fos59\/wp-content\/uploads\/sites\/28\/2025\/04\/PONT-DES-ARTS.jpg\" \/>\n\t<meta property=\"og:image:width\" content=\"225\" \/>\n\t<meta property=\"og:image:height\" content=\"225\" \/>\n\t<meta property=\"og:image:type\" content=\"image\/jpeg\" \/>\n<meta name=\"twitter:card\" content=\"summary_large_image\" \/>\n<meta name=\"twitter:label1\" content=\"Dur\u00e9e de lecture estim\u00e9e\" \/>\n\t<meta name=\"twitter:data1\" content=\"1 minute\" \/>\n<script type=\"application\/ld+json\" class=\"yoast-schema-graph\">{\"@context\":\"https:\\\/\\\/schema.org\",\"@graph\":[{\"@type\":\"WebPage\",\"@id\":\"https:\\\/\\\/dicolova.com\\\/fos59\\\/boutique\\\/cinema\\\/cinema-le-pont-des-arts-a-marcq-en-baroeul\\\/\",\"url\":\"https:\\\/\\\/dicolova.com\\\/fos59\\\/boutique\\\/cinema\\\/cinema-le-pont-des-arts-a-marcq-en-baroeul\\\/\",\"name\":\"Cin\u00e9ma le Pont des Arts \u00e0 Marcq en Baroeul - FOS 59\",\"isPartOf\":{\"@id\":\"https:\\\/\\\/dicolova.com\\\/fos59\\\/#website\"},\"primaryImageOfPage\":{\"@id\":\"https:\\\/\\\/dicolova.com\\\/fos59\\\/boutique\\\/cinema\\\/cinema-le-pont-des-arts-a-marcq-en-baroeul\\\/#primaryimage\"},\"image\":{\"@id\":\"https:\\\/\\\/dicolova.com\\\/fos59\\\/boutique\\\/cinema\\\/cinema-le-pont-des-arts-a-marcq-en-baroeul\\\/#primaryimage\"},\"thumbnailUrl\":\"https:\\\/\\\/dicolova.com\\\/fos59\\\/wp-content\\\/uploads\\\/sites\\\/28\\\/2025\\\/04\\\/PONT-DES-ARTS.jpg\",\"datePublished\":\"2026-02-24T23:00:31+00:00\",\"dateModified\":\"2026-03-04T17:09:55+00:00\",\"breadcrumb\":{\"@id\":\"https:\\\/\\\/dicolova.com\\\/fos59\\\/boutique\\\/cinema\\\/cinema-le-pont-des-arts-a-marcq-en-baroeul\\\/#breadcrumb\"},\"inLanguage\":\"fr-FR\",\"potentialAction\":[{\"@type\":\"ReadAction\",\"target\":[\"https:\\\/\\\/dicolova.com\\\/fos59\\\/boutique\\\/cinema\\\/cinema-le-pont-des-arts-a-marcq-en-baroeul\\\/\"]}]},{\"@type\":\"ImageObject\",\"inLanguage\":\"fr-FR\",\"@id\":\"https:\\\/\\\/dicolova.com\\\/fos59\\\/boutique\\\/cinema\\\/cinema-le-pont-des-arts-a-marcq-en-baroeul\\\/#primaryimage\",\"url\":\"https:\\\/\\\/dicolova.com\\\/fos59\\\/wp-content\\\/uploads\\\/sites\\\/28\\\/2025\\\/04\\\/PONT-DES-ARTS.jpg\",\"contentUrl\":\"https:\\\/\\\/dicolova.com\\\/fos59\\\/wp-content\\\/uploads\\\/sites\\\/28\\\/2025\\\/04\\\/PONT-DES-ARTS.jpg\",\"width\":225,\"height\":225},{\"@type\":\"BreadcrumbList\",\"@id\":\"https:\\\/\\\/dicolova.com\\\/fos59\\\/boutique\\\/cinema\\\/cinema-le-pont-des-arts-a-marcq-en-baroeul\\\/#breadcrumb\",\"itemListElement\":[{\"@type\":\"ListItem\",\"position\":1,\"name\":\"Accueil\",\"item\":\"https:\\\/\\\/dicolova.com\\\/fos59\\\/\"},{\"@type\":\"ListItem\",\"position\":2,\"name\":\"Billetterie\",\"item\":\"https:\\\/\\\/dicolova.com\\\/fos59\\\/billetterie\\\/\"},{\"@type\":\"ListItem\",\"position\":3,\"name\":\"Cin\u00e9ma le Pont des Arts \u00e0 Marcq en Baroeul\"}]},{\"@type\":\"WebSite\",\"@id\":\"https:\\\/\\\/dicolova.com\\\/fos59\\\/#website\",\"url\":\"https:\\\/\\\/dicolova.com\\\/fos59\\\/\",\"name\":\"FOS 59\",\"description\":\"\",\"potentialAction\":[{\"@type\":\"SearchAction\",\"target\":{\"@type\":\"EntryPoint\",\"urlTemplate\":\"https:\\\/\\\/dicolova.com\\\/fos59\\\/?s={search_term_string}\"},\"query-input\":{\"@type\":\"PropertyValueSpecification\",\"valueRequired\":true,\"valueName\":\"search_term_string\"}}],\"inLanguage\":\"fr-FR\"}]}<\/script>\n<!-- \/ Yoast SEO plugin. -->","yoast_head_json":{"title":"Cin\u00e9ma le Pont des Arts \u00e0 Marcq en Baroeul - FOS 59","robots":{"index":"index","follow":"follow","max-snippet":"max-snippet:-1","max-image-preview":"max-image-preview:large","max-video-preview":"max-video-preview:-1"},"canonical":"https:\/\/dicolova.com\/fos59\/boutique\/cinema\/cinema-le-pont-des-arts-a-marcq-en-baroeul\/","og_locale":"fr_FR","og_type":"article","og_title":"Cin\u00e9ma le Pont des Arts \u00e0 Marcq en Baroeul - FOS 59","og_description":"7.70 \u20ac au lieu de\u00a0 8.20 \u20ac  Ticket valable jusqu'au 31\/12\/2026  ni repris, ni \u00e9chang\u00e9  Bon de commande FOS 59 : Billetterie.PARC-CINE-DICOLOVA","og_url":"https:\/\/dicolova.com\/fos59\/boutique\/cinema\/cinema-le-pont-des-arts-a-marcq-en-baroeul\/","og_site_name":"FOS 59","article_modified_time":"2026-03-04T17:09:55+00:00","og_image":[{"width":225,"height":225,"url":"https:\/\/dicolova.com\/fos59\/wp-content\/uploads\/sites\/28\/2025\/04\/PONT-DES-ARTS.jpg","type":"image\/jpeg"}],"twitter_card":"summary_large_image","twitter_misc":{"Dur\u00e9e de lecture estim\u00e9e":"1 minute"},"schema":{"@context":"https:\/\/schema.org","@graph":[{"@type":"WebPage","@id":"https:\/\/dicolova.com\/fos59\/boutique\/cinema\/cinema-le-pont-des-arts-a-marcq-en-baroeul\/","url":"https:\/\/dicolova.com\/fos59\/boutique\/cinema\/cinema-le-pont-des-arts-a-marcq-en-baroeul\/","name":"Cin\u00e9ma le Pont des Arts \u00e0 Marcq en Baroeul - FOS 59","isPartOf":{"@id":"https:\/\/dicolova.com\/fos59\/#website"},"primaryImageOfPage":{"@id":"https:\/\/dicolova.com\/fos59\/boutique\/cinema\/cinema-le-pont-des-arts-a-marcq-en-baroeul\/#primaryimage"},"image":{"@id":"https:\/\/dicolova.com\/fos59\/boutique\/cinema\/cinema-le-pont-des-arts-a-marcq-en-baroeul\/#primaryimage"},"thumbnailUrl":"https:\/\/dicolova.com\/fos59\/wp-content\/uploads\/sites\/28\/2025\/04\/PONT-DES-ARTS.jpg","datePublished":"2026-02-24T23:00:31+00:00","dateModified":"2026-03-04T17:09:55+00:00","breadcrumb":{"@id":"https:\/\/dicolova.com\/fos59\/boutique\/cinema\/cinema-le-pont-des-arts-a-marcq-en-baroeul\/#breadcrumb"},"inLanguage":"fr-FR","potentialAction":[{"@type":"ReadAction","target":["https:\/\/dicolova.com\/fos59\/boutique\/cinema\/cinema-le-pont-des-arts-a-marcq-en-baroeul\/"]}]},{"@type":"ImageObject","inLanguage":"fr-FR","@id":"https:\/\/dicolova.com\/fos59\/boutique\/cinema\/cinema-le-pont-des-arts-a-marcq-en-baroeul\/#primaryimage","url":"https:\/\/dicolova.com\/fos59\/wp-content\/uploads\/sites\/28\/2025\/04\/PONT-DES-ARTS.jpg","contentUrl":"https:\/\/dicolova.com\/fos59\/wp-content\/uploads\/sites\/28\/2025\/04\/PONT-DES-ARTS.jpg","width":225,"height":225},{"@type":"BreadcrumbList","@id":"https:\/\/dicolova.com\/fos59\/boutique\/cinema\/cinema-le-pont-des-arts-a-marcq-en-baroeul\/#breadcrumb","itemListElement":[{"@type":"ListItem","position":1,"name":"Accueil","item":"https:\/\/dicolova.com\/fos59\/"},{"@type":"ListItem","position":2,"name":"Billetterie","item":"https:\/\/dicolova.com\/fos59\/billetterie\/"},{"@type":"ListItem","position":3,"name":"Cin\u00e9ma le Pont des Arts \u00e0 Marcq en Baroeul"}]},{"@type":"WebSite","@id":"https:\/\/dicolova.com\/fos59\/#website","url":"https:\/\/dicolova.com\/fos59\/","name":"FOS 59","description":"","potentialAction":[{"@type":"SearchAction","target":{"@type":"EntryPoint","urlTemplate":"https:\/\/dicolova.com\/fos59\/?s={search_term_string}"},"query-input":{"@type":"PropertyValueSpecification","valueRequired":true,"valueName":"search_term_string"}}],"inLanguage":"fr-FR"}]}},"_links":{"self":[{"href":"https:\/\/dicolova.com\/fos59\/wp-json\/wp\/v2\/product\/1323","targetHints":{"allow":["GET"]}}],"collection":[{"href":"https:\/\/dicolova.com\/fos59\/wp-json\/wp\/v2\/product"}],"about":[{"href":"https:\/\/dicolova.com\/fos59\/wp-json\/wp\/v2\/types\/product"}],"replies":[{"embeddable":true,"href":"https:\/\/dicolova.com\/fos59\/wp-json\/wp\/v2\/comments?post=1323"}],"wp:featuredmedia":[{"embeddable":true,"href":"https:\/\/dicolova.com\/fos59\/wp-json\/wp\/v2\/media\/1324"}],"wp:attachment":[{"href":"https:\/\/dicolova.com\/fos59\/wp-json\/wp\/v2\/media?parent=1323"}],"wp:term":[{"taxonomy":"product_brand","embeddable":true,"href":"https:\/\/dicolova.com\/fos59\/wp-json\/wp\/v2\/product_brand?post=1323"},{"taxonomy":"product_cat","embeddable":true,"href":"https:\/\/dicolova.com\/fos59\/wp-json\/wp\/v2\/product_cat?post=1323"},{"taxonomy":"product_tag","embeddable":true,"href":"https:\/\/dicolova.com\/fos59\/wp-json\/wp\/v2\/product_tag?post=1323"}],"curies":[{"name":"wp","href":"https:\/\/api.w.org\/{rel}","templated":true}]}}