{"id":1317,"date":"2026-01-23T11:59:28","date_gmt":"2026-01-23T10:59:28","guid":{"rendered":"https:\/\/dicolova.com\/fos59\/?post_type=product&#038;p=1317"},"modified":"2026-02-05T18:04:41","modified_gmt":"2026-02-05T17:04:41","slug":"dennlys-parc-billet-valable-jusquau-1-11-2026","status":"publish","type":"product","link":"https:\/\/dicolova.com\/fos59\/boutique\/loisirs-decouvertes-de-plein-air\/dennlys-parc-billet-valable-jusquau-1-11-2026\/","title":{"rendered":"Dennlys Parc &#8211; Billet valable 2 saisons 2026-2027"},"content":{"rendered":"<p><strong>Dennlys Parc &#8211; Billet valable 2 saisons 2026-2027<\/strong><\/p>\n<p>\u00ab\u00a0Temp\u00eate \u00e0 b\u00e2bord, typhon \u00e0 tribord\u2026 Accrochez-vous bien moussaillons, le voyage s\u2019annonce mouvement\u00e9 \u00e0 Dennlys Parc avec l&rsquo;attraction Alcyon !<\/p>\n<p>Avec plus de 30 attractions et animations vari\u00e9es, 10 espaces de restauration, une accessibilit\u00e9 facile et de nombreux services gratuits.<\/p>\n<p>Dennlys Parc est aujourd\u2019hui le parc d\u2019attractions familial incontournable des Hauts-de-France.\u00a0\u00bb<\/p>\n","protected":false},"excerpt":{"rendered":"<p><strong>Dennlys Parc &#8211; Billet valable 2 saisons 2026-2027<\/strong><\/p>\n<p>Adulte : 20.60\u20ac au lieu de 22.50\u20ac<\/p>\n<p>Enfant (d&rsquo;un m\u00e8tre jusqu&rsquo;a 11 ans) : 17.60\u20ac au lieu de 19.50\u20ac<\/p>\n<p>Bon de commande : <strong><a href=\"https:\/\/dicolova.com\/fos59\/wp-content\/uploads\/sites\/28\/2026\/02\/billetterie.PARC-CINE-DICOLOVA.pdf\">Billetterie.PARC-CINE-DICOLOVA<\/a><\/strong><\/p>\n","protected":false},"featured_media":1318,"comment_status":"closed","ping_status":"closed","template":"","meta":[],"product_brand":[],"product_cat":[127],"product_tag":[],"class_list":{"0":"post-1317","1":"product","2":"type-product","3":"status-publish","4":"has-post-thumbnail","6":"product_cat-loisirs-decouvertes-de-plein-air","8":"first","9":"instock","10":"taxable","11":"shipping-taxable","12":"product-type-simple"},"yoast_head":"<!-- This site is optimized with the Yoast SEO plugin v27.5 - https:\/\/yoast.com\/product\/yoast-seo-wordpress\/ -->\n<title>Dennlys Parc - Billet valable 2 saisons 2026-2027 - FOS 59<\/title>\n<meta name=\"robots\" content=\"index, follow, max-snippet:-1, max-image-preview:large, max-video-preview:-1\" \/>\n<link rel=\"canonical\" href=\"https:\/\/dicolova.com\/fos59\/boutique\/loisirs-decouvertes-de-plein-air\/dennlys-parc-billet-valable-jusquau-1-11-2026\/\" \/>\n<meta property=\"og:locale\" content=\"fr_FR\" \/>\n<meta property=\"og:type\" content=\"article\" \/>\n<meta property=\"og:title\" content=\"Dennlys Parc - Billet valable 2 saisons 2026-2027 - FOS 59\" \/>\n<meta property=\"og:description\" content=\"Dennlys Parc - Billet valable 2 saisons 2026-2027  Adulte : 20.60\u20ac au lieu de 22.50\u20ac  Enfant (d&#039;un m\u00e8tre jusqu&#039;a 11 ans) : 17.60\u20ac au lieu de 19.50\u20ac  Bon de commande : Billetterie.PARC-CINE-DICOLOVA\" \/>\n<meta property=\"og:url\" content=\"https:\/\/dicolova.com\/fos59\/boutique\/loisirs-decouvertes-de-plein-air\/dennlys-parc-billet-valable-jusquau-1-11-2026\/\" \/>\n<meta property=\"og:site_name\" content=\"FOS 59\" \/>\n<meta property=\"article:modified_time\" content=\"2026-02-05T17:04:41+00:00\" \/>\n<meta property=\"og:image\" content=\"https:\/\/dicolova.com\/fos59\/wp-content\/uploads\/sites\/28\/2025\/04\/dennlys-parc.jpg\" \/>\n\t<meta property=\"og:image:width\" content=\"277\" \/>\n\t<meta property=\"og:image:height\" content=\"182\" \/>\n\t<meta property=\"og:image:type\" content=\"image\/jpeg\" \/>\n<meta name=\"twitter:card\" content=\"summary_large_image\" \/>\n<meta name=\"twitter:label1\" content=\"Dur\u00e9e de lecture estim\u00e9e\" \/>\n\t<meta name=\"twitter:data1\" content=\"1 minute\" \/>\n<script type=\"application\/ld+json\" class=\"yoast-schema-graph\">{\"@context\":\"https:\\\/\\\/schema.org\",\"@graph\":[{\"@type\":\"WebPage\",\"@id\":\"https:\\\/\\\/dicolova.com\\\/fos59\\\/boutique\\\/loisirs-decouvertes-de-plein-air\\\/dennlys-parc-billet-valable-jusquau-1-11-2026\\\/\",\"url\":\"https:\\\/\\\/dicolova.com\\\/fos59\\\/boutique\\\/loisirs-decouvertes-de-plein-air\\\/dennlys-parc-billet-valable-jusquau-1-11-2026\\\/\",\"name\":\"Dennlys Parc - Billet valable 2 saisons 2026-2027 - FOS 59\",\"isPartOf\":{\"@id\":\"https:\\\/\\\/dicolova.com\\\/fos59\\\/#website\"},\"primaryImageOfPage\":{\"@id\":\"https:\\\/\\\/dicolova.com\\\/fos59\\\/boutique\\\/loisirs-decouvertes-de-plein-air\\\/dennlys-parc-billet-valable-jusquau-1-11-2026\\\/#primaryimage\"},\"image\":{\"@id\":\"https:\\\/\\\/dicolova.com\\\/fos59\\\/boutique\\\/loisirs-decouvertes-de-plein-air\\\/dennlys-parc-billet-valable-jusquau-1-11-2026\\\/#primaryimage\"},\"thumbnailUrl\":\"https:\\\/\\\/dicolova.com\\\/fos59\\\/wp-content\\\/uploads\\\/sites\\\/28\\\/2025\\\/04\\\/dennlys-parc.jpg\",\"datePublished\":\"2026-01-23T10:59:28+00:00\",\"dateModified\":\"2026-02-05T17:04:41+00:00\",\"breadcrumb\":{\"@id\":\"https:\\\/\\\/dicolova.com\\\/fos59\\\/boutique\\\/loisirs-decouvertes-de-plein-air\\\/dennlys-parc-billet-valable-jusquau-1-11-2026\\\/#breadcrumb\"},\"inLanguage\":\"fr-FR\",\"potentialAction\":[{\"@type\":\"ReadAction\",\"target\":[\"https:\\\/\\\/dicolova.com\\\/fos59\\\/boutique\\\/loisirs-decouvertes-de-plein-air\\\/dennlys-parc-billet-valable-jusquau-1-11-2026\\\/\"]}]},{\"@type\":\"ImageObject\",\"inLanguage\":\"fr-FR\",\"@id\":\"https:\\\/\\\/dicolova.com\\\/fos59\\\/boutique\\\/loisirs-decouvertes-de-plein-air\\\/dennlys-parc-billet-valable-jusquau-1-11-2026\\\/#primaryimage\",\"url\":\"https:\\\/\\\/dicolova.com\\\/fos59\\\/wp-content\\\/uploads\\\/sites\\\/28\\\/2025\\\/04\\\/dennlys-parc.jpg\",\"contentUrl\":\"https:\\\/\\\/dicolova.com\\\/fos59\\\/wp-content\\\/uploads\\\/sites\\\/28\\\/2025\\\/04\\\/dennlys-parc.jpg\",\"width\":277,\"height\":182},{\"@type\":\"BreadcrumbList\",\"@id\":\"https:\\\/\\\/dicolova.com\\\/fos59\\\/boutique\\\/loisirs-decouvertes-de-plein-air\\\/dennlys-parc-billet-valable-jusquau-1-11-2026\\\/#breadcrumb\",\"itemListElement\":[{\"@type\":\"ListItem\",\"position\":1,\"name\":\"Accueil\",\"item\":\"https:\\\/\\\/dicolova.com\\\/fos59\\\/\"},{\"@type\":\"ListItem\",\"position\":2,\"name\":\"Billetterie\",\"item\":\"https:\\\/\\\/dicolova.com\\\/fos59\\\/billetterie\\\/\"},{\"@type\":\"ListItem\",\"position\":3,\"name\":\"Dennlys Parc &#8211; Billet valable 2 saisons 2026-2027\"}]},{\"@type\":\"WebSite\",\"@id\":\"https:\\\/\\\/dicolova.com\\\/fos59\\\/#website\",\"url\":\"https:\\\/\\\/dicolova.com\\\/fos59\\\/\",\"name\":\"FOS 59\",\"description\":\"\",\"potentialAction\":[{\"@type\":\"SearchAction\",\"target\":{\"@type\":\"EntryPoint\",\"urlTemplate\":\"https:\\\/\\\/dicolova.com\\\/fos59\\\/?s={search_term_string}\"},\"query-input\":{\"@type\":\"PropertyValueSpecification\",\"valueRequired\":true,\"valueName\":\"search_term_string\"}}],\"inLanguage\":\"fr-FR\"}]}<\/script>\n<!-- \/ Yoast SEO plugin. -->","yoast_head_json":{"title":"Dennlys Parc - Billet valable 2 saisons 2026-2027 - FOS 59","robots":{"index":"index","follow":"follow","max-snippet":"max-snippet:-1","max-image-preview":"max-image-preview:large","max-video-preview":"max-video-preview:-1"},"canonical":"https:\/\/dicolova.com\/fos59\/boutique\/loisirs-decouvertes-de-plein-air\/dennlys-parc-billet-valable-jusquau-1-11-2026\/","og_locale":"fr_FR","og_type":"article","og_title":"Dennlys Parc - Billet valable 2 saisons 2026-2027 - FOS 59","og_description":"Dennlys Parc - Billet valable 2 saisons 2026-2027  Adulte : 20.60\u20ac au lieu de 22.50\u20ac  Enfant (d'un m\u00e8tre jusqu'a 11 ans) : 17.60\u20ac au lieu de 19.50\u20ac  Bon de commande : Billetterie.PARC-CINE-DICOLOVA","og_url":"https:\/\/dicolova.com\/fos59\/boutique\/loisirs-decouvertes-de-plein-air\/dennlys-parc-billet-valable-jusquau-1-11-2026\/","og_site_name":"FOS 59","article_modified_time":"2026-02-05T17:04:41+00:00","og_image":[{"width":277,"height":182,"url":"https:\/\/dicolova.com\/fos59\/wp-content\/uploads\/sites\/28\/2025\/04\/dennlys-parc.jpg","type":"image\/jpeg"}],"twitter_card":"summary_large_image","twitter_misc":{"Dur\u00e9e de lecture estim\u00e9e":"1 minute"},"schema":{"@context":"https:\/\/schema.org","@graph":[{"@type":"WebPage","@id":"https:\/\/dicolova.com\/fos59\/boutique\/loisirs-decouvertes-de-plein-air\/dennlys-parc-billet-valable-jusquau-1-11-2026\/","url":"https:\/\/dicolova.com\/fos59\/boutique\/loisirs-decouvertes-de-plein-air\/dennlys-parc-billet-valable-jusquau-1-11-2026\/","name":"Dennlys Parc - Billet valable 2 saisons 2026-2027 - FOS 59","isPartOf":{"@id":"https:\/\/dicolova.com\/fos59\/#website"},"primaryImageOfPage":{"@id":"https:\/\/dicolova.com\/fos59\/boutique\/loisirs-decouvertes-de-plein-air\/dennlys-parc-billet-valable-jusquau-1-11-2026\/#primaryimage"},"image":{"@id":"https:\/\/dicolova.com\/fos59\/boutique\/loisirs-decouvertes-de-plein-air\/dennlys-parc-billet-valable-jusquau-1-11-2026\/#primaryimage"},"thumbnailUrl":"https:\/\/dicolova.com\/fos59\/wp-content\/uploads\/sites\/28\/2025\/04\/dennlys-parc.jpg","datePublished":"2026-01-23T10:59:28+00:00","dateModified":"2026-02-05T17:04:41+00:00","breadcrumb":{"@id":"https:\/\/dicolova.com\/fos59\/boutique\/loisirs-decouvertes-de-plein-air\/dennlys-parc-billet-valable-jusquau-1-11-2026\/#breadcrumb"},"inLanguage":"fr-FR","potentialAction":[{"@type":"ReadAction","target":["https:\/\/dicolova.com\/fos59\/boutique\/loisirs-decouvertes-de-plein-air\/dennlys-parc-billet-valable-jusquau-1-11-2026\/"]}]},{"@type":"ImageObject","inLanguage":"fr-FR","@id":"https:\/\/dicolova.com\/fos59\/boutique\/loisirs-decouvertes-de-plein-air\/dennlys-parc-billet-valable-jusquau-1-11-2026\/#primaryimage","url":"https:\/\/dicolova.com\/fos59\/wp-content\/uploads\/sites\/28\/2025\/04\/dennlys-parc.jpg","contentUrl":"https:\/\/dicolova.com\/fos59\/wp-content\/uploads\/sites\/28\/2025\/04\/dennlys-parc.jpg","width":277,"height":182},{"@type":"BreadcrumbList","@id":"https:\/\/dicolova.com\/fos59\/boutique\/loisirs-decouvertes-de-plein-air\/dennlys-parc-billet-valable-jusquau-1-11-2026\/#breadcrumb","itemListElement":[{"@type":"ListItem","position":1,"name":"Accueil","item":"https:\/\/dicolova.com\/fos59\/"},{"@type":"ListItem","position":2,"name":"Billetterie","item":"https:\/\/dicolova.com\/fos59\/billetterie\/"},{"@type":"ListItem","position":3,"name":"Dennlys Parc &#8211; Billet valable 2 saisons 2026-2027"}]},{"@type":"WebSite","@id":"https:\/\/dicolova.com\/fos59\/#website","url":"https:\/\/dicolova.com\/fos59\/","name":"FOS 59","description":"","potentialAction":[{"@type":"SearchAction","target":{"@type":"EntryPoint","urlTemplate":"https:\/\/dicolova.com\/fos59\/?s={search_term_string}"},"query-input":{"@type":"PropertyValueSpecification","valueRequired":true,"valueName":"search_term_string"}}],"inLanguage":"fr-FR"}]}},"_links":{"self":[{"href":"https:\/\/dicolova.com\/fos59\/wp-json\/wp\/v2\/product\/1317","targetHints":{"allow":["GET"]}}],"collection":[{"href":"https:\/\/dicolova.com\/fos59\/wp-json\/wp\/v2\/product"}],"about":[{"href":"https:\/\/dicolova.com\/fos59\/wp-json\/wp\/v2\/types\/product"}],"replies":[{"embeddable":true,"href":"https:\/\/dicolova.com\/fos59\/wp-json\/wp\/v2\/comments?post=1317"}],"wp:featuredmedia":[{"embeddable":true,"href":"https:\/\/dicolova.com\/fos59\/wp-json\/wp\/v2\/media\/1318"}],"wp:attachment":[{"href":"https:\/\/dicolova.com\/fos59\/wp-json\/wp\/v2\/media?parent=1317"}],"wp:term":[{"taxonomy":"product_brand","embeddable":true,"href":"https:\/\/dicolova.com\/fos59\/wp-json\/wp\/v2\/product_brand?post=1317"},{"taxonomy":"product_cat","embeddable":true,"href":"https:\/\/dicolova.com\/fos59\/wp-json\/wp\/v2\/product_cat?post=1317"},{"taxonomy":"product_tag","embeddable":true,"href":"https:\/\/dicolova.com\/fos59\/wp-json\/wp\/v2\/product_tag?post=1317"}],"curies":[{"name":"wp","href":"https:\/\/api.w.org\/{rel}","templated":true}]}}