{"id":206,"date":"2018-03-20T17:01:56","date_gmt":"2018-03-20T16:01:56","guid":{"rendered":"https:\/\/dicolova.com\/cos65\/?post_type=product&#038;p=206"},"modified":"2023-10-08T10:15:47","modified_gmt":"2023-10-08T09:15:47","slug":"zoo-de-palmyre","status":"publish","type":"product","link":"https:\/\/dicolova.com\/cos65\/boutique\/loisirs-decouvertes-de-plein-air\/zoo-de-palmyre\/","title":{"rendered":"ZOO DE LA PALMYRE"},"content":{"rendered":"<p>Nich\u00e9 au coeur d&rsquo;une for\u00eat de pins de 18 hectares, le Zoo de La Palmyre accueille plus de 1600 mammif\u00e8res, oiseaux et reptiles repr\u00e9sentant 115 esp\u00e8ces diff\u00e9rentes.<\/p>\n<p>Au-del\u00e0 d\u2019\u00eatre une sortie agr\u00e9able et divertissante pour le public, le Zoo de La Palmyre joue aussi un r\u00f4le important dans la conservation des esp\u00e8ces menac\u00e9es, la recherche scientifique et l\u2019\u00e9ducation \u00e0 l\u2019environnement. Il enregistre chaque ann\u00e9e 200 \u00e0 300 naissances, un succ\u00e8s qui s&rsquo;explique par les soins apport\u00e9s \u00e0 l&rsquo;alimentation et au bien-\u00eatre des animaux. Fond\u00e9 par Claude Caill\u00e9 en 1966, ce site unique est devenu au fil du temps l&rsquo;un des parcs zoologiques les plus renomm\u00e9s de France et un \u00e9l\u00e9ment phare du patrimoine sentimental de la r\u00e9gion.<\/p>\n<p>Dur\u00e9e moyenne de visite : 4 heures.<\/p>\n<p><strong>Attention : chiens non admis<\/strong><\/p>\n<p>Pour des raisons d&rsquo;hygi\u00e8ne et de s\u00e9curit\u00e9, les chiens, m\u00eame tenus en laisse, ne peuvent \u00eatre admis. Le refuge \u00ab\u00a0Les amis des b\u00eates\u00a0\u00bb \u00e0 M\u00e9dis garde les chiens \u00e0 la journ\u00e9e (t\u00e9l : 05 46 05 47 45).<\/p>\n<p><strong>Acc\u00e8s handicap\u00e9s<\/strong><\/p>\n<p>Le parc est accessible aux handicap\u00e9s. Attention : le zoo, install\u00e9 dans un massif forestier dunaire, s&rsquo;\u00e9tend sur 18 hectares et le cheminement fait 4,5 km.\u00a0Il est possible de louer des fauteuils roulants \u00e0 la Pharmacie de La Palmyre (05 46 22 40 82). Les places de stationnement pour handicap\u00e9s se situent sur le parking P1.<\/p>\n<p><strong>Billetterie sur commande.<br \/>\n<\/strong><\/p>\n","protected":false},"excerpt":{"rendered":"<h2>Tarifs<\/h2>\n<table>\n<tbody>\n<tr>\n<td>Adulte (au lieu de 19 \u20ac)<\/td>\n<td>\u00a0\u00a0\u00a0\u00a0\u00a0\u00a0 \u00a0\u00a0\u00a0\u00a0\u00a0\u00a0\u00a0\u00a016 \u20ac<\/td>\n<td><\/td>\n<\/tr>\n<\/tbody>\n<\/table>\n<p>&nbsp;<\/p>\n<table>\n<tbody>\n<tr>\n<td>Enfant 3-12 ans (au lieu de 15 \u20ac)<\/td>\n<td>12 \u20ac<\/td>\n<\/tr>\n<\/tbody>\n<\/table>\n<p>&nbsp;<\/p>\n","protected":false},"featured_media":207,"comment_status":"closed","ping_status":"closed","template":"","meta":[],"product_brand":[],"product_cat":[124],"product_tag":[],"class_list":{"0":"post-206","1":"product","2":"type-product","3":"status-publish","4":"has-post-thumbnail","6":"product_cat-loisirs-decouvertes-de-plein-air","8":"first","9":"instock","10":"taxable","11":"shipping-taxable","12":"product-type-simple"},"yoast_head":"<!-- This site is optimized with the Yoast SEO plugin v27.4 - https:\/\/yoast.com\/product\/yoast-seo-wordpress\/ -->\n<title>ZOO DE LA PALMYRE - COS 65<\/title>\n<meta name=\"robots\" content=\"index, follow, max-snippet:-1, max-image-preview:large, max-video-preview:-1\" \/>\n<link rel=\"canonical\" href=\"https:\/\/dicolova.com\/cos65\/boutique\/loisirs-decouvertes-de-plein-air\/zoo-de-palmyre\/\" \/>\n<meta property=\"og:locale\" content=\"fr_FR\" \/>\n<meta property=\"og:type\" content=\"article\" \/>\n<meta property=\"og:title\" content=\"ZOO DE LA PALMYRE - COS 65\" \/>\n<meta property=\"og:description\" content=\"Tarifs    Adulte (au lieu de 19 \u20ac) \u00a0\u00a0\u00a0\u00a0\u00a0\u00a0 \u00a0\u00a0\u00a0\u00a0\u00a0\u00a0\u00a0\u00a016 \u20ac     &nbsp;    Enfant 3-12 ans (au lieu de 15 \u20ac) 12 \u20ac    &nbsp;\" \/>\n<meta property=\"og:url\" content=\"https:\/\/dicolova.com\/cos65\/boutique\/loisirs-decouvertes-de-plein-air\/zoo-de-palmyre\/\" \/>\n<meta property=\"og:site_name\" content=\"COS 65\" \/>\n<meta property=\"article:modified_time\" content=\"2023-10-08T09:15:47+00:00\" \/>\n<meta property=\"og:image\" content=\"https:\/\/dicolova.com\/cos65\/wp-content\/uploads\/sites\/32\/2018\/03\/Zoo-Palmyre.jpg\" \/>\n\t<meta property=\"og:image:width\" content=\"760\" \/>\n\t<meta property=\"og:image:height\" content=\"500\" \/>\n\t<meta property=\"og:image:type\" content=\"image\/jpeg\" \/>\n<meta name=\"twitter:card\" content=\"summary_large_image\" \/>\n<meta name=\"twitter:label1\" content=\"Dur\u00e9e de lecture estim\u00e9e\" \/>\n\t<meta name=\"twitter:data1\" content=\"2 minutes\" \/>\n<script type=\"application\/ld+json\" class=\"yoast-schema-graph\">{\"@context\":\"https:\\\/\\\/schema.org\",\"@graph\":[{\"@type\":\"WebPage\",\"@id\":\"https:\\\/\\\/dicolova.com\\\/cos65\\\/boutique\\\/loisirs-decouvertes-de-plein-air\\\/zoo-de-palmyre\\\/\",\"url\":\"https:\\\/\\\/dicolova.com\\\/cos65\\\/boutique\\\/loisirs-decouvertes-de-plein-air\\\/zoo-de-palmyre\\\/\",\"name\":\"ZOO DE LA PALMYRE - COS 65\",\"isPartOf\":{\"@id\":\"https:\\\/\\\/dicolova.com\\\/cos65\\\/#website\"},\"primaryImageOfPage\":{\"@id\":\"https:\\\/\\\/dicolova.com\\\/cos65\\\/boutique\\\/loisirs-decouvertes-de-plein-air\\\/zoo-de-palmyre\\\/#primaryimage\"},\"image\":{\"@id\":\"https:\\\/\\\/dicolova.com\\\/cos65\\\/boutique\\\/loisirs-decouvertes-de-plein-air\\\/zoo-de-palmyre\\\/#primaryimage\"},\"thumbnailUrl\":\"https:\\\/\\\/dicolova.com\\\/cos65\\\/wp-content\\\/uploads\\\/sites\\\/32\\\/2018\\\/03\\\/Zoo-Palmyre.jpg\",\"datePublished\":\"2018-03-20T16:01:56+00:00\",\"dateModified\":\"2023-10-08T09:15:47+00:00\",\"breadcrumb\":{\"@id\":\"https:\\\/\\\/dicolova.com\\\/cos65\\\/boutique\\\/loisirs-decouvertes-de-plein-air\\\/zoo-de-palmyre\\\/#breadcrumb\"},\"inLanguage\":\"fr-FR\",\"potentialAction\":[{\"@type\":\"ReadAction\",\"target\":[\"https:\\\/\\\/dicolova.com\\\/cos65\\\/boutique\\\/loisirs-decouvertes-de-plein-air\\\/zoo-de-palmyre\\\/\"]}]},{\"@type\":\"ImageObject\",\"inLanguage\":\"fr-FR\",\"@id\":\"https:\\\/\\\/dicolova.com\\\/cos65\\\/boutique\\\/loisirs-decouvertes-de-plein-air\\\/zoo-de-palmyre\\\/#primaryimage\",\"url\":\"https:\\\/\\\/dicolova.com\\\/cos65\\\/wp-content\\\/uploads\\\/sites\\\/32\\\/2018\\\/03\\\/Zoo-Palmyre.jpg\",\"contentUrl\":\"https:\\\/\\\/dicolova.com\\\/cos65\\\/wp-content\\\/uploads\\\/sites\\\/32\\\/2018\\\/03\\\/Zoo-Palmyre.jpg\",\"width\":760,\"height\":500},{\"@type\":\"BreadcrumbList\",\"@id\":\"https:\\\/\\\/dicolova.com\\\/cos65\\\/boutique\\\/loisirs-decouvertes-de-plein-air\\\/zoo-de-palmyre\\\/#breadcrumb\",\"itemListElement\":[{\"@type\":\"ListItem\",\"position\":1,\"name\":\"Accueil\",\"item\":\"https:\\\/\\\/dicolova.com\\\/cos65\\\/\"},{\"@type\":\"ListItem\",\"position\":2,\"name\":\"Billetterie\",\"item\":\"https:\\\/\\\/dicolova.com\\\/cos65\\\/billetterie\\\/\"},{\"@type\":\"ListItem\",\"position\":3,\"name\":\"ZOO DE LA PALMYRE\"}]},{\"@type\":\"WebSite\",\"@id\":\"https:\\\/\\\/dicolova.com\\\/cos65\\\/#website\",\"url\":\"https:\\\/\\\/dicolova.com\\\/cos65\\\/\",\"name\":\"COS 65\",\"description\":\"\",\"potentialAction\":[{\"@type\":\"SearchAction\",\"target\":{\"@type\":\"EntryPoint\",\"urlTemplate\":\"https:\\\/\\\/dicolova.com\\\/cos65\\\/?s={search_term_string}\"},\"query-input\":{\"@type\":\"PropertyValueSpecification\",\"valueRequired\":true,\"valueName\":\"search_term_string\"}}],\"inLanguage\":\"fr-FR\"}]}<\/script>\n<!-- \/ Yoast SEO plugin. -->","yoast_head_json":{"title":"ZOO DE LA PALMYRE - COS 65","robots":{"index":"index","follow":"follow","max-snippet":"max-snippet:-1","max-image-preview":"max-image-preview:large","max-video-preview":"max-video-preview:-1"},"canonical":"https:\/\/dicolova.com\/cos65\/boutique\/loisirs-decouvertes-de-plein-air\/zoo-de-palmyre\/","og_locale":"fr_FR","og_type":"article","og_title":"ZOO DE LA PALMYRE - COS 65","og_description":"Tarifs    Adulte (au lieu de 19 \u20ac) \u00a0\u00a0\u00a0\u00a0\u00a0\u00a0 \u00a0\u00a0\u00a0\u00a0\u00a0\u00a0\u00a0\u00a016 \u20ac     &nbsp;    Enfant 3-12 ans (au lieu de 15 \u20ac) 12 \u20ac    &nbsp;","og_url":"https:\/\/dicolova.com\/cos65\/boutique\/loisirs-decouvertes-de-plein-air\/zoo-de-palmyre\/","og_site_name":"COS 65","article_modified_time":"2023-10-08T09:15:47+00:00","og_image":[{"width":760,"height":500,"url":"https:\/\/dicolova.com\/cos65\/wp-content\/uploads\/sites\/32\/2018\/03\/Zoo-Palmyre.jpg","type":"image\/jpeg"}],"twitter_card":"summary_large_image","twitter_misc":{"Dur\u00e9e de lecture estim\u00e9e":"2 minutes"},"schema":{"@context":"https:\/\/schema.org","@graph":[{"@type":"WebPage","@id":"https:\/\/dicolova.com\/cos65\/boutique\/loisirs-decouvertes-de-plein-air\/zoo-de-palmyre\/","url":"https:\/\/dicolova.com\/cos65\/boutique\/loisirs-decouvertes-de-plein-air\/zoo-de-palmyre\/","name":"ZOO DE LA PALMYRE - COS 65","isPartOf":{"@id":"https:\/\/dicolova.com\/cos65\/#website"},"primaryImageOfPage":{"@id":"https:\/\/dicolova.com\/cos65\/boutique\/loisirs-decouvertes-de-plein-air\/zoo-de-palmyre\/#primaryimage"},"image":{"@id":"https:\/\/dicolova.com\/cos65\/boutique\/loisirs-decouvertes-de-plein-air\/zoo-de-palmyre\/#primaryimage"},"thumbnailUrl":"https:\/\/dicolova.com\/cos65\/wp-content\/uploads\/sites\/32\/2018\/03\/Zoo-Palmyre.jpg","datePublished":"2018-03-20T16:01:56+00:00","dateModified":"2023-10-08T09:15:47+00:00","breadcrumb":{"@id":"https:\/\/dicolova.com\/cos65\/boutique\/loisirs-decouvertes-de-plein-air\/zoo-de-palmyre\/#breadcrumb"},"inLanguage":"fr-FR","potentialAction":[{"@type":"ReadAction","target":["https:\/\/dicolova.com\/cos65\/boutique\/loisirs-decouvertes-de-plein-air\/zoo-de-palmyre\/"]}]},{"@type":"ImageObject","inLanguage":"fr-FR","@id":"https:\/\/dicolova.com\/cos65\/boutique\/loisirs-decouvertes-de-plein-air\/zoo-de-palmyre\/#primaryimage","url":"https:\/\/dicolova.com\/cos65\/wp-content\/uploads\/sites\/32\/2018\/03\/Zoo-Palmyre.jpg","contentUrl":"https:\/\/dicolova.com\/cos65\/wp-content\/uploads\/sites\/32\/2018\/03\/Zoo-Palmyre.jpg","width":760,"height":500},{"@type":"BreadcrumbList","@id":"https:\/\/dicolova.com\/cos65\/boutique\/loisirs-decouvertes-de-plein-air\/zoo-de-palmyre\/#breadcrumb","itemListElement":[{"@type":"ListItem","position":1,"name":"Accueil","item":"https:\/\/dicolova.com\/cos65\/"},{"@type":"ListItem","position":2,"name":"Billetterie","item":"https:\/\/dicolova.com\/cos65\/billetterie\/"},{"@type":"ListItem","position":3,"name":"ZOO DE LA PALMYRE"}]},{"@type":"WebSite","@id":"https:\/\/dicolova.com\/cos65\/#website","url":"https:\/\/dicolova.com\/cos65\/","name":"COS 65","description":"","potentialAction":[{"@type":"SearchAction","target":{"@type":"EntryPoint","urlTemplate":"https:\/\/dicolova.com\/cos65\/?s={search_term_string}"},"query-input":{"@type":"PropertyValueSpecification","valueRequired":true,"valueName":"search_term_string"}}],"inLanguage":"fr-FR"}]}},"_links":{"self":[{"href":"https:\/\/dicolova.com\/cos65\/wp-json\/wp\/v2\/product\/206","targetHints":{"allow":["GET"]}}],"collection":[{"href":"https:\/\/dicolova.com\/cos65\/wp-json\/wp\/v2\/product"}],"about":[{"href":"https:\/\/dicolova.com\/cos65\/wp-json\/wp\/v2\/types\/product"}],"replies":[{"embeddable":true,"href":"https:\/\/dicolova.com\/cos65\/wp-json\/wp\/v2\/comments?post=206"}],"wp:featuredmedia":[{"embeddable":true,"href":"https:\/\/dicolova.com\/cos65\/wp-json\/wp\/v2\/media\/207"}],"wp:attachment":[{"href":"https:\/\/dicolova.com\/cos65\/wp-json\/wp\/v2\/media?parent=206"}],"wp:term":[{"taxonomy":"product_brand","embeddable":true,"href":"https:\/\/dicolova.com\/cos65\/wp-json\/wp\/v2\/product_brand?post=206"},{"taxonomy":"product_cat","embeddable":true,"href":"https:\/\/dicolova.com\/cos65\/wp-json\/wp\/v2\/product_cat?post=206"},{"taxonomy":"product_tag","embeddable":true,"href":"https:\/\/dicolova.com\/cos65\/wp-json\/wp\/v2\/product_tag?post=206"}],"curies":[{"name":"wp","href":"https:\/\/api.w.org\/{rel}","templated":true}]}}