{"id":195,"date":"2018-03-20T16:30:00","date_gmt":"2018-03-20T15:30:00","guid":{"rendered":"https:\/\/dicolova.com\/cos65\/?post_type=product&#038;p=195"},"modified":"2023-10-08T10:30:20","modified_gmt":"2023-10-08T09:30:20","slug":"pic-du-midi","status":"publish","type":"product","link":"https:\/\/dicolova.com\/cos65\/boutique\/loisirs-decouvertes-de-plein-air\/pic-du-midi\/","title":{"rendered":"PIC DU MIDI"},"content":{"rendered":"<h1 class=\"titre11\">PIC DU MIDI<\/h1>\n<hr \/>\n<p align=\"justify\">LA MONGIE<\/p>\n<p align=\"justify\">RUE LAMY DE LA CHAPELLE<\/p>\n<h2 class=\"titre22\">Pr\u00e9sentation<\/h2>\n<p align=\"\">\n<pre><strong>L'ouverture du site au quotidien d\u00e9pend notamment des conditions m\u00e9t\u00e9orologiques, <\/strong><\/pre>\n<p><strong>Les \u00e9quipes effectuent des v\u00e9rifications techniques avant de pouvoir annoncer l&rsquo;ouverture effective du site. <\/strong><\/p>\n<p><strong>Cette information quotidienne appara\u00eet aussit\u00f4t sur le bandeau \u00ab\u00a0pop up\u00a0\u00bb des pages internet.<\/strong><\/p>\n<p><img decoding=\"async\" src=\"https:\/\/cos64.fr\/photo\/picdumidi.jpg\" alt=\"\" \/><\/p>\n<p><strong>D\u00e9couvrez en groupe ou en famille, un lieu magique et majestueux au sommet des Pyr\u00e9n\u00e9es. <\/strong><\/p>\n<p><strong>Accessible \u00e0 tous en t\u00e9l\u00e9ph\u00e9rique, le Pic du Midi fait partie des Grands Sites de Midi-Pyr\u00e9n\u00e9es \u00e0 voir absolument si vous passez dans notre belle r\u00e9gion.<\/strong><\/p>\n<p><strong>GRAND SPECTACLE\u00a0<\/strong><\/p>\n<p>Un voyage tout en douceur dans le ciel pour une destination mytique entre toutes. A l&rsquo;arriv\u00e9e, \u00e0 vous l&rsquo;exp\u00e9rience intense de la haute montagne. A vous la plus belle vue des Pyr\u00e9n\u00e9es<\/p>\n<p><strong>EMERVEILLEMENTS PANORAMIQUES<\/strong><\/p>\n<p>750m2 de terrasses am\u00e9nag\u00e9es, \u00e9quip\u00e9es de lunettes d&rsquo;observation et de tables d&rsquo;interpr\u00e9tation. Sous vos yeux, le spectacle captivant de sommets \u00e0 perte de vue et parfois une mer de nuages sur laquelle vous aurez le sentiment de pouvoir marcher.<\/p>\n<p><strong>FRISSON SUR LE PONTON<\/strong><\/p>\n<p>Vous voici perch\u00e9s avec 1000 m sous vos pieds et 1000 km sous vos yeux. Prouesse technologique, cette structure ajour\u00e9e de 12 m\u00e8tres de long ou plancher vitr\u00e9 en son extr\u00e9mit\u00e9, vous promet une exp\u00e9rience vertigineuse et une story inoubliable<\/p>\n<p><strong>LE PIC EN R\u00c9ALIT\u00c9 AUGMENT\u00c9E : L&rsquo;HISTOPAD<\/strong><\/p>\n<p>Gr\u00e2ce \u00e0 des tablettes tactiles nomm\u00e9es Histopad, la visite du Pic est in\u00e9dite et immersive. Les \u00e9l\u00e9ments interactifs vous font d\u00e9vouvrir \u00ab\u00a0l&rsquo;invisible\u00a0\u00bb (existe en 6 langes)<\/p>\n<p><strong>SOUVENIR SELFIES ARTISTIQUES<\/strong><\/p>\n<p>Prenez la plus belle pose et imprimez votre photo au sommet ! Ou t\u00e9l\u00e9chargez-la gratuitement sur skiline.cc<\/p>\n<p><strong>LE PIC EN PRATIQUE<\/strong><\/p>\n<p><strong>Enfants <\/strong>: OUI\u00a0 fortement d\u00e9conseill\u00e9 en dessous de 3 ans,\u00a0<strong>Femmes enceintes <\/strong>: fortement d\u00e9conseill\u00e9 (avis m\u00e9dical imp\u00e9ratif)<\/p>\n<p>Personnes pr\u00e9sentant des risques cardiaques ou des troubles respiratoires : demander un avis m\u00e9dical<\/p>\n<p>Acc\u00e8s t\u00e9l\u00e9ph\u00e9rique et visite personnes \u00e0 mobilit\u00e9 r\u00e9duite : OUI sans assistance<\/p>\n<p>Parking voiture et camping-car : gratuit \u00e0 La Mongie<\/p>\n<p>Pique-nique : NON\u00a0\u00a0Animaux : NON<\/p>\n<p><strong>EQUIPEMENTS<\/strong><\/p>\n<p>Compte tenu des param\u00e8tres m\u00e9t\u00e9o et de la haute altitude, il est particuli\u00e8rement recommand\u00e9 de se v\u00eatir et se prot\u00e9ger en cons\u00e9quence. Pr\u00e9voyez des v\u00eatements chauds m\u00eame en p\u00e9riode estivale, des lunettes de soleil et une cr\u00e8me solaire hautement protectrice<\/p>\n<p><strong>Les billets comprennent les trajets en t\u00e9l\u00e9ph\u00e9rique, la visite d\u00e9couverte du sommet \/ mus\u00e9e, l&rsquo;Histopad et l&rsquo;acc\u00e8s au Ponton dans le ciel<\/strong><\/p>\n<p><strong>La visite du Plan\u00e9tarium<\/strong> (\u00a0Temps de visite = 1h\u00a0Pr\u00e9sent\u00e9 au d\u00e9but de chaque s\u00e9ance du plan\u00e9tarium:\u00a0Film \u00ab L\u2019\u00c9pop\u00e9e du Pic \u00bb Dur\u00e9e : 17 minutes\u00a010h30, 13h30 &amp; 15h30 :\u00a0\u00a0Film \u00ab We are Stars \u00bb, Dur\u00e9e : 26 minutes\u00a014h30 &amp; 16h30 : Film \u00ab Le Navigateur du Ciel \u00bb, Dur\u00e9e : 32 minutes\u00a011h30 : Spectacle anim\u00e9 sur les constellations et le syst\u00e8me solaire, Dur\u00e9e : 45 minutes)\u00a0 <strong>et de la Coupole de l&rsquo;Observatoire <\/strong>(\u00a0Temps de visite = 20 minutes\u00a0Laissez-vous entra\u00eener par la nuit et le cosmos dans les secrets d\u2019un observatoire astronomique !\u00a0D\u00e9couvrez une s\u00e9quence de prise de vues du soleil r\u00e9alis\u00e9e par des instruments professionnels)\u00a0<strong>n&rsquo;est pas comprise : tarif 10\u20ac sur place<\/strong><\/p>\n<p><strong><u>Acc\u00e8s<\/u><\/strong><\/p>\n<p><strong>L\u2019acc\u00e8s au Pic se fait par t\u00e9l\u00e9ph\u00e9rique au d\u00e9part de La Mongie<\/strong><\/p>\n<p><strong>D\u00e9part du t\u00e9l\u00e9ph\u00e9rique tous les 1\/4 d\u2019heures \/ Dur\u00e9e du trajet : 15 mn \/\u00a0Capacit\u00e9 d\u2019une cabine : 45 personnes<\/strong><\/p>\n<p><strong>Jusqu&rsquo;au Vendredi 7 juillet et \u00e0 partir du Lundi 28 Ao\u00fbt : 1er d\u00e9part 9h30 \/ Dernier d\u00e9part 16h00 \/ Dernier retour du Pic du Midi 17h30 \/ Interruption du t\u00e9l\u00e9ph\u00e9rique de 12h30 \u00e0 14h00<\/strong><\/p>\n<p><strong>Du Samedi 8 juillet au Dimanche 28 Ao\u00fbt : 1er d\u00e9part 9h00 \/ Dernier d\u00e9part 16h30 \/ Dernier retour du Pic du Midi 18h00<\/strong><\/p>\n<p>&nbsp;<\/p>\n<p><strong><u>A lire avant toute commande :<\/u><\/strong><\/p>\n<p><u><strong>BILLETTERIE ELECTRONIQUE DATEE &#8211; MERCI DE RENSEIGNER LE JOUR ET L&rsquo;HEURE DE DEPART SOUHAITE DANS LA PARTIE COMMENTAIRES<\/strong><\/u><\/p>\n<p><strong>Attention obligation de cocher\u00a0\u00ab\u00a0retrait gratuit au cos\u00a0\u00bb lors du choix du mode de livraison pour ne pas payer de\u00a0frais de port en plus,\u00a0<\/strong><\/p>\n<p><strong>pas d&rsquo;envoi postal<\/strong><\/p>\n<p>Gratuit pour les 3\/4ans mais le passage en billetterie est obligatoire \/ Fortement d\u00e9conseill\u00e9 en dessous de 3 ans<\/p>\n<p>Les d\u00e9tenteurs de la carte NO SOUCI b\u00e9n\u00e9ficient d&rsquo;un tarif pr\u00e9f\u00e9rentiel directement sur le site de N&rsquo;Py<\/p>\n","protected":false},"excerpt":{"rendered":"<h2>Tarifs &#8211; Les billets sont dat\u00e9s.<\/h2>\n<table>\n<tbody>\n<tr>\n<td>Adulte (au lieu de 49 \u20ac)\u00a0\u00a0 44 \u20ac<\/td>\n<\/tr>\n<\/tbody>\n<\/table>\n<p>&nbsp;<\/p>\n<p>Enfant moins de 18 ans (au lieu de 30 \u20ac)\u00a0\u00a0 27 \u20ac<\/p>\n<p>Famille 2 adultes + 2 enfants -18 ans (au lieu de 120 \u20ac)\u00a0\u00a0 108 \u20ac<\/p>\n<p>Famille : Enfant suppl\u00e9mentaire (au lieu de 27 \u20ac)\u00a0\u00a0 24;50 \u20ac<\/p>\n<p>Gratuit pour les enfants de moins de 4 ans.<\/p>\n","protected":false},"featured_media":196,"comment_status":"closed","ping_status":"closed","template":"","meta":[],"product_brand":[],"product_cat":[124],"product_tag":[],"class_list":{"0":"post-195","1":"product","2":"type-product","3":"status-publish","4":"has-post-thumbnail","6":"product_cat-loisirs-decouvertes-de-plein-air","8":"first","9":"instock","10":"taxable","11":"shipping-taxable","12":"product-type-simple"},"yoast_head":"<!-- This site is optimized with the Yoast SEO plugin v27.5 - https:\/\/yoast.com\/product\/yoast-seo-wordpress\/ -->\n<title>PIC DU MIDI - COS 65<\/title>\n<meta name=\"robots\" content=\"index, follow, max-snippet:-1, max-image-preview:large, max-video-preview:-1\" \/>\n<link rel=\"canonical\" href=\"https:\/\/dicolova.com\/cos65\/boutique\/loisirs-decouvertes-de-plein-air\/pic-du-midi\/\" \/>\n<meta property=\"og:locale\" content=\"fr_FR\" \/>\n<meta property=\"og:type\" content=\"article\" \/>\n<meta property=\"og:title\" content=\"PIC DU MIDI - COS 65\" \/>\n<meta property=\"og:description\" content=\"Tarifs - Les billets sont dat\u00e9s.    Adulte (au lieu de 49 \u20ac)\u00a0\u00a0 44 \u20ac    &nbsp;  Enfant moins de 18 ans (au lieu de 30 \u20ac)\u00a0\u00a0 27 \u20ac  Famille 2 adultes + 2 enfants -18 ans (au lieu de 120 \u20ac)\u00a0\u00a0 108 \u20ac  Famille : Enfant suppl\u00e9mentaire (au lieu de 27 \u20ac)\u00a0\u00a0 24;50 \u20ac  Gratuit pour les enfants de moins de 4 ans.\" \/>\n<meta property=\"og:url\" content=\"https:\/\/dicolova.com\/cos65\/boutique\/loisirs-decouvertes-de-plein-air\/pic-du-midi\/\" \/>\n<meta property=\"og:site_name\" content=\"COS 65\" \/>\n<meta property=\"article:modified_time\" content=\"2023-10-08T09:30:20+00:00\" \/>\n<meta property=\"og:image\" content=\"https:\/\/dicolova.com\/cos65\/wp-content\/uploads\/sites\/32\/2018\/03\/picdumidi.jpg\" \/>\n\t<meta property=\"og:image:width\" content=\"1024\" \/>\n\t<meta property=\"og:image:height\" content=\"683\" \/>\n\t<meta property=\"og:image:type\" content=\"image\/jpeg\" \/>\n<meta name=\"twitter:card\" content=\"summary_large_image\" \/>\n<meta name=\"twitter:label1\" content=\"Dur\u00e9e de lecture estim\u00e9e\" \/>\n\t<meta name=\"twitter:data1\" content=\"4 minutes\" \/>\n<script type=\"application\/ld+json\" class=\"yoast-schema-graph\">{\"@context\":\"https:\\\/\\\/schema.org\",\"@graph\":[{\"@type\":\"WebPage\",\"@id\":\"https:\\\/\\\/dicolova.com\\\/cos65\\\/boutique\\\/loisirs-decouvertes-de-plein-air\\\/pic-du-midi\\\/\",\"url\":\"https:\\\/\\\/dicolova.com\\\/cos65\\\/boutique\\\/loisirs-decouvertes-de-plein-air\\\/pic-du-midi\\\/\",\"name\":\"PIC DU MIDI - COS 65\",\"isPartOf\":{\"@id\":\"https:\\\/\\\/dicolova.com\\\/cos65\\\/#website\"},\"primaryImageOfPage\":{\"@id\":\"https:\\\/\\\/dicolova.com\\\/cos65\\\/boutique\\\/loisirs-decouvertes-de-plein-air\\\/pic-du-midi\\\/#primaryimage\"},\"image\":{\"@id\":\"https:\\\/\\\/dicolova.com\\\/cos65\\\/boutique\\\/loisirs-decouvertes-de-plein-air\\\/pic-du-midi\\\/#primaryimage\"},\"thumbnailUrl\":\"https:\\\/\\\/dicolova.com\\\/cos65\\\/wp-content\\\/uploads\\\/sites\\\/32\\\/2018\\\/03\\\/picdumidi.jpg\",\"datePublished\":\"2018-03-20T15:30:00+00:00\",\"dateModified\":\"2023-10-08T09:30:20+00:00\",\"breadcrumb\":{\"@id\":\"https:\\\/\\\/dicolova.com\\\/cos65\\\/boutique\\\/loisirs-decouvertes-de-plein-air\\\/pic-du-midi\\\/#breadcrumb\"},\"inLanguage\":\"fr-FR\",\"potentialAction\":[{\"@type\":\"ReadAction\",\"target\":[\"https:\\\/\\\/dicolova.com\\\/cos65\\\/boutique\\\/loisirs-decouvertes-de-plein-air\\\/pic-du-midi\\\/\"]}]},{\"@type\":\"ImageObject\",\"inLanguage\":\"fr-FR\",\"@id\":\"https:\\\/\\\/dicolova.com\\\/cos65\\\/boutique\\\/loisirs-decouvertes-de-plein-air\\\/pic-du-midi\\\/#primaryimage\",\"url\":\"https:\\\/\\\/dicolova.com\\\/cos65\\\/wp-content\\\/uploads\\\/sites\\\/32\\\/2018\\\/03\\\/picdumidi.jpg\",\"contentUrl\":\"https:\\\/\\\/dicolova.com\\\/cos65\\\/wp-content\\\/uploads\\\/sites\\\/32\\\/2018\\\/03\\\/picdumidi.jpg\",\"width\":1024,\"height\":683},{\"@type\":\"BreadcrumbList\",\"@id\":\"https:\\\/\\\/dicolova.com\\\/cos65\\\/boutique\\\/loisirs-decouvertes-de-plein-air\\\/pic-du-midi\\\/#breadcrumb\",\"itemListElement\":[{\"@type\":\"ListItem\",\"position\":1,\"name\":\"Accueil\",\"item\":\"https:\\\/\\\/dicolova.com\\\/cos65\\\/\"},{\"@type\":\"ListItem\",\"position\":2,\"name\":\"Billetterie\",\"item\":\"https:\\\/\\\/dicolova.com\\\/cos65\\\/billetterie\\\/\"},{\"@type\":\"ListItem\",\"position\":3,\"name\":\"PIC DU MIDI\"}]},{\"@type\":\"WebSite\",\"@id\":\"https:\\\/\\\/dicolova.com\\\/cos65\\\/#website\",\"url\":\"https:\\\/\\\/dicolova.com\\\/cos65\\\/\",\"name\":\"COS 65\",\"description\":\"\",\"potentialAction\":[{\"@type\":\"SearchAction\",\"target\":{\"@type\":\"EntryPoint\",\"urlTemplate\":\"https:\\\/\\\/dicolova.com\\\/cos65\\\/?s={search_term_string}\"},\"query-input\":{\"@type\":\"PropertyValueSpecification\",\"valueRequired\":true,\"valueName\":\"search_term_string\"}}],\"inLanguage\":\"fr-FR\"}]}<\/script>\n<!-- \/ Yoast SEO plugin. -->","yoast_head_json":{"title":"PIC DU MIDI - COS 65","robots":{"index":"index","follow":"follow","max-snippet":"max-snippet:-1","max-image-preview":"max-image-preview:large","max-video-preview":"max-video-preview:-1"},"canonical":"https:\/\/dicolova.com\/cos65\/boutique\/loisirs-decouvertes-de-plein-air\/pic-du-midi\/","og_locale":"fr_FR","og_type":"article","og_title":"PIC DU MIDI - COS 65","og_description":"Tarifs - Les billets sont dat\u00e9s.    Adulte (au lieu de 49 \u20ac)\u00a0\u00a0 44 \u20ac    &nbsp;  Enfant moins de 18 ans (au lieu de 30 \u20ac)\u00a0\u00a0 27 \u20ac  Famille 2 adultes + 2 enfants -18 ans (au lieu de 120 \u20ac)\u00a0\u00a0 108 \u20ac  Famille : Enfant suppl\u00e9mentaire (au lieu de 27 \u20ac)\u00a0\u00a0 24;50 \u20ac  Gratuit pour les enfants de moins de 4 ans.","og_url":"https:\/\/dicolova.com\/cos65\/boutique\/loisirs-decouvertes-de-plein-air\/pic-du-midi\/","og_site_name":"COS 65","article_modified_time":"2023-10-08T09:30:20+00:00","og_image":[{"width":1024,"height":683,"url":"https:\/\/dicolova.com\/cos65\/wp-content\/uploads\/sites\/32\/2018\/03\/picdumidi.jpg","type":"image\/jpeg"}],"twitter_card":"summary_large_image","twitter_misc":{"Dur\u00e9e de lecture estim\u00e9e":"4 minutes"},"schema":{"@context":"https:\/\/schema.org","@graph":[{"@type":"WebPage","@id":"https:\/\/dicolova.com\/cos65\/boutique\/loisirs-decouvertes-de-plein-air\/pic-du-midi\/","url":"https:\/\/dicolova.com\/cos65\/boutique\/loisirs-decouvertes-de-plein-air\/pic-du-midi\/","name":"PIC DU MIDI - COS 65","isPartOf":{"@id":"https:\/\/dicolova.com\/cos65\/#website"},"primaryImageOfPage":{"@id":"https:\/\/dicolova.com\/cos65\/boutique\/loisirs-decouvertes-de-plein-air\/pic-du-midi\/#primaryimage"},"image":{"@id":"https:\/\/dicolova.com\/cos65\/boutique\/loisirs-decouvertes-de-plein-air\/pic-du-midi\/#primaryimage"},"thumbnailUrl":"https:\/\/dicolova.com\/cos65\/wp-content\/uploads\/sites\/32\/2018\/03\/picdumidi.jpg","datePublished":"2018-03-20T15:30:00+00:00","dateModified":"2023-10-08T09:30:20+00:00","breadcrumb":{"@id":"https:\/\/dicolova.com\/cos65\/boutique\/loisirs-decouvertes-de-plein-air\/pic-du-midi\/#breadcrumb"},"inLanguage":"fr-FR","potentialAction":[{"@type":"ReadAction","target":["https:\/\/dicolova.com\/cos65\/boutique\/loisirs-decouvertes-de-plein-air\/pic-du-midi\/"]}]},{"@type":"ImageObject","inLanguage":"fr-FR","@id":"https:\/\/dicolova.com\/cos65\/boutique\/loisirs-decouvertes-de-plein-air\/pic-du-midi\/#primaryimage","url":"https:\/\/dicolova.com\/cos65\/wp-content\/uploads\/sites\/32\/2018\/03\/picdumidi.jpg","contentUrl":"https:\/\/dicolova.com\/cos65\/wp-content\/uploads\/sites\/32\/2018\/03\/picdumidi.jpg","width":1024,"height":683},{"@type":"BreadcrumbList","@id":"https:\/\/dicolova.com\/cos65\/boutique\/loisirs-decouvertes-de-plein-air\/pic-du-midi\/#breadcrumb","itemListElement":[{"@type":"ListItem","position":1,"name":"Accueil","item":"https:\/\/dicolova.com\/cos65\/"},{"@type":"ListItem","position":2,"name":"Billetterie","item":"https:\/\/dicolova.com\/cos65\/billetterie\/"},{"@type":"ListItem","position":3,"name":"PIC DU MIDI"}]},{"@type":"WebSite","@id":"https:\/\/dicolova.com\/cos65\/#website","url":"https:\/\/dicolova.com\/cos65\/","name":"COS 65","description":"","potentialAction":[{"@type":"SearchAction","target":{"@type":"EntryPoint","urlTemplate":"https:\/\/dicolova.com\/cos65\/?s={search_term_string}"},"query-input":{"@type":"PropertyValueSpecification","valueRequired":true,"valueName":"search_term_string"}}],"inLanguage":"fr-FR"}]}},"_links":{"self":[{"href":"https:\/\/dicolova.com\/cos65\/wp-json\/wp\/v2\/product\/195","targetHints":{"allow":["GET"]}}],"collection":[{"href":"https:\/\/dicolova.com\/cos65\/wp-json\/wp\/v2\/product"}],"about":[{"href":"https:\/\/dicolova.com\/cos65\/wp-json\/wp\/v2\/types\/product"}],"replies":[{"embeddable":true,"href":"https:\/\/dicolova.com\/cos65\/wp-json\/wp\/v2\/comments?post=195"}],"wp:featuredmedia":[{"embeddable":true,"href":"https:\/\/dicolova.com\/cos65\/wp-json\/wp\/v2\/media\/196"}],"wp:attachment":[{"href":"https:\/\/dicolova.com\/cos65\/wp-json\/wp\/v2\/media?parent=195"}],"wp:term":[{"taxonomy":"product_brand","embeddable":true,"href":"https:\/\/dicolova.com\/cos65\/wp-json\/wp\/v2\/product_brand?post=195"},{"taxonomy":"product_cat","embeddable":true,"href":"https:\/\/dicolova.com\/cos65\/wp-json\/wp\/v2\/product_cat?post=195"},{"taxonomy":"product_tag","embeddable":true,"href":"https:\/\/dicolova.com\/cos65\/wp-json\/wp\/v2\/product_tag?post=195"}],"curies":[{"name":"wp","href":"https:\/\/api.w.org\/{rel}","templated":true}]}}