{"id":173,"date":"2018-03-20T15:35:10","date_gmt":"2018-03-20T14:35:10","guid":{"rendered":"https:\/\/dicolova.com\/cos65\/?post_type=product&#038;p=173"},"modified":"2023-10-08T10:45:34","modified_gmt":"2023-10-08T09:45:34","slug":"portaventura","status":"publish","type":"product","link":"https:\/\/dicolova.com\/cos65\/boutique\/loisirs-decouvertes-de-plein-air\/portaventura\/","title":{"rendered":"PORTAVENTURA"},"content":{"rendered":"<h1 class=\"titre11\">PORTAVENTURA, FERRARI LAND, CARIBE AQUATIC PARK -eBILLETS DAT\u00c9S 1 JOUR 1 PARC ET 2 PARCS<\/h1>\n<hr \/>\n<p align=\"justify\">SALOU<\/p>\n<p align=\"justify\">ESPAGNE<\/p>\n<h2 class=\"titre22\">Pr\u00e9sentation<\/h2>\n<p align=\"\">\n<p><strong>BILLETTERIE DAT\u00c9E\u00a0 1 JOUR<\/strong><\/p>\n<p><img decoding=\"async\" src=\"https:\/\/cos64.fr\/photo\/port_aventura - Copy 2.jpg\" alt=\"\" \/><\/p>\n<p><strong>D\u00e9couvrez les six mondes de l\u2019un des parcs \u00e0 th\u00e8mes les plus embl\u00e9matiques d\u2019Europe. Une destination id\u00e9ale pour une escapade en famille, situ\u00e9e dans l\u2019une des meilleures r\u00e9gions touristiques de l\u2019Espagne, et \u00e0 seulement une heure de Barcelone<\/strong><\/p>\n<p><strong>PORT AVENTURA PARK<\/strong><\/p>\n<p><strong>En 2023, PortAventura World souhaite la bienvenue \u00e0 Uncharted, la nouvelle montagne russe\u00a0<em>dark ride<\/em>\u00a0<\/strong>bas\u00e9e sur le film de Sony Pictures qui a explos\u00e9 au box-office, avec Tom Holland et Mark Wahlberg en t\u00eate d\u2019affiche<strong>.<\/strong><\/p>\n<p><strong>Laissez-vous surprendre dans ce voyage, long de 700\u00a0m\u00e8tres, qui\u00a0<\/strong><strong>compte 5 lancements avec une acc\u00e9l\u00e9ration pouvant atteindre 1\u00a0<em>g<\/em>\u00a0dans un espace immersive unique de 4\u00a0800 m<sup>2<\/sup>, et pr\u00e9parez-vous pour une aventure extraordinaire<\/strong>\u00a0qui vous permettra de d\u00e9couvrir des territoires sombres et inexplor\u00e9s, lors d\u2019une exp\u00e9dition dans la qu\u00eate d\u2019un des plus grands tr\u00e9sors du monde qui ne laissera personne indiff\u00e9rent.<\/p>\n<p>Un voyage fascinant \u00e0 travers les plus beaux endroits du monde<\/p>\n<p>6 mondes fantastiques,\u00a040 attractions pour toute la famille,\u00a0Des spectacles chaque jour<\/p>\n<p><strong>FERRARI LAND\u00a0<\/strong><\/p>\n<p>Vivez la passion, ressentez les \u00e9motions et l\u2019adr\u00e9naline de Ferrari lors de votre visite.<\/p>\n<p>Le seul parc d\u2019Europe d\u00e9di\u00e9 \u00e0 l\u2019\u00e9curie italienne<br \/>\n16 attractions et jeux<br \/>\nUn d\u00e9cor qui vous emm\u00e8nera dans les lieux embl\u00e9matiques d\u2019Italie<\/p>\n<p><strong>CARIBE AQUATIC PARK\u00a0ouvert du 27 mai au 10 septembre 2023<\/strong><\/p>\n<p>L\u2019\u00e9t\u00e9, venez vous amuser dans le parc aquatique le plus rafra\u00eechissant de PortAventura World.<\/p>\n<p>Un monde o\u00f9 l\u2019eau est reine<br \/>\n16 attractions et piscines<br \/>\nUn d\u00e9cor carib\u00e9en inspir\u00e9 de l\u2019\u00e9poque des pirates<\/p>\n<div>\n<p><strong><em>Enfant 0\/3 ans: entr\u00e9e gra<\/em><em>tuite<\/em><\/strong><\/p>\n<\/div>\n<p><strong><em>Junior : de 4 \u00e0 10 ans<\/em><\/strong><\/p>\n<p><strong><em>Adulte : de 11 \u00e0 59 ans<\/em><\/strong><\/p>\n<p><strong><em>Senior : \u00e0 partir de 60 ans<\/em><\/strong><\/p>\n<p><strong><em>CONDITIONS D&rsquo;UTILISATIONS PAR TYPOLOGIE DE BILLET<\/em><\/strong><\/p>\n<p><em><strong>Le billet 1 jour<\/strong> consiste en un acc\u00e8s 1 jour au Parc s\u00e9lectionn\u00e9. <strong>L&rsquo;entr\u00e9e est valable uniquement pour la date s\u00e9lectionn\u00e9e<\/strong><\/em><\/p>\n<p><em><strong>Le billet 1 jour\/2 parcs <\/strong>comprend 1 jour d&rsquo;acc\u00e8s \u00e0 Port Aventura et \u00e0 Ferrari Land le m\u00eame jour.\u00a0\u00a0<strong>L&rsquo;entr\u00e9e est valable uniquement pour la date s\u00e9lectionn\u00e9e<\/strong><\/em><\/p>\n<p><em>Certains jeux de PortAventura World\u00a0peuvent \u00eatre sujets \u00e0 suppl\u00e9ment. Leur paiement sera effectu\u00e9 sur place au moment de leur utilisation.<\/em><\/p>\n<p><img decoding=\"async\" src=\"https:\/\/cos64.fr\/photo\/Tarifs_Port_Av_23.png\" alt=\"\" \/><\/p>\n<p><strong>Les 18, 19, 20, 21 et 22 juin \u00e9taient jusqu\u2019\u00e0 maintenant en Saison C et ils passent maintenant en saison D.<\/strong><\/p>\n<p><strong>\u00a0Nous consulter pour toute demande de devis pour un s\u00e9jour.<\/strong><\/p>\n<p><strong>BILLETTERIE 2 JOURS &#8211; CLIQUEZ <a href=\"https:\/\/cos64.fr\/fiche\/portaventura-ferrari-land-e-billets-dates-2-jours-2-parcs\">ICI<\/a><\/strong><\/p>\n<p><strong>BILLETTERIE 3 JOURS &#8211; CLIQUEZ <a href=\"https:\/\/cos64.fr\/fiche\/portaventura-ferrari-land-caribe-aquatic-park-ebillets-dates-3-jours-2-parcs-et-3-parcs\">ICI<\/a><\/strong><\/p>\n<p><strong><u>A lire avant toute commande :\u00a0<\/u><\/strong><\/p>\n<p><strong>Il y a 6 saisons\u00a0et ce sont des BILLETS DAT\u00c9S, v\u00e9rifiez bien votre saison par rapport \u00e0 la couleur avant de commander<\/strong><\/p>\n<p>Les billets ne seront valables que pour la date indiqu\u00e9e.<\/p>\n<p>Pas de remboursement possible si les entr\u00e9es ne sont pas utilis\u00e9es.<\/p>\n<p>Billets \u00e9lectroniques,\u00a0envoy\u00e9s par mail<\/p>\n<p>Billetterie ni reprise, ni \u00e9chang\u00e9e, ni prorog\u00e9e.<\/p>\n<p>Merci de nous pr\u00e9ciser dans la partie \u00ab\u00a0commentaires\u00a0\u00bb<\/p>\n<p>si junior ou senior (le tarif \u00e9tant le m\u00eame)<\/p>\n<p>votre date de visite\u00a0au parc<\/p>\n<p>lors du choix de mode de livraison il est obligatoire de cocher \u00ab\u00a0retrait au cos\u00a0\u00bb\u00a0pour ne pas payer de frais de port en plus, vous recevrez vos billets par mail<\/p>\n<p>pas d&rsquo;envoi postal<\/p>\n<p><strong>Billets \u00e0 commander au minimum 48h avant la date pr\u00e9vue d\u2019utilisation des entr\u00e9es.<\/strong><\/p>\n","protected":false},"excerpt":{"rendered":"<h2>Tarifs :<\/h2>\n<table class=\"table table-striped\" style=\"width: 51.6254%;height: 42px\">\n<tbody>\n<tr>\n<td>1 jour PORT AVENTURA Adulte SAISON A<\/td>\n<td>36<\/td>\n<td><\/td>\n<\/tr>\n<\/tbody>\n<\/table>\n<table class=\"table table-striped\" style=\"width: 51.009%;height: 1116px\">\n<tbody>\n<tr>\n<td>1 jour PORT AVENTURA Junior\/Senior SAISON A<\/td>\n<td>31.5<\/td>\n<td><\/td>\n<\/tr>\n<tr>\n<td>1 jour PORT AVENTURA Adulte SAISON B<\/td>\n<td>43.2<\/td>\n<td><\/td>\n<\/tr>\n<tr>\n<td>1 jour PORT AVENTURA Junior\/Senior SAISON B<\/td>\n<td>37.8<\/td>\n<td><\/td>\n<\/tr>\n<tr>\n<td>1 jour PORT AVENTURA Adulte SAISON C<\/td>\n<td>45<\/td>\n<td><\/td>\n<\/tr>\n<tr>\n<td>1 jour PORT AVENTURA Junior\/Senior SAISON C<\/td>\n<td>39.6<\/td>\n<td><\/td>\n<\/tr>\n<tr>\n<td>1 jour PORT AVENTURA Adulte SAISON D<\/td>\n<td>46.8<\/td>\n<td><\/td>\n<\/tr>\n<tr>\n<td>1 jour PORT AVENTURA Junior\/Senior SAISON D<\/td>\n<td>41.4<\/td>\n<td><\/td>\n<\/tr>\n<tr>\n<td>1 jour PORT AVENTURA Adulte SAISON E<\/td>\n<td>48.6<\/td>\n<td><\/td>\n<\/tr>\n<tr>\n<td>1 jour PORT AVENTURA Junior\/Senior SAISON E<\/td>\n<td>42.3<\/td>\n<td><\/td>\n<\/tr>\n<tr>\n<td>1 jour PORT AVENTURA Adulte SAISON F<\/td>\n<td>50.4<\/td>\n<td><\/td>\n<\/tr>\n<tr>\n<td>1 jour PORT AVENTURA Junior\/Senior SAISON F<\/td>\n<td>44.1<\/td>\n<td><\/td>\n<\/tr>\n<tr>\n<td>1 jour PORT AVENTURA Adulte SAISON G<\/td>\n<td>54<\/td>\n<td><\/td>\n<\/tr>\n<tr>\n<td>1 jour PORT AVENTURA Junior\/Senior SAISON G<\/td>\n<td>47.7<\/td>\n<td><\/td>\n<\/tr>\n<tr>\n<td>1 jour PORT AVENTURA + FERRARI LAND Adulte SAISON B<\/td>\n<td>50.4<\/td>\n<td><\/td>\n<\/tr>\n<tr>\n<td>1 jour PORT AVENTURA + FERRARI LAND Junior\/Senior SAISON B<\/td>\n<td>44.1<\/td>\n<td><\/td>\n<\/tr>\n<tr>\n<td>1 jour PORT AVENTURA + FERRARI LAND Adulte SAISON C<\/td>\n<td>53.1<\/td>\n<td><\/td>\n<\/tr>\n<tr>\n<td>1 jour PORT AVENTURA + FERRARI LAND Junior\/Senior SAISON C<\/td>\n<td>46.8<\/td>\n<td><\/td>\n<\/tr>\n<tr>\n<td>1 jour PORT AVENTURA + FERRARI LAND Adulte SAISON D<\/td>\n<td>54.9<\/td>\n<td><\/td>\n<\/tr>\n<tr>\n<td>1 jour PORT AVENTURA + FERRARI LAND Junior\/Senior SAISON D<\/td>\n<td>47.7<\/td>\n<td><\/td>\n<\/tr>\n<tr>\n<td>1 jour PORT AVENTURA + FERRARI LAND Adulte SAISON E<\/td>\n<td>57.6<\/td>\n<td><\/td>\n<\/tr>\n<tr>\n<td>1 jour PORT AVENTURA + FERRARI LAND Junior\/Senior SAISON E<\/td>\n<td>50.4<\/td>\n<td><\/td>\n<\/tr>\n<tr>\n<td>1 jour PORT AVENTURA + FERRARI LAND Adulte SAISON E<\/td>\n<td>57.6<\/td>\n<td><\/td>\n<\/tr>\n<tr>\n<td>1 jour PORT AVENTURA + FERRARI LAND Junior\/Senior SAISON E<\/td>\n<td>50.4<\/td>\n<td><\/td>\n<\/tr>\n<tr>\n<td>1 jour PORT AVENTURA + FERRARI LAND Adulte SAISON F<\/td>\n<td>61.2<\/td>\n<td><\/td>\n<\/tr>\n<tr>\n<td>1 jour PORT AVENTURA + FERRARI LAND Junior\/Senior SAISON F<\/td>\n<td>54<\/td>\n<td><\/td>\n<\/tr>\n<tr>\n<td>1 jour PORT AVENTURA + FERRARI LAND Adulte SAISON G<\/td>\n<td>64.8<\/td>\n<td><\/td>\n<\/tr>\n<tr>\n<td>1 jour PORT AVENTURA + FERRARI LAND Junior\/Senior SAISON G<\/td>\n<td>56.7<\/td>\n<td><\/td>\n<\/tr>\n<tr>\n<td>1 jour CARIBE AQUATIC PARK Adulte SAISON C<\/td>\n<td>27.9<\/td>\n<td><\/td>\n<\/tr>\n<tr>\n<td>1 jour CARIBE AQUATIC PARK Junior\/Senior SAISON C<\/td>\n<td>24.3<\/td>\n<td><\/td>\n<\/tr>\n<tr>\n<td>1 jour CARIBE AQUATIC PARK Adulte SAISON D<\/td>\n<td>29.7<\/td>\n<td><\/td>\n<\/tr>\n<tr>\n<td>1 jour CARIBE AQUATIC PARK Junior\/Senior SAISON D<\/td>\n<td>26.1<\/td>\n<td><\/td>\n<\/tr>\n<tr>\n<td>1 jour CARIBE AQUATIC PARK Adulte SAISON E<\/td>\n<td>31.5<\/td>\n<td><\/td>\n<\/tr>\n<tr>\n<td>1 jour CARIBE AQUATIC PARK Junior\/Senior SAISON E<\/td>\n<td>27.9<\/td>\n<td><\/td>\n<\/tr>\n<tr>\n<td>1 jour CARIBE AQUATIC PARK Adulte SAISON F<\/td>\n<td>33.3<\/td>\n<td><\/td>\n<\/tr>\n<tr>\n<td>1 jour CARIBE AQUATIC PARK Junior\/Senior SAISON F<\/td>\n<td>28.8<\/td>\n<td><\/td>\n<\/tr>\n<tr>\n<td>1 jour CARIBE AQUATIC PARK Adulte SAISON G<\/td>\n<td>35.1<\/td>\n<td><\/td>\n<\/tr>\n<tr>\n<td>1 jour CARIBE AQUATIC PARK Junior\/Senior SAISON G<\/td>\n<td>30.6<\/td>\n<\/tr>\n<\/tbody>\n<\/table>\n","protected":false},"featured_media":174,"comment_status":"closed","ping_status":"closed","template":"","meta":[],"product_brand":[],"product_cat":[124],"product_tag":[],"class_list":{"0":"post-173","1":"product","2":"type-product","3":"status-publish","4":"has-post-thumbnail","6":"product_cat-loisirs-decouvertes-de-plein-air","8":"first","9":"instock","10":"taxable","11":"shipping-taxable","12":"product-type-simple"},"yoast_head":"<!-- This site is optimized with the Yoast SEO plugin v27.5 - https:\/\/yoast.com\/product\/yoast-seo-wordpress\/ -->\n<title>PORTAVENTURA - COS 65<\/title>\n<meta name=\"robots\" content=\"index, follow, max-snippet:-1, max-image-preview:large, max-video-preview:-1\" \/>\n<link rel=\"canonical\" href=\"https:\/\/dicolova.com\/cos65\/boutique\/loisirs-decouvertes-de-plein-air\/portaventura\/\" \/>\n<meta property=\"og:locale\" content=\"fr_FR\" \/>\n<meta property=\"og:type\" content=\"article\" \/>\n<meta property=\"og:title\" content=\"PORTAVENTURA - COS 65\" \/>\n<meta property=\"og:description\" content=\"Tarifs :    1 jour PORT AVENTURA Adulte SAISON A 36        1 jour PORT AVENTURA Junior\/Senior SAISON A 31.5    1 jour PORT AVENTURA Adulte SAISON B 43.2    1 jour PORT AVENTURA Junior\/Senior SAISON B 37.8    1 jour PORT AVENTURA Adulte SAISON C 45    1 jour PORT AVENTURA Junior\/Senior SAISON C 39.6    1 jour PORT AVENTURA Adulte SAISON D 46.8    1 jour PORT AVENTURA Junior\/Senior SAISON D 41.4    1 jour PORT AVENTURA Adulte SAISON E 48.6    1 jour PORT AVENTURA Junior\/Senior SAISON E 42.3    1 jour PORT AVENTURA Adulte SAISON F 50.4    1 jour PORT AVENTURA Junior\/Senior SAISON F 44.1    1 jour PORT AVENTURA Adulte SAISON G 54    1 jour PORT AVENTURA Junior\/Senior SAISON G 47.7    1 jour PORT AVENTURA + FERRARI LAND Adulte SAISON B 50.4    1 jour PORT AVENTURA + FERRARI LAND Junior\/Senior SAISON B 44.1    1 jour PORT AVENTURA + FERRARI LAND Adulte SAISON C 53.1    1 jour PORT AVENTURA + FERRARI LAND Junior\/Senior SAISON C 46.8    1 jour PORT AVENTURA + FERRARI LAND Adulte SAISON D 54.9    1 jour PORT AVENTURA + FERRARI LAND Junior\/Senior SAISON D 47.7    1 jour PORT AVENTURA + FERRARI LAND Adulte SAISON E 57.6    1 jour PORT AVENTURA + FERRARI LAND Junior\/Senior SAISON E 50.4    1 jour PORT AVENTURA + FERRARI LAND Adulte SAISON E 57.6    1 jour PORT AVENTURA + FERRARI LAND Junior\/Senior SAISON E 50.4    1 jour PORT AVENTURA + FERRARI LAND Adulte SAISON F 61.2    1 jour PORT AVENTURA + FERRARI LAND Junior\/Senior SAISON F 54    1 jour PORT AVENTURA + FERRARI LAND Adulte SAISON G 64.8    1 jour PORT AVENTURA + FERRARI LAND Junior\/Senior SAISON G 56.7    1 jour CARIBE AQUATIC PARK Adulte SAISON C 27.9    1 jour CARIBE AQUATIC PARK Junior\/Senior SAISON C 24.3    1 jour CARIBE AQUATIC PARK Adulte SAISON D 29.7    1 jour CARIBE AQUATIC PARK Junior\/Senior SAISON D 26.1    1 jour CARIBE AQUATIC PARK Adulte SAISON E 31.5    1 jour CARIBE AQUATIC PARK Junior\/Senior SAISON E 27.9    1 jour CARIBE AQUATIC PARK Adulte SAISON F 33.3    1 jour CARIBE AQUATIC PARK Junior\/Senior SAISON F 28.8    1 jour CARIBE AQUATIC PARK Adulte SAISON G 35.1    1 jour CARIBE AQUATIC PARK Junior\/Senior SAISON G 30.6\" \/>\n<meta property=\"og:url\" content=\"https:\/\/dicolova.com\/cos65\/boutique\/loisirs-decouvertes-de-plein-air\/portaventura\/\" \/>\n<meta property=\"og:site_name\" content=\"COS 65\" \/>\n<meta property=\"article:modified_time\" content=\"2023-10-08T09:45:34+00:00\" \/>\n<meta property=\"og:image\" content=\"https:\/\/dicolova.com\/cos65\/wp-content\/uploads\/sites\/32\/2018\/03\/Port-Aventura.jpg\" \/>\n\t<meta property=\"og:image:width\" content=\"400\" \/>\n\t<meta property=\"og:image:height\" content=\"300\" \/>\n\t<meta property=\"og:image:type\" content=\"image\/jpeg\" \/>\n<meta name=\"twitter:card\" content=\"summary_large_image\" \/>\n<meta name=\"twitter:label1\" content=\"Dur\u00e9e de lecture estim\u00e9e\" \/>\n\t<meta name=\"twitter:data1\" content=\"4 minutes\" \/>\n<script type=\"application\/ld+json\" class=\"yoast-schema-graph\">{\"@context\":\"https:\\\/\\\/schema.org\",\"@graph\":[{\"@type\":\"WebPage\",\"@id\":\"https:\\\/\\\/dicolova.com\\\/cos65\\\/boutique\\\/loisirs-decouvertes-de-plein-air\\\/portaventura\\\/\",\"url\":\"https:\\\/\\\/dicolova.com\\\/cos65\\\/boutique\\\/loisirs-decouvertes-de-plein-air\\\/portaventura\\\/\",\"name\":\"PORTAVENTURA - COS 65\",\"isPartOf\":{\"@id\":\"https:\\\/\\\/dicolova.com\\\/cos65\\\/#website\"},\"primaryImageOfPage\":{\"@id\":\"https:\\\/\\\/dicolova.com\\\/cos65\\\/boutique\\\/loisirs-decouvertes-de-plein-air\\\/portaventura\\\/#primaryimage\"},\"image\":{\"@id\":\"https:\\\/\\\/dicolova.com\\\/cos65\\\/boutique\\\/loisirs-decouvertes-de-plein-air\\\/portaventura\\\/#primaryimage\"},\"thumbnailUrl\":\"https:\\\/\\\/dicolova.com\\\/cos65\\\/wp-content\\\/uploads\\\/sites\\\/32\\\/2018\\\/03\\\/Port-Aventura.jpg\",\"datePublished\":\"2018-03-20T14:35:10+00:00\",\"dateModified\":\"2023-10-08T09:45:34+00:00\",\"breadcrumb\":{\"@id\":\"https:\\\/\\\/dicolova.com\\\/cos65\\\/boutique\\\/loisirs-decouvertes-de-plein-air\\\/portaventura\\\/#breadcrumb\"},\"inLanguage\":\"fr-FR\",\"potentialAction\":[{\"@type\":\"ReadAction\",\"target\":[\"https:\\\/\\\/dicolova.com\\\/cos65\\\/boutique\\\/loisirs-decouvertes-de-plein-air\\\/portaventura\\\/\"]}]},{\"@type\":\"ImageObject\",\"inLanguage\":\"fr-FR\",\"@id\":\"https:\\\/\\\/dicolova.com\\\/cos65\\\/boutique\\\/loisirs-decouvertes-de-plein-air\\\/portaventura\\\/#primaryimage\",\"url\":\"https:\\\/\\\/dicolova.com\\\/cos65\\\/wp-content\\\/uploads\\\/sites\\\/32\\\/2018\\\/03\\\/Port-Aventura.jpg\",\"contentUrl\":\"https:\\\/\\\/dicolova.com\\\/cos65\\\/wp-content\\\/uploads\\\/sites\\\/32\\\/2018\\\/03\\\/Port-Aventura.jpg\",\"width\":400,\"height\":300},{\"@type\":\"BreadcrumbList\",\"@id\":\"https:\\\/\\\/dicolova.com\\\/cos65\\\/boutique\\\/loisirs-decouvertes-de-plein-air\\\/portaventura\\\/#breadcrumb\",\"itemListElement\":[{\"@type\":\"ListItem\",\"position\":1,\"name\":\"Accueil\",\"item\":\"https:\\\/\\\/dicolova.com\\\/cos65\\\/\"},{\"@type\":\"ListItem\",\"position\":2,\"name\":\"Billetterie\",\"item\":\"https:\\\/\\\/dicolova.com\\\/cos65\\\/billetterie\\\/\"},{\"@type\":\"ListItem\",\"position\":3,\"name\":\"PORTAVENTURA\"}]},{\"@type\":\"WebSite\",\"@id\":\"https:\\\/\\\/dicolova.com\\\/cos65\\\/#website\",\"url\":\"https:\\\/\\\/dicolova.com\\\/cos65\\\/\",\"name\":\"COS 65\",\"description\":\"\",\"potentialAction\":[{\"@type\":\"SearchAction\",\"target\":{\"@type\":\"EntryPoint\",\"urlTemplate\":\"https:\\\/\\\/dicolova.com\\\/cos65\\\/?s={search_term_string}\"},\"query-input\":{\"@type\":\"PropertyValueSpecification\",\"valueRequired\":true,\"valueName\":\"search_term_string\"}}],\"inLanguage\":\"fr-FR\"}]}<\/script>\n<!-- \/ Yoast SEO plugin. -->","yoast_head_json":{"title":"PORTAVENTURA - COS 65","robots":{"index":"index","follow":"follow","max-snippet":"max-snippet:-1","max-image-preview":"max-image-preview:large","max-video-preview":"max-video-preview:-1"},"canonical":"https:\/\/dicolova.com\/cos65\/boutique\/loisirs-decouvertes-de-plein-air\/portaventura\/","og_locale":"fr_FR","og_type":"article","og_title":"PORTAVENTURA - COS 65","og_description":"Tarifs :    1 jour PORT AVENTURA Adulte SAISON A 36        1 jour PORT AVENTURA Junior\/Senior SAISON A 31.5    1 jour PORT AVENTURA Adulte SAISON B 43.2    1 jour PORT AVENTURA Junior\/Senior SAISON B 37.8    1 jour PORT AVENTURA Adulte SAISON C 45    1 jour PORT AVENTURA Junior\/Senior SAISON C 39.6    1 jour PORT AVENTURA Adulte SAISON D 46.8    1 jour PORT AVENTURA Junior\/Senior SAISON D 41.4    1 jour PORT AVENTURA Adulte SAISON E 48.6    1 jour PORT AVENTURA Junior\/Senior SAISON E 42.3    1 jour PORT AVENTURA Adulte SAISON F 50.4    1 jour PORT AVENTURA Junior\/Senior SAISON F 44.1    1 jour PORT AVENTURA Adulte SAISON G 54    1 jour PORT AVENTURA Junior\/Senior SAISON G 47.7    1 jour PORT AVENTURA + FERRARI LAND Adulte SAISON B 50.4    1 jour PORT AVENTURA + FERRARI LAND Junior\/Senior SAISON B 44.1    1 jour PORT AVENTURA + FERRARI LAND Adulte SAISON C 53.1    1 jour PORT AVENTURA + FERRARI LAND Junior\/Senior SAISON C 46.8    1 jour PORT AVENTURA + FERRARI LAND Adulte SAISON D 54.9    1 jour PORT AVENTURA + FERRARI LAND Junior\/Senior SAISON D 47.7    1 jour PORT AVENTURA + FERRARI LAND Adulte SAISON E 57.6    1 jour PORT AVENTURA + FERRARI LAND Junior\/Senior SAISON E 50.4    1 jour PORT AVENTURA + FERRARI LAND Adulte SAISON E 57.6    1 jour PORT AVENTURA + FERRARI LAND Junior\/Senior SAISON E 50.4    1 jour PORT AVENTURA + FERRARI LAND Adulte SAISON F 61.2    1 jour PORT AVENTURA + FERRARI LAND Junior\/Senior SAISON F 54    1 jour PORT AVENTURA + FERRARI LAND Adulte SAISON G 64.8    1 jour PORT AVENTURA + FERRARI LAND Junior\/Senior SAISON G 56.7    1 jour CARIBE AQUATIC PARK Adulte SAISON C 27.9    1 jour CARIBE AQUATIC PARK Junior\/Senior SAISON C 24.3    1 jour CARIBE AQUATIC PARK Adulte SAISON D 29.7    1 jour CARIBE AQUATIC PARK Junior\/Senior SAISON D 26.1    1 jour CARIBE AQUATIC PARK Adulte SAISON E 31.5    1 jour CARIBE AQUATIC PARK Junior\/Senior SAISON E 27.9    1 jour CARIBE AQUATIC PARK Adulte SAISON F 33.3    1 jour CARIBE AQUATIC PARK Junior\/Senior SAISON F 28.8    1 jour CARIBE AQUATIC PARK Adulte SAISON G 35.1    1 jour CARIBE AQUATIC PARK Junior\/Senior SAISON G 30.6","og_url":"https:\/\/dicolova.com\/cos65\/boutique\/loisirs-decouvertes-de-plein-air\/portaventura\/","og_site_name":"COS 65","article_modified_time":"2023-10-08T09:45:34+00:00","og_image":[{"width":400,"height":300,"url":"https:\/\/dicolova.com\/cos65\/wp-content\/uploads\/sites\/32\/2018\/03\/Port-Aventura.jpg","type":"image\/jpeg"}],"twitter_card":"summary_large_image","twitter_misc":{"Dur\u00e9e de lecture estim\u00e9e":"4 minutes"},"schema":{"@context":"https:\/\/schema.org","@graph":[{"@type":"WebPage","@id":"https:\/\/dicolova.com\/cos65\/boutique\/loisirs-decouvertes-de-plein-air\/portaventura\/","url":"https:\/\/dicolova.com\/cos65\/boutique\/loisirs-decouvertes-de-plein-air\/portaventura\/","name":"PORTAVENTURA - COS 65","isPartOf":{"@id":"https:\/\/dicolova.com\/cos65\/#website"},"primaryImageOfPage":{"@id":"https:\/\/dicolova.com\/cos65\/boutique\/loisirs-decouvertes-de-plein-air\/portaventura\/#primaryimage"},"image":{"@id":"https:\/\/dicolova.com\/cos65\/boutique\/loisirs-decouvertes-de-plein-air\/portaventura\/#primaryimage"},"thumbnailUrl":"https:\/\/dicolova.com\/cos65\/wp-content\/uploads\/sites\/32\/2018\/03\/Port-Aventura.jpg","datePublished":"2018-03-20T14:35:10+00:00","dateModified":"2023-10-08T09:45:34+00:00","breadcrumb":{"@id":"https:\/\/dicolova.com\/cos65\/boutique\/loisirs-decouvertes-de-plein-air\/portaventura\/#breadcrumb"},"inLanguage":"fr-FR","potentialAction":[{"@type":"ReadAction","target":["https:\/\/dicolova.com\/cos65\/boutique\/loisirs-decouvertes-de-plein-air\/portaventura\/"]}]},{"@type":"ImageObject","inLanguage":"fr-FR","@id":"https:\/\/dicolova.com\/cos65\/boutique\/loisirs-decouvertes-de-plein-air\/portaventura\/#primaryimage","url":"https:\/\/dicolova.com\/cos65\/wp-content\/uploads\/sites\/32\/2018\/03\/Port-Aventura.jpg","contentUrl":"https:\/\/dicolova.com\/cos65\/wp-content\/uploads\/sites\/32\/2018\/03\/Port-Aventura.jpg","width":400,"height":300},{"@type":"BreadcrumbList","@id":"https:\/\/dicolova.com\/cos65\/boutique\/loisirs-decouvertes-de-plein-air\/portaventura\/#breadcrumb","itemListElement":[{"@type":"ListItem","position":1,"name":"Accueil","item":"https:\/\/dicolova.com\/cos65\/"},{"@type":"ListItem","position":2,"name":"Billetterie","item":"https:\/\/dicolova.com\/cos65\/billetterie\/"},{"@type":"ListItem","position":3,"name":"PORTAVENTURA"}]},{"@type":"WebSite","@id":"https:\/\/dicolova.com\/cos65\/#website","url":"https:\/\/dicolova.com\/cos65\/","name":"COS 65","description":"","potentialAction":[{"@type":"SearchAction","target":{"@type":"EntryPoint","urlTemplate":"https:\/\/dicolova.com\/cos65\/?s={search_term_string}"},"query-input":{"@type":"PropertyValueSpecification","valueRequired":true,"valueName":"search_term_string"}}],"inLanguage":"fr-FR"}]}},"_links":{"self":[{"href":"https:\/\/dicolova.com\/cos65\/wp-json\/wp\/v2\/product\/173","targetHints":{"allow":["GET"]}}],"collection":[{"href":"https:\/\/dicolova.com\/cos65\/wp-json\/wp\/v2\/product"}],"about":[{"href":"https:\/\/dicolova.com\/cos65\/wp-json\/wp\/v2\/types\/product"}],"replies":[{"embeddable":true,"href":"https:\/\/dicolova.com\/cos65\/wp-json\/wp\/v2\/comments?post=173"}],"wp:featuredmedia":[{"embeddable":true,"href":"https:\/\/dicolova.com\/cos65\/wp-json\/wp\/v2\/media\/174"}],"wp:attachment":[{"href":"https:\/\/dicolova.com\/cos65\/wp-json\/wp\/v2\/media?parent=173"}],"wp:term":[{"taxonomy":"product_brand","embeddable":true,"href":"https:\/\/dicolova.com\/cos65\/wp-json\/wp\/v2\/product_brand?post=173"},{"taxonomy":"product_cat","embeddable":true,"href":"https:\/\/dicolova.com\/cos65\/wp-json\/wp\/v2\/product_cat?post=173"},{"taxonomy":"product_tag","embeddable":true,"href":"https:\/\/dicolova.com\/cos65\/wp-json\/wp\/v2\/product_tag?post=173"}],"curies":[{"name":"wp","href":"https:\/\/api.w.org\/{rel}","templated":true}]}}