{"id":167,"date":"2018-03-20T15:21:22","date_gmt":"2018-03-20T14:21:22","guid":{"rendered":"https:\/\/dicolova.com\/cos65\/?post_type=product&#038;p=167"},"modified":"2023-10-08T10:50:26","modified_gmt":"2023-10-08T09:50:26","slug":"cite-de-lespace","status":"publish","type":"product","link":"https:\/\/dicolova.com\/cos65\/boutique\/loisirs-decouvertes-de-plein-air\/cite-de-lespace\/","title":{"rendered":"LA CITE DE L&rsquo;ESPACE"},"content":{"rendered":"<h1 class=\"titre11\">LA CITE DE L&rsquo;ESPACE<\/h1>\n<hr \/>\n<p align=\"justify\">TOULOUSE<\/p>\n<p align=\"justify\">Av Jean Gonord<\/p>\n<h2 class=\"titre22\">Pr\u00e9sentation<\/h2>\n<p align=\"\">\n<table cellspacing=\"0\" cellpadding=\"0\">\n<tbody>\n<tr>\n<td><\/td>\n<td><\/td>\n<\/tr>\n<\/tbody>\n<\/table>\n<p><img decoding=\"async\" src=\"https:\/\/cos64.fr\/photo\/cite_espace_2.jpg\" alt=\"\" \/><\/p>\n<p>Visitez la Cit\u00e9 de l&rsquo;espace et partez \u00e0 la d\u00e9couverte des secrets de l&rsquo;espace ! D\u00e9couvrez la Lune, le syst\u00e8me Solaire, les satellites, Mars et bien d&rsquo;autres.<\/p>\n<p><strong>A la Cit\u00e9 de l&rsquo;Espace :<\/strong><\/p>\n<p><strong>DECOUVREZ <\/strong>de vrais engins spatiaux (Ariane 5, Mir&#8230;)<\/p>\n<p><strong>VOYAGEZ<\/strong> aux confins du cosmos, dans l&rsquo;un des plus modernes et plus performants plan\u00e9tariums du monde !<\/p>\n<p><strong>PERCEZ <\/strong>tous les secrets de l&rsquo;espace&#8230;<\/p>\n<p><strong>En ce moment :<\/strong><\/p>\n<p><strong>\u00c0 l\u2019occasion de la Coupe du Monde de Rugby 2023 et des Jeux Olympiques et Paralympiques de Paris 2024, la Cit\u00e9 de l\u2019espace et le Stade Toulousain d\u00e9voilent ici ce qui rassemble astronautes et rugbymen<\/strong><\/p>\n<p><strong>Du 8 septembre au 7 janvier 2024<\/strong><\/p>\n<p><strong>UNE EXPOSITION DE VISUELS IMMERSIFS GRAND FORMAT<\/strong><\/p>\n<p><strong>Dans le cadre de la\u00a0Coupe du Monde de Rugby 2023, la Cit\u00e9 de l\u2019espace s\u2019est associ\u00e9e au\u00a0Stade Toulousain\u00a0pour lancer une exposition in\u00e9dite sur le th\u00e8me \u201cEspace et Rugby\u201d.<\/strong><\/p>\n<p><strong>Capitale europ\u00e9enne \u00e0 la fois du Spatial et du Rugby, Toulouse accueille ainsi cette double exposition qui met en sc\u00e8ne les points communs entre rugbymen et astronautes, faisant ainsi dialoguer ces deux communaut\u00e9s qui bien souvent se fascinent mutuellement.<\/strong><\/p>\n<p>Pr\u00e9voyez\u00a01 journ\u00e9e pour d\u00e9couvrir et profiter de la totalit\u00e9 du site !<\/p>\n<p>Consultez notre\u00a0<a href=\"https:\/\/www.cite-espace.com\/visiter\/calendrier\/\">calendrier<\/a>\u00a0avant votre venue.<\/p>\n<p>Gratuit pour les moins de 5ans<\/p>\n<p><strong><em>Consultez la rubrique<a href=\"https:\/\/www.cite-espace.com\/visiter\/comment-venir\/\">\u00a0Comment venir ?<\/a>\u00a0<\/em><\/strong><\/p>\n<p><strong><em><u>Attention \u00e0 lire avant toute commande :<\/u> <\/em><\/strong><\/p>\n<p><strong>Les billets sont des e codes de r\u00e9servation : vous devez obligatoirement, avant votre venue, confirmer votre date sur le site de la Cit\u00e9 de l&rsquo;Espace<\/strong><\/p>\n<p><strong><em>lors du choix de mode de livraison il est obligatoire de cocher \u00ab\u00a0retrait gratuit au COS\u00a0\u00bb sinon le site va vous comptabiliser des frais de port en plus,<\/em><\/strong><\/p>\n<p><strong><em>vous recevrez votre e-code\u00a0\u00e0 votre adresse mail,\u00a0<\/em><\/strong><strong><em>pas d&rsquo;envoi postal<\/em><\/strong><\/p>\n<p><strong>Votre e-code qui n\u2019est pas un billet d\u00e9finitif, voici comment obtenir votre billet d\u00e9finitif :<\/p>\n<p>&#8211; Choisissez votre date de visite : https:\/\/billets.cite-espace.com\/Exhibitions\/Register?ID=71A7A846-C098-ED11-A2DD-B6A507C45F96<br \/>\n&#8211; Une fois votre date choisie, s\u00e9lectionnez le nombre de Plein tarif adulte et Plein Tarif enfant<br \/>\n&#8211; Cliquer sur \u00ab Ajouter au panier \u00bb<br \/>\n&#8211; Dans le panier, int\u00e9grez votre code dans le champ \u00ab Vous avez d\u00e9j\u00e0 un code ? \u00bb<br \/>\n&#8211; Votre r\u00e9duction s\u2019appliquera dans votre panier apr\u00e8s paiement d\u2019\u00e9ventuelles options suppl\u00e9mentaires (nocturnes, etc\u2026).<br \/>\n&#8211; Cr\u00e9ez ou connectez-vous \u00e0 votre compte<br \/>\n&#8211; Confirmez votre commande<br \/>\n&#8211; Vous recevrez alors un mail de confirmation avec vos billets dat\u00e9s et pourrez les retrouver \u00e9galement dans votre compte client<\/p>\n<p>Les E-codes sont \u00e0 usage unique, non \u00e9changeables, non modifiables et non remboursables. Cet e-code est valable toute l\u2019ann\u00e9e en cours.<\/strong><\/p>\n","protected":false},"excerpt":{"rendered":"<h2>Tarifs :<\/h2>\n<table class=\"table table-striped\" style=\"width: 32.5402%;height: 35px\">\n<tbody>\n<tr>\n<td>ebillet Adulte au lieu de 24.50\u20ac<\/td>\n<td>22<\/td>\n<td><\/td>\n<\/tr>\n<\/tbody>\n<\/table>\n<table class=\"table table-striped\" style=\"width: 32.2759%;height: 32px\">\n<tbody>\n<tr>\n<td>ebillet Enfant 5-18ans inclus au lieu de 18\u20ac<\/td>\n<td>16.5<\/td>\n<\/tr>\n<\/tbody>\n<\/table>\n","protected":false},"featured_media":168,"comment_status":"closed","ping_status":"closed","template":"","meta":[],"product_brand":[],"product_cat":[124],"product_tag":[],"class_list":{"0":"post-167","1":"product","2":"type-product","3":"status-publish","4":"has-post-thumbnail","6":"product_cat-loisirs-decouvertes-de-plein-air","8":"first","9":"instock","10":"taxable","11":"shipping-taxable","12":"product-type-simple"},"yoast_head":"<!-- This site is optimized with the Yoast SEO plugin v27.5 - https:\/\/yoast.com\/product\/yoast-seo-wordpress\/ -->\n<title>LA CITE DE L&#039;ESPACE - COS 65<\/title>\n<meta name=\"robots\" content=\"index, follow, max-snippet:-1, max-image-preview:large, max-video-preview:-1\" \/>\n<link rel=\"canonical\" href=\"https:\/\/dicolova.com\/cos65\/boutique\/loisirs-decouvertes-de-plein-air\/cite-de-lespace\/\" \/>\n<meta property=\"og:locale\" content=\"fr_FR\" \/>\n<meta property=\"og:type\" content=\"article\" \/>\n<meta property=\"og:title\" content=\"LA CITE DE L&#039;ESPACE - COS 65\" \/>\n<meta property=\"og:description\" content=\"Tarifs :    ebillet Adulte au lieu de 24.50\u20ac 22        ebillet Enfant 5-18ans inclus au lieu de 18\u20ac 16.5\" \/>\n<meta property=\"og:url\" content=\"https:\/\/dicolova.com\/cos65\/boutique\/loisirs-decouvertes-de-plein-air\/cite-de-lespace\/\" \/>\n<meta property=\"og:site_name\" content=\"COS 65\" \/>\n<meta property=\"article:modified_time\" content=\"2023-10-08T09:50:26+00:00\" \/>\n<meta property=\"og:image\" content=\"https:\/\/dicolova.com\/cos65\/wp-content\/uploads\/sites\/32\/2018\/03\/cite-de-lespace.jpeg\" \/>\n\t<meta property=\"og:image:width\" content=\"1200\" \/>\n\t<meta property=\"og:image:height\" content=\"800\" \/>\n\t<meta property=\"og:image:type\" content=\"image\/jpeg\" \/>\n<meta name=\"twitter:card\" content=\"summary_large_image\" \/>\n<meta name=\"twitter:label1\" content=\"Dur\u00e9e de lecture estim\u00e9e\" \/>\n\t<meta name=\"twitter:data1\" content=\"3 minutes\" \/>\n<script type=\"application\/ld+json\" class=\"yoast-schema-graph\">{\"@context\":\"https:\\\/\\\/schema.org\",\"@graph\":[{\"@type\":\"WebPage\",\"@id\":\"https:\\\/\\\/dicolova.com\\\/cos65\\\/boutique\\\/loisirs-decouvertes-de-plein-air\\\/cite-de-lespace\\\/\",\"url\":\"https:\\\/\\\/dicolova.com\\\/cos65\\\/boutique\\\/loisirs-decouvertes-de-plein-air\\\/cite-de-lespace\\\/\",\"name\":\"LA CITE DE L'ESPACE - COS 65\",\"isPartOf\":{\"@id\":\"https:\\\/\\\/dicolova.com\\\/cos65\\\/#website\"},\"primaryImageOfPage\":{\"@id\":\"https:\\\/\\\/dicolova.com\\\/cos65\\\/boutique\\\/loisirs-decouvertes-de-plein-air\\\/cite-de-lespace\\\/#primaryimage\"},\"image\":{\"@id\":\"https:\\\/\\\/dicolova.com\\\/cos65\\\/boutique\\\/loisirs-decouvertes-de-plein-air\\\/cite-de-lespace\\\/#primaryimage\"},\"thumbnailUrl\":\"https:\\\/\\\/dicolova.com\\\/cos65\\\/wp-content\\\/uploads\\\/sites\\\/32\\\/2018\\\/03\\\/cite-de-lespace.jpeg\",\"datePublished\":\"2018-03-20T14:21:22+00:00\",\"dateModified\":\"2023-10-08T09:50:26+00:00\",\"breadcrumb\":{\"@id\":\"https:\\\/\\\/dicolova.com\\\/cos65\\\/boutique\\\/loisirs-decouvertes-de-plein-air\\\/cite-de-lespace\\\/#breadcrumb\"},\"inLanguage\":\"fr-FR\",\"potentialAction\":[{\"@type\":\"ReadAction\",\"target\":[\"https:\\\/\\\/dicolova.com\\\/cos65\\\/boutique\\\/loisirs-decouvertes-de-plein-air\\\/cite-de-lespace\\\/\"]}]},{\"@type\":\"ImageObject\",\"inLanguage\":\"fr-FR\",\"@id\":\"https:\\\/\\\/dicolova.com\\\/cos65\\\/boutique\\\/loisirs-decouvertes-de-plein-air\\\/cite-de-lespace\\\/#primaryimage\",\"url\":\"https:\\\/\\\/dicolova.com\\\/cos65\\\/wp-content\\\/uploads\\\/sites\\\/32\\\/2018\\\/03\\\/cite-de-lespace.jpeg\",\"contentUrl\":\"https:\\\/\\\/dicolova.com\\\/cos65\\\/wp-content\\\/uploads\\\/sites\\\/32\\\/2018\\\/03\\\/cite-de-lespace.jpeg\",\"width\":1200,\"height\":800},{\"@type\":\"BreadcrumbList\",\"@id\":\"https:\\\/\\\/dicolova.com\\\/cos65\\\/boutique\\\/loisirs-decouvertes-de-plein-air\\\/cite-de-lespace\\\/#breadcrumb\",\"itemListElement\":[{\"@type\":\"ListItem\",\"position\":1,\"name\":\"Accueil\",\"item\":\"https:\\\/\\\/dicolova.com\\\/cos65\\\/\"},{\"@type\":\"ListItem\",\"position\":2,\"name\":\"Billetterie\",\"item\":\"https:\\\/\\\/dicolova.com\\\/cos65\\\/billetterie\\\/\"},{\"@type\":\"ListItem\",\"position\":3,\"name\":\"LA CITE DE L&rsquo;ESPACE\"}]},{\"@type\":\"WebSite\",\"@id\":\"https:\\\/\\\/dicolova.com\\\/cos65\\\/#website\",\"url\":\"https:\\\/\\\/dicolova.com\\\/cos65\\\/\",\"name\":\"COS 65\",\"description\":\"\",\"potentialAction\":[{\"@type\":\"SearchAction\",\"target\":{\"@type\":\"EntryPoint\",\"urlTemplate\":\"https:\\\/\\\/dicolova.com\\\/cos65\\\/?s={search_term_string}\"},\"query-input\":{\"@type\":\"PropertyValueSpecification\",\"valueRequired\":true,\"valueName\":\"search_term_string\"}}],\"inLanguage\":\"fr-FR\"}]}<\/script>\n<!-- \/ Yoast SEO plugin. -->","yoast_head_json":{"title":"LA CITE DE L'ESPACE - COS 65","robots":{"index":"index","follow":"follow","max-snippet":"max-snippet:-1","max-image-preview":"max-image-preview:large","max-video-preview":"max-video-preview:-1"},"canonical":"https:\/\/dicolova.com\/cos65\/boutique\/loisirs-decouvertes-de-plein-air\/cite-de-lespace\/","og_locale":"fr_FR","og_type":"article","og_title":"LA CITE DE L'ESPACE - COS 65","og_description":"Tarifs :    ebillet Adulte au lieu de 24.50\u20ac 22        ebillet Enfant 5-18ans inclus au lieu de 18\u20ac 16.5","og_url":"https:\/\/dicolova.com\/cos65\/boutique\/loisirs-decouvertes-de-plein-air\/cite-de-lespace\/","og_site_name":"COS 65","article_modified_time":"2023-10-08T09:50:26+00:00","og_image":[{"width":1200,"height":800,"url":"https:\/\/dicolova.com\/cos65\/wp-content\/uploads\/sites\/32\/2018\/03\/cite-de-lespace.jpeg","type":"image\/jpeg"}],"twitter_card":"summary_large_image","twitter_misc":{"Dur\u00e9e de lecture estim\u00e9e":"3 minutes"},"schema":{"@context":"https:\/\/schema.org","@graph":[{"@type":"WebPage","@id":"https:\/\/dicolova.com\/cos65\/boutique\/loisirs-decouvertes-de-plein-air\/cite-de-lespace\/","url":"https:\/\/dicolova.com\/cos65\/boutique\/loisirs-decouvertes-de-plein-air\/cite-de-lespace\/","name":"LA CITE DE L'ESPACE - COS 65","isPartOf":{"@id":"https:\/\/dicolova.com\/cos65\/#website"},"primaryImageOfPage":{"@id":"https:\/\/dicolova.com\/cos65\/boutique\/loisirs-decouvertes-de-plein-air\/cite-de-lespace\/#primaryimage"},"image":{"@id":"https:\/\/dicolova.com\/cos65\/boutique\/loisirs-decouvertes-de-plein-air\/cite-de-lespace\/#primaryimage"},"thumbnailUrl":"https:\/\/dicolova.com\/cos65\/wp-content\/uploads\/sites\/32\/2018\/03\/cite-de-lespace.jpeg","datePublished":"2018-03-20T14:21:22+00:00","dateModified":"2023-10-08T09:50:26+00:00","breadcrumb":{"@id":"https:\/\/dicolova.com\/cos65\/boutique\/loisirs-decouvertes-de-plein-air\/cite-de-lespace\/#breadcrumb"},"inLanguage":"fr-FR","potentialAction":[{"@type":"ReadAction","target":["https:\/\/dicolova.com\/cos65\/boutique\/loisirs-decouvertes-de-plein-air\/cite-de-lespace\/"]}]},{"@type":"ImageObject","inLanguage":"fr-FR","@id":"https:\/\/dicolova.com\/cos65\/boutique\/loisirs-decouvertes-de-plein-air\/cite-de-lespace\/#primaryimage","url":"https:\/\/dicolova.com\/cos65\/wp-content\/uploads\/sites\/32\/2018\/03\/cite-de-lespace.jpeg","contentUrl":"https:\/\/dicolova.com\/cos65\/wp-content\/uploads\/sites\/32\/2018\/03\/cite-de-lespace.jpeg","width":1200,"height":800},{"@type":"BreadcrumbList","@id":"https:\/\/dicolova.com\/cos65\/boutique\/loisirs-decouvertes-de-plein-air\/cite-de-lespace\/#breadcrumb","itemListElement":[{"@type":"ListItem","position":1,"name":"Accueil","item":"https:\/\/dicolova.com\/cos65\/"},{"@type":"ListItem","position":2,"name":"Billetterie","item":"https:\/\/dicolova.com\/cos65\/billetterie\/"},{"@type":"ListItem","position":3,"name":"LA CITE DE L&rsquo;ESPACE"}]},{"@type":"WebSite","@id":"https:\/\/dicolova.com\/cos65\/#website","url":"https:\/\/dicolova.com\/cos65\/","name":"COS 65","description":"","potentialAction":[{"@type":"SearchAction","target":{"@type":"EntryPoint","urlTemplate":"https:\/\/dicolova.com\/cos65\/?s={search_term_string}"},"query-input":{"@type":"PropertyValueSpecification","valueRequired":true,"valueName":"search_term_string"}}],"inLanguage":"fr-FR"}]}},"_links":{"self":[{"href":"https:\/\/dicolova.com\/cos65\/wp-json\/wp\/v2\/product\/167","targetHints":{"allow":["GET"]}}],"collection":[{"href":"https:\/\/dicolova.com\/cos65\/wp-json\/wp\/v2\/product"}],"about":[{"href":"https:\/\/dicolova.com\/cos65\/wp-json\/wp\/v2\/types\/product"}],"replies":[{"embeddable":true,"href":"https:\/\/dicolova.com\/cos65\/wp-json\/wp\/v2\/comments?post=167"}],"wp:featuredmedia":[{"embeddable":true,"href":"https:\/\/dicolova.com\/cos65\/wp-json\/wp\/v2\/media\/168"}],"wp:attachment":[{"href":"https:\/\/dicolova.com\/cos65\/wp-json\/wp\/v2\/media?parent=167"}],"wp:term":[{"taxonomy":"product_brand","embeddable":true,"href":"https:\/\/dicolova.com\/cos65\/wp-json\/wp\/v2\/product_brand?post=167"},{"taxonomy":"product_cat","embeddable":true,"href":"https:\/\/dicolova.com\/cos65\/wp-json\/wp\/v2\/product_cat?post=167"},{"taxonomy":"product_tag","embeddable":true,"href":"https:\/\/dicolova.com\/cos65\/wp-json\/wp\/v2\/product_tag?post=167"}],"curies":[{"name":"wp","href":"https:\/\/api.w.org\/{rel}","templated":true}]}}