{"id":138,"date":"2017-11-05T16:54:07","date_gmt":"2017-11-05T15:54:07","guid":{"rendered":"https:\/\/dicolova.com\/cos65\/?post_type=product&#038;p=138"},"modified":"2023-10-08T11:08:08","modified_gmt":"2023-10-08T10:08:08","slug":"aquensis-bagneres","status":"publish","type":"product","link":"https:\/\/dicolova.com\/cos65\/boutique\/bien-e%cc%82tre-detente-et-sport\/aquensis-bagneres\/","title":{"rendered":"AQUENSIS BAGNERES"},"content":{"rendered":"<h1 class=\"titre11\">AQUENSIS<\/h1>\n<hr \/>\n<p align=\"justify\">BAGNERES DE BIGORRE<\/p>\n<p align=\"justify\">Rue du pont d Arras<\/p>\n<h2 class=\"titre22\">Pr\u00e9sentation<\/h2>\n<p align=\"\">\n<p><img decoding=\"async\" src=\"https:\/\/cos64.fr\/photo\/aquensis - Copy 1.jpg\" alt=\"\" \/><\/p>\n<p><img decoding=\"async\" src=\"https:\/\/cos64.fr\/photo\/aquensis.jpg\" alt=\"\" \/><\/p>\n<p>&nbsp;<\/p>\n<p>Centre de baln\u00e9o unique dans les Hautes-Pyr\u00e9n\u00e9es, Aquensis est un joyau architectural\u00a0o\u00f9 le corps et l&rsquo;esprit s&rsquo;abandonnent sans retenue&#8230;Le bois, le marbre pyr\u00e9n\u00e9en et la lumi\u00e8re sont autant d&rsquo;\u00e9l\u00e9ments naturels qui servent d&rsquo;\u00e9crin \u00e0 l&rsquo;Espace D\u00e9tente.<\/p>\n<p>Nos eaux thermales qui soignent depuis l&rsquo;Antiquit\u00e9 sont riches en oligo-\u00e9l\u00e9ments et particuli\u00e8rement en calcium, magn\u00e9sium et sulfates.\u00a0 Elles poss\u00e8dent des vertus antalgiques, d\u00e9contractantes et relaxantes. Extraite par forage \u00e0 une temp\u00e9rature de 50\u00b0C, l&rsquo;eau thermale est refroidie par un syst\u00e8me \u00e9vitant tout m\u00e9lange et arrive donc \u00e0 l&rsquo;\u00e9tat naturel dans les bassins d&rsquo;Aquensis.<\/p>\n<p>Bassins anim\u00e9s, hammam, saunas et jacuzzis vous attendent \u00e0 30 mn de Tarbes et Lourdes et \u00e0 50mn\u00a0de Pau.<\/p>\n<p><strong>Le Grand Bassin et la Piscine D\u00e9tente<\/strong> :<\/p>\n<p>Le Grand Bassin de 300 m\u00b2 aliment\u00e9 en eau thermale est anim\u00e9 de brumisations, d\u2019un rideau d\u2019eau, de cols de cygne et d\u2019alv\u00e9oles avec remous, jets, contre-courants, le tout long\u00e9 par un couloir central de 20 m.\u00a0La Piscine D\u00e9tente, \u00e9quip\u00e9e d\u2019hydro-massages et d\u2019Aqua musique (diffusion de musique relaxante sous l\u2019eau) permet un ressourcement total.<\/p>\n<p><strong>Hammam et Salon de th\u00e9 :<\/strong><\/p>\n<p>L\u2019Espace Hammam : salon de th\u00e9, cabine de soins et salles vo\u00fbt\u00e9es bord\u00e9es de bancs de marbre pyr\u00e9n\u00e9en se succ\u00e8dent, offrant un univers authentiquement oriental avec ambiance musicale d\u00e9paysante et d\u00e9gustation de th\u00e9 \u00e0 la menthe.<\/p>\n<p><strong>La Terrasse D\u00e9tente :<\/strong><\/p>\n<p>Les deux saunas finlandais traditionnels encadrent une grande douche centrale. La terrasse d\u00e9tente en caillebotis de bois, est dot\u00e9e de jacuzzis et transats dans un cadre prot\u00e9g\u00e9 et bois\u00e9 avec vue panoramique sur la cit\u00e9 thermale, la for\u00eat du B\u00e9dat et les sommets pyr\u00e9n\u00e9ens.<\/p>\n<p><strong>Aqua Pass 2H &#8211; acc\u00e8s libre sans rendez vous \u00e0 l&rsquo;espace d\u00e9tente: bassins anim\u00e9s, hammam, terrasse avec jacuzzis, saunas et belved\u00e8re solarium.<\/strong><\/p>\n<p>&nbsp;<\/p>\n<p>Les enfants sont admis dans l&rsquo;Espace D\u00e9tente \u00e0 partir de 5 ans sur justificatif d&rsquo;\u00e2ge. De 5 \u00e0 15 ans, ils doivent \u00eatre accompagn\u00e9s d&rsquo;un adulte (2 enfants maximum sous la responsabilit\u00e9 d&rsquo;un adulte).<\/p>\n<p>Tourisme et Handicap :\u00a0Des places de parking handicap\u00e9\u00a0mat\u00e9rialis\u00e9es en bleu\u00a0sont disponibles \u00e0 droite du b\u00e2timent, \u00e0 une vingtaine de m\u00e8tres de l&rsquo;entr\u00e9e.\u00a0Un ascenseur ext\u00e9rieur vous permet d&rsquo;acc\u00e9der au hall d&rsquo;entr\u00e9e.\u00a0A l&rsquo;int\u00e9rieur, des \u00e9quipements sont pr\u00e9vus pour faciliter la circulation des personnes \u00e0 mobilit\u00e9 r\u00e9duites:\u00a0-un fauteuil peut \u00eatre mis \u00e0 disposition sur demande\u00a0&#8211; ascenseur int\u00e9rieur pour passer d&rsquo;un \u00e9tage \u00e0 l&rsquo;autre\u00a0&#8211; plateforme d&rsquo;acc\u00e8s au grand bassin\u00a0&#8211; ascenseur pour entrer dans le hammam\u00a0&#8211; plateforme d&rsquo;acc\u00e8s aux jacuzzis<\/p>\n<p><strong>Uniquement Billets papiers en stock au COS 64,\u00a0(pr\u00e9voir d\u00e9lai d&rsquo;acheminement) Validit\u00e9 6\/12\/2023<\/strong><\/p>\n","protected":false},"excerpt":{"rendered":"<h2 class=\"titre22\">Tarifs :<\/h2>\n<table class=\"table table-striped\" style=\"width: 35.1%;height: 41px\">\n<tbody>\n<tr>\n<td>Billet papier Aqua-pass 2h (au lieu de 18.50 \u20ac)<\/td>\n<td>14<\/td>\n<\/tr>\n<\/tbody>\n<\/table>\n","protected":false},"featured_media":185,"comment_status":"closed","ping_status":"closed","template":"","meta":[],"product_brand":[],"product_cat":[123],"product_tag":[],"class_list":{"0":"post-138","1":"product","2":"type-product","3":"status-publish","4":"has-post-thumbnail","6":"product_cat-bien-etre-detente-et-sport","8":"first","9":"instock","10":"product-type-simple"},"yoast_head":"<!-- This site is optimized with the Yoast SEO plugin v27.4 - https:\/\/yoast.com\/product\/yoast-seo-wordpress\/ -->\n<title>AQUENSIS BAGNERES - COS 65<\/title>\n<meta name=\"description\" content=\"Naturellement chaudes et bienfaisantes, les g\u00e9n\u00e9reuses sources thermales font depuis toujours la r\u00e9putation de Bagn\u00e8res, destination \u00ab Sant\u00e9 et Bien- Etre\u00bb par Excellence.\" \/>\n<meta name=\"robots\" content=\"index, follow, max-snippet:-1, max-image-preview:large, max-video-preview:-1\" \/>\n<link rel=\"canonical\" href=\"https:\/\/dicolova.com\/cos65\/boutique\/bien-e\u0302tre-detente-et-sport\/aquensis-bagneres\/\" \/>\n<meta property=\"og:locale\" content=\"fr_FR\" \/>\n<meta property=\"og:type\" content=\"article\" \/>\n<meta property=\"og:title\" content=\"AQUENSIS BAGNERES - COS 65\" \/>\n<meta property=\"og:description\" content=\"Naturellement chaudes et bienfaisantes, les g\u00e9n\u00e9reuses sources thermales font depuis toujours la r\u00e9putation de Bagn\u00e8res, destination \u00ab Sant\u00e9 et Bien- Etre\u00bb par Excellence.\" \/>\n<meta property=\"og:url\" content=\"https:\/\/dicolova.com\/cos65\/boutique\/bien-e\u0302tre-detente-et-sport\/aquensis-bagneres\/\" \/>\n<meta property=\"og:site_name\" content=\"COS 65\" \/>\n<meta property=\"article:modified_time\" content=\"2023-10-08T10:08:08+00:00\" \/>\n<meta property=\"og:image\" content=\"https:\/\/dicolova.com\/cos65\/wp-content\/uploads\/sites\/32\/2017\/11\/AQUENSIS2-1.jpg\" \/>\n\t<meta property=\"og:image:width\" content=\"1265\" \/>\n\t<meta property=\"og:image:height\" content=\"550\" \/>\n\t<meta property=\"og:image:type\" content=\"image\/jpeg\" \/>\n<meta name=\"twitter:card\" content=\"summary_large_image\" \/>\n<meta name=\"twitter:label1\" content=\"Dur\u00e9e de lecture estim\u00e9e\" \/>\n\t<meta name=\"twitter:data1\" content=\"3 minutes\" \/>\n<script type=\"application\/ld+json\" class=\"yoast-schema-graph\">{\"@context\":\"https:\\\/\\\/schema.org\",\"@graph\":[{\"@type\":\"WebPage\",\"@id\":\"https:\\\/\\\/dicolova.com\\\/cos65\\\/boutique\\\/bien-e%cc%82tre-detente-et-sport\\\/aquensis-bagneres\\\/\",\"url\":\"https:\\\/\\\/dicolova.com\\\/cos65\\\/boutique\\\/bien-e%cc%82tre-detente-et-sport\\\/aquensis-bagneres\\\/\",\"name\":\"AQUENSIS BAGNERES - COS 65\",\"isPartOf\":{\"@id\":\"https:\\\/\\\/dicolova.com\\\/cos65\\\/#website\"},\"primaryImageOfPage\":{\"@id\":\"https:\\\/\\\/dicolova.com\\\/cos65\\\/boutique\\\/bien-e%cc%82tre-detente-et-sport\\\/aquensis-bagneres\\\/#primaryimage\"},\"image\":{\"@id\":\"https:\\\/\\\/dicolova.com\\\/cos65\\\/boutique\\\/bien-e%cc%82tre-detente-et-sport\\\/aquensis-bagneres\\\/#primaryimage\"},\"thumbnailUrl\":\"https:\\\/\\\/dicolova.com\\\/cos65\\\/wp-content\\\/uploads\\\/sites\\\/32\\\/2017\\\/11\\\/AQUENSIS2-1.jpg\",\"datePublished\":\"2017-11-05T15:54:07+00:00\",\"dateModified\":\"2023-10-08T10:08:08+00:00\",\"description\":\"Naturellement chaudes et bienfaisantes, les g\u00e9n\u00e9reuses sources thermales font depuis toujours la r\u00e9putation de Bagn\u00e8res, destination \u00ab Sant\u00e9 et Bien- Etre\u00bb par Excellence.\",\"breadcrumb\":{\"@id\":\"https:\\\/\\\/dicolova.com\\\/cos65\\\/boutique\\\/bien-e%cc%82tre-detente-et-sport\\\/aquensis-bagneres\\\/#breadcrumb\"},\"inLanguage\":\"fr-FR\",\"potentialAction\":[{\"@type\":\"ReadAction\",\"target\":[\"https:\\\/\\\/dicolova.com\\\/cos65\\\/boutique\\\/bien-e%cc%82tre-detente-et-sport\\\/aquensis-bagneres\\\/\"]}]},{\"@type\":\"ImageObject\",\"inLanguage\":\"fr-FR\",\"@id\":\"https:\\\/\\\/dicolova.com\\\/cos65\\\/boutique\\\/bien-e%cc%82tre-detente-et-sport\\\/aquensis-bagneres\\\/#primaryimage\",\"url\":\"https:\\\/\\\/dicolova.com\\\/cos65\\\/wp-content\\\/uploads\\\/sites\\\/32\\\/2017\\\/11\\\/AQUENSIS2-1.jpg\",\"contentUrl\":\"https:\\\/\\\/dicolova.com\\\/cos65\\\/wp-content\\\/uploads\\\/sites\\\/32\\\/2017\\\/11\\\/AQUENSIS2-1.jpg\",\"width\":1265,\"height\":550},{\"@type\":\"BreadcrumbList\",\"@id\":\"https:\\\/\\\/dicolova.com\\\/cos65\\\/boutique\\\/bien-e%cc%82tre-detente-et-sport\\\/aquensis-bagneres\\\/#breadcrumb\",\"itemListElement\":[{\"@type\":\"ListItem\",\"position\":1,\"name\":\"Accueil\",\"item\":\"https:\\\/\\\/dicolova.com\\\/cos65\\\/\"},{\"@type\":\"ListItem\",\"position\":2,\"name\":\"Billetterie\",\"item\":\"https:\\\/\\\/dicolova.com\\\/cos65\\\/billetterie\\\/\"},{\"@type\":\"ListItem\",\"position\":3,\"name\":\"AQUENSIS BAGNERES\"}]},{\"@type\":\"WebSite\",\"@id\":\"https:\\\/\\\/dicolova.com\\\/cos65\\\/#website\",\"url\":\"https:\\\/\\\/dicolova.com\\\/cos65\\\/\",\"name\":\"COS 65\",\"description\":\"\",\"potentialAction\":[{\"@type\":\"SearchAction\",\"target\":{\"@type\":\"EntryPoint\",\"urlTemplate\":\"https:\\\/\\\/dicolova.com\\\/cos65\\\/?s={search_term_string}\"},\"query-input\":{\"@type\":\"PropertyValueSpecification\",\"valueRequired\":true,\"valueName\":\"search_term_string\"}}],\"inLanguage\":\"fr-FR\"}]}<\/script>\n<!-- \/ Yoast SEO plugin. -->","yoast_head_json":{"title":"AQUENSIS BAGNERES - COS 65","description":"Naturellement chaudes et bienfaisantes, les g\u00e9n\u00e9reuses sources thermales font depuis toujours la r\u00e9putation de Bagn\u00e8res, destination \u00ab Sant\u00e9 et Bien- Etre\u00bb par Excellence.","robots":{"index":"index","follow":"follow","max-snippet":"max-snippet:-1","max-image-preview":"max-image-preview:large","max-video-preview":"max-video-preview:-1"},"canonical":"https:\/\/dicolova.com\/cos65\/boutique\/bien-e\u0302tre-detente-et-sport\/aquensis-bagneres\/","og_locale":"fr_FR","og_type":"article","og_title":"AQUENSIS BAGNERES - COS 65","og_description":"Naturellement chaudes et bienfaisantes, les g\u00e9n\u00e9reuses sources thermales font depuis toujours la r\u00e9putation de Bagn\u00e8res, destination \u00ab Sant\u00e9 et Bien- Etre\u00bb par Excellence.","og_url":"https:\/\/dicolova.com\/cos65\/boutique\/bien-e\u0302tre-detente-et-sport\/aquensis-bagneres\/","og_site_name":"COS 65","article_modified_time":"2023-10-08T10:08:08+00:00","og_image":[{"width":1265,"height":550,"url":"https:\/\/dicolova.com\/cos65\/wp-content\/uploads\/sites\/32\/2017\/11\/AQUENSIS2-1.jpg","type":"image\/jpeg"}],"twitter_card":"summary_large_image","twitter_misc":{"Dur\u00e9e de lecture estim\u00e9e":"3 minutes"},"schema":{"@context":"https:\/\/schema.org","@graph":[{"@type":"WebPage","@id":"https:\/\/dicolova.com\/cos65\/boutique\/bien-e%cc%82tre-detente-et-sport\/aquensis-bagneres\/","url":"https:\/\/dicolova.com\/cos65\/boutique\/bien-e%cc%82tre-detente-et-sport\/aquensis-bagneres\/","name":"AQUENSIS BAGNERES - COS 65","isPartOf":{"@id":"https:\/\/dicolova.com\/cos65\/#website"},"primaryImageOfPage":{"@id":"https:\/\/dicolova.com\/cos65\/boutique\/bien-e%cc%82tre-detente-et-sport\/aquensis-bagneres\/#primaryimage"},"image":{"@id":"https:\/\/dicolova.com\/cos65\/boutique\/bien-e%cc%82tre-detente-et-sport\/aquensis-bagneres\/#primaryimage"},"thumbnailUrl":"https:\/\/dicolova.com\/cos65\/wp-content\/uploads\/sites\/32\/2017\/11\/AQUENSIS2-1.jpg","datePublished":"2017-11-05T15:54:07+00:00","dateModified":"2023-10-08T10:08:08+00:00","description":"Naturellement chaudes et bienfaisantes, les g\u00e9n\u00e9reuses sources thermales font depuis toujours la r\u00e9putation de Bagn\u00e8res, destination \u00ab Sant\u00e9 et Bien- Etre\u00bb par Excellence.","breadcrumb":{"@id":"https:\/\/dicolova.com\/cos65\/boutique\/bien-e%cc%82tre-detente-et-sport\/aquensis-bagneres\/#breadcrumb"},"inLanguage":"fr-FR","potentialAction":[{"@type":"ReadAction","target":["https:\/\/dicolova.com\/cos65\/boutique\/bien-e%cc%82tre-detente-et-sport\/aquensis-bagneres\/"]}]},{"@type":"ImageObject","inLanguage":"fr-FR","@id":"https:\/\/dicolova.com\/cos65\/boutique\/bien-e%cc%82tre-detente-et-sport\/aquensis-bagneres\/#primaryimage","url":"https:\/\/dicolova.com\/cos65\/wp-content\/uploads\/sites\/32\/2017\/11\/AQUENSIS2-1.jpg","contentUrl":"https:\/\/dicolova.com\/cos65\/wp-content\/uploads\/sites\/32\/2017\/11\/AQUENSIS2-1.jpg","width":1265,"height":550},{"@type":"BreadcrumbList","@id":"https:\/\/dicolova.com\/cos65\/boutique\/bien-e%cc%82tre-detente-et-sport\/aquensis-bagneres\/#breadcrumb","itemListElement":[{"@type":"ListItem","position":1,"name":"Accueil","item":"https:\/\/dicolova.com\/cos65\/"},{"@type":"ListItem","position":2,"name":"Billetterie","item":"https:\/\/dicolova.com\/cos65\/billetterie\/"},{"@type":"ListItem","position":3,"name":"AQUENSIS BAGNERES"}]},{"@type":"WebSite","@id":"https:\/\/dicolova.com\/cos65\/#website","url":"https:\/\/dicolova.com\/cos65\/","name":"COS 65","description":"","potentialAction":[{"@type":"SearchAction","target":{"@type":"EntryPoint","urlTemplate":"https:\/\/dicolova.com\/cos65\/?s={search_term_string}"},"query-input":{"@type":"PropertyValueSpecification","valueRequired":true,"valueName":"search_term_string"}}],"inLanguage":"fr-FR"}]}},"_links":{"self":[{"href":"https:\/\/dicolova.com\/cos65\/wp-json\/wp\/v2\/product\/138","targetHints":{"allow":["GET"]}}],"collection":[{"href":"https:\/\/dicolova.com\/cos65\/wp-json\/wp\/v2\/product"}],"about":[{"href":"https:\/\/dicolova.com\/cos65\/wp-json\/wp\/v2\/types\/product"}],"replies":[{"embeddable":true,"href":"https:\/\/dicolova.com\/cos65\/wp-json\/wp\/v2\/comments?post=138"}],"wp:featuredmedia":[{"embeddable":true,"href":"https:\/\/dicolova.com\/cos65\/wp-json\/wp\/v2\/media\/185"}],"wp:attachment":[{"href":"https:\/\/dicolova.com\/cos65\/wp-json\/wp\/v2\/media?parent=138"}],"wp:term":[{"taxonomy":"product_brand","embeddable":true,"href":"https:\/\/dicolova.com\/cos65\/wp-json\/wp\/v2\/product_brand?post=138"},{"taxonomy":"product_cat","embeddable":true,"href":"https:\/\/dicolova.com\/cos65\/wp-json\/wp\/v2\/product_cat?post=138"},{"taxonomy":"product_tag","embeddable":true,"href":"https:\/\/dicolova.com\/cos65\/wp-json\/wp\/v2\/product_tag?post=138"}],"curies":[{"name":"wp","href":"https:\/\/api.w.org\/{rel}","templated":true}]}}