{"id":24,"date":"2015-07-10T17:53:44","date_gmt":"2015-07-10T16:53:44","guid":{"rendered":"https:\/\/dicolova.com\/cos65\/vacances\/"},"modified":"2026-04-04T16:51:30","modified_gmt":"2026-04-04T15:51:30","slug":"locations-vacances-dicolova","status":"publish","type":"page","link":"https:\/\/dicolova.com\/cos65\/locations-vacances-dicolova\/","title":{"rendered":"Vacances"},"content":{"rendered":"<div class=\"fusion-fullwidth fullwidth-box fusion-builder-row-1 hundred-percent-fullwidth non-hundred-percent-height-scrolling\" style=\"--awb-border-radius-top-left:0px;--awb-border-radius-top-right:0px;--awb-border-radius-bottom-right:0px;--awb-border-radius-bottom-left:0px;--awb-overflow:visible;--awb-flex-wrap:wrap;\" ><div class=\"fusion-builder-row fusion-row\"><div class=\"fusion-layout-column fusion_builder_column fusion-builder-column-0 fusion_builder_column_1_1 1_1 fusion-one-full fusion-column-first fusion-column-last\" style=\"--awb-bg-size:cover;\"><div class=\"fusion-column-wrapper fusion-flex-column-wrapper-legacy\"><div class=\"fusion-text fusion-text-1\"><p class=\"p1\"><span class=\"s1\">Notre COS ne poss\u00e8de aucune structure de location de vacances pour l&rsquo;instant.<\/span><\/p>\n<p class=\"p1\">Nous vous conseillons d&rsquo;effectuer vos recherches sur le site de la F\u00e9d\u00e9ration des COS \u00e0 la page suivante :\u00a0<span style=\"color: #f2a91e\"><a style=\"color: #f2a91e\" href=\"https:\/\/dicolova.com\/vos-vacances\/\" target=\"_blank\" rel=\"noopener noreferrer\">Locations disponibles<\/a><\/span><\/p>\n<\/div><div class=\"fusion-clearfix\"><\/div><\/div><\/div><\/div><\/div>\n","protected":false},"excerpt":{"rendered":"","protected":false},"author":1,"featured_media":0,"parent":0,"menu_order":0,"comment_status":"open","ping_status":"open","template":"","meta":{"footnotes":""},"class_list":["post-24","page","type-page","status-publish","hentry"],"yoast_head":"<!-- This site is optimized with the Yoast SEO plugin v27.4 - https:\/\/yoast.com\/product\/yoast-seo-wordpress\/ -->\n<title>Vacances - COS 65<\/title>\n<meta name=\"description\" content=\"Location vacances Hautes Pyr\u00e9n\u00e9es\/COS65\/, moblihome, appartement, camping, France, Ile R\u00e9union, Espagne, Associations Membres GoupADICOLOVA.\" \/>\n<meta name=\"robots\" content=\"index, follow, max-snippet:-1, max-image-preview:large, max-video-preview:-1\" \/>\n<link rel=\"canonical\" href=\"https:\/\/dicolova.com\/cos65\/locations-vacances-dicolova\/\" \/>\n<meta property=\"og:locale\" content=\"fr_FR\" \/>\n<meta property=\"og:type\" content=\"article\" \/>\n<meta property=\"og:title\" content=\"Vacances - COS 65\" \/>\n<meta property=\"og:description\" content=\"Location vacances Hautes Pyr\u00e9n\u00e9es\/COS65\/, moblihome, appartement, camping, France, Ile R\u00e9union, Espagne, Associations Membres GoupADICOLOVA.\" \/>\n<meta property=\"og:url\" content=\"https:\/\/dicolova.com\/cos65\/locations-vacances-dicolova\/\" \/>\n<meta property=\"og:site_name\" content=\"COS 65\" \/>\n<meta property=\"article:modified_time\" content=\"2026-04-04T15:51:30+00:00\" \/>\n<meta name=\"twitter:card\" content=\"summary_large_image\" \/>\n<meta name=\"twitter:label1\" content=\"Dur\u00e9e de lecture estim\u00e9e\" \/>\n\t<meta name=\"twitter:data1\" content=\"1 minute\" \/>\n<script type=\"application\/ld+json\" class=\"yoast-schema-graph\">{\"@context\":\"https:\\\/\\\/schema.org\",\"@graph\":[{\"@type\":\"WebPage\",\"@id\":\"https:\\\/\\\/dicolova.com\\\/cos65\\\/locations-vacances-dicolova\\\/\",\"url\":\"https:\\\/\\\/dicolova.com\\\/cos65\\\/locations-vacances-dicolova\\\/\",\"name\":\"Vacances - COS 65\",\"isPartOf\":{\"@id\":\"https:\\\/\\\/dicolova.com\\\/cos65\\\/#website\"},\"datePublished\":\"2015-07-10T16:53:44+00:00\",\"dateModified\":\"2026-04-04T15:51:30+00:00\",\"description\":\"Location vacances Hautes Pyr\u00e9n\u00e9es\\\/COS65\\\/, moblihome, appartement, camping, France, Ile R\u00e9union, Espagne, Associations Membres GoupADICOLOVA.\",\"breadcrumb\":{\"@id\":\"https:\\\/\\\/dicolova.com\\\/cos65\\\/locations-vacances-dicolova\\\/#breadcrumb\"},\"inLanguage\":\"fr-FR\",\"potentialAction\":[{\"@type\":\"ReadAction\",\"target\":[\"https:\\\/\\\/dicolova.com\\\/cos65\\\/locations-vacances-dicolova\\\/\"]}]},{\"@type\":\"BreadcrumbList\",\"@id\":\"https:\\\/\\\/dicolova.com\\\/cos65\\\/locations-vacances-dicolova\\\/#breadcrumb\",\"itemListElement\":[{\"@type\":\"ListItem\",\"position\":1,\"name\":\"Accueil\",\"item\":\"https:\\\/\\\/dicolova.com\\\/cos65\\\/\"},{\"@type\":\"ListItem\",\"position\":2,\"name\":\"Vacances\"}]},{\"@type\":\"WebSite\",\"@id\":\"https:\\\/\\\/dicolova.com\\\/cos65\\\/#website\",\"url\":\"https:\\\/\\\/dicolova.com\\\/cos65\\\/\",\"name\":\"COS 65\",\"description\":\"\",\"potentialAction\":[{\"@type\":\"SearchAction\",\"target\":{\"@type\":\"EntryPoint\",\"urlTemplate\":\"https:\\\/\\\/dicolova.com\\\/cos65\\\/?s={search_term_string}\"},\"query-input\":{\"@type\":\"PropertyValueSpecification\",\"valueRequired\":true,\"valueName\":\"search_term_string\"}}],\"inLanguage\":\"fr-FR\"}]}<\/script>\n<!-- \/ Yoast SEO plugin. -->","yoast_head_json":{"title":"Vacances - COS 65","description":"Location vacances Hautes Pyr\u00e9n\u00e9es\/COS65\/, moblihome, appartement, camping, France, Ile R\u00e9union, Espagne, Associations Membres GoupADICOLOVA.","robots":{"index":"index","follow":"follow","max-snippet":"max-snippet:-1","max-image-preview":"max-image-preview:large","max-video-preview":"max-video-preview:-1"},"canonical":"https:\/\/dicolova.com\/cos65\/locations-vacances-dicolova\/","og_locale":"fr_FR","og_type":"article","og_title":"Vacances - COS 65","og_description":"Location vacances Hautes Pyr\u00e9n\u00e9es\/COS65\/, moblihome, appartement, camping, France, Ile R\u00e9union, Espagne, Associations Membres GoupADICOLOVA.","og_url":"https:\/\/dicolova.com\/cos65\/locations-vacances-dicolova\/","og_site_name":"COS 65","article_modified_time":"2026-04-04T15:51:30+00:00","twitter_card":"summary_large_image","twitter_misc":{"Dur\u00e9e de lecture estim\u00e9e":"1 minute"},"schema":{"@context":"https:\/\/schema.org","@graph":[{"@type":"WebPage","@id":"https:\/\/dicolova.com\/cos65\/locations-vacances-dicolova\/","url":"https:\/\/dicolova.com\/cos65\/locations-vacances-dicolova\/","name":"Vacances - COS 65","isPartOf":{"@id":"https:\/\/dicolova.com\/cos65\/#website"},"datePublished":"2015-07-10T16:53:44+00:00","dateModified":"2026-04-04T15:51:30+00:00","description":"Location vacances Hautes Pyr\u00e9n\u00e9es\/COS65\/, moblihome, appartement, camping, France, Ile R\u00e9union, Espagne, Associations Membres GoupADICOLOVA.","breadcrumb":{"@id":"https:\/\/dicolova.com\/cos65\/locations-vacances-dicolova\/#breadcrumb"},"inLanguage":"fr-FR","potentialAction":[{"@type":"ReadAction","target":["https:\/\/dicolova.com\/cos65\/locations-vacances-dicolova\/"]}]},{"@type":"BreadcrumbList","@id":"https:\/\/dicolova.com\/cos65\/locations-vacances-dicolova\/#breadcrumb","itemListElement":[{"@type":"ListItem","position":1,"name":"Accueil","item":"https:\/\/dicolova.com\/cos65\/"},{"@type":"ListItem","position":2,"name":"Vacances"}]},{"@type":"WebSite","@id":"https:\/\/dicolova.com\/cos65\/#website","url":"https:\/\/dicolova.com\/cos65\/","name":"COS 65","description":"","potentialAction":[{"@type":"SearchAction","target":{"@type":"EntryPoint","urlTemplate":"https:\/\/dicolova.com\/cos65\/?s={search_term_string}"},"query-input":{"@type":"PropertyValueSpecification","valueRequired":true,"valueName":"search_term_string"}}],"inLanguage":"fr-FR"}]}},"_links":{"self":[{"href":"https:\/\/dicolova.com\/cos65\/wp-json\/wp\/v2\/pages\/24","targetHints":{"allow":["GET"]}}],"collection":[{"href":"https:\/\/dicolova.com\/cos65\/wp-json\/wp\/v2\/pages"}],"about":[{"href":"https:\/\/dicolova.com\/cos65\/wp-json\/wp\/v2\/types\/page"}],"author":[{"embeddable":true,"href":"https:\/\/dicolova.com\/cos65\/wp-json\/wp\/v2\/users\/1"}],"replies":[{"embeddable":true,"href":"https:\/\/dicolova.com\/cos65\/wp-json\/wp\/v2\/comments?post=24"}],"version-history":[{"count":1,"href":"https:\/\/dicolova.com\/cos65\/wp-json\/wp\/v2\/pages\/24\/revisions"}],"predecessor-version":[{"id":305,"href":"https:\/\/dicolova.com\/cos65\/wp-json\/wp\/v2\/pages\/24\/revisions\/305"}],"wp:attachment":[{"href":"https:\/\/dicolova.com\/cos65\/wp-json\/wp\/v2\/media?parent=24"}],"curies":[{"name":"wp","href":"https:\/\/api.w.org\/{rel}","templated":true}]}}