{"id":58,"date":"2015-07-10T17:53:44","date_gmt":"2015-07-10T16:53:44","guid":{"rendered":"https:\/\/dicolova.com\/cos64\/vacances\/"},"modified":"2026-04-04T16:54:08","modified_gmt":"2026-04-04T15:54:08","slug":"locations-vacances-dicolova","status":"publish","type":"page","link":"https:\/\/dicolova.com\/cos64\/locations-vacances-dicolova\/","title":{"rendered":"Vacances"},"content":{"rendered":"<div class=\"fusion-fullwidth fullwidth-box fusion-builder-row-1 hundred-percent-fullwidth non-hundred-percent-height-scrolling\" style=\"--awb-border-radius-top-left:0px;--awb-border-radius-top-right:0px;--awb-border-radius-bottom-right:0px;--awb-border-radius-bottom-left:0px;--awb-overflow:visible;--awb-flex-wrap:wrap;\" ><div class=\"fusion-builder-row fusion-row\"><div class=\"fusion-layout-column fusion_builder_column fusion-builder-column-0 fusion_builder_column_1_1 1_1 fusion-one-full fusion-column-first fusion-column-last\" style=\"--awb-bg-size:cover;\"><div class=\"fusion-column-wrapper fusion-flex-column-wrapper-legacy\"><div class=\"fusion-blog-shortcode fusion-blog-shortcode-1 fusion-blog-archive fusion-blog-layout-grid-wrapper fusion-blog-pagination\"><style type=\"text\/css\">.fusion-blog-shortcode-1 .fusion-blog-layout-grid .fusion-post-grid{padding:20px;}.fusion-blog-shortcode-1 .fusion-posts-container{margin-left: -20px !important; margin-right:-20px !important;}<\/style><div class=\"fusion-posts-container fusion-posts-container-pagination fusion-blog-rollover fusion-blog-layout-grid fusion-blog-layout-grid-3 isotope\" data-pages=\"1\" data-grid-col-space=\"40\" style=\"margin: -20px -20px 0;min-height:500px;\"><article id=\"blog-1-post-734\" class=\"fusion-post-grid post-734 post type-post status-publish format-standard has-post-thumbnail hentry category-flash category-locations category-promo-flash category-vacances\">\n<div class=\"fusion-post-wrapper\" style=\"background-color:rgba(255,255,255,1);border:1px solid EBEAEA;border-bottom-width:3px;\">\n\n\t\t\t<div class=\"fusion-flexslider flexslider fusion-flexslider-loading fusion-post-slideshow\" style=\"border-color:EBEAEA;\">\n\t\t<ul class=\"slides\">\n\t\t\t\n\t\t\t\t\t\t\t\t\t\t\t\t\t\t<li><div  class=\"fusion-image-wrapper\" aria-haspopup=\"true\">\n\t\t\t\t<img decoding=\"async\" width=\"1024\" height=\"768\" src=\"https:\/\/dicolova.com\/cos64\/wp-content\/uploads\/sites\/31\/2018\/02\/IMG_20241203_104847.jpg\" class=\"attachment-full size-full wp-post-image\" alt=\"\" srcset=\"https:\/\/dicolova.com\/cos64\/wp-content\/uploads\/sites\/31\/2018\/02\/IMG_20241203_104847-200x150.jpg 200w, https:\/\/dicolova.com\/cos64\/wp-content\/uploads\/sites\/31\/2018\/02\/IMG_20241203_104847-400x300.jpg 400w, https:\/\/dicolova.com\/cos64\/wp-content\/uploads\/sites\/31\/2018\/02\/IMG_20241203_104847-600x450.jpg 600w, https:\/\/dicolova.com\/cos64\/wp-content\/uploads\/sites\/31\/2018\/02\/IMG_20241203_104847-800x600.jpg 800w, https:\/\/dicolova.com\/cos64\/wp-content\/uploads\/sites\/31\/2018\/02\/IMG_20241203_104847.jpg 1024w\" sizes=\"(min-width: 2200px) 100vw, (min-width: 824px) 400px, (min-width: 732px) 600px, (min-width: 640px) 732px, \" \/><div class=\"fusion-rollover\">\n\t<div class=\"fusion-rollover-content\">\n\n\t\t\t\t\t\t\t\t\t\t\t\t\t\t<a class=\"fusion-rollover-link\" href=\"https:\/\/dicolova.com\/cos64\/cos-64-location-ete-hendaye\/\">COS 64 LOCATION ETE HENDAYE<\/a>\n\t\t\t\n\t\t\t\t\t\t\t\t\t\t\t\t\t\t\n\t\t\t\t\t\t\t\t\n\t\t\t\t\t\t\t\t\t\t\t\t\t<div class=\"fusion-rollover-sep\"><\/div>\n\t\t\t\t\n\t\t\t\t\t\t\t\t\t\t\t\t\t\t\t\t\t\t<a class=\"fusion-rollover-gallery\" href=\"https:\/\/dicolova.com\/cos64\/wp-content\/uploads\/sites\/31\/2018\/02\/IMG_20241203_104847.jpg\" data-options=\"\" data-id=\"734\" data-rel=\"iLightbox[gallery]\" data-title=\"IMG_20241203_104847\" data-caption=\"\">\n\t\t\t\t\t\tGalerie\t\t\t\t\t<\/a>\n\t\t\t\t\t\t\t\t\t\t\t\t\t\t\n\t\t\n\t\t\t\t\t\t\t\t\t\t\t\t<h4 class=\"fusion-rollover-title\">\n\t\t\t\t\t<a class=\"fusion-rollover-title-link\" href=\"https:\/\/dicolova.com\/cos64\/cos-64-location-ete-hendaye\/\">\n\t\t\t\t\t\tCOS 64 LOCATION ETE HENDAYE\t\t\t\t\t<\/a>\n\t\t\t\t<\/h4>\n\t\t\t\n\t\t\t\t\t\t\t\t\t\t<div class=\"fusion-rollover-categories\"><a href=\"https:\/\/dicolova.com\/cos64\/category\/flash\/\" rel=\"tag\">Flash<\/a>, <a href=\"https:\/\/dicolova.com\/cos64\/category\/locations\/\" rel=\"tag\">Locations<\/a>, <a href=\"https:\/\/dicolova.com\/cos64\/category\/promo-flash\/\" rel=\"tag\">Promo Flash<\/a>, <a href=\"https:\/\/dicolova.com\/cos64\/category\/promo-flash\/vacances\/\" rel=\"tag\">Vacances<\/a><\/div>\t\t\t\t\t\n\t\t\n\t\t\t\t\t\t<a class=\"fusion-link-wrapper\" href=\"https:\/\/dicolova.com\/cos64\/cos-64-location-ete-hendaye\/\" aria-label=\"COS 64 LOCATION ETE HENDAYE\"><\/a>\n\t<\/div>\n<\/div>\n<\/div>\n<\/li>\n\t\t\t\n\t\t\t\n\t\t\t\t\t\t\t\t\t\t\t\t\t\t\t\t\t\t\t\t\t\t\t\t\t\t\t\t\t\t\t\t\t\t\t\t\t\t\t\t\t\t\t\t\t\t\t\t\t\t\t\t\t\t\t\t\t\t\t\t\t\t\t\t\t\t\t\t<\/ul>\n\t<\/div>\n\t<div class=\"fusion-post-content-wrapper\" style=\"padding:30px 25px 20px 25px;\"><div class=\"fusion-post-content post-content\"><h2 class=\"blog-shortcode-post-title entry-title\"><a href=\"https:\/\/dicolova.com\/cos64\/cos-64-location-ete-hendaye\/\">COS 64 LOCATION ETE HENDAYE<\/a><\/h2><p class=\"fusion-single-line-meta\"><span class=\"vcard\" style=\"display: none;\"><span class=\"fn\"><a href=\"https:\/\/dicolova.com\/cos64\/author\/jocelyne-parmantier\/\" title=\"Articles par COS Pyr\u00e9n\u00e9es Atlantiques\" rel=\"author\">COS Pyr\u00e9n\u00e9es Atlantiques<\/a><\/span><\/span><span class=\"updated\" style=\"display:none;\">2026-03-14T15:52:23+01:00<\/span><span>mars 2026<\/span><span class=\"fusion-inline-sep\">|<\/span><\/p><div class=\"fusion-content-sep sep-double sep-solid\"><\/div><div class=\"fusion-post-content-container\"><p>Derni\u00e8res opportunit\u00e9s appartement sur HENDAYE semaines libresJUILLET : Semaines 27, 28 et 29AOUT : Semaines 32 et 35A partir de 430 \u20aclien: Hendaye Appartement \u2013 COS64\u00a0\u00a0\u00a0    <\/p><\/div><\/div><div class=\"fusion-meta-info\"><div class=\"fusion-alignleft\"><a class=\"fusion-read-more\" href=\"https:\/\/dicolova.com\/cos64\/cos-64-location-ete-hendaye\/\" aria-label=\"More on COS 64 LOCATION ETE HENDAYE\">Lire la suite<\/a><\/div><\/div><\/div><div class=\"fusion-clearfix\"><\/div><\/div>\n<\/article>\n<article id=\"blog-1-post-606\" class=\"fusion-post-grid post-606 post type-post status-publish format-standard has-post-thumbnail hentry category-6-personnes category-85-vendee category-barbatre category-locations category-mobil-home\">\n<div class=\"fusion-post-wrapper\" style=\"background-color:rgba(255,255,255,1);border:1px solid EBEAEA;border-bottom-width:3px;\">\n\n\t\t\t<div class=\"fusion-flexslider flexslider fusion-flexslider-loading fusion-post-slideshow\" style=\"border-color:EBEAEA;\">\n\t\t<ul class=\"slides\">\n\t\t\t\n\t\t\t\t\t\t\t\t\t\t\t\t\t\t<li><div  class=\"fusion-image-wrapper\" aria-haspopup=\"true\">\n\t\t\t\t<img decoding=\"async\" width=\"800\" height=\"600\" src=\"https:\/\/dicolova.com\/cos64\/wp-content\/uploads\/sites\/31\/2025\/11\/secteur-B_1.jpg\" class=\"attachment-full size-full wp-post-image\" alt=\"\" srcset=\"https:\/\/dicolova.com\/cos64\/wp-content\/uploads\/sites\/31\/2025\/11\/secteur-B_1-200x150.jpg 200w, https:\/\/dicolova.com\/cos64\/wp-content\/uploads\/sites\/31\/2025\/11\/secteur-B_1-400x300.jpg 400w, https:\/\/dicolova.com\/cos64\/wp-content\/uploads\/sites\/31\/2025\/11\/secteur-B_1-600x450.jpg 600w, https:\/\/dicolova.com\/cos64\/wp-content\/uploads\/sites\/31\/2025\/11\/secteur-B_1.jpg 800w\" sizes=\"(min-width: 2200px) 100vw, (min-width: 824px) 400px, (min-width: 732px) 600px, (min-width: 640px) 732px, \" \/><div class=\"fusion-rollover\">\n\t<div class=\"fusion-rollover-content\">\n\n\t\t\t\t\t\t\t\t\t\t\t\t\t\t<a class=\"fusion-rollover-link\" href=\"https:\/\/dicolova.com\/cos64\/barbatre-85-camping-les-oncheres-mobil-home-a-19-cos-azureva64\/\">Barb\u00e2tre (85) Camping Les Onch\u00e8res * * * Mobil-home A 19- COS AZUREVA64<\/a>\n\t\t\t\n\t\t\t\t\t\t\t\t\t\t\t\t\t\t\n\t\t\t\t\t\t\t\t\n\t\t\t\t\t\t\t\t\t\t\t\t\t<div class=\"fusion-rollover-sep\"><\/div>\n\t\t\t\t\n\t\t\t\t\t\t\t\t\t\t\t\t\t\t\t\t\t\t<a class=\"fusion-rollover-gallery\" href=\"https:\/\/dicolova.com\/cos64\/wp-content\/uploads\/sites\/31\/2025\/11\/secteur-B_1.jpg\" data-options=\"\" data-id=\"606\" data-rel=\"iLightbox[gallery]\" data-title=\"secteur-B_1\" data-caption=\"\">\n\t\t\t\t\t\tGalerie\t\t\t\t\t<\/a>\n\t\t\t\t\t\t\t\t\t\t\t\t\t\t\n\t\t\n\t\t\t\t\t\t\t\t\t\t\t\t<h4 class=\"fusion-rollover-title\">\n\t\t\t\t\t<a class=\"fusion-rollover-title-link\" href=\"https:\/\/dicolova.com\/cos64\/barbatre-85-camping-les-oncheres-mobil-home-a-19-cos-azureva64\/\">\n\t\t\t\t\t\tBarb\u00e2tre (85) Camping Les Onch\u00e8res * * * Mobil-home A 19- COS AZUREVA64\t\t\t\t\t<\/a>\n\t\t\t\t<\/h4>\n\t\t\t\n\t\t\t\t\t\t\t\t\t\t<div class=\"fusion-rollover-categories\"><a href=\"https:\/\/dicolova.com\/cos64\/category\/capacite\/6-personnes\/\" rel=\"tag\">4 \u00e0 6 personnes<\/a>, <a href=\"https:\/\/dicolova.com\/cos64\/category\/departement\/85-vendee\/\" rel=\"tag\">85 Vend\u00e9e<\/a>, <a href=\"https:\/\/dicolova.com\/cos64\/category\/ville\/barbatre\/\" rel=\"tag\">Barb\u00e2tre<\/a>, <a href=\"https:\/\/dicolova.com\/cos64\/category\/locations\/\" rel=\"tag\">Locations<\/a>, <a href=\"https:\/\/dicolova.com\/cos64\/category\/type-de-bien\/mobil-home\/\" rel=\"tag\">Mobil home<\/a><\/div>\t\t\t\t\t\n\t\t\n\t\t\t\t\t\t<a class=\"fusion-link-wrapper\" href=\"https:\/\/dicolova.com\/cos64\/barbatre-85-camping-les-oncheres-mobil-home-a-19-cos-azureva64\/\" aria-label=\"Barb\u00e2tre (85) Camping Les Onch\u00e8res * * * Mobil-home A 19- COS AZUREVA64\"><\/a>\n\t<\/div>\n<\/div>\n<\/div>\n<\/li>\n\t\t\t\n\t\t\t\n\t\t\t\t\t\t\t\t\t\t\t\t\t\t\t\t\t\t\t\t\t\t\t\t\t\t\t\t\t\t\t\t\t\t\t\t\t\t\t\t\t\t\t\t\t\t\t\t\t\t\t\t\t\t\t\t\t\t\t\t\t\t\t\t\t\t\t\t<\/ul>\n\t<\/div>\n\t<div class=\"fusion-post-content-wrapper\" style=\"padding:30px 25px 20px 25px;\"><div class=\"fusion-post-content post-content\"><h2 class=\"blog-shortcode-post-title entry-title\"><a href=\"https:\/\/dicolova.com\/cos64\/barbatre-85-camping-les-oncheres-mobil-home-a-19-cos-azureva64\/\">Barb\u00e2tre (85) Camping Les Onch\u00e8res * * * Mobil-home A 19- COS AZUREVA64<\/a><\/h2><p class=\"fusion-single-line-meta\"><span class=\"vcard\" style=\"display: none;\"><span class=\"fn\"><a href=\"https:\/\/dicolova.com\/cos64\/author\/marc-rousselard\/\" title=\"Articles par Marc ROUSSELARD\" rel=\"author\">Marc ROUSSELARD<\/a><\/span><\/span><span class=\"updated\" style=\"display:none;\">2026-01-22T16:54:16+01:00<\/span><span>novembre 2025<\/span><span class=\"fusion-inline-sep\">|<\/span><\/p><div class=\"fusion-content-sep sep-double sep-solid\"><\/div><div class=\"fusion-post-content-container\"><p>Mobil-home 2 chambres install\u00e9 au Camping Les Onch\u00e8res * * * \u00e0 Barb\u00e2tre, Ile de Noirmoutier, avec un acc\u00e8s direct \u00e0 la mer,<\/p><\/div><\/div><div class=\"fusion-meta-info\"><div class=\"fusion-alignleft\"><a class=\"fusion-read-more\" href=\"https:\/\/dicolova.com\/cos64\/barbatre-85-camping-les-oncheres-mobil-home-a-19-cos-azureva64\/\" aria-label=\"More on Barb\u00e2tre (85) Camping Les Onch\u00e8res * * * Mobil-home A 19- COS AZUREVA64\">Lire la suite<\/a><\/div><\/div><\/div><div class=\"fusion-clearfix\"><\/div><\/div>\n<\/article>\n<article id=\"blog-1-post-318\" class=\"fusion-post-grid post-318 post type-post status-publish format-standard has-post-thumbnail hentry category-4-personnes category-appartement category-empuriabrava category-hors-metropole-et-etranger category-locations category-ville\">\n<div class=\"fusion-post-wrapper\" style=\"background-color:rgba(255,255,255,1);border:1px solid EBEAEA;border-bottom-width:3px;\">\n\n\t\t\t<div class=\"fusion-flexslider flexslider fusion-flexslider-loading fusion-post-slideshow\" style=\"border-color:EBEAEA;\">\n\t\t<ul class=\"slides\">\n\t\t\t\n\t\t\t\t\t\t\t\t\t\t\t\t\t\t<li><div  class=\"fusion-image-wrapper\" aria-haspopup=\"true\">\n\t\t\t\t<img decoding=\"async\" width=\"800\" height=\"600\" src=\"https:\/\/dicolova.com\/cos64\/wp-content\/uploads\/sites\/31\/2024\/01\/vue-terrasse.jpg\" class=\"attachment-full size-full wp-post-image\" alt=\"\" srcset=\"https:\/\/dicolova.com\/cos64\/wp-content\/uploads\/sites\/31\/2024\/01\/vue-terrasse-200x150.jpg 200w, https:\/\/dicolova.com\/cos64\/wp-content\/uploads\/sites\/31\/2024\/01\/vue-terrasse-400x300.jpg 400w, https:\/\/dicolova.com\/cos64\/wp-content\/uploads\/sites\/31\/2024\/01\/vue-terrasse-600x450.jpg 600w, https:\/\/dicolova.com\/cos64\/wp-content\/uploads\/sites\/31\/2024\/01\/vue-terrasse.jpg 800w\" sizes=\"(min-width: 2200px) 100vw, (min-width: 824px) 400px, (min-width: 732px) 600px, (min-width: 640px) 732px, \" \/><div class=\"fusion-rollover\">\n\t<div class=\"fusion-rollover-content\">\n\n\t\t\t\t\t\t\t\t\t\t\t\t\t\t<a class=\"fusion-rollover-link\" href=\"https:\/\/dicolova.com\/cos64\/empuriabrava-espagne-appartement-cos-64\/\">Empuriabrava Espagne Appartement &#8211; COS 64<\/a>\n\t\t\t\n\t\t\t\t\t\t\t\t\t\t\t\t\t\t\n\t\t\t\t\t\t\t\t\n\t\t\t\t\t\t\t\t\t\t\t\t\t<div class=\"fusion-rollover-sep\"><\/div>\n\t\t\t\t\n\t\t\t\t\t\t\t\t\t\t\t\t\t\t\t\t\t\t<a class=\"fusion-rollover-gallery\" href=\"https:\/\/dicolova.com\/cos64\/wp-content\/uploads\/sites\/31\/2024\/01\/vue-terrasse.jpg\" data-options=\"\" data-id=\"318\" data-rel=\"iLightbox[gallery]\" data-title=\"vue terrasse\" data-caption=\"\">\n\t\t\t\t\t\tGalerie\t\t\t\t\t<\/a>\n\t\t\t\t\t\t\t\t\t\t\t\t\t\t\n\t\t\n\t\t\t\t\t\t\t\t\t\t\t\t<h4 class=\"fusion-rollover-title\">\n\t\t\t\t\t<a class=\"fusion-rollover-title-link\" href=\"https:\/\/dicolova.com\/cos64\/empuriabrava-espagne-appartement-cos-64\/\">\n\t\t\t\t\t\tEmpuriabrava Espagne Appartement &#8211; COS 64\t\t\t\t\t<\/a>\n\t\t\t\t<\/h4>\n\t\t\t\n\t\t\t\t\t\t\t\t\t\t<div class=\"fusion-rollover-categories\"><a href=\"https:\/\/dicolova.com\/cos64\/category\/capacite\/4-personnes\/\" rel=\"tag\">2 \u00e0 4 personnes<\/a>, <a href=\"https:\/\/dicolova.com\/cos64\/category\/type-de-bien\/appartement\/\" rel=\"tag\">Appartement<\/a>, <a href=\"https:\/\/dicolova.com\/cos64\/category\/ville\/empuriabrava\/\" rel=\"tag\">EMPURIABRAVA<\/a>, <a href=\"https:\/\/dicolova.com\/cos64\/category\/departement\/hors-metropole-et-etranger\/\" rel=\"tag\">Hors M\u00e9tropole et Etranger<\/a>, <a href=\"https:\/\/dicolova.com\/cos64\/category\/locations\/\" rel=\"tag\">Locations<\/a>, <a href=\"https:\/\/dicolova.com\/cos64\/category\/ville\/\" rel=\"tag\">Ville<\/a><\/div>\t\t\t\t\t\n\t\t\n\t\t\t\t\t\t<a class=\"fusion-link-wrapper\" href=\"https:\/\/dicolova.com\/cos64\/empuriabrava-espagne-appartement-cos-64\/\" aria-label=\"Empuriabrava Espagne Appartement &#8211; COS 64\"><\/a>\n\t<\/div>\n<\/div>\n<\/div>\n<\/li>\n\t\t\t\n\t\t\t\n\t\t\t\t\t\t\t\t\t\t\t\t\t\t\t\t\t\t\t\t\t\t\t\t\t\t\t\t\t\t\t\t\t\t\t\t\t\t\t\t\t\t\t\t\t\t\t\t\t\t\t\t\t\t\t\t\t\t\t\t\t\t\t\t\t\t\t\t<\/ul>\n\t<\/div>\n\t<div class=\"fusion-post-content-wrapper\" style=\"padding:30px 25px 20px 25px;\"><div class=\"fusion-post-content post-content\"><h2 class=\"blog-shortcode-post-title entry-title\"><a href=\"https:\/\/dicolova.com\/cos64\/empuriabrava-espagne-appartement-cos-64\/\">Empuriabrava Espagne Appartement &#8211; COS 64<\/a><\/h2><p class=\"fusion-single-line-meta\"><span class=\"vcard\" style=\"display: none;\"><span class=\"fn\"><a href=\"https:\/\/dicolova.com\/cos64\/author\/cos64\/\" title=\"Articles par COS AZUREVA 64\" rel=\"author\">COS AZUREVA 64<\/a><\/span><\/span><span class=\"updated\" style=\"display:none;\">2025-11-15T05:39:23+01:00<\/span><span>janvier 2024<\/span><span class=\"fusion-inline-sep\">|<\/span><\/p><div class=\"fusion-content-sep sep-double sep-solid\"><\/div><div class=\"fusion-post-content-container\"><p>Appartement pour 4 personnes. 1 chambre avec 2 lits de 90 et 1 clic clac. Vue sur le port.<\/p><\/div><\/div><div class=\"fusion-meta-info\"><div class=\"fusion-alignleft\"><a class=\"fusion-read-more\" href=\"https:\/\/dicolova.com\/cos64\/empuriabrava-espagne-appartement-cos-64\/\" aria-label=\"More on Empuriabrava Espagne Appartement &#8211; COS 64\">Lire la suite<\/a><\/div><\/div><\/div><div class=\"fusion-clearfix\"><\/div><\/div>\n<\/article>\n<article id=\"blog-1-post-188\" class=\"fusion-post-grid post-188 post type-post status-publish format-standard has-post-thumbnail hentry category-4-personnes category-64-pyrenees-atlantiques category-appartement category-hendaye category-locations category-ville\">\n<div class=\"fusion-post-wrapper\" style=\"background-color:rgba(255,255,255,1);border:1px solid EBEAEA;border-bottom-width:3px;\">\n\n\t\t\t<div class=\"fusion-flexslider flexslider fusion-flexslider-loading fusion-post-slideshow\" style=\"border-color:EBEAEA;\">\n\t\t<ul class=\"slides\">\n\t\t\t\n\t\t\t\t\t\t\t\t\t\t\t\t\t\t<li><div  class=\"fusion-image-wrapper\" aria-haspopup=\"true\">\n\t\t\t\t<img decoding=\"async\" width=\"600\" height=\"400\" src=\"https:\/\/dicolova.com\/cos64\/wp-content\/uploads\/sites\/31\/2015\/07\/64-la-mer.jpg\" class=\"attachment-full size-full wp-post-image\" alt=\"\" \/><div class=\"fusion-rollover\">\n\t<div class=\"fusion-rollover-content\">\n\n\t\t\t\t\t\t\t\t\t\t\t\t\t\t<a class=\"fusion-rollover-link\" href=\"https:\/\/dicolova.com\/cos64\/hendaye-apartement-cos64\/\">Hendaye Appartement &#8211; COS64<\/a>\n\t\t\t\n\t\t\t\t\t\t\t\t\t\t\t\t\t\t\n\t\t\t\t\t\t\t\t\n\t\t\t\t\t\t\t\t\t\t\t\t\t<div class=\"fusion-rollover-sep\"><\/div>\n\t\t\t\t\n\t\t\t\t\t\t\t\t\t\t\t\t\t\t\t\t\t\t<a class=\"fusion-rollover-gallery\" href=\"https:\/\/dicolova.com\/cos64\/wp-content\/uploads\/sites\/31\/2015\/07\/64-la-mer.jpg\" data-options=\"\" data-id=\"188\" data-rel=\"iLightbox[gallery]\" data-title=\"64-la-mer\" data-caption=\"Hendaye (64)\">\n\t\t\t\t\t\tGalerie\t\t\t\t\t<\/a>\n\t\t\t\t\t\t\t\t\t\t\t\t\t\t\n\t\t\n\t\t\t\t\t\t\t\t\t\t\t\t<h4 class=\"fusion-rollover-title\">\n\t\t\t\t\t<a class=\"fusion-rollover-title-link\" href=\"https:\/\/dicolova.com\/cos64\/hendaye-apartement-cos64\/\">\n\t\t\t\t\t\tHendaye Appartement &#8211; COS64\t\t\t\t\t<\/a>\n\t\t\t\t<\/h4>\n\t\t\t\n\t\t\t\t\t\t\t\t\t\t<div class=\"fusion-rollover-categories\"><a href=\"https:\/\/dicolova.com\/cos64\/category\/capacite\/4-personnes\/\" rel=\"tag\">2 \u00e0 4 personnes<\/a>, <a href=\"https:\/\/dicolova.com\/cos64\/category\/departement\/64-pyrenees-atlantiques\/\" rel=\"tag\">64 Pyr\u00e9n\u00e9es-Atlantiques<\/a>, <a href=\"https:\/\/dicolova.com\/cos64\/category\/type-de-bien\/appartement\/\" rel=\"tag\">Appartement<\/a>, <a href=\"https:\/\/dicolova.com\/cos64\/category\/ville\/hendaye\/\" rel=\"tag\">Hendaye<\/a>, <a href=\"https:\/\/dicolova.com\/cos64\/category\/locations\/\" rel=\"tag\">Locations<\/a>, <a href=\"https:\/\/dicolova.com\/cos64\/category\/ville\/\" rel=\"tag\">Ville<\/a><\/div>\t\t\t\t\t\n\t\t\n\t\t\t\t\t\t<a class=\"fusion-link-wrapper\" href=\"https:\/\/dicolova.com\/cos64\/hendaye-apartement-cos64\/\" aria-label=\"Hendaye Appartement &#8211; COS64\"><\/a>\n\t<\/div>\n<\/div>\n<\/div>\n<\/li>\n\t\t\t\n\t\t\t\n\t\t\t\t\t\t\t\t\t\t\t\t\t\t\t\t\t\t\t\t\t\t\t\t\t\t\t\t\t\t\t\t\t\t\t\t\t\t\t\t\t\t\t\t\t\t\t\t\t\t\t\t\t\t\t\t\t\t\t\t\t\t\t\t\t\t\t\t<\/ul>\n\t<\/div>\n\t<div class=\"fusion-post-content-wrapper\" style=\"padding:30px 25px 20px 25px;\"><div class=\"fusion-post-content post-content\"><h2 class=\"blog-shortcode-post-title entry-title\"><a href=\"https:\/\/dicolova.com\/cos64\/hendaye-apartement-cos64\/\">Hendaye Appartement &#8211; COS64<\/a><\/h2><p class=\"fusion-single-line-meta\"><span class=\"vcard\" style=\"display: none;\"><span class=\"fn\"><a href=\"https:\/\/dicolova.com\/cos64\/author\/cos64\/\" title=\"Articles par COS AZUREVA 64\" rel=\"author\">COS AZUREVA 64<\/a><\/span><\/span><span class=\"updated\" style=\"display:none;\">2026-03-14T15:56:55+01:00<\/span><span>f\u00e9vrier 2018<\/span><span class=\"fusion-inline-sep\">|<\/span><\/p><div class=\"fusion-content-sep sep-double sep-solid\"><\/div><div class=\"fusion-post-content-container\"><p>F2 meubl\u00e9 avec terrasse et parking situ\u00e9 \u00e0 1,8 km de la grande plage d'HENDAYE\r\navec une navette en \u00e9t\u00e9 \u00e0 proximit\u00e9, quartier calme en rez de chauss\u00e9e d'une r\u00e9sidence\r\ns\u00e9curis\u00e9e \u00ab Les jardins de l'empereur \u00bb<\/p><\/div><\/div><div class=\"fusion-meta-info\"><div class=\"fusion-alignleft\"><a class=\"fusion-read-more\" href=\"https:\/\/dicolova.com\/cos64\/hendaye-apartement-cos64\/\" aria-label=\"More on Hendaye Appartement &#8211; COS64\">Lire la suite<\/a><\/div><\/div><\/div><div class=\"fusion-clearfix\"><\/div><\/div>\n<\/article>\n<div class=\"fusion-clearfix\"><\/div><\/div><\/div><div class=\"fusion-clearfix\"><\/div><\/div><\/div><\/div><\/div>\n","protected":false},"excerpt":{"rendered":"","protected":false},"author":1,"featured_media":0,"parent":0,"menu_order":0,"comment_status":"open","ping_status":"open","template":"","meta":{"footnotes":""},"class_list":["post-58","page","type-page","status-publish","hentry"],"yoast_head":"<!-- This site is optimized with the Yoast SEO plugin v27.4 - https:\/\/yoast.com\/product\/yoast-seo-wordpress\/ -->\n<title>Vacances - COS 64<\/title>\n<meta name=\"description\" content=\"Location vacances Pyr\u00e9n\u00e9es Atlantiques\/COS64\/, moblihome, appartement,, France, Ile R\u00e9union, Espagne, Associations Membres GoupADICOLOVA.\" \/>\n<meta name=\"robots\" content=\"index, follow, max-snippet:-1, max-image-preview:large, max-video-preview:-1\" \/>\n<link rel=\"canonical\" href=\"https:\/\/dicolova.com\/cos64\/locations-vacances-dicolova\/\" \/>\n<meta property=\"og:locale\" content=\"fr_FR\" \/>\n<meta property=\"og:type\" content=\"article\" \/>\n<meta property=\"og:title\" content=\"Vacances - COS 64\" \/>\n<meta property=\"og:description\" content=\"Location vacances Pyr\u00e9n\u00e9es Atlantiques\/COS64\/, moblihome, appartement,, France, Ile R\u00e9union, Espagne, Associations Membres GoupADICOLOVA.\" \/>\n<meta property=\"og:url\" content=\"https:\/\/dicolova.com\/cos64\/locations-vacances-dicolova\/\" \/>\n<meta property=\"og:site_name\" content=\"COS 64\" \/>\n<meta property=\"article:modified_time\" content=\"2026-04-04T15:54:08+00:00\" \/>\n<meta name=\"twitter:card\" content=\"summary_large_image\" \/>\n<meta name=\"twitter:label1\" content=\"Dur\u00e9e de lecture estim\u00e9e\" \/>\n\t<meta name=\"twitter:data1\" content=\"3 minutes\" \/>\n<script type=\"application\/ld+json\" class=\"yoast-schema-graph\">{\"@context\":\"https:\\\/\\\/schema.org\",\"@graph\":[{\"@type\":\"WebPage\",\"@id\":\"https:\\\/\\\/dicolova.com\\\/cos64\\\/locations-vacances-dicolova\\\/\",\"url\":\"https:\\\/\\\/dicolova.com\\\/cos64\\\/locations-vacances-dicolova\\\/\",\"name\":\"Vacances - COS 64\",\"isPartOf\":{\"@id\":\"https:\\\/\\\/dicolova.com\\\/cos64\\\/#website\"},\"datePublished\":\"2015-07-10T16:53:44+00:00\",\"dateModified\":\"2026-04-04T15:54:08+00:00\",\"description\":\"Location vacances Pyr\u00e9n\u00e9es Atlantiques\\\/COS64\\\/, moblihome, appartement,, France, Ile R\u00e9union, Espagne, Associations Membres GoupADICOLOVA.\",\"breadcrumb\":{\"@id\":\"https:\\\/\\\/dicolova.com\\\/cos64\\\/locations-vacances-dicolova\\\/#breadcrumb\"},\"inLanguage\":\"fr-FR\",\"potentialAction\":[{\"@type\":\"ReadAction\",\"target\":[\"https:\\\/\\\/dicolova.com\\\/cos64\\\/locations-vacances-dicolova\\\/\"]}]},{\"@type\":\"BreadcrumbList\",\"@id\":\"https:\\\/\\\/dicolova.com\\\/cos64\\\/locations-vacances-dicolova\\\/#breadcrumb\",\"itemListElement\":[{\"@type\":\"ListItem\",\"position\":1,\"name\":\"Accueil\",\"item\":\"https:\\\/\\\/dicolova.com\\\/cos64\\\/\"},{\"@type\":\"ListItem\",\"position\":2,\"name\":\"Vacances\"}]},{\"@type\":\"WebSite\",\"@id\":\"https:\\\/\\\/dicolova.com\\\/cos64\\\/#website\",\"url\":\"https:\\\/\\\/dicolova.com\\\/cos64\\\/\",\"name\":\"COS 64\",\"description\":\"\",\"potentialAction\":[{\"@type\":\"SearchAction\",\"target\":{\"@type\":\"EntryPoint\",\"urlTemplate\":\"https:\\\/\\\/dicolova.com\\\/cos64\\\/?s={search_term_string}\"},\"query-input\":{\"@type\":\"PropertyValueSpecification\",\"valueRequired\":true,\"valueName\":\"search_term_string\"}}],\"inLanguage\":\"fr-FR\"}]}<\/script>\n<!-- \/ Yoast SEO plugin. -->","yoast_head_json":{"title":"Vacances - COS 64","description":"Location vacances Pyr\u00e9n\u00e9es Atlantiques\/COS64\/, moblihome, appartement,, France, Ile R\u00e9union, Espagne, Associations Membres GoupADICOLOVA.","robots":{"index":"index","follow":"follow","max-snippet":"max-snippet:-1","max-image-preview":"max-image-preview:large","max-video-preview":"max-video-preview:-1"},"canonical":"https:\/\/dicolova.com\/cos64\/locations-vacances-dicolova\/","og_locale":"fr_FR","og_type":"article","og_title":"Vacances - COS 64","og_description":"Location vacances Pyr\u00e9n\u00e9es Atlantiques\/COS64\/, moblihome, appartement,, France, Ile R\u00e9union, Espagne, Associations Membres GoupADICOLOVA.","og_url":"https:\/\/dicolova.com\/cos64\/locations-vacances-dicolova\/","og_site_name":"COS 64","article_modified_time":"2026-04-04T15:54:08+00:00","twitter_card":"summary_large_image","twitter_misc":{"Dur\u00e9e de lecture estim\u00e9e":"3 minutes"},"schema":{"@context":"https:\/\/schema.org","@graph":[{"@type":"WebPage","@id":"https:\/\/dicolova.com\/cos64\/locations-vacances-dicolova\/","url":"https:\/\/dicolova.com\/cos64\/locations-vacances-dicolova\/","name":"Vacances - COS 64","isPartOf":{"@id":"https:\/\/dicolova.com\/cos64\/#website"},"datePublished":"2015-07-10T16:53:44+00:00","dateModified":"2026-04-04T15:54:08+00:00","description":"Location vacances Pyr\u00e9n\u00e9es Atlantiques\/COS64\/, moblihome, appartement,, France, Ile R\u00e9union, Espagne, Associations Membres GoupADICOLOVA.","breadcrumb":{"@id":"https:\/\/dicolova.com\/cos64\/locations-vacances-dicolova\/#breadcrumb"},"inLanguage":"fr-FR","potentialAction":[{"@type":"ReadAction","target":["https:\/\/dicolova.com\/cos64\/locations-vacances-dicolova\/"]}]},{"@type":"BreadcrumbList","@id":"https:\/\/dicolova.com\/cos64\/locations-vacances-dicolova\/#breadcrumb","itemListElement":[{"@type":"ListItem","position":1,"name":"Accueil","item":"https:\/\/dicolova.com\/cos64\/"},{"@type":"ListItem","position":2,"name":"Vacances"}]},{"@type":"WebSite","@id":"https:\/\/dicolova.com\/cos64\/#website","url":"https:\/\/dicolova.com\/cos64\/","name":"COS 64","description":"","potentialAction":[{"@type":"SearchAction","target":{"@type":"EntryPoint","urlTemplate":"https:\/\/dicolova.com\/cos64\/?s={search_term_string}"},"query-input":{"@type":"PropertyValueSpecification","valueRequired":true,"valueName":"search_term_string"}}],"inLanguage":"fr-FR"}]}},"_links":{"self":[{"href":"https:\/\/dicolova.com\/cos64\/wp-json\/wp\/v2\/pages\/58","targetHints":{"allow":["GET"]}}],"collection":[{"href":"https:\/\/dicolova.com\/cos64\/wp-json\/wp\/v2\/pages"}],"about":[{"href":"https:\/\/dicolova.com\/cos64\/wp-json\/wp\/v2\/types\/page"}],"author":[{"embeddable":true,"href":"https:\/\/dicolova.com\/cos64\/wp-json\/wp\/v2\/users\/1"}],"replies":[{"embeddable":true,"href":"https:\/\/dicolova.com\/cos64\/wp-json\/wp\/v2\/comments?post=58"}],"version-history":[{"count":1,"href":"https:\/\/dicolova.com\/cos64\/wp-json\/wp\/v2\/pages\/58\/revisions"}],"predecessor-version":[{"id":747,"href":"https:\/\/dicolova.com\/cos64\/wp-json\/wp\/v2\/pages\/58\/revisions\/747"}],"wp:attachment":[{"href":"https:\/\/dicolova.com\/cos64\/wp-json\/wp\/v2\/media?parent=58"}],"curies":[{"name":"wp","href":"https:\/\/api.w.org\/{rel}","templated":true}]}}