{"id":25,"date":"2015-07-10T17:53:44","date_gmt":"2015-07-10T16:53:44","guid":{"rendered":"https:\/\/dicolova.com\/cos25-90\/vacances\/"},"modified":"2026-04-04T16:59:13","modified_gmt":"2026-04-04T15:59:13","slug":"locations-vacances-dicolova","status":"publish","type":"page","link":"https:\/\/dicolova.com\/cos25-90\/locations-vacances-dicolova\/","title":{"rendered":"Vacances"},"content":{"rendered":"<div class=\"fusion-fullwidth fullwidth-box fusion-builder-row-1 hundred-percent-fullwidth non-hundred-percent-height-scrolling\" style=\"--awb-border-radius-top-left:0px;--awb-border-radius-top-right:0px;--awb-border-radius-bottom-right:0px;--awb-border-radius-bottom-left:0px;--awb-overflow:visible;--awb-flex-wrap:wrap;\" ><div class=\"fusion-builder-row fusion-row\"><div class=\"fusion-layout-column fusion_builder_column fusion-builder-column-0 fusion_builder_column_1_1 1_1 fusion-one-full fusion-column-first fusion-column-last\" style=\"--awb-bg-size:cover;\"><div class=\"fusion-column-wrapper fusion-flex-column-wrapper-legacy\"><div class=\"fusion-blog-shortcode fusion-blog-shortcode-1 fusion-blog-archive fusion-blog-layout-grid-wrapper fusion-blog-pagination\"><style type=\"text\/css\">.fusion-blog-shortcode-1 .fusion-blog-layout-grid .fusion-post-grid{padding:20px;}.fusion-blog-shortcode-1 .fusion-posts-container{margin-left: -20px !important; margin-right:-20px !important;}<\/style><div class=\"fusion-posts-container fusion-posts-container-pagination fusion-blog-rollover fusion-blog-layout-grid fusion-blog-layout-grid-3 isotope\" data-pages=\"1\" data-grid-col-space=\"40\" style=\"margin: -20px -20px 0;min-height:500px;\"><article id=\"blog-1-post-56\" class=\"fusion-post-grid post-56 post type-post status-publish format-standard has-post-thumbnail hentry category-17-charente-maritime category-6-personnes category-capacite category-grand-village-plage category-locations category-mobil-home category-ville\">\n<div class=\"fusion-post-wrapper\" style=\"background-color:rgba(255,255,255,1);border:1px solid EBEAEA;border-bottom-width:3px;\">\n\n\t\t\t<div class=\"fusion-flexslider flexslider fusion-flexslider-loading fusion-post-slideshow\" style=\"border-color:EBEAEA;\">\n\t\t<ul class=\"slides\">\n\t\t\t\n\t\t\t\t\t\t\t\t\t\t\t\t\t\t<li><div  class=\"fusion-image-wrapper\" aria-haspopup=\"true\">\n\t\t\t\t<img decoding=\"async\" width=\"600\" height=\"400\" src=\"https:\/\/dicolova.com\/cos25-90\/wp-content\/uploads\/sites\/44\/2016\/02\/oleron-mobilh.jpg\" class=\"attachment-full size-full wp-post-image\" alt=\"\" \/><div class=\"fusion-rollover\">\n\t<div class=\"fusion-rollover-content\">\n\n\t\t\t\t\t\t\t\t\t\t\t\t\t\t<a class=\"fusion-rollover-link\" href=\"https:\/\/dicolova.com\/cos25-90\/grand-village-plage-oleron-mobilhome-cos25\/\">Grand Village Plage Ol\u00e9ron Mobilhome &#8211; COS25<\/a>\n\t\t\t\n\t\t\t\t\t\t\t\t\t\t\t\t\t\t\n\t\t\t\t\t\t\t\t\n\t\t\t\t\t\t\t\t\t\t\t\t\t<div class=\"fusion-rollover-sep\"><\/div>\n\t\t\t\t\n\t\t\t\t\t\t\t\t\t\t\t\t\t\t\t\t\t\t<a class=\"fusion-rollover-gallery\" href=\"https:\/\/dicolova.com\/cos25-90\/wp-content\/uploads\/sites\/44\/2016\/02\/oleron-mobilh.jpg\" data-options=\"\" data-id=\"56\" data-rel=\"iLightbox[gallery]\" data-title=\"oleron-mobilh\" data-caption=\"\">\n\t\t\t\t\t\tGalerie\t\t\t\t\t<\/a>\n\t\t\t\t\t\t\t\t\t\t\t\t\t\t\n\t\t\n\t\t\t\t\t\t\t\t\t\t\t\t<h4 class=\"fusion-rollover-title\">\n\t\t\t\t\t<a class=\"fusion-rollover-title-link\" href=\"https:\/\/dicolova.com\/cos25-90\/grand-village-plage-oleron-mobilhome-cos25\/\">\n\t\t\t\t\t\tGrand Village Plage Ol\u00e9ron Mobilhome &#8211; COS25\t\t\t\t\t<\/a>\n\t\t\t\t<\/h4>\n\t\t\t\n\t\t\t\t\t\t\t\t\t\t<div class=\"fusion-rollover-categories\"><a href=\"https:\/\/dicolova.com\/cos25-90\/category\/departement\/17-charente-maritime\/\" rel=\"tag\">17 Charente-Maritime<\/a>, <a href=\"https:\/\/dicolova.com\/cos25-90\/category\/capacite\/6-personnes\/\" rel=\"tag\">4 \u00e0 6 personnes<\/a>, <a href=\"https:\/\/dicolova.com\/cos25-90\/category\/capacite\/\" rel=\"tag\">Capacit\u00e9<\/a>, <a href=\"https:\/\/dicolova.com\/cos25-90\/category\/ville\/grand-village-plage\/\" rel=\"tag\">Grand Village Plage<\/a>, <a href=\"https:\/\/dicolova.com\/cos25-90\/category\/locations\/\" rel=\"tag\">Locations<\/a>, <a href=\"https:\/\/dicolova.com\/cos25-90\/category\/type-de-bien\/mobil-home\/\" rel=\"tag\">Mobil home<\/a>, <a href=\"https:\/\/dicolova.com\/cos25-90\/category\/ville\/\" rel=\"tag\">Ville<\/a><\/div>\t\t\t\t\t\n\t\t\n\t\t\t\t\t\t<a class=\"fusion-link-wrapper\" href=\"https:\/\/dicolova.com\/cos25-90\/grand-village-plage-oleron-mobilhome-cos25\/\" aria-label=\"Grand Village Plage Ol\u00e9ron Mobilhome &#8211; COS25\"><\/a>\n\t<\/div>\n<\/div>\n<\/div>\n<\/li>\n\t\t\t\n\t\t\t\n\t\t\t\t\t\t\t\t\t\t\t\t\t\t\t\t\t\t\t\t\t\t\t\t\t\t\t\t\t\t\t\t\t\t\t\t\t\t\t\t\t\t\t\t\t\t\t\t\t\t\t\t\t\t\t\t\t\t\t\t\t\t\t\t\t\t\t\t<\/ul>\n\t<\/div>\n\t<div class=\"fusion-post-content-wrapper\" style=\"padding:30px 25px 20px 25px;\"><div class=\"fusion-post-content post-content\"><h2 class=\"blog-shortcode-post-title entry-title\"><a href=\"https:\/\/dicolova.com\/cos25-90\/grand-village-plage-oleron-mobilhome-cos25\/\">Grand Village Plage Ol\u00e9ron Mobilhome &#8211; COS25<\/a><\/h2><p class=\"fusion-single-line-meta\"><span class=\"vcard\" style=\"display: none;\"><span class=\"fn\"><a href=\"https:\/\/dicolova.com\/cos25-90\/author\/cospostelecom2590\/\" title=\"Articles par cospostelecom2590\" rel=\"author\">cospostelecom2590<\/a><\/span><\/span><span class=\"updated\" style=\"display:none;\">2025-07-19T16:29:54+01:00<\/span><span>f\u00e9vrier 2016<\/span><span class=\"fusion-inline-sep\">|<\/span><\/p><div class=\"fusion-content-sep sep-double sep-solid\"><\/div><div class=\"fusion-post-content-container\"><p>A partir de 205\u20ac. Mobil home 4\/6 personnes avec terrasse\r\ncuisine \u00e9quip\u00e9e (plaque de cuisson 4 feux gaz), hotte, micro onde et r\u00e9frig\u00e9rateur<\/p><\/div><\/div><div class=\"fusion-meta-info\"><div class=\"fusion-alignleft\"><a class=\"fusion-read-more\" href=\"https:\/\/dicolova.com\/cos25-90\/grand-village-plage-oleron-mobilhome-cos25\/\" aria-label=\"More on Grand Village Plage Ol\u00e9ron Mobilhome &#8211; COS25\">Lire la suite<\/a><\/div><\/div><\/div><div class=\"fusion-clearfix\"><\/div><\/div>\n<\/article>\n<article id=\"blog-1-post-44\" class=\"fusion-post-grid post-44 post type-post status-publish format-standard has-post-thumbnail hentry category-6-personnes category-85-vendee category-barbatre category-locations category-mobil-home\">\n<div class=\"fusion-post-wrapper\" style=\"background-color:rgba(255,255,255,1);border:1px solid EBEAEA;border-bottom-width:3px;\">\n\n\t\t\t<div class=\"fusion-flexslider flexslider fusion-flexslider-loading fusion-post-slideshow\" style=\"border-color:EBEAEA;\">\n\t\t<ul class=\"slides\">\n\t\t\t\n\t\t\t\t\t\t\t\t\t\t\t\t\t\t<li><div  class=\"fusion-image-wrapper\" aria-haspopup=\"true\">\n\t\t\t\t<img decoding=\"async\" width=\"599\" height=\"400\" src=\"https:\/\/dicolova.com\/cos25-90\/wp-content\/uploads\/sites\/44\/2016\/02\/MOBILHOME-C148.jpg\" class=\"attachment-full size-full wp-post-image\" alt=\"\" \/><div class=\"fusion-rollover\">\n\t<div class=\"fusion-rollover-content\">\n\n\t\t\t\t\t\t\t\t\t\t\t\t\t\t<a class=\"fusion-rollover-link\" href=\"https:\/\/dicolova.com\/cos25-90\/barbatre-camping-des-oncheres-mobil-home-c148-cos25\/\">Barb\u00e2tre Camping des Onch\u00e8res Mobil home C148 &#8211; COS25<\/a>\n\t\t\t\n\t\t\t\t\t\t\t\t\t\t\t\t\t\t\n\t\t\t\t\t\t\t\t\n\t\t\t\t\t\t\t\t\t\t\t\t\t<div class=\"fusion-rollover-sep\"><\/div>\n\t\t\t\t\n\t\t\t\t\t\t\t\t\t\t\t\t\t\t\t\t\t\t<a class=\"fusion-rollover-gallery\" href=\"https:\/\/dicolova.com\/cos25-90\/wp-content\/uploads\/sites\/44\/2016\/02\/MOBILHOME-C148.jpg\" data-options=\"\" data-id=\"44\" data-rel=\"iLightbox[gallery]\" data-title=\"MOBILHOME-C148\" data-caption=\"\">\n\t\t\t\t\t\tGalerie\t\t\t\t\t<\/a>\n\t\t\t\t\t\t\t\t\t\t\t\t\t\t\n\t\t\n\t\t\t\t\t\t\t\t\t\t\t\t<h4 class=\"fusion-rollover-title\">\n\t\t\t\t\t<a class=\"fusion-rollover-title-link\" href=\"https:\/\/dicolova.com\/cos25-90\/barbatre-camping-des-oncheres-mobil-home-c148-cos25\/\">\n\t\t\t\t\t\tBarb\u00e2tre Camping des Onch\u00e8res Mobil home C148 &#8211; COS25\t\t\t\t\t<\/a>\n\t\t\t\t<\/h4>\n\t\t\t\n\t\t\t\t\t\t\t\t\t\t<div class=\"fusion-rollover-categories\"><a href=\"https:\/\/dicolova.com\/cos25-90\/category\/capacite\/6-personnes\/\" rel=\"tag\">4 \u00e0 6 personnes<\/a>, <a href=\"https:\/\/dicolova.com\/cos25-90\/category\/departement\/85-vendee\/\" rel=\"tag\">85 Vend\u00e9e<\/a>, <a href=\"https:\/\/dicolova.com\/cos25-90\/category\/ville\/barbatre\/\" rel=\"tag\">Barbatre<\/a>, <a href=\"https:\/\/dicolova.com\/cos25-90\/category\/locations\/\" rel=\"tag\">Locations<\/a>, <a href=\"https:\/\/dicolova.com\/cos25-90\/category\/type-de-bien\/mobil-home\/\" rel=\"tag\">Mobil home<\/a><\/div>\t\t\t\t\t\n\t\t\n\t\t\t\t\t\t<a class=\"fusion-link-wrapper\" href=\"https:\/\/dicolova.com\/cos25-90\/barbatre-camping-des-oncheres-mobil-home-c148-cos25\/\" aria-label=\"Barb\u00e2tre Camping des Onch\u00e8res Mobil home C148 &#8211; COS25\"><\/a>\n\t<\/div>\n<\/div>\n<\/div>\n<\/li>\n\t\t\t\n\t\t\t\n\t\t\t\t\t\t\t\t\t\t\t\t\t\t\t\t\t\t\t\t\t\t\t\t\t\t\t\t\t\t\t\t\t\t\t\t\t\t\t\t\t\t\t\t\t\t\t\t\t\t\t\t\t\t\t\t\t\t\t\t\t\t\t\t\t\t\t\t<\/ul>\n\t<\/div>\n\t<div class=\"fusion-post-content-wrapper\" style=\"padding:30px 25px 20px 25px;\"><div class=\"fusion-post-content post-content\"><h2 class=\"blog-shortcode-post-title entry-title\"><a href=\"https:\/\/dicolova.com\/cos25-90\/barbatre-camping-des-oncheres-mobil-home-c148-cos25\/\">Barb\u00e2tre Camping des Onch\u00e8res Mobil home C148 &#8211; COS25<\/a><\/h2><p class=\"fusion-single-line-meta\"><span class=\"vcard\" style=\"display: none;\"><span class=\"fn\"><a href=\"https:\/\/dicolova.com\/cos25-90\/author\/cospostelecom2590\/\" title=\"Articles par cospostelecom2590\" rel=\"author\">cospostelecom2590<\/a><\/span><\/span><span class=\"updated\" style=\"display:none;\">2025-07-02T10:33:42+01:00<\/span><span>f\u00e9vrier 2016<\/span><span class=\"fusion-inline-sep\">|<\/span><\/p><div class=\"fusion-content-sep sep-double sep-solid\"><\/div><div class=\"fusion-post-content-container\"><p>A partir de 205\u20ac. Mobil home 4\/6 personnes avec terrasse \r\ncuisine \u00e9quip\u00e9e (plaque de cuisson 4 feux gaz), hotte, micro onde et r\u00e9frig\u00e9rateur<\/p><\/div><\/div><div class=\"fusion-meta-info\"><div class=\"fusion-alignleft\"><a class=\"fusion-read-more\" href=\"https:\/\/dicolova.com\/cos25-90\/barbatre-camping-des-oncheres-mobil-home-c148-cos25\/\" aria-label=\"More on Barb\u00e2tre Camping des Onch\u00e8res Mobil home C148 &#8211; COS25\">Lire la suite<\/a><\/div><\/div><\/div><div class=\"fusion-clearfix\"><\/div><\/div>\n<\/article>\n<div class=\"fusion-clearfix\"><\/div><\/div><\/div><div class=\"fusion-clearfix\"><\/div><\/div><\/div><\/div><\/div>\n","protected":false},"excerpt":{"rendered":"","protected":false},"author":1,"featured_media":0,"parent":0,"menu_order":0,"comment_status":"open","ping_status":"open","template":"","meta":{"footnotes":""},"class_list":["post-25","page","type-page","status-publish","hentry"],"yoast_head":"<!-- This site is optimized with the Yoast SEO plugin v27.4 - https:\/\/yoast.com\/product\/yoast-seo-wordpress\/ -->\n<title>Vacances - COS 25 - 90<\/title>\n<meta name=\"description\" content=\"Location vacances Doubs Belfort \/COS25-90\/, moblihome, appartement, France, Ile R\u00e9union, Espagne, Associations Membres GoupADICOLOVA.\" \/>\n<meta name=\"robots\" content=\"index, follow, max-snippet:-1, max-image-preview:large, max-video-preview:-1\" \/>\n<link rel=\"canonical\" href=\"https:\/\/dicolova.com\/cos25-90\/locations-vacances-dicolova\/\" \/>\n<meta property=\"og:locale\" content=\"fr_FR\" \/>\n<meta property=\"og:type\" content=\"article\" \/>\n<meta property=\"og:title\" content=\"Vacances - COS 25 - 90\" \/>\n<meta property=\"og:description\" content=\"Location vacances Doubs Belfort \/COS25-90\/, moblihome, appartement, France, Ile R\u00e9union, Espagne, Associations Membres GoupADICOLOVA.\" \/>\n<meta property=\"og:url\" content=\"https:\/\/dicolova.com\/cos25-90\/locations-vacances-dicolova\/\" \/>\n<meta property=\"og:site_name\" content=\"COS 25 - 90\" \/>\n<meta property=\"article:modified_time\" content=\"2026-04-04T15:59:13+00:00\" \/>\n<meta name=\"twitter:card\" content=\"summary_large_image\" \/>\n<meta name=\"twitter:label1\" content=\"Dur\u00e9e de lecture estim\u00e9e\" \/>\n\t<meta name=\"twitter:data1\" content=\"2 minutes\" \/>\n<script type=\"application\/ld+json\" class=\"yoast-schema-graph\">{\"@context\":\"https:\\\/\\\/schema.org\",\"@graph\":[{\"@type\":\"WebPage\",\"@id\":\"https:\\\/\\\/dicolova.com\\\/cos25-90\\\/locations-vacances-dicolova\\\/\",\"url\":\"https:\\\/\\\/dicolova.com\\\/cos25-90\\\/locations-vacances-dicolova\\\/\",\"name\":\"Vacances - COS 25 - 90\",\"isPartOf\":{\"@id\":\"https:\\\/\\\/dicolova.com\\\/cos25-90\\\/#website\"},\"datePublished\":\"2015-07-10T16:53:44+00:00\",\"dateModified\":\"2026-04-04T15:59:13+00:00\",\"description\":\"Location vacances Doubs Belfort \\\/COS25-90\\\/, moblihome, appartement, France, Ile R\u00e9union, Espagne, Associations Membres GoupADICOLOVA.\",\"breadcrumb\":{\"@id\":\"https:\\\/\\\/dicolova.com\\\/cos25-90\\\/locations-vacances-dicolova\\\/#breadcrumb\"},\"inLanguage\":\"fr-FR\",\"potentialAction\":[{\"@type\":\"ReadAction\",\"target\":[\"https:\\\/\\\/dicolova.com\\\/cos25-90\\\/locations-vacances-dicolova\\\/\"]}]},{\"@type\":\"BreadcrumbList\",\"@id\":\"https:\\\/\\\/dicolova.com\\\/cos25-90\\\/locations-vacances-dicolova\\\/#breadcrumb\",\"itemListElement\":[{\"@type\":\"ListItem\",\"position\":1,\"name\":\"Accueil\",\"item\":\"https:\\\/\\\/dicolova.com\\\/cos25-90\\\/\"},{\"@type\":\"ListItem\",\"position\":2,\"name\":\"Vacances\"}]},{\"@type\":\"WebSite\",\"@id\":\"https:\\\/\\\/dicolova.com\\\/cos25-90\\\/#website\",\"url\":\"https:\\\/\\\/dicolova.com\\\/cos25-90\\\/\",\"name\":\"COS 25 - 90\",\"description\":\"\",\"potentialAction\":[{\"@type\":\"SearchAction\",\"target\":{\"@type\":\"EntryPoint\",\"urlTemplate\":\"https:\\\/\\\/dicolova.com\\\/cos25-90\\\/?s={search_term_string}\"},\"query-input\":{\"@type\":\"PropertyValueSpecification\",\"valueRequired\":true,\"valueName\":\"search_term_string\"}}],\"inLanguage\":\"fr-FR\"}]}<\/script>\n<!-- \/ Yoast SEO plugin. -->","yoast_head_json":{"title":"Vacances - COS 25 - 90","description":"Location vacances Doubs Belfort \/COS25-90\/, moblihome, appartement, France, Ile R\u00e9union, Espagne, Associations Membres GoupADICOLOVA.","robots":{"index":"index","follow":"follow","max-snippet":"max-snippet:-1","max-image-preview":"max-image-preview:large","max-video-preview":"max-video-preview:-1"},"canonical":"https:\/\/dicolova.com\/cos25-90\/locations-vacances-dicolova\/","og_locale":"fr_FR","og_type":"article","og_title":"Vacances - COS 25 - 90","og_description":"Location vacances Doubs Belfort \/COS25-90\/, moblihome, appartement, France, Ile R\u00e9union, Espagne, Associations Membres GoupADICOLOVA.","og_url":"https:\/\/dicolova.com\/cos25-90\/locations-vacances-dicolova\/","og_site_name":"COS 25 - 90","article_modified_time":"2026-04-04T15:59:13+00:00","twitter_card":"summary_large_image","twitter_misc":{"Dur\u00e9e de lecture estim\u00e9e":"2 minutes"},"schema":{"@context":"https:\/\/schema.org","@graph":[{"@type":"WebPage","@id":"https:\/\/dicolova.com\/cos25-90\/locations-vacances-dicolova\/","url":"https:\/\/dicolova.com\/cos25-90\/locations-vacances-dicolova\/","name":"Vacances - COS 25 - 90","isPartOf":{"@id":"https:\/\/dicolova.com\/cos25-90\/#website"},"datePublished":"2015-07-10T16:53:44+00:00","dateModified":"2026-04-04T15:59:13+00:00","description":"Location vacances Doubs Belfort \/COS25-90\/, moblihome, appartement, France, Ile R\u00e9union, Espagne, Associations Membres GoupADICOLOVA.","breadcrumb":{"@id":"https:\/\/dicolova.com\/cos25-90\/locations-vacances-dicolova\/#breadcrumb"},"inLanguage":"fr-FR","potentialAction":[{"@type":"ReadAction","target":["https:\/\/dicolova.com\/cos25-90\/locations-vacances-dicolova\/"]}]},{"@type":"BreadcrumbList","@id":"https:\/\/dicolova.com\/cos25-90\/locations-vacances-dicolova\/#breadcrumb","itemListElement":[{"@type":"ListItem","position":1,"name":"Accueil","item":"https:\/\/dicolova.com\/cos25-90\/"},{"@type":"ListItem","position":2,"name":"Vacances"}]},{"@type":"WebSite","@id":"https:\/\/dicolova.com\/cos25-90\/#website","url":"https:\/\/dicolova.com\/cos25-90\/","name":"COS 25 - 90","description":"","potentialAction":[{"@type":"SearchAction","target":{"@type":"EntryPoint","urlTemplate":"https:\/\/dicolova.com\/cos25-90\/?s={search_term_string}"},"query-input":{"@type":"PropertyValueSpecification","valueRequired":true,"valueName":"search_term_string"}}],"inLanguage":"fr-FR"}]}},"_links":{"self":[{"href":"https:\/\/dicolova.com\/cos25-90\/wp-json\/wp\/v2\/pages\/25","targetHints":{"allow":["GET"]}}],"collection":[{"href":"https:\/\/dicolova.com\/cos25-90\/wp-json\/wp\/v2\/pages"}],"about":[{"href":"https:\/\/dicolova.com\/cos25-90\/wp-json\/wp\/v2\/types\/page"}],"author":[{"embeddable":true,"href":"https:\/\/dicolova.com\/cos25-90\/wp-json\/wp\/v2\/users\/1"}],"replies":[{"embeddable":true,"href":"https:\/\/dicolova.com\/cos25-90\/wp-json\/wp\/v2\/comments?post=25"}],"version-history":[{"count":1,"href":"https:\/\/dicolova.com\/cos25-90\/wp-json\/wp\/v2\/pages\/25\/revisions"}],"predecessor-version":[{"id":257,"href":"https:\/\/dicolova.com\/cos25-90\/wp-json\/wp\/v2\/pages\/25\/revisions\/257"}],"wp:attachment":[{"href":"https:\/\/dicolova.com\/cos25-90\/wp-json\/wp\/v2\/media?parent=25"}],"curies":[{"name":"wp","href":"https:\/\/api.w.org\/{rel}","templated":true}]}}