{"id":22,"date":"2015-07-10T17:53:44","date_gmt":"2015-07-10T16:53:44","guid":{"rendered":"https:\/\/dicolova.com\/cos24\/vacances\/"},"modified":"2026-04-04T16:34:48","modified_gmt":"2026-04-04T15:34:48","slug":"lcations-vacances-dicolova","status":"publish","type":"page","link":"https:\/\/dicolova.com\/cos24\/lcations-vacances-dicolova\/","title":{"rendered":"Vacances"},"content":{"rendered":"<div class=\"fusion-fullwidth fullwidth-box fusion-builder-row-1 hundred-percent-fullwidth non-hundred-percent-height-scrolling\" style=\"--awb-border-radius-top-left:0px;--awb-border-radius-top-right:0px;--awb-border-radius-bottom-right:0px;--awb-border-radius-bottom-left:0px;--awb-overflow:visible;--awb-flex-wrap:wrap;\" ><div class=\"fusion-builder-row fusion-row\"><div class=\"fusion-layout-column fusion_builder_column fusion-builder-column-0 fusion_builder_column_1_1 1_1 fusion-one-full fusion-column-first fusion-column-last\" style=\"--awb-bg-size:cover;\"><div class=\"fusion-column-wrapper fusion-flex-column-wrapper-legacy\"><div class=\"fusion-blog-shortcode fusion-blog-shortcode-1 fusion-blog-archive fusion-blog-layout-grid-wrapper fusion-blog-pagination\"><style type=\"text\/css\">.fusion-blog-shortcode-1 .fusion-blog-layout-grid .fusion-post-grid{padding:20px;}.fusion-blog-shortcode-1 .fusion-posts-container{margin-left: -20px !important; margin-right:-20px !important;}<\/style><div class=\"fusion-posts-container fusion-posts-container-pagination fusion-blog-rollover fusion-blog-layout-grid fusion-blog-layout-grid-3 isotope\" data-pages=\"1\" data-grid-col-space=\"40\" style=\"margin: -20px -20px 0;min-height:500px;\"><article id=\"blog-1-post-106\" class=\"fusion-post-grid post-106 post type-post status-publish format-standard has-post-thumbnail hentry category-4-personnes category-33-gironde category-6-personnes category-appartement category-arcachon-ville category-locations category-ville\">\n<div class=\"fusion-post-wrapper\" style=\"background-color:rgba(255,255,255,1);border:1px solid #ebeaea;border-bottom-width:3px;\">\n\n\t\t\t<div class=\"fusion-flexslider flexslider fusion-flexslider-loading fusion-post-slideshow\" style=\"border-color:#ebeaea;\">\n\t\t<ul class=\"slides\">\n\t\t\t\n\t\t\t\t\t\t\t\t\t\t\t\t\t\t<li><div  class=\"fusion-image-wrapper\" aria-haspopup=\"true\">\n\t\t\t\t<img decoding=\"async\" width=\"800\" height=\"600\" src=\"https:\/\/dicolova.com\/cos24\/wp-content\/uploads\/sites\/11\/2020\/11\/arcachon_00.jpg\" class=\"attachment-full size-full wp-post-image\" alt=\"\" srcset=\"https:\/\/dicolova.com\/cos24\/wp-content\/uploads\/sites\/11\/2020\/11\/arcachon_00-200x150.jpg 200w, https:\/\/dicolova.com\/cos24\/wp-content\/uploads\/sites\/11\/2020\/11\/arcachon_00-400x300.jpg 400w, https:\/\/dicolova.com\/cos24\/wp-content\/uploads\/sites\/11\/2020\/11\/arcachon_00-600x450.jpg 600w, https:\/\/dicolova.com\/cos24\/wp-content\/uploads\/sites\/11\/2020\/11\/arcachon_00.jpg 800w\" sizes=\"(min-width: 2200px) 100vw, (min-width: 824px) 400px, (min-width: 732px) 600px, (min-width: 640px) 732px, \" \/><div class=\"fusion-rollover\">\n\t<div class=\"fusion-rollover-content\">\n\n\t\t\t\t\t\t\t\t\t\t\t\t\t\t<a class=\"fusion-rollover-link\" href=\"https:\/\/dicolova.com\/cos24\/arcachon-33-appartement-cos24\/\">Arcachon (33) Appartement &#8211; COS24<\/a>\n\t\t\t\n\t\t\t\t\t\t\t\t\t\t\t\t\t\t\n\t\t\t\t\t\t\t\t\n\t\t\t\t\t\t\t\t\t\t\t\t\t<div class=\"fusion-rollover-sep\"><\/div>\n\t\t\t\t\n\t\t\t\t\t\t\t\t\t\t\t\t\t\t\t\t\t\t<a class=\"fusion-rollover-gallery\" href=\"https:\/\/dicolova.com\/cos24\/wp-content\/uploads\/sites\/11\/2020\/11\/arcachon_00.jpg\" data-options=\"\" data-id=\"106\" data-rel=\"iLightbox[gallery]\" data-title=\"arcachon_00\" data-caption=\"\">\n\t\t\t\t\t\tGalerie\t\t\t\t\t<\/a>\n\t\t\t\t\t\t\t\t\t\t\t\t\t\t\n\t\t\n\t\t\t\t\t\t\t\t\t\t\t\t<h4 class=\"fusion-rollover-title\">\n\t\t\t\t\t<a class=\"fusion-rollover-title-link\" href=\"https:\/\/dicolova.com\/cos24\/arcachon-33-appartement-cos24\/\">\n\t\t\t\t\t\tArcachon (33) Appartement &#8211; COS24\t\t\t\t\t<\/a>\n\t\t\t\t<\/h4>\n\t\t\t\n\t\t\t\t\t\t\t\t\t\t<div class=\"fusion-rollover-categories\"><a href=\"https:\/\/dicolova.com\/cos24\/category\/capacite\/4-personnes\/\" rel=\"tag\">2 \u00e0 4 personnes<\/a>, <a href=\"https:\/\/dicolova.com\/cos24\/category\/departement\/33-gironde\/\" rel=\"tag\">33 Gironde<\/a>, <a href=\"https:\/\/dicolova.com\/cos24\/category\/capacite\/6-personnes\/\" rel=\"tag\">4 \u00e0 6 personnes<\/a>, <a href=\"https:\/\/dicolova.com\/cos24\/category\/type-de-bien\/appartement\/\" rel=\"tag\">Appartement<\/a>, <a href=\"https:\/\/dicolova.com\/cos24\/category\/ville\/arcachon-ville\/\" rel=\"tag\">Arcachon<\/a>, <a href=\"https:\/\/dicolova.com\/cos24\/category\/locations\/\" rel=\"tag\">Locations<\/a>, <a href=\"https:\/\/dicolova.com\/cos24\/category\/ville\/\" rel=\"tag\">Ville<\/a><\/div>\t\t\t\t\t\n\t\t\n\t\t\t\t\t\t<a class=\"fusion-link-wrapper\" href=\"https:\/\/dicolova.com\/cos24\/arcachon-33-appartement-cos24\/\" aria-label=\"Arcachon (33) Appartement &#8211; COS24\"><\/a>\n\t<\/div>\n<\/div>\n<\/div>\n<\/li>\n\t\t\t\n\t\t\t\n\t\t\t\t\t\t\t\t\t\t\t\t\t\t\t\t\t\t\t\t\t\t\t\t\t\t\t\t\t\t\t\t\t\t\t\t\t\t\t\t\t\t\t\t\t\t\t\t\t\t\t\t\t\t\t\t\t\t\t\t\t\t\t\t\t\t\t\t<\/ul>\n\t<\/div>\n\t<div class=\"fusion-post-content-wrapper\" style=\"padding:30px 25px 20px 25px;\"><div class=\"fusion-post-content post-content\"><h2 class=\"blog-shortcode-post-title entry-title\"><a href=\"https:\/\/dicolova.com\/cos24\/arcachon-33-appartement-cos24\/\">Arcachon (33) Appartement &#8211; COS24<\/a><\/h2><div class=\"fusion-content-sep sep-double sep-solid\"><\/div><div class=\"fusion-post-content-container\"><p>Appartement \u00e0 500 m de la plage, r\u00e9sidence situ\u00e9e en dessous du Parc Mauresque<\/p><\/div><\/div><div class=\"fusion-meta-info\"><div class=\"fusion-alignleft\"><a class=\"fusion-read-more\" href=\"https:\/\/dicolova.com\/cos24\/arcachon-33-appartement-cos24\/\" aria-label=\"More on Arcachon (33) Appartement &#8211; COS24\">Lire la suite<\/a><\/div><\/div><\/div><div class=\"fusion-clearfix\"><\/div><\/div>\n<\/article>\n<div class=\"fusion-clearfix\"><\/div><\/div><\/div><div class=\"fusion-clearfix\"><\/div><\/div><\/div><\/div><\/div>\n","protected":false},"excerpt":{"rendered":"","protected":false},"author":1,"featured_media":0,"parent":0,"menu_order":0,"comment_status":"open","ping_status":"open","template":"","meta":{"footnotes":""},"class_list":["post-22","page","type-page","status-publish","hentry"],"yoast_head":"<!-- This site is optimized with the Yoast SEO plugin v27.4 - https:\/\/yoast.com\/product\/yoast-seo-wordpress\/ -->\n<title>Vacances - COS 24<\/title>\n<meta name=\"description\" content=\"Location vacances Dordogne\/COS24\/, moblihome, appartement, campings, France, Ile R\u00e9union, Espagne, Associations Membres de GoupADICOLOVA..\" \/>\n<meta name=\"robots\" content=\"index, follow, max-snippet:-1, max-image-preview:large, max-video-preview:-1\" \/>\n<link rel=\"canonical\" href=\"https:\/\/dicolova.com\/cos24\/lcations-vacances-dicolova\/\" \/>\n<meta property=\"og:locale\" content=\"fr_FR\" \/>\n<meta property=\"og:type\" content=\"article\" \/>\n<meta property=\"og:title\" content=\"Vacances - COS 24\" \/>\n<meta property=\"og:description\" content=\"Location vacances Dordogne\/COS24\/, moblihome, appartement, campings, France, Ile R\u00e9union, Espagne, Associations Membres de GoupADICOLOVA..\" \/>\n<meta property=\"og:url\" content=\"https:\/\/dicolova.com\/cos24\/lcations-vacances-dicolova\/\" \/>\n<meta property=\"og:site_name\" content=\"COS 24\" \/>\n<meta property=\"article:modified_time\" content=\"2026-04-04T15:34:48+00:00\" \/>\n<meta name=\"twitter:card\" content=\"summary_large_image\" \/>\n<meta name=\"twitter:label1\" content=\"Dur\u00e9e de lecture estim\u00e9e\" \/>\n\t<meta name=\"twitter:data1\" content=\"1 minute\" \/>\n<script type=\"application\/ld+json\" class=\"yoast-schema-graph\">{\"@context\":\"https:\\\/\\\/schema.org\",\"@graph\":[{\"@type\":\"WebPage\",\"@id\":\"https:\\\/\\\/dicolova.com\\\/cos24\\\/lcations-vacances-dicolova\\\/\",\"url\":\"https:\\\/\\\/dicolova.com\\\/cos24\\\/lcations-vacances-dicolova\\\/\",\"name\":\"Vacances - COS 24\",\"isPartOf\":{\"@id\":\"https:\\\/\\\/dicolova.com\\\/cos24\\\/#website\"},\"datePublished\":\"2015-07-10T16:53:44+00:00\",\"dateModified\":\"2026-04-04T15:34:48+00:00\",\"description\":\"Location vacances Dordogne\\\/COS24\\\/, moblihome, appartement, campings, France, Ile R\u00e9union, Espagne, Associations Membres de GoupADICOLOVA..\",\"breadcrumb\":{\"@id\":\"https:\\\/\\\/dicolova.com\\\/cos24\\\/lcations-vacances-dicolova\\\/#breadcrumb\"},\"inLanguage\":\"fr-FR\",\"potentialAction\":[{\"@type\":\"ReadAction\",\"target\":[\"https:\\\/\\\/dicolova.com\\\/cos24\\\/lcations-vacances-dicolova\\\/\"]}]},{\"@type\":\"BreadcrumbList\",\"@id\":\"https:\\\/\\\/dicolova.com\\\/cos24\\\/lcations-vacances-dicolova\\\/#breadcrumb\",\"itemListElement\":[{\"@type\":\"ListItem\",\"position\":1,\"name\":\"Accueil\",\"item\":\"https:\\\/\\\/dicolova.com\\\/cos24\\\/\"},{\"@type\":\"ListItem\",\"position\":2,\"name\":\"Vacances\"}]},{\"@type\":\"WebSite\",\"@id\":\"https:\\\/\\\/dicolova.com\\\/cos24\\\/#website\",\"url\":\"https:\\\/\\\/dicolova.com\\\/cos24\\\/\",\"name\":\"COS 24\",\"description\":\"\",\"potentialAction\":[{\"@type\":\"SearchAction\",\"target\":{\"@type\":\"EntryPoint\",\"urlTemplate\":\"https:\\\/\\\/dicolova.com\\\/cos24\\\/?s={search_term_string}\"},\"query-input\":{\"@type\":\"PropertyValueSpecification\",\"valueRequired\":true,\"valueName\":\"search_term_string\"}}],\"inLanguage\":\"fr-FR\"}]}<\/script>\n<!-- \/ Yoast SEO plugin. -->","yoast_head_json":{"title":"Vacances - COS 24","description":"Location vacances Dordogne\/COS24\/, moblihome, appartement, campings, France, Ile R\u00e9union, Espagne, Associations Membres de GoupADICOLOVA..","robots":{"index":"index","follow":"follow","max-snippet":"max-snippet:-1","max-image-preview":"max-image-preview:large","max-video-preview":"max-video-preview:-1"},"canonical":"https:\/\/dicolova.com\/cos24\/lcations-vacances-dicolova\/","og_locale":"fr_FR","og_type":"article","og_title":"Vacances - COS 24","og_description":"Location vacances Dordogne\/COS24\/, moblihome, appartement, campings, France, Ile R\u00e9union, Espagne, Associations Membres de GoupADICOLOVA..","og_url":"https:\/\/dicolova.com\/cos24\/lcations-vacances-dicolova\/","og_site_name":"COS 24","article_modified_time":"2026-04-04T15:34:48+00:00","twitter_card":"summary_large_image","twitter_misc":{"Dur\u00e9e de lecture estim\u00e9e":"1 minute"},"schema":{"@context":"https:\/\/schema.org","@graph":[{"@type":"WebPage","@id":"https:\/\/dicolova.com\/cos24\/lcations-vacances-dicolova\/","url":"https:\/\/dicolova.com\/cos24\/lcations-vacances-dicolova\/","name":"Vacances - COS 24","isPartOf":{"@id":"https:\/\/dicolova.com\/cos24\/#website"},"datePublished":"2015-07-10T16:53:44+00:00","dateModified":"2026-04-04T15:34:48+00:00","description":"Location vacances Dordogne\/COS24\/, moblihome, appartement, campings, France, Ile R\u00e9union, Espagne, Associations Membres de GoupADICOLOVA..","breadcrumb":{"@id":"https:\/\/dicolova.com\/cos24\/lcations-vacances-dicolova\/#breadcrumb"},"inLanguage":"fr-FR","potentialAction":[{"@type":"ReadAction","target":["https:\/\/dicolova.com\/cos24\/lcations-vacances-dicolova\/"]}]},{"@type":"BreadcrumbList","@id":"https:\/\/dicolova.com\/cos24\/lcations-vacances-dicolova\/#breadcrumb","itemListElement":[{"@type":"ListItem","position":1,"name":"Accueil","item":"https:\/\/dicolova.com\/cos24\/"},{"@type":"ListItem","position":2,"name":"Vacances"}]},{"@type":"WebSite","@id":"https:\/\/dicolova.com\/cos24\/#website","url":"https:\/\/dicolova.com\/cos24\/","name":"COS 24","description":"","potentialAction":[{"@type":"SearchAction","target":{"@type":"EntryPoint","urlTemplate":"https:\/\/dicolova.com\/cos24\/?s={search_term_string}"},"query-input":{"@type":"PropertyValueSpecification","valueRequired":true,"valueName":"search_term_string"}}],"inLanguage":"fr-FR"}]}},"_links":{"self":[{"href":"https:\/\/dicolova.com\/cos24\/wp-json\/wp\/v2\/pages\/22","targetHints":{"allow":["GET"]}}],"collection":[{"href":"https:\/\/dicolova.com\/cos24\/wp-json\/wp\/v2\/pages"}],"about":[{"href":"https:\/\/dicolova.com\/cos24\/wp-json\/wp\/v2\/types\/page"}],"author":[{"embeddable":true,"href":"https:\/\/dicolova.com\/cos24\/wp-json\/wp\/v2\/users\/1"}],"replies":[{"embeddable":true,"href":"https:\/\/dicolova.com\/cos24\/wp-json\/wp\/v2\/comments?post=22"}],"version-history":[{"count":1,"href":"https:\/\/dicolova.com\/cos24\/wp-json\/wp\/v2\/pages\/22\/revisions"}],"predecessor-version":[{"id":205,"href":"https:\/\/dicolova.com\/cos24\/wp-json\/wp\/v2\/pages\/22\/revisions\/205"}],"wp:attachment":[{"href":"https:\/\/dicolova.com\/cos24\/wp-json\/wp\/v2\/media?parent=22"}],"curies":[{"name":"wp","href":"https:\/\/api.w.org\/{rel}","templated":true}]}}