{"id":724,"date":"2019-02-27T11:22:35","date_gmt":"2019-02-27T10:22:35","guid":{"rendered":"https:\/\/dicolova.com\/cos15\/?post_type=product&#038;p=724"},"modified":"2024-10-02T08:50:25","modified_gmt":"2024-10-02T07:50:25","slug":"minytoons","status":"publish","type":"product","link":"https:\/\/dicolova.com\/cos15\/boutique\/loisirs-decouvertes-de-plein-air\/minytoons\/","title":{"rendered":"MINY&rsquo;TOONS"},"content":{"rendered":"<p>Parc ludique couvert de 1200m<sup>2<\/sup> pour les enfants de 1 \u00e0 13 ans avec :<\/p>\n<p>&nbsp;<\/p>\n<div class=\"ekit-heading__description\">\n<ul style=\"list-style-type: disc\">\n<li>1 Caroussel de 24 places<\/li>\n<li>1 Man\u00e8ge chaises volantes<\/li>\n<li>La baby structure<\/li>\n<li>La jungle structure<\/li>\n<li>Le trampoline parc<\/li>\n<li>2 Structures gonflables<\/li>\n<li>Plusieurs jeux d\u2019\u00e9veil<\/li>\n<\/ul>\n<p>Et des jeux annexes (baby-foot, table \u00e0 air, panier de basket, borne arcade)<\/p>\n<\/div>\n<p>Restauration possible sur place.<\/p>\n<p>&nbsp;<\/p>\n","protected":false},"excerpt":{"rendered":"<p><strong>A AURILLAC<\/strong><\/p>\n<p>Horaires d&rsquo;ouverture :<\/p>\n<ul>\n<li>Mercredi : 10h \u2013 19h<\/li>\n<li>Samedi : 10h \u2013 19h<\/li>\n<li>Dimanche : 10h \u2013 19h<\/li>\n<\/ul>\n<p>Ouvert tous les jours pendant les vacances scolaires (Zone A) et les jours f\u00e9ri\u00e9s.<\/p>\n<p>Le restaurant est ouvert du mardi au samedi de 11h \u00e0 14h.<\/p>\n<ul style=\"list-style-type: disc\">\n<li><em><strong>MINI TOONS<\/strong><\/em><\/li>\n<\/ul>\n<p><strong>Tarifs COS :<\/strong><\/p>\n<p><em><strong>De 0 \u00e0 1 an : Gratuit<\/strong><\/em><\/p>\n<p><em><strong>De 1 \u00e0 2 ans : 4\u20ac<\/strong><\/em> (au lieu de 6\u20ac)<\/p>\n<p><em><strong>De 2 \u00e0 13 ans : 8\u20ac<\/strong><\/em> (au lieu de 12\u20ac) <em><strong>sans limite de dur\u00e9e<\/strong><\/em><\/p>\n<p><em><strong>Adultes accompagnateurs : <\/strong><strong><em> G<\/em>ratuit<\/strong><\/em><\/p>\n<p>&nbsp;<\/p>\n<p>&nbsp;<\/p>\n<p>&nbsp;<\/p>\n","protected":false},"featured_media":725,"comment_status":"closed","ping_status":"closed","template":"","meta":[],"product_brand":[],"product_cat":[9],"product_tag":[],"class_list":{"0":"post-724","1":"product","2":"type-product","3":"status-publish","4":"has-post-thumbnail","6":"product_cat-loisirs-decouvertes-de-plein-air","8":"first","9":"instock","10":"taxable","11":"shipping-taxable","12":"product-type-simple"},"yoast_head":"<!-- This site is optimized with the Yoast SEO plugin v27.4 - https:\/\/yoast.com\/product\/yoast-seo-wordpress\/ -->\n<title>MINY&#039;TOONS - COS 15<\/title>\n<meta name=\"robots\" content=\"index, follow, max-snippet:-1, max-image-preview:large, max-video-preview:-1\" \/>\n<link rel=\"canonical\" href=\"https:\/\/dicolova.com\/cos15\/boutique\/loisirs-decouvertes-de-plein-air\/minytoons\/\" \/>\n<meta property=\"og:locale\" content=\"fr_FR\" \/>\n<meta property=\"og:type\" content=\"article\" \/>\n<meta property=\"og:title\" content=\"MINY&#039;TOONS - COS 15\" \/>\n<meta property=\"og:description\" content=\"A AURILLAC  Horaires d&#039;ouverture :   Mercredi : 10h \u2013 19h  Samedi : 10h \u2013 19h  Dimanche : 10h \u2013 19h  Ouvert tous les jours pendant les vacances scolaires (Zone A) et les jours f\u00e9ri\u00e9s.  Le restaurant est ouvert du mardi au samedi de 11h \u00e0 14h.   MINI TOONS  Tarifs COS :  De 0 \u00e0 1 an : Gratuit  De 1 \u00e0 2 ans : 4\u20ac (au lieu de 6\u20ac)  De 2 \u00e0 13 ans : 8\u20ac (au lieu de 12\u20ac) sans limite de dur\u00e9e  Adultes accompagnateurs : Gratuit  &nbsp;  &nbsp;  &nbsp;\" \/>\n<meta property=\"og:url\" content=\"https:\/\/dicolova.com\/cos15\/boutique\/loisirs-decouvertes-de-plein-air\/minytoons\/\" \/>\n<meta property=\"og:site_name\" content=\"COS 15\" \/>\n<meta property=\"article:modified_time\" content=\"2024-10-02T07:50:25+00:00\" \/>\n<meta property=\"og:image\" content=\"https:\/\/dicolova.com\/cos15\/wp-content\/uploads\/sites\/8\/2019\/02\/MINYTOONS.jpg\" \/>\n\t<meta property=\"og:image:width\" content=\"227\" \/>\n\t<meta property=\"og:image:height\" content=\"222\" \/>\n\t<meta property=\"og:image:type\" content=\"image\/jpeg\" \/>\n<meta name=\"twitter:card\" content=\"summary_large_image\" \/>\n<meta name=\"twitter:label1\" content=\"Dur\u00e9e de lecture estim\u00e9e\" \/>\n\t<meta name=\"twitter:data1\" content=\"1 minute\" \/>\n<script type=\"application\/ld+json\" class=\"yoast-schema-graph\">{\"@context\":\"https:\\\/\\\/schema.org\",\"@graph\":[{\"@type\":\"WebPage\",\"@id\":\"https:\\\/\\\/dicolova.com\\\/cos15\\\/boutique\\\/loisirs-decouvertes-de-plein-air\\\/minytoons\\\/\",\"url\":\"https:\\\/\\\/dicolova.com\\\/cos15\\\/boutique\\\/loisirs-decouvertes-de-plein-air\\\/minytoons\\\/\",\"name\":\"MINY'TOONS - COS 15\",\"isPartOf\":{\"@id\":\"https:\\\/\\\/dicolova.com\\\/cos15\\\/#website\"},\"primaryImageOfPage\":{\"@id\":\"https:\\\/\\\/dicolova.com\\\/cos15\\\/boutique\\\/loisirs-decouvertes-de-plein-air\\\/minytoons\\\/#primaryimage\"},\"image\":{\"@id\":\"https:\\\/\\\/dicolova.com\\\/cos15\\\/boutique\\\/loisirs-decouvertes-de-plein-air\\\/minytoons\\\/#primaryimage\"},\"thumbnailUrl\":\"https:\\\/\\\/dicolova.com\\\/cos15\\\/wp-content\\\/uploads\\\/sites\\\/8\\\/2019\\\/02\\\/MINYTOONS.jpg\",\"datePublished\":\"2019-02-27T10:22:35+00:00\",\"dateModified\":\"2024-10-02T07:50:25+00:00\",\"breadcrumb\":{\"@id\":\"https:\\\/\\\/dicolova.com\\\/cos15\\\/boutique\\\/loisirs-decouvertes-de-plein-air\\\/minytoons\\\/#breadcrumb\"},\"inLanguage\":\"fr-FR\",\"potentialAction\":[{\"@type\":\"ReadAction\",\"target\":[\"https:\\\/\\\/dicolova.com\\\/cos15\\\/boutique\\\/loisirs-decouvertes-de-plein-air\\\/minytoons\\\/\"]}]},{\"@type\":\"ImageObject\",\"inLanguage\":\"fr-FR\",\"@id\":\"https:\\\/\\\/dicolova.com\\\/cos15\\\/boutique\\\/loisirs-decouvertes-de-plein-air\\\/minytoons\\\/#primaryimage\",\"url\":\"https:\\\/\\\/dicolova.com\\\/cos15\\\/wp-content\\\/uploads\\\/sites\\\/8\\\/2019\\\/02\\\/MINYTOONS.jpg\",\"contentUrl\":\"https:\\\/\\\/dicolova.com\\\/cos15\\\/wp-content\\\/uploads\\\/sites\\\/8\\\/2019\\\/02\\\/MINYTOONS.jpg\",\"width\":227,\"height\":222},{\"@type\":\"BreadcrumbList\",\"@id\":\"https:\\\/\\\/dicolova.com\\\/cos15\\\/boutique\\\/loisirs-decouvertes-de-plein-air\\\/minytoons\\\/#breadcrumb\",\"itemListElement\":[{\"@type\":\"ListItem\",\"position\":1,\"name\":\"Accueil\",\"item\":\"https:\\\/\\\/dicolova.com\\\/cos15\\\/\"},{\"@type\":\"ListItem\",\"position\":2,\"name\":\"Billetterie\",\"item\":\"https:\\\/\\\/dicolova.com\\\/cos15\\\/billetterie\\\/\"},{\"@type\":\"ListItem\",\"position\":3,\"name\":\"MINY&rsquo;TOONS\"}]},{\"@type\":\"WebSite\",\"@id\":\"https:\\\/\\\/dicolova.com\\\/cos15\\\/#website\",\"url\":\"https:\\\/\\\/dicolova.com\\\/cos15\\\/\",\"name\":\"COS 15\",\"description\":\"\",\"potentialAction\":[{\"@type\":\"SearchAction\",\"target\":{\"@type\":\"EntryPoint\",\"urlTemplate\":\"https:\\\/\\\/dicolova.com\\\/cos15\\\/?s={search_term_string}\"},\"query-input\":{\"@type\":\"PropertyValueSpecification\",\"valueRequired\":true,\"valueName\":\"search_term_string\"}}],\"inLanguage\":\"fr-FR\"}]}<\/script>\n<!-- \/ Yoast SEO plugin. -->","yoast_head_json":{"title":"MINY'TOONS - COS 15","robots":{"index":"index","follow":"follow","max-snippet":"max-snippet:-1","max-image-preview":"max-image-preview:large","max-video-preview":"max-video-preview:-1"},"canonical":"https:\/\/dicolova.com\/cos15\/boutique\/loisirs-decouvertes-de-plein-air\/minytoons\/","og_locale":"fr_FR","og_type":"article","og_title":"MINY'TOONS - COS 15","og_description":"A AURILLAC  Horaires d'ouverture :   Mercredi : 10h \u2013 19h  Samedi : 10h \u2013 19h  Dimanche : 10h \u2013 19h  Ouvert tous les jours pendant les vacances scolaires (Zone A) et les jours f\u00e9ri\u00e9s.  Le restaurant est ouvert du mardi au samedi de 11h \u00e0 14h.   MINI TOONS  Tarifs COS :  De 0 \u00e0 1 an : Gratuit  De 1 \u00e0 2 ans : 4\u20ac (au lieu de 6\u20ac)  De 2 \u00e0 13 ans : 8\u20ac (au lieu de 12\u20ac) sans limite de dur\u00e9e  Adultes accompagnateurs : Gratuit  &nbsp;  &nbsp;  &nbsp;","og_url":"https:\/\/dicolova.com\/cos15\/boutique\/loisirs-decouvertes-de-plein-air\/minytoons\/","og_site_name":"COS 15","article_modified_time":"2024-10-02T07:50:25+00:00","og_image":[{"width":227,"height":222,"url":"https:\/\/dicolova.com\/cos15\/wp-content\/uploads\/sites\/8\/2019\/02\/MINYTOONS.jpg","type":"image\/jpeg"}],"twitter_card":"summary_large_image","twitter_misc":{"Dur\u00e9e de lecture estim\u00e9e":"1 minute"},"schema":{"@context":"https:\/\/schema.org","@graph":[{"@type":"WebPage","@id":"https:\/\/dicolova.com\/cos15\/boutique\/loisirs-decouvertes-de-plein-air\/minytoons\/","url":"https:\/\/dicolova.com\/cos15\/boutique\/loisirs-decouvertes-de-plein-air\/minytoons\/","name":"MINY'TOONS - COS 15","isPartOf":{"@id":"https:\/\/dicolova.com\/cos15\/#website"},"primaryImageOfPage":{"@id":"https:\/\/dicolova.com\/cos15\/boutique\/loisirs-decouvertes-de-plein-air\/minytoons\/#primaryimage"},"image":{"@id":"https:\/\/dicolova.com\/cos15\/boutique\/loisirs-decouvertes-de-plein-air\/minytoons\/#primaryimage"},"thumbnailUrl":"https:\/\/dicolova.com\/cos15\/wp-content\/uploads\/sites\/8\/2019\/02\/MINYTOONS.jpg","datePublished":"2019-02-27T10:22:35+00:00","dateModified":"2024-10-02T07:50:25+00:00","breadcrumb":{"@id":"https:\/\/dicolova.com\/cos15\/boutique\/loisirs-decouvertes-de-plein-air\/minytoons\/#breadcrumb"},"inLanguage":"fr-FR","potentialAction":[{"@type":"ReadAction","target":["https:\/\/dicolova.com\/cos15\/boutique\/loisirs-decouvertes-de-plein-air\/minytoons\/"]}]},{"@type":"ImageObject","inLanguage":"fr-FR","@id":"https:\/\/dicolova.com\/cos15\/boutique\/loisirs-decouvertes-de-plein-air\/minytoons\/#primaryimage","url":"https:\/\/dicolova.com\/cos15\/wp-content\/uploads\/sites\/8\/2019\/02\/MINYTOONS.jpg","contentUrl":"https:\/\/dicolova.com\/cos15\/wp-content\/uploads\/sites\/8\/2019\/02\/MINYTOONS.jpg","width":227,"height":222},{"@type":"BreadcrumbList","@id":"https:\/\/dicolova.com\/cos15\/boutique\/loisirs-decouvertes-de-plein-air\/minytoons\/#breadcrumb","itemListElement":[{"@type":"ListItem","position":1,"name":"Accueil","item":"https:\/\/dicolova.com\/cos15\/"},{"@type":"ListItem","position":2,"name":"Billetterie","item":"https:\/\/dicolova.com\/cos15\/billetterie\/"},{"@type":"ListItem","position":3,"name":"MINY&rsquo;TOONS"}]},{"@type":"WebSite","@id":"https:\/\/dicolova.com\/cos15\/#website","url":"https:\/\/dicolova.com\/cos15\/","name":"COS 15","description":"","potentialAction":[{"@type":"SearchAction","target":{"@type":"EntryPoint","urlTemplate":"https:\/\/dicolova.com\/cos15\/?s={search_term_string}"},"query-input":{"@type":"PropertyValueSpecification","valueRequired":true,"valueName":"search_term_string"}}],"inLanguage":"fr-FR"}]}},"_links":{"self":[{"href":"https:\/\/dicolova.com\/cos15\/wp-json\/wp\/v2\/product\/724","targetHints":{"allow":["GET"]}}],"collection":[{"href":"https:\/\/dicolova.com\/cos15\/wp-json\/wp\/v2\/product"}],"about":[{"href":"https:\/\/dicolova.com\/cos15\/wp-json\/wp\/v2\/types\/product"}],"replies":[{"embeddable":true,"href":"https:\/\/dicolova.com\/cos15\/wp-json\/wp\/v2\/comments?post=724"}],"wp:featuredmedia":[{"embeddable":true,"href":"https:\/\/dicolova.com\/cos15\/wp-json\/wp\/v2\/media\/725"}],"wp:attachment":[{"href":"https:\/\/dicolova.com\/cos15\/wp-json\/wp\/v2\/media?parent=724"}],"wp:term":[{"taxonomy":"product_brand","embeddable":true,"href":"https:\/\/dicolova.com\/cos15\/wp-json\/wp\/v2\/product_brand?post=724"},{"taxonomy":"product_cat","embeddable":true,"href":"https:\/\/dicolova.com\/cos15\/wp-json\/wp\/v2\/product_cat?post=724"},{"taxonomy":"product_tag","embeddable":true,"href":"https:\/\/dicolova.com\/cos15\/wp-json\/wp\/v2\/product_tag?post=724"}],"curies":[{"name":"wp","href":"https:\/\/api.w.org\/{rel}","templated":true}]}}